{"id":4760,"date":"2021-01-25T12:17:24","date_gmt":"2021-01-25T11:17:24","guid":{"rendered":"https:\/\/us.edu.pl\/wydzial\/wsne\/?page_id=4760"},"modified":"2026-02-05T13:13:26","modified_gmt":"2026-02-05T12:13:26","slug":"terminy-zaliczen-i-egzaminow","status":"publish","type":"page","link":"https:\/\/us.edu.pl\/wydzial\/wsne\/terminy-zaliczen-i-egzaminow\/","title":{"rendered":"Terminy zalicze\u0144, egzamin\u00f3w i obron"},"content":{"rendered":"<p>[vc_row][vc_column]\r\n                <div class=\"text-modules\">\r\n                    <div class=\"container\">\r\n                        <h3 class=\"page-title text__title\">Terminy zalicze\u0144, egzamin\u00f3w i obron<\/h3>\r\n                        <div class=\"text-modules__content\"><p><span style=\"font-size: 14pt;\"><strong>Semestr zimowy 2025\/2026<\/strong><\/span><\/p>\n<p><a href=\"https:\/\/us.edu.pl\/wydzial\/wsne\/wp-content\/uploads\/sites\/20\/Bez-kategorii\/Edukacja-artystyczna-w-zakresie-sztuki-muzycznej_sem-zimowy_25_26-2.pdf\" class=\"mtli_attachment mtli_pdf\" class=\"mtli_attachment mtli_pdf\">Edukacja artystyczna w zakresie sztuki muzycznej_sem zimowy_25_26-2<\/a><\/p>\n<p><a href=\"https:\/\/us.edu.pl\/wydzial\/wsne\/wp-content\/uploads\/sites\/20\/Bez-kategorii\/Etnologia-i-antropologia-kulturowa-I-i-II-stopien-Harmonogram-egzaminow-25_26-2.pdf\" class=\"mtli_attachment mtli_pdf\" class=\"mtli_attachment mtli_pdf\">Etnologia i antropologia kulturowa I i II stopie\u0144-Harmonogram egzamin\u00f3w 25_26-2<\/a><\/p>\n<p><a href=\"https:\/\/us.edu.pl\/wydzial\/wsne\/wp-content\/uploads\/sites\/20\/Bez-kategorii\/KIERUNKI-PEDAGOGICZNE-Studia-Stacjonarne-Harmonogram-egzaminow-25_26-1.pdf\" class=\"mtli_attachment mtli_pdf\" class=\"mtli_attachment mtli_pdf\">KIERUNKI PEDAGOGICZNE Studia Stacjonarne-Harmonogram egzamin\u00f3w 25_26-1<\/a><\/p>\n<p><a href=\"https:\/\/us.edu.pl\/wydzial\/wsne\/wp-content\/uploads\/sites\/20\/Bez-kategorii\/Kierunki-Pedagogiczne-Studia-Niestacjonarne-Harmonogram-egzaminow-25_26.pdf\" class=\"mtli_attachment mtli_pdf\" class=\"mtli_attachment mtli_pdf\">Kierunki Pedagogiczne Studia Niestacjonarne-Harmonogram egzamin\u00f3w 25_26<\/a><\/p>\n<p><a href=\"https:\/\/us.edu.pl\/wydzial\/wsne\/wp-content\/uploads\/sites\/20\/Bez-kategorii\/Animacja-Spoleczno-Kulturalna-z-edukacja-kulturalna-Harmonogram-egzaminow-25_26.pdf\" class=\"mtli_attachment mtli_pdf\" class=\"mtli_attachment mtli_pdf\">Animacja Spo\u0142eczno-Kulturalna z edukacj\u0105 kulturaln\u0105&#8211;Harmonogram egzamin\u00f3w 25_26<\/a><\/p>\n<p><a href=\"https:\/\/us.edu.pl\/wydzial\/wsne\/wp-content\/uploads\/sites\/20\/Bez-kategorii\/Muzyka-w-multimediach_Terminy-egzaminow-i-zaliczen_sem-zimowy_25_26.pdf\" class=\"mtli_attachment mtli_pdf\" class=\"mtli_attachment mtli_pdf\">Muzyka w multimediach_Terminy egzamin\u00f3w i zalicze\u0144_sem zimowy_25_26<\/a><\/p>\n<p><a href=\"https:\/\/us.edu.pl\/wydzial\/wsne\/wp-content\/uploads\/sites\/20\/Bez-kategorii\/II-rok-Edukacji-artystycznej-w-zakresie-sztuk-plastycznych-studia-stacjonarne_egz.-w-sesji-zimowej-dr-M.-Rolka.pdf\" class=\"mtli_attachment mtli_pdf\" class=\"mtli_attachment mtli_pdf\">II rok Edukacji artystycznej w zakresie sztuk plastycznych, studia stacjonarne_egz. w sesji zimowej dr M. Rolka<\/a><\/p>\n<p><a href=\"https:\/\/us.edu.pl\/wydzial\/wsne\/wp-content\/uploads\/sites\/20\/Bez-kategorii\/Kierunki-ISP-Harmonogram-egzaminow-w-sesji-zimowej-na-rok-ak.-20252026-stacjonarne.pdf\" class=\"mtli_attachment mtli_pdf\" class=\"mtli_attachment mtli_pdf\">Kierunki ISP-Harmonogram egzamin\u00f3w w sesji zimowej na rok ak. 20252026 stacjonarne<\/a><\/p>\n<\/div>\r\n                    <\/div>\r\n                <\/div>[\/vc_column][\/vc_row]<\/p>","protected":false},"excerpt":{"rendered":"<p>[vc_row][vc_column][\/vc_column][\/vc_row] [&#8230;]<\/p>\n<p><a class=\"btn btn-secondary understrap-read-more-link\" href=\"https:\/\/us.edu.pl\/wydzial\/wsne\/terminy-zaliczen-i-egzaminow\/\">Read More&#8230;<\/a><\/p>\n","protected":false},"author":110,"featured_media":0,"parent":0,"menu_order":0,"comment_status":"closed","ping_status":"closed","template":"","meta":{"_expiration-date-status":"","_expiration-date":0,"_expiration-date-type":"","_expiration-date-categories":[],"_expiration-date-options":[]},"acf":[],"_links":{"self":[{"href":"https:\/\/us.edu.pl\/wydzial\/wsne\/wp-json\/wp\/v2\/pages\/4760"}],"collection":[{"href":"https:\/\/us.edu.pl\/wydzial\/wsne\/wp-json\/wp\/v2\/pages"}],"about":[{"href":"https:\/\/us.edu.pl\/wydzial\/wsne\/wp-json\/wp\/v2\/types\/page"}],"author":[{"embeddable":true,"href":"https:\/\/us.edu.pl\/wydzial\/wsne\/wp-json\/wp\/v2\/users\/110"}],"replies":[{"embeddable":true,"href":"https:\/\/us.edu.pl\/wydzial\/wsne\/wp-json\/wp\/v2\/comments?post=4760"}],"version-history":[{"count":10,"href":"https:\/\/us.edu.pl\/wydzial\/wsne\/wp-json\/wp\/v2\/pages\/4760\/revisions"}],"predecessor-version":[{"id":173339,"href":"https:\/\/us.edu.pl\/wydzial\/wsne\/wp-json\/wp\/v2\/pages\/4760\/revisions\/173339"}],"wp:attachment":[{"href":"https:\/\/us.edu.pl\/wydzial\/wsne\/wp-json\/wp\/v2\/media?parent=4760"}],"curies":[{"name":"wp","href":"https:\/\/api.w.org\/{rel}","templated":true}]}}