{"id":483,"date":"2019-10-17T13:33:49","date_gmt":"2019-10-17T11:33:49","guid":{"rendered":"https:\/\/us.edu.pl\/wydzial\/wsne\/?page_id=483"},"modified":"2020-02-11T13:08:51","modified_gmt":"2020-02-11T12:08:51","slug":"arteterapia","status":"publish","type":"page","link":"https:\/\/us.edu.pl\/wydzial\/wsne\/oferta-dydaktyczna\/arteterapia\/","title":{"rendered":"Arteterapia"},"content":{"rendered":"<p>&#8221;Podyplomowe Studia Arteterapia&#8221;<\/p>\n<p><span style=\"font-size: 12pt\"><strong>Szanowni Pa\u0144stwo,<\/strong><\/span><br \/>\n<span style=\"font-size: 12pt\"><strong>z uwagi na zbyt ma\u0142\u0105 liczb\u0119 kandydat\u00f3w, studia podyplomowe Arteterapia nie zostan\u0105 uruchomione w lutym 2020. Zapraszamy na kolejn\u0105 rekrutacj\u0119 w miesi\u0105cach: lipiec-wrzesie\u0144 2020. Planowane uruchomienie studi\u00f3w: pa\u017adziernik 2020.<\/strong><\/span><\/p>\n<p style=\"font-weight: 400\">Studia adresowane s\u0105 do os\u00f3b, kt\u00f3re posiadaj\u0105 dyplom magistra lub licencjata: studi\u00f3w humanistycznych lub spo\u0142ecznych (pedagogiki, psychologii, socjologii, kulturoznawstwa, pracy socjalnej i innych), studi\u00f3w artystycznych (malarstwa, rze\u017aby, grafiki, muzyki, gry aktorskiej i innych), studi\u00f3w medycznych lub paramedycznych (lekarza medycyny, piel\u0119gniarstwa, po\u0142o\u017cnictwa, zdrowia publicznego, fizjoterapii, rehabilitacji i innych) i zainteresowania artystyczne.<\/p>\n<p style=\"font-weight: 400\">Kszta\u0142cenie na studiach podyplomowych Arteterapia prowadzone jest w zakresie przygotowania merytorycznego do prowadzenia i organizowania zaj\u0119\u0107 arteterapeutycznych z dzie\u0107mi, m\u0142odzie\u017c\u0105, osobami doros\u0142ymi zar\u00f3wno zdrowymi, jak i z r\u00f3\u017cnymi dysfunkcjami oraz osobami niepe\u0142nosprawnymi. Studia przygotowuj\u0105 merytorycznie do pracy w plac\u00f3wkach specjalnych, kt\u00f3re zajmuj\u0105 si\u0119 rozmaitymi zaburzeniami \u2013 niepe\u0142nosprawno\u015bci\u0105, w o\u015brodkach dziennego pobytu, warsztatach terapii zaj\u0119ciowej, domach pomocy spo\u0142ecznej, szkolnych \u015bwietlicach terapeutycznych, hospicjach, poradniach leczenia b\u00f3lu. S\u0142uchacz posiada przygotowanie do prowadzenia zaj\u0119\u0107 w plac\u00f3wkach prowadzonych przez resort edukacji, organizacje pozarz\u0105dowe, s\u0142u\u017cb\u0119 zdrowia. W trakcie trzysemestralnych studi\u00f3w realizowane s\u0105 zaj\u0119cia z zakresu teorii i r\u00f3\u017cnych dydaktyk arteterapeutycznych. \u0141\u0105cznie 500 godzin (120 godzin wyk\u0142ad\u00f3w, 380 godzin \u0107wicze\u0144, w tym 25 godzin seminarium dyplomowego i 150 godzin praktyki). S\u0142uchacz posiada wiedz\u0119, umiej\u0119tno\u015bci i kompetencje spo\u0142eczne z zakresu arteterapii jako dziedziny nauki, kt\u00f3ra spe\u0142nia w praktyce arteterapeutycznej funkcje: stymuluj\u0105c\u0105, rozwijaj\u0105c\u0105, reguluj\u0105c\u0105, korekcyjn\u0105 i terapeutyczn\u0105. S\u0142uchacz potrafi dobra\u0107 i stosowa\u0107 w pracy arteterapeutycznej metody pracy arteterapii z wykorzystaniem r\u00f3\u017cnorodnych rodzaj\u00f3w ekspresji tw\u00f3rczej i \u015brodk\u00f3w artystycznych.<\/p>\n<p><a href=\"http:\/\/weinoe.us.edu.pl\/node\/1238\"><img class=\"alignnone size-medium wp-image-486\" src=\"https:\/\/us.edu.pl\/wydzial\/wsne\/wp-content\/uploads\/sites\/20\/Zdj\u0119cia-na-stronie\/arteterapia_1-300x287.jpg\" alt=\"\" width=\"300\" height=\"287\" srcset=\"https:\/\/us.edu.pl\/wydzial\/wsne\/wp-content\/uploads\/sites\/20\/Zdj\u0119cia-na-stronie\/arteterapia_1-300x287.jpg 300w, https:\/\/us.edu.pl\/wydzial\/wsne\/wp-content\/uploads\/sites\/20\/Zdj\u0119cia-na-stronie\/arteterapia_1.jpg 527w\" sizes=\"(max-width: 300px) 100vw, 300px\" \/><\/a><\/p>\n<p><a href=\"http:\/\/weinoe.us.edu.pl\/node\/1238\">Warsztaty realizowane w ramach praktyk na studiach podyplomowych\u00a0<strong>Arteterapia<\/strong><\/a><\/p>","protected":false},"excerpt":{"rendered":"<p>&#8221;Podyplomowe Studia Arteterapia&#8221; Szanowni Pa\u0144stwo, z uwagi na zbyt ma\u0142\u0105 liczb\u0119 kandydat\u00f3w, studia podyplomowe Arteterapia nie zostan\u0105 uruchomione w lutym 2020. Zapraszamy na kolejn\u0105 rekrutacj\u0119 w miesi\u0105cach: lipiec-wrzesie\u0144 2020. Planowane uruchomienie studi\u00f3w: pa\u017adziernik 2020. Studia adresowane s\u0105 do os\u00f3b, kt\u00f3re posiadaj\u0105 dyplom magistra lub licencjata: studi\u00f3w humanistycznych lub spo\u0142ecznych (pedagogiki, psychologii, socjologii, kulturoznawstwa, pracy socjalnej [&#8230;]<\/p>\n<p><a class=\"btn btn-secondary understrap-read-more-link\" href=\"https:\/\/us.edu.pl\/wydzial\/wsne\/oferta-dydaktyczna\/arteterapia\/\">Read More&#8230;<\/a><\/p>\n","protected":false},"author":1,"featured_media":0,"parent":245,"menu_order":0,"comment_status":"closed","ping_status":"closed","template":"page-templates\/inner-page.php","meta":{"_expiration-date-status":"saved","_expiration-date":0,"_expiration-date-type":"","_expiration-date-categories":[],"_expiration-date-options":[]},"acf":[],"_links":{"self":[{"href":"https:\/\/us.edu.pl\/wydzial\/wsne\/wp-json\/wp\/v2\/pages\/483"}],"collection":[{"href":"https:\/\/us.edu.pl\/wydzial\/wsne\/wp-json\/wp\/v2\/pages"}],"about":[{"href":"https:\/\/us.edu.pl\/wydzial\/wsne\/wp-json\/wp\/v2\/types\/page"}],"author":[{"embeddable":true,"href":"https:\/\/us.edu.pl\/wydzial\/wsne\/wp-json\/wp\/v2\/users\/1"}],"replies":[{"embeddable":true,"href":"https:\/\/us.edu.pl\/wydzial\/wsne\/wp-json\/wp\/v2\/comments?post=483"}],"version-history":[{"count":9,"href":"https:\/\/us.edu.pl\/wydzial\/wsne\/wp-json\/wp\/v2\/pages\/483\/revisions"}],"predecessor-version":[{"id":1908,"href":"https:\/\/us.edu.pl\/wydzial\/wsne\/wp-json\/wp\/v2\/pages\/483\/revisions\/1908"}],"up":[{"embeddable":true,"href":"https:\/\/us.edu.pl\/wydzial\/wsne\/wp-json\/wp\/v2\/pages\/245"}],"wp:attachment":[{"href":"https:\/\/us.edu.pl\/wydzial\/wsne\/wp-json\/wp\/v2\/media?parent=483"}],"curies":[{"name":"wp","href":"https:\/\/api.w.org\/{rel}","templated":true}]}}