{"id":490,"date":"2019-10-17T13:37:31","date_gmt":"2019-10-17T11:37:31","guid":{"rendered":"https:\/\/us.edu.pl\/wydzial\/wsne\/?page_id=490"},"modified":"2025-01-24T13:08:31","modified_gmt":"2025-01-24T12:08:31","slug":"wydzialowa-rada-samorzadu-studenckiego","status":"publish","type":"page","link":"https:\/\/us.edu.pl\/wydzial\/wsne\/ksztalcenie\/student-wydzialu\/organizacje-studenckie\/wydzialowa-rada-samorzadu-studenckiego\/","title":{"rendered":"Wydzia\u0142owa Rada Samorz\u0105du Studenckiego"},"content":{"rendered":"<p>[vc_row el_class=&#8221;container&#8221;][vc_column el_class=&#8221;container&#8221;]\r\n                <div class=\"text-modules\">\r\n                    <div class=\"container\">\r\n                        <h3 class=\"page-title text__title\">Wydzia\u0142owa Rada Samorz\u0105du Studenckiego<\/h3>\r\n                        <div class=\"text-modules__content\"><p>Rada Samorz\u0105du Studenckiego WSNE<br \/>\nul. Bielska 66, Cieszyn 43 \u2013 400<br \/>\nmail: <a href=\"mailto:wrsswsne@gmail.com\" rel=\"noreferrer\">wrsswsne@gmail.com<\/a><br \/>\nlink do FB: <a href=\"https:\/\/www.facebook.com\/wrsswsne\">https:\/\/www.facebook.com\/wrsswsne<\/a><\/p>\n<p><strong>Lista cz\u0142onk\u00f3w Wydzia\u0142owej Rady Samorz\u0105du Studenckiego WSNE<\/strong><\/p>\n<p>Ada S\u0119dzielewska\u00a0 <strong>Przewodnicz\u0105ca WRSS WSNE<\/strong> (ada.sedzielewska@op.pl)<\/p>\n<p>Miron Zaka\u0142a\u00a0 \u00a0 \u00a0 \u00a0 \u00a0 <strong>Wiceprzewodnicz\u0105cy WRSS WSNE<\/strong><\/p>\n<p>Olha Hanzenko\u00a0 \u00a0 \u00a0 <strong>koordynator ds. promocji i socialmedi\u00f3w<\/strong><\/p>\n<p>Kora R\u00f3wnicka\u00a0 \u00a0 \u00a0 \u00a0<strong>koordynator ds. organizacji studenckich<\/strong><\/p>\n<p>Andrzej Rudnicki\u00a0 \u00a0 <strong>cz\u0142onek WRSS WSNE<\/strong><\/p>\n<p>Simona Marchuk\u00a0 \u00a0 <strong>cz\u0142onek WRSS WSNE<\/strong><\/p>\n<p>Oliwia \u017bytkowicz\u00a0 \u00a0 <strong>delegatka do URSS<\/strong><\/p>\n<p>Wszelkie informacje dotycz\u0105ce dzia\u0142alno\u015bci (regulacje prawne, dokumenty) Samorz\u0105du Studenckiego dost\u0119pne s\u0105 pod adresem: <a href=\"https:\/\/samorzad.us.edu.pl\/\">https:\/\/samorzad.us.edu.pl\/\u00a0<\/a><\/p>\n<\/div>\r\n                    <\/div>\r\n                <\/div>[\/vc_column][\/vc_row]<\/p>","protected":false},"excerpt":{"rendered":"<p>[vc_row el_class=&#8221;container&#8221;][vc_column el_class=&#8221;container&#8221;][\/vc_column][\/vc_row] [&#8230;]<\/p>\n<p><a class=\"btn btn-secondary understrap-read-more-link\" href=\"https:\/\/us.edu.pl\/wydzial\/wsne\/ksztalcenie\/student-wydzialu\/organizacje-studenckie\/wydzialowa-rada-samorzadu-studenckiego\/\">Read More&#8230;<\/a><\/p>\n","protected":false},"author":1,"featured_media":0,"parent":259,"menu_order":0,"comment_status":"closed","ping_status":"closed","template":"","meta":{"_expiration-date-status":"","_expiration-date":0,"_expiration-date-type":"","_expiration-date-categories":[],"_expiration-date-options":[]},"acf":[],"_links":{"self":[{"href":"https:\/\/us.edu.pl\/wydzial\/wsne\/wp-json\/wp\/v2\/pages\/490"}],"collection":[{"href":"https:\/\/us.edu.pl\/wydzial\/wsne\/wp-json\/wp\/v2\/pages"}],"about":[{"href":"https:\/\/us.edu.pl\/wydzial\/wsne\/wp-json\/wp\/v2\/types\/page"}],"author":[{"embeddable":true,"href":"https:\/\/us.edu.pl\/wydzial\/wsne\/wp-json\/wp\/v2\/users\/1"}],"replies":[{"embeddable":true,"href":"https:\/\/us.edu.pl\/wydzial\/wsne\/wp-json\/wp\/v2\/comments?post=490"}],"version-history":[{"count":9,"href":"https:\/\/us.edu.pl\/wydzial\/wsne\/wp-json\/wp\/v2\/pages\/490\/revisions"}],"predecessor-version":[{"id":164498,"href":"https:\/\/us.edu.pl\/wydzial\/wsne\/wp-json\/wp\/v2\/pages\/490\/revisions\/164498"}],"up":[{"embeddable":true,"href":"https:\/\/us.edu.pl\/wydzial\/wsne\/wp-json\/wp\/v2\/pages\/259"}],"wp:attachment":[{"href":"https:\/\/us.edu.pl\/wydzial\/wsne\/wp-json\/wp\/v2\/media?parent=490"}],"curies":[{"name":"wp","href":"https:\/\/api.w.org\/{rel}","templated":true}]}}