{"id":516,"date":"2019-10-17T13:51:52","date_gmt":"2019-10-17T11:51:52","guid":{"rendered":"https:\/\/us.edu.pl\/wydzial\/wsne\/?page_id=516"},"modified":"2019-10-17T13:51:52","modified_gmt":"2019-10-17T11:51:52","slug":"azs-zwiazek-sportowy","status":"publish","type":"page","link":"https:\/\/us.edu.pl\/wydzial\/wsne\/ksztalcenie\/student-wydzialu\/organizacje-studenckie\/azs-zwiazek-sportowy\/","title":{"rendered":"AZS Zwi\u0105zek sportowy"},"content":{"rendered":"<p>[vc_row el_class=&#8221;container&#8221;][vc_column el_class=&#8221;container&#8221;]\r\n                <div class=\"text-modules\">\r\n                    <div class=\"container\">\r\n                        <h3 class=\"page-title text__title\">AZS Zwi\u0105zek sportowy<\/h3>\r\n                        <div class=\"text-modules__content\"><p>Nie od razu Rzym zbudowano, tak samo jak nie od razu do najlepszych klub\u00f3w sportowych weszli studenci.<br \/>\n<a href=\"http:\/\/www.azscieszyn.us.edu.pl\/\">http:\/\/www.azscieszyn.us.edu.pl\/<\/a><br \/>\nW Polsce patrzono do\u015b\u0107 nieufnie na pierwsze kluby AZS, kt\u00f3re przestawa\u0142y bra\u0107 udzia\u0142 wy\u0142\u0105cznie w potyczkach organizowanych wewn\u0105trz tego zwi\u0105zku. Na pocz\u0105tku bowiem uda\u0142o si\u0119 z powodzeniem otworzy\u0107 sekcje AZS tylko na najwi\u0119kszych polskich uczelniach, sprawiaj\u0105c \u017ce co poniekt\u00f3rzy lepsi studenci ch\u0119tnie wst\u0105pili w rygor niezbyt zobowi\u0105zuj\u0105cej pracy i reprezentowania swojej uczelni. Z czasem uczelni tych przyby\u0142o i mo\u017cna by\u0142o stworzy\u0107 liczne wewn\u0119trzne rozgrywki, kt\u00f3re powoli ze zwyczajnie graj\u0105cych ludzi zacz\u0119\u0142y wyciska\u0107 si\u00f3dme poty i uczy\u0107 ich regularno\u015bci prawdziwego zawodowca. Z czasem rozw\u00f3j m\u0142odych talent\u00f3w przynosi\u0107 zacz\u0105\u0142 tak dobre rezultaty, \u017ce na pojedynki mi\u0119dzy klubami AZS w nawet niedu\u017cych miastach przychodzi\u0107 zacz\u0119\u0142y masy kibic\u00f3w i nierzadko zacz\u0119li oni traktowa\u0107 sw\u00f3j studencki klub z miasta niczym jedyny prawdziwy licz\u0105cy si\u0119 klub sportowy w og\u00f3le. Wszak naj\u0142atwiej jest zdoby\u0107 kibic\u00f3w dobr\u0105 gr\u0105 i kilkoma sukcesami. A gdy te pojawi\u0142y si\u0119 na horyzoncie i zespo\u0142y AZS zacz\u0119\u0142y przemienia\u0107 si\u0119 w prawdziwe kluby sportowe, pozwolono im zawalczy\u0107 z prawdziwymi klubami na takich samych zasad, jak wszyscy. W tej sytuacji cz\u0119sto niezb\u0119dne by\u0142o poszukanie sponsora i spe\u0142nienie wysokich warunk\u00f3w, aby dosta\u0107 licencj\u0119. To cz\u0119sto oznacza zapewnienie ca\u0142kiem sporego bud\u017cetu a przede wszystkim posiadanie odpowiedniego obiektu sportowego, na kt\u00f3ry przyje\u017cd\u017ca\u0107 b\u0119d\u0105 mogli wszyscy rywale tak z kraju jak i zza granicy. Naturalnie niekt\u00f3rym klubom AZS uda\u0142o si\u0119 wej\u015b\u0107 na chwil\u0119 do najwy\u017cszej klasy rozgrywkowej, ale mimo niew\u0105tpliwych ch\u0119ci do walki brak do\u015bwiadczenia, pieni\u0119dzy i odpowiednich umiej\u0119tno\u015bci podcina\u0142 skrzyd\u0142a zawodnikom nie pozwalaj\u0105c im zosta\u0107 na d\u0142u\u017cej w czo\u0142\u00f3wce zespo\u0142\u00f3w. Ale w nielicznych przypadkach ca\u0142ym miastom uda\u0142o si\u0119 zaadaptowa\u0107 klub AZS jako sw\u00f3j w\u0142asny, daj\u0105c mu nale\u017cyte wsparcie i si\u0142\u0119 do walki z najmocniejszymi. Cz\u0119sto pocz\u0105tkowe sezony klub\u00f3w AZS w najwy\u017cszych ligach to g\u0142\u00f3wnie pora\u017cki i przedostatnie miejsca, ale po przetrwania tego ci\u0119\u017ckiego okresu prawie zawsze dochodzi do wzniesienia fundament\u00f3w pod dru\u017cyn\u0119 zdoln\u0105 wygrywa\u0107 z najlepszymi, mimo swoich oczywistych niedostatk\u00f3w.<\/p>\n<\/div>\r\n                    <\/div>\r\n                <\/div>[\/vc_column][\/vc_row]<\/p>","protected":false},"excerpt":{"rendered":"<p>[vc_row el_class=&#8221;container&#8221;][vc_column el_class=&#8221;container&#8221;][\/vc_column][\/vc_row] [&#8230;]<\/p>\n<p><a class=\"btn btn-secondary understrap-read-more-link\" href=\"https:\/\/us.edu.pl\/wydzial\/wsne\/ksztalcenie\/student-wydzialu\/organizacje-studenckie\/azs-zwiazek-sportowy\/\">Read More&#8230;<\/a><\/p>\n","protected":false},"author":1,"featured_media":0,"parent":259,"menu_order":0,"comment_status":"closed","ping_status":"closed","template":"","meta":{"_expiration-date-status":"","_expiration-date":0,"_expiration-date-type":"","_expiration-date-categories":[],"_expiration-date-options":[]},"acf":[],"_links":{"self":[{"href":"https:\/\/us.edu.pl\/wydzial\/wsne\/wp-json\/wp\/v2\/pages\/516"}],"collection":[{"href":"https:\/\/us.edu.pl\/wydzial\/wsne\/wp-json\/wp\/v2\/pages"}],"about":[{"href":"https:\/\/us.edu.pl\/wydzial\/wsne\/wp-json\/wp\/v2\/types\/page"}],"author":[{"embeddable":true,"href":"https:\/\/us.edu.pl\/wydzial\/wsne\/wp-json\/wp\/v2\/users\/1"}],"replies":[{"embeddable":true,"href":"https:\/\/us.edu.pl\/wydzial\/wsne\/wp-json\/wp\/v2\/comments?post=516"}],"version-history":[{"count":2,"href":"https:\/\/us.edu.pl\/wydzial\/wsne\/wp-json\/wp\/v2\/pages\/516\/revisions"}],"predecessor-version":[{"id":518,"href":"https:\/\/us.edu.pl\/wydzial\/wsne\/wp-json\/wp\/v2\/pages\/516\/revisions\/518"}],"up":[{"embeddable":true,"href":"https:\/\/us.edu.pl\/wydzial\/wsne\/wp-json\/wp\/v2\/pages\/259"}],"wp:attachment":[{"href":"https:\/\/us.edu.pl\/wydzial\/wsne\/wp-json\/wp\/v2\/media?parent=516"}],"curies":[{"name":"wp","href":"https:\/\/api.w.org\/{rel}","templated":true}]}}