{"id":522,"date":"2019-10-17T13:57:16","date_gmt":"2019-10-17T11:57:16","guid":{"rendered":"https:\/\/us.edu.pl\/wydzial\/wsne\/?page_id=522"},"modified":"2019-12-11T12:01:03","modified_gmt":"2019-12-11T11:01:03","slug":"wczesne-wspomaganie-rozwoju-dziecka-niepelnosprawnego","status":"publish","type":"page","link":"https:\/\/us.edu.pl\/wydzial\/wsne\/oferta-dydaktyczna\/wczesne-wspomaganie-rozwoju-dziecka-niepelnosprawnego\/","title":{"rendered":"Wczesne wspomaganie rozwoju dziecka niepe\u0142nosprawnego"},"content":{"rendered":"<p>[vc_row][vc_column]\r\n                <div class=\"text-modules\">\r\n                    <div class=\"container\">\r\n                        <h3 class=\"page-title text__title\">Studia podyplomowe Wczesne wspomaganie rozwoju dziecka niepe\u0142nosprawnego<\/h3>\r\n                        <div class=\"text-modules__content\"><\/p>\n<div class=\"meta\">\n<div class=\"meta\"><strong><span style=\"color: red\">Rusza rekrutacja na semestr letni<\/span><\/strong><\/div>\n<\/div>\n<div class=\"field field-type-text field-field-specjalnosc\">\n<div class=\"field-items\">\n<div class=\"field-item\">\n<p class=\"rtejustify\">Kwalifikacje: absolwent zdobywa kwalifikacje do pracy w ramach wczesnego wspomagania rozwoju ma\u0142ego dziecka w o\u015brodkach specjalnych, przedszkolach, przedszkolach specjalnych z uwzgl\u0119dnieniem najnowszych rozwi\u0105za\u0144 w dziedzinie wsparcia ma\u0142ego dziecka niepe\u0142nosprawnego i jego rodziny.<\/p>\n<p class=\"rtejustify\">Celem studi\u00f3w jest przygotowanie s\u0142uchaczy do prowadzenia zaj\u0119\u0107 indywidualnych i grupowych z zakresu wczesnego wspomagania rozwoju dziecka niepe\u0142nosprawnego lub zagro\u017conego niepe\u0142nosprawno\u015bci\u0105, a tak\u017ce wsparcia jego rodziny. Wspomaganie rozwoju rozumiane jest jako wielospecjalizacyjne kompleksowe oddzia\u0142ywanie na bardzo ma\u0142e dziecko i jego rodzin\u0119.<\/p>\n<\/div>\n<\/div>\n<\/div>\n<div class=\"field field-type-text field-field-czas-trwania\">\n<h3>czas trwania<\/h3>\n<div class=\"field-items\">\n<div class=\"field-item\">3 semestry<\/div>\n<\/div>\n<\/div>\n<div class=\"field field-type-text field-field-zasady-naboru\">\n<h3 class=\"field-label\">zasady naboru<\/h3>\n<div class=\"field-items\">\n<div class=\"field-item\">\n<p class=\"rtejustify\">Wymagania wst\u0119pne: wykszta\u0142cenie wy\u017csze magisterskie lub wy\u017csze zawodowe zakresu pedagogiki (po studiach pedagogicznych lub posiadaj\u0105cych dyplom innych kierunk\u00f3w z przygotowaniem pedagogicznym uprawniaj\u0105cych do pracy w szkole, w przedszkolu i innych plac\u00f3wkach edukacyjnych) lub wykszta\u0142cenie wy\u017csze z zakresu psychologii.<\/p>\n<\/div>\n<\/div>\n<\/div>\n<div class=\"field field-type-text field-field-wymagane-dokumenty\">\n<h3 class=\"field-label\">wymagane dokumenty<\/h3>\n<div class=\"field-items\">\n<div class=\"field-item\">\n<ul>\n<li>podanie z pro\u015bb\u0105 o przyj\u0119cie na studia (<a href=\"http:\/\/kandydat.us.edu.pl\/studia-podyplomowe-dokumenty\">na druku dost\u0119pnym na stronie internetowej uczelni<\/a>)<\/li>\n<li><a href=\"http:\/\/kandydat.us.edu.pl\/sites\/kandydat.us.edu.pl\/files\/imce\/pliki\/DRUKI\/klauzula_informacyjna-sluchacze_studiow_podyplomowych.docx\" class=\"mtli_attachment mtli_docx\" class=\"mtli_attachment mtli_docx\">Klauzula informacyjna RODO dla kandydat\u00f3w na studia IRK<\/a><\/li>\n<li>odpis dyplomu uko\u0144czenia studi\u00f3w magisterskich i licencjackich<\/li>\n<li>2 zdj\u0119cia<\/li>\n<li>dokumenty nale\u017cy sk\u0142ada\u0107 w bia\u0142ej wi\u0105zanej teczce<\/li>\n<\/ul>\n<\/div>\n<\/div>\n<\/div>\n<div class=\"field field-type-text field-field-data-rozpoczecia\">\n<h3 class=\"field-label\">data rozpocz\u0119cia<\/h3>\n<div class=\"field-items\">\n<div class=\"field-item\">luty 2020 r.<\/div>\n<\/div>\n<\/div>\n<div class=\"field field-type-text field-field-miejsce-skladania-dokumen\">\n<h3>miejsce sk\u0142adania dokument\u00f3w<\/h3>\n<div class=\"field-items\">\n<div class=\"field-item\">\n<div>Uniwersytet \u015al\u0105ski, Wydz. Etnologii i Nauk o Edukacji<\/div>\n<div>Cieszyn, ul. Bielska 62<\/div>\n<div>Pok\u00f3j 106<\/div>\n<div>Inne szczeg\u00f3\u0142owe informacje:\u00a0<a href=\"http:\/\/pracownik.us.edu.pl\/us-addressbook\/emp\/11802\">mgr Aleksandra Kobielus<\/a>, tel. 33 8546371<\/div>\n<\/div>\n<\/div>\n<\/div>\n<div class=\"field field-type-text field-field-termin-skladania-dokument\">\n<h3>termin sk\u0142adania dokument\u00f3w:<\/h3>\n<div class=\"field-items\">\n<div class=\"field-item\">\n<div class=\"field-items\">\n<div class=\"field-item\"><span style=\"font-family: Arial;font-size: small\">16.12.2019 &#8211; 31.01.2020 \u2013 od poniedzia\u0142ku do pi\u0105tku w godz. 10.00-14.00 &#8211; nale\u017cy z\u0142o\u017cy\u0107 orygina\u0142y dokument\u00f3w (dyplomy) w bia\u0142ej wi\u0105zanej teczce<\/span><\/div>\n<\/div>\n<\/div>\n<\/div>\n<\/div>\n<div class=\"field field-type-number-decimal field-field-oplata\">\n<div class=\"field-items\"><\/div>\n<\/div>\n<div class=\"field field-type-text field-field-oplata-opisowo\">\n<h3 class=\"field-label\">op\u0142ata<\/h3>\n<div class=\"field-items\">\n<div class=\"field-item\">\n<p>1600 z\u0142 za semestr lub 1680 z\u0142 w 3 ratach: 554,40 (I rata), 554,40 (II rata), 571,20 (III rata)<\/p>\n<\/div>\n<\/div>\n<\/div>\n<div class=\"field field-type-text field-field-data-rozpoczecia\">\n<h3 class=\"field-label\">limit przyj\u0119\u0107<\/h3>\n<div class=\"field-items\">\n<div class=\"field-item\">30-60 os\u00f3b<\/div>\n<\/div>\n<\/div>\n<h3 class=\"field-label\">dodatkowe informacje<\/h3>\n<p>Inne szczeg\u00f3\u0142owe informacje:\u00a0<a href=\"http:\/\/pracownik.us.edu.pl\/us-addressbook\/emp\/11802\">mgr Aleksandra Kobielus<\/a>, tel. 33 8546371.<\/p>\n<\/div>\r\n                    <\/div>\r\n                <\/div>[\/vc_column][\/vc_row]<\/p>","protected":false},"excerpt":{"rendered":"<p>[vc_row][vc_column][\/vc_column][\/vc_row] [&#8230;]<\/p>\n<p><a class=\"btn btn-secondary understrap-read-more-link\" href=\"https:\/\/us.edu.pl\/wydzial\/wsne\/oferta-dydaktyczna\/wczesne-wspomaganie-rozwoju-dziecka-niepelnosprawnego\/\">Read More&#8230;<\/a><\/p>\n","protected":false},"author":1,"featured_media":0,"parent":245,"menu_order":0,"comment_status":"closed","ping_status":"closed","template":"","meta":{"_expiration-date-status":"saved","_expiration-date":0,"_expiration-date-type":"","_expiration-date-categories":[],"_expiration-date-options":[]},"acf":[],"_links":{"self":[{"href":"https:\/\/us.edu.pl\/wydzial\/wsne\/wp-json\/wp\/v2\/pages\/522"}],"collection":[{"href":"https:\/\/us.edu.pl\/wydzial\/wsne\/wp-json\/wp\/v2\/pages"}],"about":[{"href":"https:\/\/us.edu.pl\/wydzial\/wsne\/wp-json\/wp\/v2\/types\/page"}],"author":[{"embeddable":true,"href":"https:\/\/us.edu.pl\/wydzial\/wsne\/wp-json\/wp\/v2\/users\/1"}],"replies":[{"embeddable":true,"href":"https:\/\/us.edu.pl\/wydzial\/wsne\/wp-json\/wp\/v2\/comments?post=522"}],"version-history":[{"count":3,"href":"https:\/\/us.edu.pl\/wydzial\/wsne\/wp-json\/wp\/v2\/pages\/522\/revisions"}],"predecessor-version":[{"id":1172,"href":"https:\/\/us.edu.pl\/wydzial\/wsne\/wp-json\/wp\/v2\/pages\/522\/revisions\/1172"}],"up":[{"embeddable":true,"href":"https:\/\/us.edu.pl\/wydzial\/wsne\/wp-json\/wp\/v2\/pages\/245"}],"wp:attachment":[{"href":"https:\/\/us.edu.pl\/wydzial\/wsne\/wp-json\/wp\/v2\/media?parent=522"}],"curies":[{"name":"wp","href":"https:\/\/api.w.org\/{rel}","templated":true}]}}