{"id":5252,"date":"2021-04-16T15:09:37","date_gmt":"2021-04-16T13:09:37","guid":{"rendered":"https:\/\/us.edu.pl\/wydzial\/wsne\/?page_id=5252"},"modified":"2021-04-28T13:06:26","modified_gmt":"2021-04-28T11:06:26","slug":"wladze-w-latach-1972-2021","status":"publish","type":"page","link":"https:\/\/us.edu.pl\/wydzial\/wsne\/50-lat-us-w-cieszynie\/wladze-w-latach-1972-2021\/","title":{"rendered":"W\u0142adze w latach 1972\u20132021"},"content":{"rendered":"<p>[vc_row][vc_column][vc_raw_html]JTNDZGl2JTIwY2xhc3MlM0QlMjJoZWFkZXItbG9nbzElMjIlMjBzdHlsZSUzRCUyMnRleHQtYWxpZ24lM0ElMjBjZW50ZXIlM0IlMjIlM0UlMEElMDklM0NhJTIwaHJlZiUzRCUyMmh0dHBzJTNBJTJGJTJGdXMuZWR1LnBsJTJGd3lkemlhbCUyRndzbmUlMkY1MC1sYXQtdXMtdy1jaWVzenluaWUlMjIlM0UlMEElMDklMDklM0NpbWclMjBzcmMlM0QlMjJodHRwcyUzQSUyRiUyRnVzLmVkdS5wbCUyRnd5ZHppYWwlMkZ3c25lJTJGd3AtY29udGVudCUyRnVwbG9hZHMlMkZzaXRlcyUyRjIwJTJGNTAtbGF0LVUlMjVDNSUyNTlBLXctQ2llc3p5bmllJTJGbG9nby01MC1sYXQtVSUyNUM1JTI1OUEtdy1DaWVzenluaWUtMS1rb3BpYS0yLnN2ZyUyMiUyMGNsYXNzJTNEJTIybG9nby1rb2xvciUyMiUyMGFsdCUzRCUyMkxvZ28lMjA1MCUyMGxhdCUyMFVuaXdlcnN5dGV0dSUyMCVDNSU5QWwlQzQlODVza2llZ28lMjB3JTIwQ2llc3p5bmllJTIyJTIwdGl0bGUlM0QlMjJzdHJvbmElMjBqdWJpbGV1c3pvd2ElMjIlM0UlMEElMjAlMjAlMjAlMjAlM0MlMkZhJTNFJTBBJTIwJTIwJTIwJTIwJTNDYSUyMGhyZWYlM0QlMjJodHRwcyUzQSUyRiUyRnVzLmVkdS5wbCUyRnd5ZHppYWwlMkZ3c25lJTJGNTAtbGF0LXVzLXctY2llc3p5bmllJTIyJTNFJTBBJTIwJTIwJTIwJTIwJTIwJTIwJTIwJTIwJTNDaW1nJTIwc3JjJTNEJTIyaHR0cHMlM0ElMkYlMkZ1cy5lZHUucGwlMkZ3eWR6aWFsJTJGd3NuZSUyRndwLWNvbnRlbnQlMkZ1cGxvYWRzJTJGc2l0ZXMlMkYyMCUyRjUwLWxhdC1VJUM1JTlBLXctQ2llc3p5bmllJTJGbG9nby01MC1sYXQtVSVDNSU5QS13LUNpZXN6eW5pZS0xLWtvcGlhLTItYmxhY2suc3ZnJTIyJTIwY2xhc3MlM0QlMjJsb2dvLWJsYWNrJTIyJTIwYWx0JTNEJTIyNTAlMjBsYXQlMjBVbml3ZXJzeXRldHUlMjAlQzUlOUFsJUM0JTg1c2tpZWdvJTIwdyUyMENpZXN6eW5pZSUyMiUyMHRpdGxlJTNEJTIyc3Ryb25hJTIwanViaWxldXN6b3dhJTIyJTNFJTBBJTIwJTIwJTIwJTIwJTNDJTJGYSUzRSUwQSUyMCUyMCUyMCUyMCUzQ2ElMjBocmVmJTNEJTIyaHR0cHMlM0ElMkYlMkZ1cy5lZHUucGwlMkZ3eWR6aWFsJTJGd3NuZSUyRjUwLWxhdC11cy13LWNpZXN6eW5pZSUyMiUzRSUwQSUwOSUwOSUzQ2ltZyUyMHNyYyUzRCUyMmh0dHBzJTNBJTJGJTJGdXMuZWR1LnBsJTJGd3lkemlhbCUyRndzbmUlMkZ3cC1jb250ZW50JTJGdXBsb2FkcyUyRnNpdGVzJTJGMjAlMkY1MC1sYXQtVSVDNSU5QS13LUNpZXN6eW5pZSUyRmxvZ28tNTAtbGF0LVUlQzUlOUEtdy1DaWVzenluaWUtMS1rb3BpYS0yLXllbGxvdy5zdmclMjIlMjBjbGFzcyUzRCUyMmxvZ28teWVsbG93JTIyJTIwYWx0JTNEJTIyTG9nbyUyMDUwJTIwbGF0JTIwVW5pd2Vyc3l0ZXR1JTIwJUM1JTlBbCVDNCU4NXNraWVnbyUyMHclMjBDaWVzenluaWUlMjIlMjB0aXRsZSUzRCUyMnN0cm9uYSUyMGp1YmlsZXVzem93YSUyMiUzRSUwQSUyMCUyMCUyMCUyMCUzQyUyRmElM0UlMEElMDklMjAlMjAlMjAlMjAlM0NhJTIwaHJlZiUzRCUyMmh0dHBzJTNBJTJGJTJGdXMuZWR1LnBsJTJGd3lkemlhbCUyRndzbmUlMkY1MC1sYXQtdXMtdy1jaWVzenluaWUlMjIlM0UlMEElMDklMDklM0NpbWclMjBzcmMlM0QlMjJodHRwcyUzQSUyRiUyRnVzLmVkdS5wbCUyRnd5ZHppYWwlMkZ3c25lJTJGd3AtY29udGVudCUyRnVwbG9hZHMlMkZzaXRlcyUyRjIwJTJGNTAtbGF0LVUlQzUlOUEtdy1DaWVzenluaWUlMkZsb2dvLTUwLWxhdC1VJUM1JTlBLXctQ2llc3p5bmllLTEta29waWEtMi13aGl0ZS5zdmclMjIlMjBjbGFzcyUzRCUyMmxvZ28td2hpdGUlMjIlMjBhbHQlM0QlMjJMb2dvJTIwNTAlMjBsYXQlMjBVbml3ZXJzeXRldHUlMjAlQzUlOUFsJUM0JTg1c2tpZWdvJTIwdyUyMENpZXN6eW5pZSUyMiUyMHRpdGxlJTNEJTIyc3Ryb25hJTIwanViaWxldXN6b3dhJTIyJTNFJTBBJTIwJTIwJTIwJTIwJTNDJTJGYSUzRSUwQSUzQyUyRmRpdiUzRSUwQQ==[\/vc_raw_html][\/vc_column][\/vc_row][vc_row][vc_column][vc_separator][\/vc_column][\/vc_row][vc_row][vc_column]\r\n                <div class=\"text-modules\">\r\n                    <div class=\"container\">\r\n                        <h3 class=\"page-title text__title\">Struktura Filii Uniwersytetu \u015al\u0105skiego w Cieszynie oraz w\u0142adze w latach 1972\u20132021<\/h3>\r\n                        <div class=\"text-modules__content\"><\/div>\r\n                    <\/div>\r\n                <\/div>[\/vc_column][\/vc_row][vc_row][vc_column width=&#8221;1\/6&#8243;][\/vc_column][vc_column width=&#8221;2\/3&#8243;][vc_empty_space][vc_separator]\r\n                <div class=\"numerical-data-list\">\r\n                \r\n                    <div class=\"container\">\r\n                    \r\n                    <div class=\"line\"> <strong>prof. dr hab. J\u00f3zef Chlebowczyk<\/strong> <span>prorektor w latach 1972\u20131974<\/span><\/div><div class=\"line\"> <strong>prof. dr hab. Antoni G\u0142adysz<\/strong> <span>prorektor w latach 1974\u20131977<\/span><\/div><div class=\"line\"> <strong>prof. dr hab. J\u00f3zef Chlebowczyk<\/strong> <span>prorektor w latach 1977\u20131981<\/span><\/div><div class=\"line\"> <strong>prof. dr hab. Wojciech Kojs<\/strong> <span>prorektor w latach 1984\u20131990<\/span><\/div><div class=\"line\"> <strong>prof. dr hab. Kazimierz \u015al\u0119czka<\/strong> <span>prorektor w latach 1990\u20131996<\/span><\/div><div class=\"line\"> <strong>prof. dr hab. Alojzy Kopoczek<\/strong> <span>prorektor w latach 1996\u20132002<\/span><\/div><div class=\"line\"> <strong>prof. dr hab. Halina Rusek<\/strong> <span>prorektor w latach 2002\u20132005<\/span><\/div><div class=\"line\"> <strong>prof. dr hab. Micha\u0142 Staszk\u00f3w<\/strong> <span>pe\u0142nomocnik rektora U\u015a ds. Filii w Cieszynie w latach 1981\u20131982<\/span><\/div><div class=\"line\"> <strong>prof. dr hab. Wojciech Kojs<\/strong> <span>pe\u0142nomocnik rektora U\u015a ds. wydzia\u0142u zamiejscowego w latach 1982\u20131984<\/span><\/div>\r\n                    <\/div>\r\n               \r\n                <\/div>[vc_empty_space][vc_separator]\r\n                <div class=\"text-modules\">\r\n                    <div class=\"container\">\r\n                        \r\n                        <div class=\"text-modules__content\"><\/p>\n<h3><strong>Struktura Wydzia\u0142u Artystycznego w latach 2002\u20132019<\/strong><\/h3>\n<p>\n<\/div>\r\n                    <\/div>\r\n                <\/div>[vc_tta_accordion style=&#8221;flat&#8221; shape=&#8221;square&#8221; color=&#8221;blue&#8221; spacing=&#8221;2&#8243; c_icon=&#8221;triangle&#8221; active_section=&#8221;0&#8243; no_fill=&#8221;true&#8221; collapsible_all=&#8221;true&#8221;][vc_tta_section title=&#8221;2002\u20132005&#8243; tab_id=&#8221;1618579214088-f3473e0a-e9fc&#8221;]\r\n                <div class=\"numerical-data-list\">\r\n                \r\n                    <div class=\"container\">\r\n                    \r\n                    <div class=\"line\"> <strong>prof. dr hab. Eugeniusz Delekta<\/strong> <span>dziekan<\/span><\/div><div class=\"line\"> <strong>doc. Janusz Seligman<\/strong> <span>prodziekan ds. artystycznych i naukowych oraz wsp\u00f3\u0142pracy krajowej i zagranicznej <\/span><\/div><div class=\"line\"> <strong>dr Ryszard Solik<\/strong> <span>prodziekan ds. kszta\u0142cenia<\/span><\/div><div class=\"line\"> <strong>dr hab. Jadwiga Uchy\u0142a-Zroski<\/strong> <span>prodziekan ds. studi\u00f3w zaocznych i finans\u00f3w <\/span><\/div>\r\n                    <\/div>\r\n               \r\n                <\/div>[\/vc_tta_section][vc_tta_section title=&#8221;2005\u20132008&#8243; tab_id=&#8221;1618579214097-d3956b94-5f3c&#8221;]\r\n                <div class=\"numerical-data-list\">\r\n                \r\n                    <div class=\"container\">\r\n                    \r\n                    <div class=\"line\"> <strong>prof. dr hab. Eugeniusz Delekta<\/strong> <span>dziekan<\/span><\/div><div class=\"line\"> <strong>adi. II st. Leszek Zbijowski<\/strong> <span>prodziekan ds. artystycznych i naukowych<\/span><\/div><div class=\"line\"> <strong>dr Ryszard Solik<\/strong> <span>prodziekan ds. studi\u00f3w dziennych<\/span><\/div><div class=\"line\"> <strong>dr hab. Jadwiga Uchy\u0142a-Zroski<\/strong> <span>prodziekan ds. studi\u00f3w zaocznych<\/span><\/div>\r\n                    <\/div>\r\n               \r\n                <\/div>[\/vc_tta_section][vc_tta_section title=&#8221;2008\u20132012&#8243; tab_id=&#8221;1618579568787-f25b1dad-140f&#8221;]\r\n                <div class=\"numerical-data-list\">\r\n                \r\n                    <div class=\"container\">\r\n                    \r\n                    <div class=\"line\"> <strong>prof. dr hab. Wies\u0142aw Ciencia\u0142a<\/strong> <span>dziekan<\/span><\/div><div class=\"line\"> <strong>prof. dr hab. Eugeniusz Delekta<\/strong> <span>prodziekan ds. rozwoju i promocji<\/span><\/div><div class=\"line\"> <strong>dr Adam Molenda<\/strong> <span>prodziekan ds. studenckich i kszta\u0142cenia<\/span><\/div><div class=\"line\"> <strong>dr Bogumi\u0142a Mika<\/strong> <span>prodziekan ds. naukowo-artystycznych<\/span><\/div>\r\n                    <\/div>\r\n               \r\n                <\/div>[\/vc_tta_section][vc_tta_section title=&#8221;2012\u20132016&#8243; tab_id=&#8221;1618579651599-7c96c33b-9211&#8243;]\r\n                <div class=\"numerical-data-list\">\r\n                \r\n                    <div class=\"container\">\r\n                    \r\n                    <div class=\"line\"> <strong>prof. dr hab. Ma\u0142gorzata \u0141uszczak<\/strong> <span>dziekan<\/span><\/div><div class=\"line\"> <strong>dr Remigiusz Kopoczek<\/strong> <span>prodziekan ds. studenckich i kszta\u0142cenia<\/span><\/div><div class=\"line\"> <strong>dr hab. Jadwiga Uchy\u0142a-Zroski<\/strong> <span>prodziekan ds. rozwoju i promocji<\/span><\/div><div class=\"line\"> <strong>dr hab. Bogumi\u0142a Mika<\/strong> <span>prodziekan ds. naukowych i artystycznych<\/span><\/div>\r\n                    <\/div>\r\n               \r\n                <\/div>[\/vc_tta_section][vc_tta_section title=&#8221;2016\u20132019&#8243; tab_id=&#8221;1618579783919-ba308006-ac16&#8243;]\r\n                <div class=\"numerical-data-list\">\r\n                \r\n                    <div class=\"container\">\r\n                    \r\n                    <div class=\"line\"> <strong>prof. dr hab. Ma\u0142gorzata \u0141uszczak<\/strong> <span>dziekan<\/span><\/div><div class=\"line\"> <strong>dr hab. Krzysztof Marek B\u0105k<\/strong> <span>prodziekan ds. studenckich i kszta\u0142cenia<\/span><\/div><div class=\"line\"> <strong>dr hab. Ma\u0142gorzata Kaniowska<\/strong> <span>prodziekan ds. bada\u0144 naukowych, artystycznych i wsp\u00f3\u0142pracy z zagranic\u0105<\/span><\/div><div class=\"line\"> <strong>dr Ma\u0142gorzata Mendel<\/strong> <span>prodziekan ds. promocji i dzia\u0142a\u0144 artystycznych<\/span><\/div>\r\n                    <\/div>\r\n               \r\n                <\/div>[\/vc_tta_section][\/vc_tta_accordion][vc_empty_space][vc_separator]\r\n                <div class=\"text-modules\">\r\n                    <div class=\"container\">\r\n                        \r\n                        <div class=\"text-modules__content\"><\/p>\n<h3><strong>Struktura Wydzia\u0142u Etnologii i Nauk o Edukacji w latach 2002\u20132005<\/strong><\/h3>\n<p>\n<\/div>\r\n                    <\/div>\r\n                <\/div>\r\n                <div class=\"numerical-data-list\">\r\n                \r\n                    <div class=\"container\">\r\n                    \r\n                    <div class=\"line\"> <strong>dr hab. Halina Rusek, prof. U\u015a<\/strong> <span>prorektor ds. Filii U\u015a w Cieszynie w latach 1.09.2002\u201330.09.2005<\/span><\/div>\r\n                    <\/div>\r\n               \r\n                <\/div>[vc_tta_accordion style=&#8221;flat&#8221; shape=&#8221;square&#8221; color=&#8221;blue&#8221; spacing=&#8221;2&#8243; c_icon=&#8221;triangle&#8221; active_section=&#8221;0&#8243; no_fill=&#8221;true&#8221; collapsible_all=&#8221;true&#8221;][vc_tta_section title=&#8221;2003\u20132005&#8243; tab_id=&#8221;1618579939584-0f753432-baf9&#8243;]\r\n                <div class=\"numerical-data-list\">\r\n                \r\n                    <div class=\"container\">\r\n                    \r\n                    <div class=\"line\"> <strong>dr hab. Zygmunt K\u0142odnicki, prof. U\u015a<\/strong> <span>dziekan<\/span><\/div><div class=\"line\"> <strong>dr hab. Wies\u0142awa Korzeniowska, prof. U\u015a<\/strong> <span>prodziekan ds. kszta\u0142cenia (do 30.09.2004)<\/span><\/div><div class=\"line\"> <strong>dr Barbara Grabowska<\/strong> <span>prodziekan ds. kszta\u0142cenia (od 1.10.2004)<\/span><\/div><div class=\"line\"> <strong>ks. dr hab. J\u00f3zef Budniak<\/strong> <span>prodziekan ds. nauki i wsp\u00f3\u0142pracy  z zagranic\u0105 (do 31.08.2004)<\/span><\/div><div class=\"line\"> <strong>ks. prof. dr hab. Manfred Uglorz<\/strong> <span>prodziekan ds. nauki i wsp\u00f3\u0142pracy z zagranic\u0105 (od 1.09.2004)<\/span><\/div><div class=\"line\"> <strong>dr Wojciech Morszczy\u0144ski<\/strong> <span>prodziekan ds. studenckich i finansowych<\/span><\/div>\r\n                    <\/div>\r\n               \r\n                <\/div>\r\n                <div class=\"text-modules\">\r\n                    <div class=\"container\">\r\n                        \r\n                        <div class=\"text-modules__content\"><p>W roku 2005 roku Senat U\u015a podj\u0105\u0142 uchwa\u0142\u0119 o zniesieniu Filii w Cieszynie. W jej miejsce do roku 2019 funkcjonowa\u0142y dwa Wydzia\u0142y: Etnologii i Nauk o Edukacji oraz Artystyczny.<\/p>\n<\/div>\r\n                    <\/div>\r\n                <\/div>[\/vc_tta_section][vc_tta_section title=&#8221;2005\u20132008&#8243; tab_id=&#8221;1618579939604-e3c05260-dab0&#8243;]\r\n                <div class=\"numerical-data-list\">\r\n                \r\n                    <div class=\"container\">\r\n                    \r\n                    <div class=\"line\"> <strong>dr hab. Halina Rusek, prof. U\u015a <\/strong> <span>dziekan<\/span><\/div><div class=\"line\"> <strong>dr Jadwiga Gazda<\/strong> <span>prodziekan ds. kszta\u0142cenia<\/span><\/div><div class=\"line\"> <strong>dr hab. Zygmunt K\u0142odnicki, prof. U\u015a<\/strong> <span>prodziekan ds. nauki i wsp\u00f3\u0142pracy z zagranic\u0105<\/span><\/div><div class=\"line\"> <strong>dr Wojciech Morszczy\u0144ski<\/strong> <span>prodziekan ds. studenckich i finansowych<\/span><\/div>\r\n                    <\/div>\r\n               \r\n                <\/div>[\/vc_tta_section][vc_tta_section title=&#8221;2008\u20132012&#8243; tab_id=&#8221;1618580674439-3945b00e-6e61&#8243;]\r\n                <div class=\"numerical-data-list\">\r\n                \r\n                    <div class=\"container\">\r\n                    \r\n                    <div class=\"line\"> <strong>dr hab. Halina Rusek, prof. U\u015a<\/strong> <span>dziekan<\/span><\/div><div class=\"line\"> <strong>dr Jadwiga Gazda<\/strong> <span>prodziekan ds. studenckich i kszta\u0142cenia<\/span><\/div><div class=\"line\"> <strong>dr hab. Zenon Gajdzica<\/strong> <span>Prodziekan ds. naukowych i wsp\u00f3\u0142pracy z zagranic\u0105<\/span><\/div>\r\n                    <\/div>\r\n               \r\n                <\/div>[\/vc_tta_section][vc_tta_section title=&#8221;2012\u20132016&#8243; tab_id=&#8221;1618580740964-d41acad4-1747&#8243;]\r\n                <div class=\"numerical-data-list\">\r\n                \r\n                    <div class=\"container\">\r\n                    \r\n                    <div class=\"line\"> <strong>dr hab. Zenon Gajdzica, prof. U\u015a<\/strong> <span>dziekan<\/span><\/div><div class=\"line\"> <strong>dr Jolanta Skutnik<\/strong> <span>prodziekan ds. studenckich i kszta\u0142cenia<\/span><\/div><div class=\"line\"> <strong>dr hab. Ewa Ogrodzka-Mazur, prof. U\u015a<\/strong> <span>prodziekan ds. naukowych i wsp\u00f3\u0142pracy z zagranic\u0105<\/span><\/div><div class=\"line\"> <strong>dr Katarzyna Marcol<\/strong> <span>prodziekan ds. promocji i wsp\u00f3\u0142pracy ze \u015brodowiskiem lokalnym<\/span><\/div>\r\n                    <\/div>\r\n               \r\n                <\/div>[\/vc_tta_section][vc_tta_section title=&#8221;2016\u20132019&#8243; tab_id=&#8221;1618580854140-647d2b99-869a&#8221;]\r\n                <div class=\"numerical-data-list\">\r\n                \r\n                    <div class=\"container\">\r\n                    \r\n                    <div class=\"line\"> <strong>prof. dr hab. Zenon Gajdzica<\/strong> <span>dziekan<\/span><\/div><div class=\"line\"> <strong>dr hab. Bogus\u0142aw Dziadzia<\/strong> <span>prodziekan ds. studenckich i kszta\u0142cenia<\/span><\/div><div class=\"line\"> <strong>dr hab.  Andrzej Kasperek<\/strong> <span>prodziekan ds. naukowych i wsp\u00f3\u0142pracy  z zagranic\u0105 (od 28.09.2016)<\/span><\/div><div class=\"line\"> <strong>dr hab. Kinga Czerwi\u0144ska<\/strong> <span>prodziekan ds. promocji i wsp\u00f3\u0142pracy ze \u015brodowiskiem lokalnym<\/span><\/div>\r\n                    <\/div>\r\n               \r\n                <\/div>[\/vc_tta_section][\/vc_tta_accordion][vc_empty_space][vc_separator]\r\n                <div class=\"text-modules\">\r\n                    <div class=\"container\">\r\n                        \r\n                        <div class=\"text-modules__content\"><\/p>\n<h3><strong>Struktura Wydzia\u0142u Sztuki i Nauk o Edukacji<\/strong><\/h3>\n<p><span style=\"font-size: 10pt;\">(po po\u0142\u0105czeniu Wydzia\u0142u Artystycznego oraz Wydzia\u0142u Etnologii i Nauk o Edukacji)<\/span><\/p>\n<\/div>\r\n                    <\/div>\r\n                <\/div>[vc_tta_accordion style=&#8221;flat&#8221; shape=&#8221;square&#8221; color=&#8221;blue&#8221; spacing=&#8221;2&#8243; c_icon=&#8221;triangle&#8221; active_section=&#8221;0&#8243; no_fill=&#8221;true&#8221; collapsible_all=&#8221;true&#8221;][vc_tta_section title=&#8221;2019\u20132020&#8243; tab_id=&#8221;1618580956848-879d9f1b-f3e2&#8243;]\r\n                <div class=\"numerical-data-list\">\r\n                \r\n                    <div class=\"container\">\r\n                    \r\n                    <div class=\"line\"> <strong>dr hab. Krzysztof Marek B\u0105k<\/strong> <span>dziekan<\/span><\/div><div class=\"line\"> <strong>dr hab. Bogus\u0142aw Dziadzia<\/strong> <span>prodziekan ds. kszta\u0142cenia i student\u00f3w<\/span><\/div><div class=\"line\"> <strong>dr hab. Ma\u0142gorzata Kaniowska<\/strong> <span>prodziekan ds. tw\u00f3rczo\u015bci artystycznej i umi\u0119dzynarodowienia<\/span><\/div><div class=\"line\"> <strong>dr hab. Kinga Czerwi\u0144ska<\/strong> <span>prodziekan ds. rozwoju, promocji i wsp\u00f3\u0142pracy z otoczeniem<\/span><\/div>\r\n                    <\/div>\r\n               \r\n                <\/div>[\/vc_tta_section][vc_tta_section title=&#8221;2020\u20132024&#8243; tab_id=&#8221;1618580956874-400c6621-c30a&#8221;]\r\n                <div class=\"numerical-data-list\">\r\n                \r\n                    <div class=\"container\">\r\n                    \r\n                    <div class=\"line\"> <strong>dr hab. Krzysztof Marek B\u0105k, prof. U\u015a<\/strong> <span>dziekan<\/span><\/div><div class=\"line\"> <strong>dr hab. Bogus\u0142aw Dziadzia, prof. U\u015a<\/strong> <span>prodziekan ds. kszta\u0142cenia i student\u00f3w<\/span><\/div><div class=\"line\"> <strong>dr Barbara G\u0142yda<\/strong> <span>prodziekan ds. wsp\u00f3\u0142pracy<\/span><\/div><div class=\"line\"> <strong>dr Agnieszka Jaworska<\/strong> <span>prodziekan ds. rozwoju<\/span><\/div>\r\n                    <\/div>\r\n               \r\n                <\/div>[\/vc_tta_section][\/vc_tta_accordion][\/vc_column][vc_column width=&#8221;1\/6&#8243;][\/vc_column][\/vc_row]<\/p>","protected":false},"excerpt":{"rendered":"<p>[vc_row][vc_column][vc_raw_html]JTNDZGl2JTIwY2xhc3MlM0QlMjJoZWFkZXItbG9nbzElMjIlMjBzdHlsZSUzRCUyMnRleHQtYWxpZ24lM0ElMjBjZW50ZXIlM0IlMjIlM0UlMEElMDklM0NhJTIwaHJlZiUzRCUyMmh0dHBzJTNBJTJGJTJGdXMuZWR1LnBsJTJGd3lkemlhbCUyRndzbmUlMkY1MC1sYXQtdXMtdy1jaWVzenluaWUlMjIlM0UlMEElMDklMDklM0NpbWclMjBzcmMlM0QlMjJodHRwcyUzQSUyRiUyRnVzLmVkdS5wbCUyRnd5ZHppYWwlMkZ3c25lJTJGd3AtY29udGVudCUyRnVwbG9hZHMlMkZzaXRlcyUyRjIwJTJGNTAtbGF0LVUlMjVDNSUyNTlBLXctQ2llc3p5bmllJTJGbG9nby01MC1sYXQtVSUyNUM1JTI1OUEtdy1DaWVzenluaWUtMS1rb3BpYS0yLnN2ZyUyMiUyMGNsYXNzJTNEJTIybG9nby1rb2xvciUyMiUyMGFsdCUzRCUyMkxvZ28lMjA1MCUyMGxhdCUyMFVuaXdlcnN5dGV0dSUyMCVDNSU5QWwlQzQlODVza2llZ28lMjB3JTIwQ2llc3p5bmllJTIyJTIwdGl0bGUlM0QlMjJzdHJvbmElMjBqdWJpbGV1c3pvd2ElMjIlM0UlMEElMjAlMjAlMjAlMjAlM0MlMkZhJTNFJTBBJTIwJTIwJTIwJTIwJTNDYSUyMGhyZWYlM0QlMjJodHRwcyUzQSUyRiUyRnVzLmVkdS5wbCUyRnd5ZHppYWwlMkZ3c25lJTJGNTAtbGF0LXVzLXctY2llc3p5bmllJTIyJTNFJTBBJTIwJTIwJTIwJTIwJTIwJTIwJTIwJTIwJTNDaW1nJTIwc3JjJTNEJTIyaHR0cHMlM0ElMkYlMkZ1cy5lZHUucGwlMkZ3eWR6aWFsJTJGd3NuZSUyRndwLWNvbnRlbnQlMkZ1cGxvYWRzJTJGc2l0ZXMlMkYyMCUyRjUwLWxhdC1VJUM1JTlBLXctQ2llc3p5bmllJTJGbG9nby01MC1sYXQtVSVDNSU5QS13LUNpZXN6eW5pZS0xLWtvcGlhLTItYmxhY2suc3ZnJTIyJTIwY2xhc3MlM0QlMjJsb2dvLWJsYWNrJTIyJTIwYWx0JTNEJTIyNTAlMjBsYXQlMjBVbml3ZXJzeXRldHUlMjAlQzUlOUFsJUM0JTg1c2tpZWdvJTIwdyUyMENpZXN6eW5pZSUyMiUyMHRpdGxlJTNEJTIyc3Ryb25hJTIwanViaWxldXN6b3dhJTIyJTNFJTBBJTIwJTIwJTIwJTIwJTNDJTJGYSUzRSUwQSUyMCUyMCUyMCUyMCUzQ2ElMjBocmVmJTNEJTIyaHR0cHMlM0ElMkYlMkZ1cy5lZHUucGwlMkZ3eWR6aWFsJTJGd3NuZSUyRjUwLWxhdC11cy13LWNpZXN6eW5pZSUyMiUzRSUwQSUwOSUwOSUzQ2ltZyUyMHNyYyUzRCUyMmh0dHBzJTNBJTJGJTJGdXMuZWR1LnBsJTJGd3lkemlhbCUyRndzbmUlMkZ3cC1jb250ZW50JTJGdXBsb2FkcyUyRnNpdGVzJTJGMjAlMkY1MC1sYXQtVSVDNSU5QS13LUNpZXN6eW5pZSUyRmxvZ28tNTAtbGF0LVUlQzUlOUEtdy1DaWVzenluaWUtMS1rb3BpYS0yLXllbGxvdy5zdmclMjIlMjBjbGFzcyUzRCUyMmxvZ28teWVsbG93JTIyJTIwYWx0JTNEJTIyTG9nbyUyMDUwJTIwbGF0JTIwVW5pd2Vyc3l0ZXR1JTIwJUM1JTlBbCVDNCU4NXNraWVnbyUyMHclMjBDaWVzenluaWUlMjIlMjB0aXRsZSUzRCUyMnN0cm9uYSUyMGp1YmlsZXVzem93YSUyMiUzRSUwQSUyMCUyMCUyMCUyMCUzQyUyRmElM0UlMEElMDklMjAlMjAlMjAlMjAlM0NhJTIwaHJlZiUzRCUyMmh0dHBzJTNBJTJGJTJGdXMuZWR1LnBsJTJGd3lkemlhbCUyRndzbmUlMkY1MC1sYXQtdXMtdy1jaWVzenluaWUlMjIlM0UlMEElMDklMDklM0NpbWclMjBzcmMlM0QlMjJodHRwcyUzQSUyRiUyRnVzLmVkdS5wbCUyRnd5ZHppYWwlMkZ3c25lJTJGd3AtY29udGVudCUyRnVwbG9hZHMlMkZzaXRlcyUyRjIwJTJGNTAtbGF0LVUlQzUlOUEtdy1DaWVzenluaWUlMkZsb2dvLTUwLWxhdC1VJUM1JTlBLXctQ2llc3p5bmllLTEta29waWEtMi13aGl0ZS5zdmclMjIlMjBjbGFzcyUzRCUyMmxvZ28td2hpdGUlMjIlMjBhbHQlM0QlMjJMb2dvJTIwNTAlMjBsYXQlMjBVbml3ZXJzeXRldHUlMjAlQzUlOUFsJUM0JTg1c2tpZWdvJTIwdyUyMENpZXN6eW5pZSUyMiUyMHRpdGxlJTNEJTIyc3Ryb25hJTIwanViaWxldXN6b3dhJTIyJTNFJTBBJTIwJTIwJTIwJTIwJTNDJTJGYSUzRSUwQSUzQyUyRmRpdiUzRSUwQQ==[\/vc_raw_html][\/vc_column][\/vc_row][vc_row][vc_column][vc_separator][\/vc_column][\/vc_row][vc_row][vc_column][\/vc_column][\/vc_row][vc_row][vc_column width=&#8221;1\/6&#8243;][\/vc_column][vc_column width=&#8221;2\/3&#8243;][vc_empty_space][vc_separator][vc_empty_space][vc_separator][vc_tta_accordion style=&#8221;flat&#8221; shape=&#8221;square&#8221; color=&#8221;blue&#8221; spacing=&#8221;2&#8243; c_icon=&#8221;triangle&#8221; active_section=&#8221;0&#8243; no_fill=&#8221;true&#8221; collapsible_all=&#8221;true&#8221;][vc_tta_section title=&#8221;2002\u20132005&#8243; tab_id=&#8221;1618579214088-f3473e0a-e9fc&#8221;][\/vc_tta_section][vc_tta_section title=&#8221;2005\u20132008&#8243; tab_id=&#8221;1618579214097-d3956b94-5f3c&#8221;][\/vc_tta_section][vc_tta_section title=&#8221;2008\u20132012&#8243; tab_id=&#8221;1618579568787-f25b1dad-140f&#8221;][\/vc_tta_section][vc_tta_section title=&#8221;2012\u20132016&#8243; tab_id=&#8221;1618579651599-7c96c33b-9211&#8243;][\/vc_tta_section][vc_tta_section title=&#8221;2016\u20132019&#8243; tab_id=&#8221;1618579783919-ba308006-ac16&#8243;][\/vc_tta_section][\/vc_tta_accordion][vc_empty_space][vc_separator][vc_tta_accordion style=&#8221;flat&#8221; shape=&#8221;square&#8221; color=&#8221;blue&#8221; spacing=&#8221;2&#8243; c_icon=&#8221;triangle&#8221; active_section=&#8221;0&#8243; no_fill=&#8221;true&#8221; collapsible_all=&#8221;true&#8221;][vc_tta_section title=&#8221;2003\u20132005&#8243; tab_id=&#8221;1618579939584-0f753432-baf9&#8243;][\/vc_tta_section][vc_tta_section title=&#8221;2005\u20132008&#8243; tab_id=&#8221;1618579939604-e3c05260-dab0&#8243;][\/vc_tta_section][vc_tta_section title=&#8221;2008\u20132012&#8243; tab_id=&#8221;1618580674439-3945b00e-6e61&#8243;][\/vc_tta_section][vc_tta_section title=&#8221;2012\u20132016&#8243; tab_id=&#8221;1618580740964-d41acad4-1747&#8243;][\/vc_tta_section][vc_tta_section title=&#8221;2016\u20132019&#8243; tab_id=&#8221;1618580854140-647d2b99-869a&#8221;][\/vc_tta_section][\/vc_tta_accordion][vc_empty_space][vc_separator][vc_tta_accordion style=&#8221;flat&#8221; shape=&#8221;square&#8221; color=&#8221;blue&#8221; spacing=&#8221;2&#8243; c_icon=&#8221;triangle&#8221; active_section=&#8221;0&#8243; no_fill=&#8221;true&#8221; collapsible_all=&#8221;true&#8221;][vc_tta_section title=&#8221;2019\u20132020&#8243; tab_id=&#8221;1618580956848-879d9f1b-f3e2&#8243;][\/vc_tta_section][vc_tta_section title=&#8221;2020\u20132024&#8243; tab_id=&#8221;1618580956874-400c6621-c30a&#8221;][\/vc_tta_section][\/vc_tta_accordion][\/vc_column][vc_column width=&#8221;1\/6&#8243;][\/vc_column][\/vc_row] [&#8230;]<\/p>\n<p><a class=\"btn btn-secondary understrap-read-more-link\" href=\"https:\/\/us.edu.pl\/wydzial\/wsne\/50-lat-us-w-cieszynie\/wladze-w-latach-1972-2021\/\">Read More&#8230;<\/a><\/p>\n","protected":false},"author":33,"featured_media":0,"parent":5198,"menu_order":0,"comment_status":"closed","ping_status":"closed","template":"","meta":{"_expiration-date-status":"saved","_expiration-date":0,"_expiration-date-type":"","_expiration-date-categories":[],"_expiration-date-options":[]},"acf":[],"_links":{"self":[{"href":"https:\/\/us.edu.pl\/wydzial\/wsne\/wp-json\/wp\/v2\/pages\/5252"}],"collection":[{"href":"https:\/\/us.edu.pl\/wydzial\/wsne\/wp-json\/wp\/v2\/pages"}],"about":[{"href":"https:\/\/us.edu.pl\/wydzial\/wsne\/wp-json\/wp\/v2\/types\/page"}],"author":[{"embeddable":true,"href":"https:\/\/us.edu.pl\/wydzial\/wsne\/wp-json\/wp\/v2\/users\/33"}],"replies":[{"embeddable":true,"href":"https:\/\/us.edu.pl\/wydzial\/wsne\/wp-json\/wp\/v2\/comments?post=5252"}],"version-history":[{"count":16,"href":"https:\/\/us.edu.pl\/wydzial\/wsne\/wp-json\/wp\/v2\/pages\/5252\/revisions"}],"predecessor-version":[{"id":5503,"href":"https:\/\/us.edu.pl\/wydzial\/wsne\/wp-json\/wp\/v2\/pages\/5252\/revisions\/5503"}],"up":[{"embeddable":true,"href":"https:\/\/us.edu.pl\/wydzial\/wsne\/wp-json\/wp\/v2\/pages\/5198"}],"wp:attachment":[{"href":"https:\/\/us.edu.pl\/wydzial\/wsne\/wp-json\/wp\/v2\/media?parent=5252"}],"curies":[{"name":"wp","href":"https:\/\/api.w.org\/{rel}","templated":true}]}}