{"id":526,"date":"2019-10-17T14:00:08","date_gmt":"2019-10-17T12:00:08","guid":{"rendered":"https:\/\/us.edu.pl\/wydzial\/wsne\/?page_id=526"},"modified":"2019-10-17T14:00:08","modified_gmt":"2019-10-17T12:00:08","slug":"resocjalizacja-i-socjoterapia","status":"publish","type":"page","link":"https:\/\/us.edu.pl\/wydzial\/wsne\/oferta-dydaktyczna\/resocjalizacja-i-socjoterapia\/","title":{"rendered":"Resocjalizacja i socjoterapia"},"content":{"rendered":"<p>[vc_row][vc_column]\r\n                <div class=\"text-modules\">\r\n                    <div class=\"container\">\r\n                        <h3 class=\"page-title text__title\">Kwalifikacyjne studia podyplomowe w zakresie pedagogiki specjalnej: Resocjalizacja i socjoterapia NOWO\u015a\u0106<\/h3>\r\n                        <div class=\"text-modules__content\"><\/p>\n<p style=\"font-weight: 400;\"><b><strong>Ostatni rok studia II semestralne<\/strong><\/b><\/p>\n<p style=\"font-weight: 400;\">Studia s\u0105 studiami nadaj\u0105cymi kwalifikacje z zakresu resocjalizacji i socjoterapii. Studia podyplomowe wpisuj\u0105 si\u0119 w aktualne zapotrzebowanie na edukacyjnym, terapeutycznym i spo\u0142ecznym rynku pracy. To program kszta\u0142cenia wdra\u017caj\u0105cy nowoczesny model oddzia\u0142ywa\u0144 psychopedagogicznych, animacyjnych, socjoterapeutycznych i tw\u00f3rczych wobec os\u00f3b niedostosowanych spo\u0142ecznie i wchodz\u0105cych w konflikt z prawem, adekwatny do wsp\u00f3\u0142czesnego modelu instytucjonalnego.<\/p>\n<p style=\"font-weight: 400;\">Uczymy klasycznych podej\u015b\u0107 pedagogicznych, psychologicznych, prawnych i socjologicznych w resocjalizacji, wzbogacaj\u0105c tre\u015bci o wsp\u00f3\u0142czesne metodyki pracy \u2013 kuratora s\u0105dowego, pracy penitencjarnej, socjoterapii, tw\u00f3rczej resocjalizacji i pracy z rodzin\u0105 dysfunkcyjn\u0105. S\u0142uchacze kszta\u0142tuj\u0105 sw\u00f3j warsztat pracy w zakresie diagnozy resocjalizacyjnej, profilaktyki i program\u00f3w resocjalizacyjnych w teorii i praktyce.<\/p>\n<p style=\"font-weight: 400;\">Ze wzgl\u0119du na specyfik\u0119 pracy absolwent nab\u0119dzie kompetencje poznawcze z obszaru r\u00f3\u017cnych dyscyplin naukowych, kt\u00f3re pozwol\u0105 na prawid\u0142owe zaplanowanie interdyscyplinarnej pracy dydaktycznej, terapeutycznej i wychowawczej. Ponadto b\u0119dzie dysponowa\u0107 umiej\u0119tno\u015bciami w zakresie planowania i realizacji zaj\u0119\u0107 w obr\u0119bie dydaktyki resocjalizacji w r\u00f3\u017cnych \u015brodowiskach wychowawczych i spo\u0142ecznych, szczeg\u00f3lnie dob\u00f3r metod i form pracy resocjalizacyjnej i socjoterapeutycznej oraz profilaktycznej.<\/p>\n<p style=\"font-weight: 400;\">Studia przygotowuj\u0105 do pracy w M\u0142odzie\u017cowych O\u015brodkach Wychowawczych, M\u0142odzie\u017cowych O\u015brodkach Socjoterapii, Zak\u0142adach Poprawczych i Schroniskach dla Nieletnich, Zak\u0142adach Karnych, Ogniskach Wychowawczych, \u015awietlicach Socjoterapeutycznych, Domach Dziecka, Plac\u00f3wkach i Domach Interwencyjnych i innych o charakterze resocjalizuj\u0105cym, a tak\u017ce specjalistycznej pracy pedagogicznej w szko\u0142ach, o\u015brodkach wychowawczych, opieku\u0144czych i innych.<\/p>\n<p style=\"font-weight: 400;\"><b><strong>czas trwania<\/strong><\/b><\/p>\n<p style=\"font-weight: 400;\">2 semestry (350 godz. w tym 120 godzin praktyk), zaj\u0119cia odbywaj\u0105 si\u0119 2 razy w miesi\u0105cu w pi\u0105tki (od godz. 16), soboty i niedziele.<\/p>\n<p style=\"font-weight: 400;\"><b><strong>zasady naboru<\/strong><\/b><\/p>\n<p style=\"font-weight: 400;\">Kandydatami na studia mog\u0105 by\u0107 absolwenci studi\u00f3w magisterskich lub licencjackich kierunk\u00f3w humanistycznych i spo\u0142ecznych.<\/p>\n<p style=\"font-weight: 400;\">Zg\u0142oszenie na studia nast\u0119puje w chwili z\u0142o\u017cenia przez kandydata wszystkich wymaganych dokument\u00f3w w sekretariacie (osobi\u015bcie lub z upowa\u017cnieniem) o przyj\u0119ciu decyduje kolejno\u015b\u0107 zg\u0142osze\u0144.<\/p>\n<p style=\"font-weight: 400;\"><b><strong>wymagane dokumenty<\/strong><\/b><\/p>\n<p style=\"font-weight: 400;\">Teczka kandydata:<\/p>\n<ul style=\"font-weight: 400;\">\n<li>podanie z pro\u015bb\u0105 o przyj\u0119cie na studia (na druku dost\u0119pnym na stronie internetowej U\u015a\u00a0<a href=\"http:\/\/kandydat.us.edu.pl\/studia-podyplomowe-dokumenty\">http:\/\/kandydat.us.edu.pl\/studia-podyplomowe-dokumenty<\/a>)<\/li>\n<li><a href=\"http:\/\/kandydat.us.edu.pl\/sites\/kandydat.us.edu.pl\/files\/imce\/pliki\/DRUKI\/klauzula_informacyjna-sluchacze_studiow_podyplomowych.docx\" class=\"mtli_attachment mtli_docx\" class=\"mtli_attachment mtli_docx\">Klauzula informacyjna RODO dla kandydat\u00f3w na studia IRK<\/a><\/li>\n<li>odpis dyplomu uko\u0144czenia studi\u00f3w magisterskich i\/lub licencjackich<\/li>\n<li>2 zdj\u0119cia<\/li>\n<li>ksero dowodu to\u017csamo\u015bci<\/li>\n<\/ul>\n<p style=\"font-weight: 400;\">Dokumenty nale\u017cy sk\u0142ada\u0107 w bia\u0142ej wi\u0105zanej teczce<\/p>\n<p style=\"font-weight: 400;\"><b><strong>data rozpocz\u0119cia<\/strong><\/b><\/p>\n<p style=\"font-weight: 400;\">wrzesie\u0144 2019<\/p>\n<p style=\"font-weight: 400;\"><b><strong>miejsce sk\u0142adania dokument\u00f3w<\/strong><\/b><\/p>\n<p style=\"font-weight: 400;\">Uniwersytet \u015al\u0105ski,<br \/>\nWydzia\u0142 Etnologii i Nauk o Edukacji<br \/>\nul .Bielska 62 p. 106<br \/>\n43-400 Cieszyn<br \/>\nmgr Aleksandra Kobielus, tel. 33 8546371,<\/p>\n<p style=\"font-weight: 400;\">Kierownik studi\u00f3w:<br \/>\nDr Ilona Fajfer-Kruczek p.250<br \/>\n<a href=\"mailto:ilona.fajfer-kruczek@us.edu.pl\">ilona.fajfer-kruczek@us.edu.pl<\/a><\/p>\n<p style=\"font-weight: 400;\"><b><strong>termin sk\u0142adania dokument\u00f3w<\/strong><\/b><\/p>\n<p style=\"font-weight: 400;\">17.06.- 06.09.2019 \u2013 od poniedzia\u0142ku do pi\u0105tku w godz. 10.00-14.00 &#8211; nale\u017cy z\u0142o\u017cy\u0107 orygina\u0142y dokument\u00f3w (dyplomy) w bia\u0142ej wi\u0105zanej teczce<\/p>\n<p style=\"font-weight: 400;\"><b><strong>op\u0142ata<\/strong><\/b><\/p>\n<p style=\"font-weight: 400;\">Op\u0142ata jednorazowa za semestr wynosi 1400 z\u0142<\/p>\n<p style=\"font-weight: 400;\"><b><strong>limit przyj\u0119\u0107<\/strong><\/b><\/p>\n<p style=\"font-weight: 400;\">minimum 24 maximum 60 os\u00f3b<\/p>\n<p style=\"font-weight: 400;\"><b><strong>dodatkowe informacje<\/strong><\/b><\/p>\n<p style=\"font-weight: 400;\">Inne szczeg\u00f3\u0142owe informacje:<br \/>\nW ramach studi\u00f3w podyplomowych nie jest realizowane przygotowanie pedagogiczne, w niekt\u00f3rych instytucjach resocjalizacyjnych od kandydat\u00f3w do pracy wymaga si\u0119 opr\u00f3cz wykszta\u0142cenia kierunkowego r\u00f3wnie\u017c przygotowania pedagogicznego.<\/p>\n<p style=\"font-weight: 400;\">ADRESACI: absolwenci studi\u00f3w licencjackich i magisterskich nauk spo\u0142ecznych<\/p>\n<p style=\"font-weight: 400;\">OPIS: Kwalifikacyjne studia podyplomowe resocjalizacja i socjoterapia &#8211; to program studi\u00f3w wdra\u017caj\u0105cy nowoczesny model oddzia\u0142ywa\u0144 psychopedagogicznych, animacyjnych, socjoterapeutycznych i tw\u00f3rczych wobec os\u00f3b niedostosowanych spo\u0142ecznie i wchodz\u0105cych w konflikt z prawem, adekwatny do wsp\u00f3\u0142czesnego modelu instytucjonalnego.<\/p>\n<p style=\"font-weight: 400;\">Uczymy klasycznych podej\u015b\u0107 pedagogicznych, psychologicznych, prawnych i socjologicznych w resocjalizacji, wzbogacaj\u0105c tre\u015bci o wsp\u00f3\u0142czesne metodyki pracy \u2013 kuratora s\u0105dowego, pracy penitencjarnej, socjoterapii, tw\u00f3rczej resocjalizacji i pracy z rodzin\u0105 dysfunkcyjn\u0105.<\/p>\n<p style=\"font-weight: 400;\">S\u0142uchacze kszta\u0142tuj\u0105 sw\u00f3j warsztat pracy w zakresie diagnozy resocjalizacyjnej, profilaktyki i program\u00f3w resocjalizacyjnych w teorii i praktyce.<\/p>\n<p style=\"font-weight: 400;\">Absolwent studi\u00f3w zdobywa kwalifikacje w zakresie resocjalizacji i socjoterapii.<\/p>\n<p style=\"font-weight: 400;\">Studia przygotowuj\u0105 do pracy w M\u0142odzie\u017cowych O\u015brodkach Wychowawczych, M\u0142odzie\u017cowych O\u015brodkach Socjoterapii, Zak\u0142adach Poprawczych i Schroniskach dla Nieletnich, Zak\u0142adach Karnych, Ogniskach Wychowawczych, \u015awietlicach Socjoterapeutycznych, Domach Dziecka, Plac\u00f3wkach i Domach Interwencyjnych i innych o charakterze resocjalizuj\u0105cym.<\/p>\n<p style=\"font-weight: 400;\"><em>Szanowni Pa\u0144stwo<\/em>,<\/p>\n<p style=\"font-weight: 400;\">W zwi\u0105zku z wej\u015bciem w \u017cycie\u00a0<em>Ustawy z dnia 10 maja 2018 r. o ochronie danych osobowych<\/em>\u00a0uleg\u0142o zmianie\u00a0<u>podanie o przyj\u0119cie na studia podyplomowe<\/u>, kt\u00f3re jest dost\u0119pne na stronie wraz z klauzul\u0105 informacyjn\u0105\u00a0<a href=\"http:\/\/kandydat.us.edu.pl\/studia-podyplomowe-dokumenty\">http:\/\/kandydat.us.edu.pl\/studia-podyplomowe-dokumenty<\/a>\u00a0.<\/p>\n<p><img class=\"alignnone wp-image-527\" src=\"https:\/\/us.edu.pl\/wydzial\/wsne\/wp-content\/uploads\/sites\/20\/Zdj\u0119cia-na-stronie\/reso-i-socjoter_plakat_a3_0-212x300.jpg\" alt=\"\" width=\"752\" height=\"1064\" srcset=\"https:\/\/us.edu.pl\/wydzial\/wsne\/wp-content\/uploads\/sites\/20\/Zdj\u0119cia-na-stronie\/reso-i-socjoter_plakat_a3_0-212x300.jpg 212w, https:\/\/us.edu.pl\/wydzial\/wsne\/wp-content\/uploads\/sites\/20\/Zdj\u0119cia-na-stronie\/reso-i-socjoter_plakat_a3_0-768x1086.jpg 768w, https:\/\/us.edu.pl\/wydzial\/wsne\/wp-content\/uploads\/sites\/20\/Zdj\u0119cia-na-stronie\/reso-i-socjoter_plakat_a3_0-724x1024.jpg 724w, https:\/\/us.edu.pl\/wydzial\/wsne\/wp-content\/uploads\/sites\/20\/Zdj\u0119cia-na-stronie\/reso-i-socjoter_plakat_a3_0.jpg 1382w\" sizes=\"(max-width: 752px) 100vw, 752px\" \/><\/p>\n<\/div>\r\n                    <\/div>\r\n                <\/div>[\/vc_column][\/vc_row]<\/p>","protected":false},"excerpt":{"rendered":"<p>[vc_row][vc_column][\/vc_column][\/vc_row] [&#8230;]<\/p>\n<p><a class=\"btn btn-secondary understrap-read-more-link\" href=\"https:\/\/us.edu.pl\/wydzial\/wsne\/oferta-dydaktyczna\/resocjalizacja-i-socjoterapia\/\">Read More&#8230;<\/a><\/p>\n","protected":false},"author":1,"featured_media":0,"parent":245,"menu_order":0,"comment_status":"closed","ping_status":"closed","template":"","meta":{"_expiration-date-status":"","_expiration-date":0,"_expiration-date-type":"","_expiration-date-categories":[],"_expiration-date-options":[]},"acf":[],"_links":{"self":[{"href":"https:\/\/us.edu.pl\/wydzial\/wsne\/wp-json\/wp\/v2\/pages\/526"}],"collection":[{"href":"https:\/\/us.edu.pl\/wydzial\/wsne\/wp-json\/wp\/v2\/pages"}],"about":[{"href":"https:\/\/us.edu.pl\/wydzial\/wsne\/wp-json\/wp\/v2\/types\/page"}],"author":[{"embeddable":true,"href":"https:\/\/us.edu.pl\/wydzial\/wsne\/wp-json\/wp\/v2\/users\/1"}],"replies":[{"embeddable":true,"href":"https:\/\/us.edu.pl\/wydzial\/wsne\/wp-json\/wp\/v2\/comments?post=526"}],"version-history":[{"count":1,"href":"https:\/\/us.edu.pl\/wydzial\/wsne\/wp-json\/wp\/v2\/pages\/526\/revisions"}],"predecessor-version":[{"id":528,"href":"https:\/\/us.edu.pl\/wydzial\/wsne\/wp-json\/wp\/v2\/pages\/526\/revisions\/528"}],"up":[{"embeddable":true,"href":"https:\/\/us.edu.pl\/wydzial\/wsne\/wp-json\/wp\/v2\/pages\/245"}],"wp:attachment":[{"href":"https:\/\/us.edu.pl\/wydzial\/wsne\/wp-json\/wp\/v2\/media?parent=526"}],"curies":[{"name":"wp","href":"https:\/\/api.w.org\/{rel}","templated":true}]}}