{"id":5283,"date":"2021-04-19T15:42:02","date_gmt":"2021-04-19T13:42:02","guid":{"rendered":"https:\/\/us.edu.pl\/wydzial\/wsne\/?page_id=5283"},"modified":"2021-04-28T12:54:54","modified_gmt":"2021-04-28T10:54:54","slug":"kampus-w-liczbach","status":"publish","type":"page","link":"https:\/\/us.edu.pl\/wydzial\/wsne\/50-lat-us-w-cieszynie\/kampus-w-liczbach\/","title":{"rendered":"Kampus w liczbach"},"content":{"rendered":"<p>[vc_row][vc_column][vc_raw_html]JTNDZGl2JTIwY2xhc3MlM0QlMjJoZWFkZXItbG9nbzElMjIlMjBzdHlsZSUzRCUyMnRleHQtYWxpZ24lM0ElMjBjZW50ZXIlM0IlMjIlM0UlMEElMDklM0NhJTIwaHJlZiUzRCUyMmh0dHBzJTNBJTJGJTJGdXMuZWR1LnBsJTJGd3lkemlhbCUyRndzbmUlMkY1MC1sYXQtdXMtdy1jaWVzenluaWUlMjIlM0UlMEElMDklMDklM0NpbWclMjBzcmMlM0QlMjJodHRwcyUzQSUyRiUyRnVzLmVkdS5wbCUyRnd5ZHppYWwlMkZ3c25lJTJGd3AtY29udGVudCUyRnVwbG9hZHMlMkZzaXRlcyUyRjIwJTJGNTAtbGF0LVUlMjVDNSUyNTlBLXctQ2llc3p5bmllJTJGbG9nby01MC1sYXQtVSUyNUM1JTI1OUEtdy1DaWVzenluaWUtMS1rb3BpYS0yLnN2ZyUyMiUyMGNsYXNzJTNEJTIybG9nby1rb2xvciUyMiUyMGFsdCUzRCUyMkxvZ28lMjA1MCUyMGxhdCUyMFVuaXdlcnN5dGV0dSUyMCVDNSU5QWwlQzQlODVza2llZ28lMjB3JTIwQ2llc3p5bmllJTIyJTIwdGl0bGUlM0QlMjJzdHJvbmElMjBqdWJpbGV1c3pvd2ElMjIlM0UlMEElMjAlMjAlMjAlMjAlM0MlMkZhJTNFJTBBJTIwJTIwJTIwJTIwJTNDYSUyMGhyZWYlM0QlMjJodHRwcyUzQSUyRiUyRnVzLmVkdS5wbCUyRnd5ZHppYWwlMkZ3c25lJTJGNTAtbGF0LXVzLXctY2llc3p5bmllJTIyJTNFJTBBJTIwJTIwJTIwJTIwJTIwJTIwJTIwJTIwJTNDaW1nJTIwc3JjJTNEJTIyaHR0cHMlM0ElMkYlMkZ1cy5lZHUucGwlMkZ3eWR6aWFsJTJGd3NuZSUyRndwLWNvbnRlbnQlMkZ1cGxvYWRzJTJGc2l0ZXMlMkYyMCUyRjUwLWxhdC1VJUM1JTlBLXctQ2llc3p5bmllJTJGbG9nby01MC1sYXQtVSVDNSU5QS13LUNpZXN6eW5pZS0xLWtvcGlhLTItYmxhY2suc3ZnJTIyJTIwY2xhc3MlM0QlMjJsb2dvLWJsYWNrJTIyJTIwYWx0JTNEJTIyNTAlMjBsYXQlMjBVbml3ZXJzeXRldHUlMjAlQzUlOUFsJUM0JTg1c2tpZWdvJTIwdyUyMENpZXN6eW5pZSUyMiUyMHRpdGxlJTNEJTIyc3Ryb25hJTIwanViaWxldXN6b3dhJTIyJTNFJTBBJTIwJTIwJTIwJTIwJTNDJTJGYSUzRSUwQSUyMCUyMCUyMCUyMCUzQ2ElMjBocmVmJTNEJTIyaHR0cHMlM0ElMkYlMkZ1cy5lZHUucGwlMkZ3eWR6aWFsJTJGd3NuZSUyRjUwLWxhdC11cy13LWNpZXN6eW5pZSUyMiUzRSUwQSUwOSUwOSUzQ2ltZyUyMHNyYyUzRCUyMmh0dHBzJTNBJTJGJTJGdXMuZWR1LnBsJTJGd3lkemlhbCUyRndzbmUlMkZ3cC1jb250ZW50JTJGdXBsb2FkcyUyRnNpdGVzJTJGMjAlMkY1MC1sYXQtVSVDNSU5QS13LUNpZXN6eW5pZSUyRmxvZ28tNTAtbGF0LVUlQzUlOUEtdy1DaWVzenluaWUtMS1rb3BpYS0yLXllbGxvdy5zdmclMjIlMjBjbGFzcyUzRCUyMmxvZ28teWVsbG93JTIyJTIwYWx0JTNEJTIyTG9nbyUyMDUwJTIwbGF0JTIwVW5pd2Vyc3l0ZXR1JTIwJUM1JTlBbCVDNCU4NXNraWVnbyUyMHclMjBDaWVzenluaWUlMjIlMjB0aXRsZSUzRCUyMnN0cm9uYSUyMGp1YmlsZXVzem93YSUyMiUzRSUwQSUyMCUyMCUyMCUyMCUzQyUyRmElM0UlMEElMDklMjAlMjAlMjAlMjAlM0NhJTIwaHJlZiUzRCUyMmh0dHBzJTNBJTJGJTJGdXMuZWR1LnBsJTJGd3lkemlhbCUyRndzbmUlMkY1MC1sYXQtdXMtdy1jaWVzenluaWUlMjIlM0UlMEElMDklMDklM0NpbWclMjBzcmMlM0QlMjJodHRwcyUzQSUyRiUyRnVzLmVkdS5wbCUyRnd5ZHppYWwlMkZ3c25lJTJGd3AtY29udGVudCUyRnVwbG9hZHMlMkZzaXRlcyUyRjIwJTJGNTAtbGF0LVUlQzUlOUEtdy1DaWVzenluaWUlMkZsb2dvLTUwLWxhdC1VJUM1JTlBLXctQ2llc3p5bmllLTEta29waWEtMi13aGl0ZS5zdmclMjIlMjBjbGFzcyUzRCUyMmxvZ28td2hpdGUlMjIlMjBhbHQlM0QlMjJMb2dvJTIwNTAlMjBsYXQlMjBVbml3ZXJzeXRldHUlMjAlQzUlOUFsJUM0JTg1c2tpZWdvJTIwdyUyMENpZXN6eW5pZSUyMiUyMHRpdGxlJTNEJTIyc3Ryb25hJTIwanViaWxldXN6b3dhJTIyJTNFJTBBJTIwJTIwJTIwJTIwJTNDJTJGYSUzRSUwQSUzQyUyRmRpdiUzRSUwQQ==[\/vc_raw_html][\/vc_column][\/vc_row][vc_row][vc_column][vc_separator][\/vc_column][\/vc_row][vc_row][vc_column]\r\n                <div class=\"text-modules\">\r\n                    <div class=\"container\">\r\n                        <h3 class=\"page-title text__title\">Filia Uniwersytetu \u015al\u0105skiego w Cieszynie w liczbach<\/h3>\r\n                        <div class=\"text-modules__content\"><\/div>\r\n                    <\/div>\r\n                <\/div>[\/vc_column][\/vc_row][vc_row disable_element=&#8221;yes&#8221;][vc_column width=&#8221;1\/6&#8243;][\/vc_column][vc_column width=&#8221;2\/3&#8243;][vc_row_inner][vc_column_inner]\r\n                <div class=\"numerical-data-list\">\r\n                \r\n                    <div class=\"container\">\r\n                    \r\n                    <div class=\"line\"> <strong><p style=\"font-size: 2.0em; color: #002e5a\">30 549<\/p><\/strong> <span>absolwent\u00f3w<br> w latach 1974\u20132020<\/span><\/div><div class=\"line\"> <strong><p style=\"font-size: 2.0em; color: #002e5a\">994<\/p><\/strong> <span>student\u00f3w<br> w roku 2020\/2021<\/span><\/div><div class=\"line\"> <strong><p style=\"font-size: 2.0em; color: #002e5a\">1 592<\/p><\/strong> <span>wyk\u0142adowc\u00f3w oraz pracownik\u00f3w administracyjnych i obs\u0142ugi<br> w latach 1971\u20132021<\/span><\/div><div class=\"line\"> <strong><p style=\"font-size: 2.0em; color: #002e5a\">193<\/p><\/strong> <span>wyk\u0142adowc\u00f3w w roku 2020\/2021 (21 profesor\u00f3w tytularnych, 78 doktor\u00f3w habilitowanych, 66 doktor\u00f3w i 28 magistr\u00f3w)<\/span><\/div><div class=\"line\"> <strong><p style=\"font-size: 2.0em; color: #002e5a\">85<\/p><\/strong> <span>pracownik\u00f3w administracyjnych i obs\u0142ugi<br> w roku 2020\/2021<\/span><\/div><div class=\"line\"> <strong><p style=\"font-size: 2.0em; color: #002e5a\">6,2177<\/p><\/strong> <span>powierzchnia kampusu w Cieszynie<br> w hektarach<\/span><\/div><div class=\"line\"> <strong><p style=\"font-size: 2.0em; color: #002e5a\">12<\/p><\/strong> <span>budynk\u00f3w<br> w cieszy\u0144skim kampusie<\/span><\/div><div class=\"line\"> <strong><p style=\"font-size: 2.0em; color: #002e5a\">71<\/p><\/strong> <span>sal wyk\u0142adowych wraz z pracowniami oraz dwa akademiki, centrum konferencyjne, aula, sala baletowa, sala koncertowa, dwie galerie sztuki, biblioteka, sto\u0142\u00f3wka, kawiarnia, klub studencki, hala sportowa, basen, si\u0142ownia<\/span><\/div><div class=\"line\"> <strong><p style=\"font-size: 2.0em; color: #002e5a\">29<\/p><\/strong> <span>kierunk\u00f3w studi\u00f3w<br> w latach 1971\u20132021<\/span><\/div><div class=\"line\"> <strong><p style=\"font-size: 2.0em; color: #002e5a\">12<\/p><\/strong> <span>kierunk\u00f3w studi\u00f3w<br> w roku 2020\/2021<\/span><\/div><div class=\"line\"> <strong><p style=\"font-size: 2.0em; color: #002e5a\">129<\/p><\/strong> <span>um\u00f3w o wsp\u00f3\u0142pracy z instytucjami<br> i interesariuszami zewn\u0119trznymi<\/span><\/div>\r\n                    <\/div>\r\n               \r\n                <\/div>[\/vc_column_inner][\/vc_row_inner][vc_row_inner][vc_column_inner][vc_empty_space][\/vc_column_inner][\/vc_row_inner][\/vc_column][vc_column width=&#8221;1\/6&#8243;][\/vc_column][\/vc_row][vc_row][vc_column width=&#8221;1\/6&#8243;][\/vc_column][vc_column width=&#8221;2\/3&#8243;]\r\n                <div class=\"text-modules\">\r\n                    <div class=\"container\">\r\n                        \r\n                        <div class=\"text-modules__content\"><\/p>\n<table class=\" alignleft\" style=\"height: 216px; width: 100%; border-collapse: collapse;\" cellspacing=\"10px\" cellpadding=\"10px\">\n<tbody>\n<tr style=\"height: 18px;\">\n<td style=\"width: 24.3162%; height: 18px; text-align: right;\"><span style=\"font-size: 24pt; color: #002e5a;\"><strong>30 549<\/strong><\/span><\/td>\n<td style=\"width: 1.95382%;\"><\/td>\n<td style=\"width: 75.5773%; height: 18px;\">absolwent\u00f3w w latach 1974\u20132020<\/td>\n<\/tr>\n<tr style=\"height: 18px;\">\n<td style=\"width: 24.3162%; height: 18px; text-align: right;\"><span style=\"font-size: 24pt; color: #002e5a;\"><strong>994<\/strong><\/span><\/td>\n<td style=\"width: 1.95382%;\"><\/td>\n<td style=\"width: 75.5773%; height: 18px;\">student\u00f3w w roku 2020\/2021<\/td>\n<\/tr>\n<tr style=\"height: 18px;\">\n<td style=\"width: 24.3162%; height: 18px; text-align: right;\"><span style=\"font-size: 24pt; color: #002e5a;\"><strong>1 592<\/strong><\/span><\/td>\n<td style=\"width: 1.95382%;\"><\/td>\n<td style=\"width: 75.5773%; height: 18px;\">wyk\u0142adowc\u00f3w oraz pracownik\u00f3w administracyjnych i obs\u0142ugi w latach 1971\u20132021<\/td>\n<\/tr>\n<tr style=\"height: 18px;\">\n<td style=\"width: 24.3162%; height: 18px; text-align: right;\"><span style=\"font-size: 24pt; color: #002e5a;\"><strong>193<\/strong><\/span><\/td>\n<td style=\"width: 1.95382%;\"><\/td>\n<td style=\"width: 75.5773%; height: 18px;\">wyk\u0142adowc\u00f3w w roku 2020\/2021 (21 profesor\u00f3w tytularnych, 78 doktor\u00f3w habilitowanych, 66 doktor\u00f3w i 28 magistr\u00f3w)<\/td>\n<\/tr>\n<tr style=\"height: 18px;\">\n<td style=\"width: 24.3162%; height: 18px; text-align: right;\"><span style=\"font-size: 24pt; color: #002e5a;\"><strong>85<\/strong><\/span><\/td>\n<td style=\"width: 1.95382%;\"><\/td>\n<td style=\"width: 75.5773%; height: 18px;\">pracownik\u00f3w administracyjnych i obs\u0142ugi w roku 2020\/2021<\/td>\n<\/tr>\n<tr style=\"height: 18px;\">\n<td style=\"width: 24.3162%; height: 18px; text-align: right;\"><span style=\"font-size: 24pt; color: #002e5a;\"><strong>6,2177<\/strong><\/span><\/td>\n<td style=\"width: 1.95382%;\"><\/td>\n<td style=\"width: 75.5773%; height: 18px;\">powierzchnia kampusu w Cieszynie w hektarach<\/td>\n<\/tr>\n<tr style=\"height: 18px;\">\n<td style=\"width: 24.3162%; height: 18px; text-align: right;\"><span style=\"font-size: 24pt; color: #002e5a;\"><strong>12<\/strong><\/span><\/td>\n<td style=\"width: 1.95382%;\"><\/td>\n<td style=\"width: 75.5773%; height: 18px;\">budynk\u00f3w<\/td>\n<\/tr>\n<tr style=\"height: 18px;\">\n<td style=\"width: 24.3162%; height: 18px; text-align: right;\"><span style=\"font-size: 24pt; color: #002e5a;\"><strong>71<\/strong><\/span><\/td>\n<td style=\"width: 1.95382%;\"><\/td>\n<td style=\"width: 75.5773%; height: 18px;\">sal wyk\u0142adowych wraz z pracowniami oraz dwa akademiki, centrum konferencyjne, aula, sala baletowa, sala koncertowa, dwie galerie sztuki, biblioteka, sto\u0142\u00f3wka, kawiarnia, klub studencki, hala sportowa, basen, si\u0142ownia<\/td>\n<\/tr>\n<tr style=\"height: 18px;\">\n<td style=\"width: 24.3162%; height: 18px; text-align: right;\"><span style=\"font-size: 24pt; color: #002e5a;\"><strong>29<\/strong><\/span><\/td>\n<td style=\"width: 1.95382%;\"><\/td>\n<td style=\"width: 75.5773%; height: 18px;\">kierunk\u00f3w studi\u00f3w w latach 1971\u20132021<\/td>\n<\/tr>\n<tr style=\"height: 18px;\">\n<td style=\"width: 24.3162%; height: 18px; text-align: right;\"><span style=\"font-size: 24pt; color: #002e5a;\"><strong>12<\/strong><\/span><\/td>\n<td style=\"width: 1.95382%;\"><\/td>\n<td style=\"width: 75.5773%; height: 18px;\">kierunk\u00f3w studi\u00f3w w roku 2020\/2021: animacja spo\u0142eczno\u2013kulturalna z edukacj\u0105 kulturaln\u0105, edukacja artystyczna w zakresie sztuk plastycznych, edukacja artystyczna w zakresie sztuki muzycznej, edukacja kulturalna, etnologia i antropologia kulturowa, grafika, muzyka w multimediach, pedagogika, pedagogika przedszkolna i wczesnoszkolna, pedagogika specjalna, pedagogika os\u00f3b niepe\u0142nosprawnych z arteterapi\u0105, projektowanie gier i przestrzeni wirtualnej<\/td>\n<\/tr>\n<tr style=\"height: 36px;\">\n<td style=\"width: 24.3162%; height: 36px; text-align: right;\"><span style=\"font-size: 24pt; color: #002e5a;\"><strong>129<\/strong><\/span><\/td>\n<td style=\"width: 1.95382%;\"><\/td>\n<td style=\"width: 75.5773%; height: 36px;\">um\u00f3w o wsp\u00f3\u0142pracy z instytucjami i interesariuszami zewn\u0119trznymi<\/td>\n<\/tr>\n<\/tbody>\n<\/table>\n<p>\n<\/div>\r\n                    <\/div>\r\n                <\/div>[\/vc_column][vc_column width=&#8221;1\/6&#8243;][\/vc_column][\/vc_row]<\/p>","protected":false},"excerpt":{"rendered":"<p>[vc_row][vc_column][vc_raw_html]JTNDZGl2JTIwY2xhc3MlM0QlMjJoZWFkZXItbG9nbzElMjIlMjBzdHlsZSUzRCUyMnRleHQtYWxpZ24lM0ElMjBjZW50ZXIlM0IlMjIlM0UlMEElMDklM0NhJTIwaHJlZiUzRCUyMmh0dHBzJTNBJTJGJTJGdXMuZWR1LnBsJTJGd3lkemlhbCUyRndzbmUlMkY1MC1sYXQtdXMtdy1jaWVzenluaWUlMjIlM0UlMEElMDklMDklM0NpbWclMjBzcmMlM0QlMjJodHRwcyUzQSUyRiUyRnVzLmVkdS5wbCUyRnd5ZHppYWwlMkZ3c25lJTJGd3AtY29udGVudCUyRnVwbG9hZHMlMkZzaXRlcyUyRjIwJTJGNTAtbGF0LVUlMjVDNSUyNTlBLXctQ2llc3p5bmllJTJGbG9nby01MC1sYXQtVSUyNUM1JTI1OUEtdy1DaWVzenluaWUtMS1rb3BpYS0yLnN2ZyUyMiUyMGNsYXNzJTNEJTIybG9nby1rb2xvciUyMiUyMGFsdCUzRCUyMkxvZ28lMjA1MCUyMGxhdCUyMFVuaXdlcnN5dGV0dSUyMCVDNSU5QWwlQzQlODVza2llZ28lMjB3JTIwQ2llc3p5bmllJTIyJTIwdGl0bGUlM0QlMjJzdHJvbmElMjBqdWJpbGV1c3pvd2ElMjIlM0UlMEElMjAlMjAlMjAlMjAlM0MlMkZhJTNFJTBBJTIwJTIwJTIwJTIwJTNDYSUyMGhyZWYlM0QlMjJodHRwcyUzQSUyRiUyRnVzLmVkdS5wbCUyRnd5ZHppYWwlMkZ3c25lJTJGNTAtbGF0LXVzLXctY2llc3p5bmllJTIyJTNFJTBBJTIwJTIwJTIwJTIwJTIwJTIwJTIwJTIwJTNDaW1nJTIwc3JjJTNEJTIyaHR0cHMlM0ElMkYlMkZ1cy5lZHUucGwlMkZ3eWR6aWFsJTJGd3NuZSUyRndwLWNvbnRlbnQlMkZ1cGxvYWRzJTJGc2l0ZXMlMkYyMCUyRjUwLWxhdC1VJUM1JTlBLXctQ2llc3p5bmllJTJGbG9nby01MC1sYXQtVSVDNSU5QS13LUNpZXN6eW5pZS0xLWtvcGlhLTItYmxhY2suc3ZnJTIyJTIwY2xhc3MlM0QlMjJsb2dvLWJsYWNrJTIyJTIwYWx0JTNEJTIyNTAlMjBsYXQlMjBVbml3ZXJzeXRldHUlMjAlQzUlOUFsJUM0JTg1c2tpZWdvJTIwdyUyMENpZXN6eW5pZSUyMiUyMHRpdGxlJTNEJTIyc3Ryb25hJTIwanViaWxldXN6b3dhJTIyJTNFJTBBJTIwJTIwJTIwJTIwJTNDJTJGYSUzRSUwQSUyMCUyMCUyMCUyMCUzQ2ElMjBocmVmJTNEJTIyaHR0cHMlM0ElMkYlMkZ1cy5lZHUucGwlMkZ3eWR6aWFsJTJGd3NuZSUyRjUwLWxhdC11cy13LWNpZXN6eW5pZSUyMiUzRSUwQSUwOSUwOSUzQ2ltZyUyMHNyYyUzRCUyMmh0dHBzJTNBJTJGJTJGdXMuZWR1LnBsJTJGd3lkemlhbCUyRndzbmUlMkZ3cC1jb250ZW50JTJGdXBsb2FkcyUyRnNpdGVzJTJGMjAlMkY1MC1sYXQtVSVDNSU5QS13LUNpZXN6eW5pZSUyRmxvZ28tNTAtbGF0LVUlQzUlOUEtdy1DaWVzenluaWUtMS1rb3BpYS0yLXllbGxvdy5zdmclMjIlMjBjbGFzcyUzRCUyMmxvZ28teWVsbG93JTIyJTIwYWx0JTNEJTIyTG9nbyUyMDUwJTIwbGF0JTIwVW5pd2Vyc3l0ZXR1JTIwJUM1JTlBbCVDNCU4NXNraWVnbyUyMHclMjBDaWVzenluaWUlMjIlMjB0aXRsZSUzRCUyMnN0cm9uYSUyMGp1YmlsZXVzem93YSUyMiUzRSUwQSUyMCUyMCUyMCUyMCUzQyUyRmElM0UlMEElMDklMjAlMjAlMjAlMjAlM0NhJTIwaHJlZiUzRCUyMmh0dHBzJTNBJTJGJTJGdXMuZWR1LnBsJTJGd3lkemlhbCUyRndzbmUlMkY1MC1sYXQtdXMtdy1jaWVzenluaWUlMjIlM0UlMEElMDklMDklM0NpbWclMjBzcmMlM0QlMjJodHRwcyUzQSUyRiUyRnVzLmVkdS5wbCUyRnd5ZHppYWwlMkZ3c25lJTJGd3AtY29udGVudCUyRnVwbG9hZHMlMkZzaXRlcyUyRjIwJTJGNTAtbGF0LVUlQzUlOUEtdy1DaWVzenluaWUlMkZsb2dvLTUwLWxhdC1VJUM1JTlBLXctQ2llc3p5bmllLTEta29waWEtMi13aGl0ZS5zdmclMjIlMjBjbGFzcyUzRCUyMmxvZ28td2hpdGUlMjIlMjBhbHQlM0QlMjJMb2dvJTIwNTAlMjBsYXQlMjBVbml3ZXJzeXRldHUlMjAlQzUlOUFsJUM0JTg1c2tpZWdvJTIwdyUyMENpZXN6eW5pZSUyMiUyMHRpdGxlJTNEJTIyc3Ryb25hJTIwanViaWxldXN6b3dhJTIyJTNFJTBBJTIwJTIwJTIwJTIwJTNDJTJGYSUzRSUwQSUzQyUyRmRpdiUzRSUwQQ==[\/vc_raw_html][\/vc_column][\/vc_row][vc_row][vc_column][vc_separator][\/vc_column][\/vc_row][vc_row][vc_column][\/vc_column][\/vc_row][vc_row disable_element=&#8221;yes&#8221;][vc_column width=&#8221;1\/6&#8243;][\/vc_column][vc_column width=&#8221;2\/3&#8243;][vc_row_inner][vc_column_inner][\/vc_column_inner][\/vc_row_inner][vc_row_inner][vc_column_inner][vc_empty_space][\/vc_column_inner][\/vc_row_inner][\/vc_column][vc_column width=&#8221;1\/6&#8243;][\/vc_column][\/vc_row][vc_row][vc_column width=&#8221;1\/6&#8243;][\/vc_column][vc_column width=&#8221;2\/3&#8243;][\/vc_column][vc_column width=&#8221;1\/6&#8243;][\/vc_column][\/vc_row] [&#8230;]<\/p>\n<p><a class=\"btn btn-secondary understrap-read-more-link\" href=\"https:\/\/us.edu.pl\/wydzial\/wsne\/50-lat-us-w-cieszynie\/kampus-w-liczbach\/\">Read More&#8230;<\/a><\/p>\n","protected":false},"author":33,"featured_media":0,"parent":5198,"menu_order":0,"comment_status":"closed","ping_status":"closed","template":"","meta":{"_expiration-date-status":"saved","_expiration-date":0,"_expiration-date-type":"","_expiration-date-categories":[],"_expiration-date-options":[]},"acf":[],"_links":{"self":[{"href":"https:\/\/us.edu.pl\/wydzial\/wsne\/wp-json\/wp\/v2\/pages\/5283"}],"collection":[{"href":"https:\/\/us.edu.pl\/wydzial\/wsne\/wp-json\/wp\/v2\/pages"}],"about":[{"href":"https:\/\/us.edu.pl\/wydzial\/wsne\/wp-json\/wp\/v2\/types\/page"}],"author":[{"embeddable":true,"href":"https:\/\/us.edu.pl\/wydzial\/wsne\/wp-json\/wp\/v2\/users\/33"}],"replies":[{"embeddable":true,"href":"https:\/\/us.edu.pl\/wydzial\/wsne\/wp-json\/wp\/v2\/comments?post=5283"}],"version-history":[{"count":11,"href":"https:\/\/us.edu.pl\/wydzial\/wsne\/wp-json\/wp\/v2\/pages\/5283\/revisions"}],"predecessor-version":[{"id":5502,"href":"https:\/\/us.edu.pl\/wydzial\/wsne\/wp-json\/wp\/v2\/pages\/5283\/revisions\/5502"}],"up":[{"embeddable":true,"href":"https:\/\/us.edu.pl\/wydzial\/wsne\/wp-json\/wp\/v2\/pages\/5198"}],"wp:attachment":[{"href":"https:\/\/us.edu.pl\/wydzial\/wsne\/wp-json\/wp\/v2\/media?parent=5283"}],"curies":[{"name":"wp","href":"https:\/\/api.w.org\/{rel}","templated":true}]}}