{"id":529,"date":"2019-10-17T14:01:06","date_gmt":"2019-10-17T12:01:06","guid":{"rendered":"https:\/\/us.edu.pl\/wydzial\/wsne\/?page_id=529"},"modified":"2019-10-17T14:01:32","modified_gmt":"2019-10-17T12:01:32","slug":"edukacja-i-rehabilitacja-osob-z-zaburzeniami-ze-spektrum-autyzmu","status":"publish","type":"page","link":"https:\/\/us.edu.pl\/wydzial\/wsne\/oferta-dydaktyczna\/edukacja-i-rehabilitacja-osob-z-zaburzeniami-ze-spektrum-autyzmu\/","title":{"rendered":"Edukacja i rehabilitacja os\u00f3b z zaburzeniami ze spektrum autyzmu"},"content":{"rendered":"<p>[vc_row][vc_column]\r\n                <div class=\"text-modules\">\r\n                    <div class=\"container\">\r\n                        <h3 class=\"page-title text__title\">Kwalifikacyjne studia podyplomowe Edukacja i rehabilitacja os\u00f3b z zaburzeniami ze spektrum autyzmu NOWO\u015a\u0106<\/h3>\r\n                        <div class=\"text-modules__content\"><\/p>\n<div class=\"meta\">\n<div class=\"meta\">\n<p><strong><span style=\"color: red;\">Ostatni rok studia II semestralne<\/span><\/strong><\/p>\n<\/div>\n<\/div>\n<div class=\"content\">\n<div class=\"field field-type-text field-field-specjalnosc\">\n<div class=\"field-items\">\n<div class=\"field-item\">\n<p>Studia podyplomowe wpisuj\u0105 si\u0119 w aktualne zapotrzebowanie rynku pracy oraz tendencje kszta\u0142cenia specjalnego, realizowanego w r\u00f3\u017cnych formach. Plac\u00f3wki zobligowane s\u0105 do zapewnienia podopiecznym odpowiednich warunk\u00f3w rozwojowych, dostosowanych do ich mo\u017cliwo\u015bci i potrzeb psychofizycznych. W wyniku realizacji zaj\u0119\u0107 przewidzianych planem studi\u00f3w absolwent jest przygotowany do:<\/p>\n<ul>\n<li>pracy w procesie wieloprofilowej diagnozy autyzmu oraz ca\u0142o\u015bciowych zaburze\u0144 rozwoju,<\/li>\n<li>planowania, prowadzenia oraz oceny efekt\u00f3w zaj\u0119\u0107 os\u00f3b z autyzmem oraz ca\u0142o\u015bciowymi zaburzeniami rozwoju w plac\u00f3wce i w \u015brodowisku domowym,<\/li>\n<li>planowania i prowadzenia zaj\u0119\u0107 terapeutycznych indywidualnych i grupowych z uczniami z autyzmem lub ca\u0142o\u015bciowymi zaburzeniami rozwoju na ka\u017cdym etapie edukacyjnym oraz do monitorowania ich osi\u0105gni\u0119\u0107,<\/li>\n<li>wsp\u00f3\u0142pracy z innymi specjalistami w ramach zespo\u0142\u00f3w diagnostycznych,<\/li>\n<li>organizowania profesjonalnego wsparcia dla os\u00f3b z autyzmem lub ca\u0142o\u015bciowymi zaburzeniami rozwoju, a tak\u017ce dla ich rodzin,<\/li>\n<li>wspomagania ucznia z autyzmem lub z ca\u0142o\u015bciowymi zaburzeniami rozwoju w warunkach przedszkola lub szko\u0142y.<\/li>\n<\/ul>\n<p>Zaj\u0119cia odbywaj\u0105 si\u0119 w formie wyk\u0142ad\u00f3w, warsztat\u00f3w, \u0107wicze\u0144 oraz trening\u00f3w, s\u0105 prowadzone przez do\u015bwiadczonych praktyk\u00f3w z wieloletnim sta\u017cem w zakresie pracy z osobami ze spektrum autyzmu, oraz przez wyk\u0142adowc\u00f3w naszej uczelni. Studenci maj\u0105 szanse rozwija\u0107 sw\u00f3j warsztat umiej\u0119tno\u015bci pracy i diagnozy w szerokim zakresie, a dzi\u0119ki przygotowywanemu przez nich w\u0142asnemu projektowi lub opracowaniu zagadnienia teoretycznego (praca dyplomowa) zyskuj\u0105 do\u015bwiadczenie cenione przez prze\u0142o\u017conych i pracodawc\u00f3w.<\/p>\n<\/div>\n<\/div>\n<\/div>\n<div class=\"field field-type-text field-field-czas-trwania\">\n<h3>czas trwania<\/h3>\n<div class=\"field-items\">\n<div class=\"field-item\">2 semestry (350 godz. w tym 120 godzin praktyk), zaj\u0119cia odbywaj\u0105 si\u0119 2 razy w miesi\u0105cu w pi\u0105tki (od godz. 16), soboty i niedziele.<\/div>\n<\/div>\n<\/div>\n<div class=\"field field-type-text field-field-zasady-naboru\">\n<h3 class=\"field-label\">zasady naboru<\/h3>\n<div class=\"field-items\">\n<div class=\"field-item\">\n<p>Studia przeznaczone s\u0105 dla os\u00f3b posiadaj\u0105cych przygotowanie pedagogiczne, uko\u0144czone studia licencjackie lub magisterskie. O przyj\u0119ciu decyduje kolejno\u015b\u0107 zg\u0142osze\u0144 oraz z\u0142o\u017cenie wymaganej dokumentacji.<\/p>\n<\/div>\n<\/div>\n<\/div>\n<div class=\"field field-type-text field-field-wymagane-dokumenty\">\n<h3 class=\"field-label\">wymagane dokumenty<\/h3>\n<div class=\"field-items\">\n<div class=\"field-item\">\n<ul>\n<li>podanie z pro\u015bb\u0105 o przyj\u0119cie na studia (na druku dost\u0119pnym na stronie)<\/li>\n<li><a href=\"http:\/\/kandydat.us.edu.pl\/sites\/kandydat.us.edu.pl\/files\/imce\/pliki\/DRUKI\/klauzula_informacyjna-sluchacze_studiow_podyplomowych.docx\" class=\"mtli_attachment mtli_docx\" class=\"mtli_attachment mtli_docx\">Klauzula informacyjna RODO dla kandydat\u00f3w na studia IRK<\/a><\/li>\n<li>odpis dyplomu uko\u0144czenia studi\u00f3w magisterskich i licencjackich<\/li>\n<li>2 zdj\u0119cia<\/li>\n<li>ksero dowodu to\u017csamo\u015bci<\/li>\n<li>deklaracja dot. op\u0142at za studia<\/li>\n<li>dokumenty nale\u017cy sk\u0142ada\u0107 w bia\u0142ej wi\u0105zanej teczce<\/li>\n<\/ul>\n<\/div>\n<\/div>\n<\/div>\n<div class=\"field field-type-text field-field-data-rozpoczecia\">\n<h3 class=\"field-label\">data rozpocz\u0119cia<\/h3>\n<div class=\"field-items\">\n<div class=\"field-item\">wrzesie\u0144 2019 r.<\/div>\n<\/div>\n<\/div>\n<div class=\"field field-type-text field-field-miejsce-skladania-dokumen\">\n<h3>miejsce sk\u0142adania dokument\u00f3w<\/h3>\n<div class=\"field-items\">\n<div class=\"field-item\">\n<p>Instytut Nauk o Edukacji, Wydzia\u0142 Etnologii i Nauk o Edukacji,<br \/>\nUniwersytet \u015al\u0105ski,<br \/>\n43-400 Cieszyn, ul. Bielska 62,<br \/>\npok. 7A lub 106,<br \/>\ntel. 033 8546112, 033 8546371<br \/>\nfax. 033 8546101<br \/>\n<a href=\"http:\/\/www.us.edu.pl\/\">www.us.edu.pl<\/a>;<a href=\"http:\/\/www.weinoe.us.edu.pl\/\">\u00a0www.weinoe.us.edu.pl<\/a><br \/>\nKierownik studi\u00f3w: Dr Szymon Godawa p.250<br \/>\ntel. 533 995 111,\u00a0<a href=\"mailto:sgodawa@o2.pl\">sgodawa@o2.pl<\/a><br \/>\nSekretarz: mgr Aleksandra Kobielus<\/p>\n<\/div>\n<\/div>\n<\/div>\n<div class=\"field field-type-text field-field-termin-skladania-dokument\">\n<h3>termin sk\u0142adania dokument\u00f3w:<\/h3>\n<div class=\"field-items\">\n<div class=\"field-item\"><span style=\"font-family: Arial; font-size: small;\">17.06.- 06.09.2019 \u2013 od poniedzia\u0142ku do pi\u0105tku w godz. 10.00-14.00 &#8211; nale\u017cy z\u0142o\u017cy\u0107 orygina\u0142y dokument\u00f3w (dyplomy) w bia\u0142ej wi\u0105zanej teczce<\/span><\/div>\n<\/div>\n<\/div>\n<div class=\"field field-type-number-decimal field-field-oplata\">\n<div class=\"field-items\"><\/div>\n<\/div>\n<div class=\"field field-type-text field-field-oplata-opisowo\">\n<h3 class=\"field-label\">op\u0142ata<\/h3>\n<div class=\"field-items\">\n<div class=\"field-item\">\n<p>Op\u0142ata jednorazowa za semestr wynosi 1400 z\u0142<\/p>\n<\/div>\n<\/div>\n<\/div>\n<div class=\"field field-type-text field-field-data-rozpoczecia\">\n<h3 class=\"field-label\">limit przyj\u0119\u0107<\/h3>\n<div class=\"field-items\">\n<div class=\"field-item\">30-60 os\u00f3b<\/div>\n<\/div>\n<\/div>\n<\/div>\n<p>\n<\/div>\r\n                    <\/div>\r\n                <\/div>[\/vc_column][\/vc_row]<\/p>","protected":false},"excerpt":{"rendered":"<p>[vc_row][vc_column][\/vc_column][\/vc_row] [&#8230;]<\/p>\n<p><a class=\"btn btn-secondary understrap-read-more-link\" href=\"https:\/\/us.edu.pl\/wydzial\/wsne\/oferta-dydaktyczna\/edukacja-i-rehabilitacja-osob-z-zaburzeniami-ze-spektrum-autyzmu\/\">Read More&#8230;<\/a><\/p>\n","protected":false},"author":1,"featured_media":0,"parent":245,"menu_order":0,"comment_status":"closed","ping_status":"closed","template":"","meta":{"_expiration-date-status":"","_expiration-date":0,"_expiration-date-type":"","_expiration-date-categories":[],"_expiration-date-options":[]},"acf":[],"_links":{"self":[{"href":"https:\/\/us.edu.pl\/wydzial\/wsne\/wp-json\/wp\/v2\/pages\/529"}],"collection":[{"href":"https:\/\/us.edu.pl\/wydzial\/wsne\/wp-json\/wp\/v2\/pages"}],"about":[{"href":"https:\/\/us.edu.pl\/wydzial\/wsne\/wp-json\/wp\/v2\/types\/page"}],"author":[{"embeddable":true,"href":"https:\/\/us.edu.pl\/wydzial\/wsne\/wp-json\/wp\/v2\/users\/1"}],"replies":[{"embeddable":true,"href":"https:\/\/us.edu.pl\/wydzial\/wsne\/wp-json\/wp\/v2\/comments?post=529"}],"version-history":[{"count":2,"href":"https:\/\/us.edu.pl\/wydzial\/wsne\/wp-json\/wp\/v2\/pages\/529\/revisions"}],"predecessor-version":[{"id":531,"href":"https:\/\/us.edu.pl\/wydzial\/wsne\/wp-json\/wp\/v2\/pages\/529\/revisions\/531"}],"up":[{"embeddable":true,"href":"https:\/\/us.edu.pl\/wydzial\/wsne\/wp-json\/wp\/v2\/pages\/245"}],"wp:attachment":[{"href":"https:\/\/us.edu.pl\/wydzial\/wsne\/wp-json\/wp\/v2\/media?parent=529"}],"curies":[{"name":"wp","href":"https:\/\/api.w.org\/{rel}","templated":true}]}}