{"id":5452,"date":"2021-04-21T13:28:43","date_gmt":"2021-04-21T11:28:43","guid":{"rendered":"https:\/\/us.edu.pl\/wydzial\/wsne\/?page_id=5452"},"modified":"2021-06-16T13:42:09","modified_gmt":"2021-06-16T11:42:09","slug":"program-ramowy-jubileuszu","status":"publish","type":"page","link":"https:\/\/us.edu.pl\/wydzial\/wsne\/50-lat-us-w-cieszynie\/program-ramowy-jubileuszu\/","title":{"rendered":"Program ramowy jubileuszu"},"content":{"rendered":"<p>[vc_row][vc_column css=&#8221;.vc_custom_1618899623747{margin-top: -85px !important;}&#8221;][vc_raw_html]JTNDZGl2JTIwY2xhc3MlM0QlMjJoZWFkZXItbG9nbzElMjIlMjBzdHlsZSUzRCUyMnRleHQtYWxpZ24lM0ElMjBjZW50ZXIlM0IlMjIlM0UlMEElMDklM0NhJTIwaHJlZiUzRCUyMmh0dHBzJTNBJTJGJTJGdXMuZWR1LnBsJTJGd3lkemlhbCUyRndzbmUlMkY1MC1sYXQtdXMtdy1jaWVzenluaWUlMjIlM0UlMEElMDklMDklM0NpbWclMjBzcmMlM0QlMjJodHRwcyUzQSUyRiUyRnVzLmVkdS5wbCUyRnd5ZHppYWwlMkZ3c25lJTJGd3AtY29udGVudCUyRnVwbG9hZHMlMkZzaXRlcyUyRjIwJTJGNTAtbGF0LVUlMjVDNSUyNTlBLXctQ2llc3p5bmllJTJGbG9nby01MC1sYXQtVSUyNUM1JTI1OUEtdy1DaWVzenluaWUtMS1rb3BpYS0yLnN2ZyUyMiUyMGNsYXNzJTNEJTIybG9nby1rb2xvciUyMiUyMGFsdCUzRCUyMkxvZ28lMjA1MCUyMGxhdCUyMFVuaXdlcnN5dGV0dSUyMCVDNSU5QWwlQzQlODVza2llZ28lMjB3JTIwQ2llc3p5bmllJTIyJTIwdGl0bGUlM0QlMjJzdHJvbmElMjBqdWJpbGV1c3pvd2ElMjIlM0UlMEElMjAlMjAlMjAlMjAlM0MlMkZhJTNFJTBBJTIwJTIwJTIwJTIwJTNDYSUyMGhyZWYlM0QlMjJodHRwcyUzQSUyRiUyRnVzLmVkdS5wbCUyRnd5ZHppYWwlMkZ3c25lJTJGNTAtbGF0LXVzLXctY2llc3p5bmllJTIyJTNFJTBBJTIwJTIwJTIwJTIwJTIwJTIwJTIwJTIwJTNDaW1nJTIwc3JjJTNEJTIyaHR0cHMlM0ElMkYlMkZ1cy5lZHUucGwlMkZ3eWR6aWFsJTJGd3NuZSUyRndwLWNvbnRlbnQlMkZ1cGxvYWRzJTJGc2l0ZXMlMkYyMCUyRjUwLWxhdC1VJUM1JTlBLXctQ2llc3p5bmllJTJGbG9nby01MC1sYXQtVSVDNSU5QS13LUNpZXN6eW5pZS0xLWtvcGlhLTItYmxhY2suc3ZnJTIyJTIwY2xhc3MlM0QlMjJsb2dvLWJsYWNrJTIyJTIwYWx0JTNEJTIyNTAlMjBsYXQlMjBVbml3ZXJzeXRldHUlMjAlQzUlOUFsJUM0JTg1c2tpZWdvJTIwdyUyMENpZXN6eW5pZSUyMiUyMHRpdGxlJTNEJTIyc3Ryb25hJTIwanViaWxldXN6b3dhJTIyJTNFJTBBJTIwJTIwJTIwJTIwJTNDJTJGYSUzRSUwQSUyMCUyMCUyMCUyMCUzQ2ElMjBocmVmJTNEJTIyaHR0cHMlM0ElMkYlMkZ1cy5lZHUucGwlMkZ3eWR6aWFsJTJGd3NuZSUyRjUwLWxhdC11cy13LWNpZXN6eW5pZSUyMiUzRSUwQSUwOSUwOSUzQ2ltZyUyMHNyYyUzRCUyMmh0dHBzJTNBJTJGJTJGdXMuZWR1LnBsJTJGd3lkemlhbCUyRndzbmUlMkZ3cC1jb250ZW50JTJGdXBsb2FkcyUyRnNpdGVzJTJGMjAlMkY1MC1sYXQtVSVDNSU5QS13LUNpZXN6eW5pZSUyRmxvZ28tNTAtbGF0LVUlQzUlOUEtdy1DaWVzenluaWUtMS1rb3BpYS0yLXllbGxvdy5zdmclMjIlMjBjbGFzcyUzRCUyMmxvZ28teWVsbG93JTIyJTIwYWx0JTNEJTIyTG9nbyUyMDUwJTIwbGF0JTIwVW5pd2Vyc3l0ZXR1JTIwJUM1JTlBbCVDNCU4NXNraWVnbyUyMHclMjBDaWVzenluaWUlMjIlMjB0aXRsZSUzRCUyMnN0cm9uYSUyMGp1YmlsZXVzem93YSUyMiUzRSUwQSUyMCUyMCUyMCUyMCUzQyUyRmElM0UlMEElMDklMjAlMjAlMjAlMjAlM0NhJTIwaHJlZiUzRCUyMmh0dHBzJTNBJTJGJTJGdXMuZWR1LnBsJTJGd3lkemlhbCUyRndzbmUlMkY1MC1sYXQtdXMtdy1jaWVzenluaWUlMjIlM0UlMEElMDklMDklM0NpbWclMjBzcmMlM0QlMjJodHRwcyUzQSUyRiUyRnVzLmVkdS5wbCUyRnd5ZHppYWwlMkZ3c25lJTJGd3AtY29udGVudCUyRnVwbG9hZHMlMkZzaXRlcyUyRjIwJTJGNTAtbGF0LVUlQzUlOUEtdy1DaWVzenluaWUlMkZsb2dvLTUwLWxhdC1VJUM1JTlBLXctQ2llc3p5bmllLTEta29waWEtMi13aGl0ZS5zdmclMjIlMjBjbGFzcyUzRCUyMmxvZ28td2hpdGUlMjIlMjBhbHQlM0QlMjJMb2dvJTIwNTAlMjBsYXQlMjBVbml3ZXJzeXRldHUlMjAlQzUlOUFsJUM0JTg1c2tpZWdvJTIwdyUyMENpZXN6eW5pZSUyMiUyMHRpdGxlJTNEJTIyc3Ryb25hJTIwanViaWxldXN6b3dhJTIyJTNFJTBBJTIwJTIwJTIwJTIwJTNDJTJGYSUzRSUwQSUzQyUyRmRpdiUzRQ==[\/vc_raw_html][\/vc_column][\/vc_row][vc_row][vc_column]\r\n                <div class=\"text-modules\">\r\n                    <div class=\"container\">\r\n                        <h3 class=\"page-title text__title\">Kalendarz wydarze\u0144 jubileuszowych<\/h3>\r\n                        <div class=\"text-modules__content\"><\/div>\r\n                    <\/div>\r\n                <\/div>[\/vc_column][\/vc_row][vc_row][vc_column][vc_row_inner][vc_column_inner][\/vc_column_inner][\/vc_row_inner][\/vc_column][\/vc_row][vc_row el_class=&#8221;container&#8221;][vc_column][vc_tta_accordion shape=&#8221;square&#8221; color=&#8221;white&#8221; spacing=&#8221;2&#8243; gap=&#8221;2&#8243; c_icon=&#8221;triangle&#8221; active_section=&#8221;2&#8243; css_animation=&#8221;none&#8221; no_fill=&#8221;true&#8221; collapsible_all=&#8221;true&#8221; el_class=&#8221;text-modules__content&#8221;][vc_tta_section title=&#8221;12 maja 2021 roku&#8221; tab_id=&#8221;1619001989510-c01a78a6-c47f&#8221;][vc_row_inner][vc_column_inner width=&#8221;1\/6&#8243;][\/vc_column_inner][vc_column_inner width=&#8221;2\/3&#8243;]\r\n                <div class=\"text-modules\">\r\n                    <div class=\"container\">\r\n                        \r\n                        <div class=\"text-modules__content\"><p>Tego dnia rozpoczn\u0105 si\u0119 uroczysto\u015bci jubileuszu Uniwersytetu \u015al\u0105skiego w Cieszynie. 50 lat wcze\u015bniej \u2013 15 maja 1971 roku Ministerstwo O\u015bwiaty i Szkolnictwa Wy\u017cszego powo\u0142a\u0142o Wy\u017csze Studium Nauczycielskie (WSN) jako Fili\u0119 Uniwersytetu \u015al\u0105skiego w Katowicach.<\/p>\n<p>Dla uczczenia tego wydarzenia zasadzone zostanie jubileuszowe drzewo. W wydarzeniu upami\u0119tniaj\u0105cym rocznic\u0119 udzia\u0142 wezm\u0105 rektor Uniwersytetu \u015al\u0105skiego prof. Ryszard Kozio\u0142ek oraz dziekan Wydzia\u0142u Sztuki i Nauk o Edukacji dr hab. Krzysztof Marek B\u0105k, prof. U\u015a.<\/p>\n<p>Z okazji jubileuszu przygotowano tak\u017ce kapsu\u0142\u0119 czasu. Jej zawarto\u015b\u0107 to artefakty i pami\u0105tki wybrane przez poszczeg\u00f3lne instytuty, przedstawicieli w\u0142adz oraz student\u00f3w wydzia\u0142u. Tub\u0119, kt\u00f3ra zostanie zachowana na terenie kampusu cieszy\u0144skiego, ponownie b\u0119dzie mo\u017cna otworzy\u0107 dopiero 15 maja 2071 roku.<\/p>\n<p>Obchody rocznicowe tego dnia u\u015bwietni r\u00f3wnie\u017c oddanie do u\u017cytku altany wzorowanej na s\u0142ynnej cieszy\u0144skiej rotundzie z XI wieku. A\u017curowa konstrukcja z czasem poro\u015bnie bluszczem zimozielonym i stworzy uroczy zak\u0105tek wypoczynkowy uniwersyteckiego kampusu.<\/p>\n<\/div>\r\n                    <\/div>\r\n                <\/div>[\/vc_column_inner][vc_column_inner width=&#8221;1\/6&#8243;][\/vc_column_inner][\/vc_row_inner][\/vc_tta_section][vc_tta_section title=&#8221;czerwiec \u2013 wrzesie\u0144 2021 roku&#8221; tab_id=&#8221;1619001989538-58736bf6-90e4&#8243;][vc_row_inner][vc_column_inner width=&#8221;1\/6&#8243;][\/vc_column_inner][vc_column_inner width=&#8221;2\/3&#8243;]\r\n                <div class=\"text-modules\">\r\n                    <div class=\"container\">\r\n                        \r\n                        <div class=\"text-modules__content\"><p>Od 22 wrze\u015bnia do 20 pa\u017adziernika 2021 roku b\u0119dzie mo\u017cna ogl\u0105da\u0107 wystaw\u0119 plakat\u00f3w nawi\u0105zuj\u0105cych do rocznicy 50-lecia Uniwersytetu \u015al\u0105skiego w Cieszynie, stworzonych przez student\u00f3w Instytutu Sztuk Plastycznych. Wystawa zostanie pokazana w przestrzeni miejskiej.\u00a0Powstanie te\u017c seria wywiad\u00f3w pt. \u201eRozmowy z Mistrzami\u201d<em>,<\/em> kt\u00f3rych bohaterami b\u0119d\u0105 znani i zas\u0142u\u017ceni przedstawiciele dziedzin nauki i sztuki z cieszy\u0144skiego kampusu. Wywiady b\u0119dzie mo\u017cna obejrze\u0107 w mediach spo\u0142eczno\u015bciowych i na kanale U\u015a TV. W prasie lokalnej pojawi si\u0119 seria felieton\u00f3w przybli\u017caj\u0105cych histori\u0119 kampusu w Cieszynie, ale tak\u017ce opisuj\u0105cych obecn\u0105 dzia\u0142alno\u015b\u0107 naukow\u0105, artystyczn\u0105 i dydaktyczn\u0105 \u015brodowiska akademickiego. W mediach spo\u0142eczno\u015bciowych wydzia\u0142u i instytut\u00f3w opublikowane zostan\u0105 kr\u00f3tkie nagrania ze wspomnieniami absolwent\u00f3w uczelni.<\/p>\n<\/div>\r\n                    <\/div>\r\n                <\/div>[\/vc_column_inner][vc_column_inner width=&#8221;1\/6&#8243;][\/vc_column_inner][\/vc_row_inner][\/vc_tta_section][vc_tta_section title=&#8221;11 pa\u017adziernika 2021 roku&#8221; tab_id=&#8221;1619002151525-6dd44650-e32c&#8221;][vc_row_inner][vc_column_inner width=&#8221;1\/6&#8243;][\/vc_column_inner][vc_column_inner width=&#8221;2\/3&#8243;]\r\n                <div class=\"text-modules\">\r\n                    <div class=\"container\">\r\n                        \r\n                        <div class=\"text-modules__content\"><p>Na 11 pa\u017adziernika 2021 roku zaplanowano uroczyst\u0105 inauguracj\u0119 roku akademickiego 2021\/2022, kt\u00f3ra na wz\u00f3r pierwszej inauguracji odb\u0119dzie si\u0119 w cieszy\u0144skim Teatrze im. Adama Mickiewicza. Opr\u00f3cz przem\u00f3wie\u0144 zaproszonych go\u015bci i wyst\u0119p\u00f3w artystycznych u\u015bwietni j\u0105 premierowe wykonanie utworu muzycznego dr. Karola Pyki pt. \u201eKr\u00f3tka historia\u201d, skomponowanego specjalnie na t\u0119 okazj\u0119.<\/p>\n<\/div>\r\n                    <\/div>\r\n                <\/div>[\/vc_column_inner][vc_column_inner width=&#8221;1\/6&#8243;][\/vc_column_inner][\/vc_row_inner][\/vc_tta_section][vc_tta_section title=&#8221;pa\u017adziernik 2021 roku&#8221; tab_id=&#8221;1619002194727-43587635-439c&#8221;][vc_row_inner][vc_column_inner width=&#8221;1\/6&#8243;][\/vc_column_inner][vc_column_inner width=&#8221;2\/3&#8243;]\r\n                <div class=\"text-modules\">\r\n                    <div class=\"container\">\r\n                        \r\n                        <div class=\"text-modules__content\"><p>W Galerii 12, czyli miejskiej galerii sztuki wsp\u00f3\u0142czesnej mieszcz\u0105cej si\u0119 w Cieszy\u0144skim O\u015brodku Kultury, odb\u0119dzie si\u0119 kuratorska wystawa \u201eP-books. Od projektu do czytania\u201d. Wyk\u0142adowcy i studenci specjalno\u015bci projektowej z Instytutu Sztuk Plastycznych zaprezentuj\u0105 ksi\u0105\u017cki, powie\u015bci graficzne oraz projekty i szkice, dzi\u0119ki kt\u00f3rym b\u0119dzie mo\u017cna zg\u0142\u0119bi\u0107 warsztat projektant\u00f3w, a tak\u017ce pozna\u0107 inspiracje, jakie towarzyszy\u0142y tw\u00f3rcom. Natomiast Pracownia Animacji \u201ePod Aul\u0105\u201d zaplanowa\u0142a wystaw\u0119 pt. \u201eDYSTANS\u201d, kt\u00f3ra podsumowuje ob\u00f3z animacji spo\u0142eczno-kulturalnej z edukacj\u0105 kulturaln\u0105. Koncepcja wystawy nawi\u0105zuje do bliskiego nam obecnie do\u015bwiadczenia dystansu mi\u0119dzyludzkiego, kt\u00f3re prze\u017cywamy w zwi\u0105zku z pandemi\u0105.<\/p>\n<\/div>\r\n                    <\/div>\r\n                <\/div>[\/vc_column_inner][vc_column_inner width=&#8221;1\/6&#8243;][\/vc_column_inner][\/vc_row_inner][\/vc_tta_section][vc_tta_section title=&#8221;grudzie\u0144 2021 roku&#8221; tab_id=&#8221;1619002215295-d86d9655-3b1a&#8221;][vc_row_inner][vc_column_inner width=&#8221;1\/6&#8243;][\/vc_column_inner][vc_column_inner width=&#8221;2\/3&#8243;]\r\n                <div class=\"text-modules\">\r\n                    <div class=\"container\">\r\n                        \r\n                        <div class=\"text-modules__content\"><p>Wydarzeniem artystycznym podsumowuj\u0105cymi obchody 50-lecia Uniwersytetu \u015al\u0105skiego w Cieszynie b\u0119dzie uroczysty koncert w Teatrze im. Adama Mickiewicza w Cieszynie, przygotowany przez wyk\u0142adowc\u00f3w z Instytutu Sztuk Muzycznych z udzia\u0142em zaproszonych instrumentalist\u00f3w i solist\u00f3w. Zaplanowano tak\u017ce premier\u0119 dw\u00f3ch wydawnictw ksi\u0105\u017ckowych o odmiennym charakterze. Jednym z nich b\u0119dzie album ukazuj\u0105cy w spos\u00f3b przekrojowy ostatnie 50 lat kampusu w Cieszynie. Drug\u0105 propozycj\u0105 b\u0119dzie naukowa publikacja wieloautorska pod red. prof. Urszuli Szu\u015bcik. W Galerii Akademickiej odb\u0119dzie si\u0119 wernisa\u017c wystawy prac najznamienitszych artyst\u00f3w zwi\u0105zanych z cieszy\u0144skim kampusem na przestrzeni ostatniego p\u00f3\u0142wiecza. Natomiast w Galerii 36.6 odb\u0119dzie si\u0119 wystawa pokonkursowa laureat\u00f3w II Mi\u0119dzynarodowego Triennale Grafiki w Cieszynie.<\/p>\n<\/div>\r\n                    <\/div>\r\n                <\/div>[\/vc_column_inner][vc_column_inner width=&#8221;1\/6&#8243;][\/vc_column_inner][\/vc_row_inner][\/vc_tta_section][\/vc_tta_accordion][\/vc_column][\/vc_row]<\/p>","protected":false},"excerpt":{"rendered":"<p>[vc_row][vc_column css=&#8221;.vc_custom_1618899623747{margin-top: -85px !important;}&#8221;][vc_raw_html]JTNDZGl2JTIwY2xhc3MlM0QlMjJoZWFkZXItbG9nbzElMjIlMjBzdHlsZSUzRCUyMnRleHQtYWxpZ24lM0ElMjBjZW50ZXIlM0IlMjIlM0UlMEElMDklM0NhJTIwaHJlZiUzRCUyMmh0dHBzJTNBJTJGJTJGdXMuZWR1LnBsJTJGd3lkemlhbCUyRndzbmUlMkY1MC1sYXQtdXMtdy1jaWVzenluaWUlMjIlM0UlMEElMDklMDklM0NpbWclMjBzcmMlM0QlMjJodHRwcyUzQSUyRiUyRnVzLmVkdS5wbCUyRnd5ZHppYWwlMkZ3c25lJTJGd3AtY29udGVudCUyRnVwbG9hZHMlMkZzaXRlcyUyRjIwJTJGNTAtbGF0LVUlMjVDNSUyNTlBLXctQ2llc3p5bmllJTJGbG9nby01MC1sYXQtVSUyNUM1JTI1OUEtdy1DaWVzenluaWUtMS1rb3BpYS0yLnN2ZyUyMiUyMGNsYXNzJTNEJTIybG9nby1rb2xvciUyMiUyMGFsdCUzRCUyMkxvZ28lMjA1MCUyMGxhdCUyMFVuaXdlcnN5dGV0dSUyMCVDNSU5QWwlQzQlODVza2llZ28lMjB3JTIwQ2llc3p5bmllJTIyJTIwdGl0bGUlM0QlMjJzdHJvbmElMjBqdWJpbGV1c3pvd2ElMjIlM0UlMEElMjAlMjAlMjAlMjAlM0MlMkZhJTNFJTBBJTIwJTIwJTIwJTIwJTNDYSUyMGhyZWYlM0QlMjJodHRwcyUzQSUyRiUyRnVzLmVkdS5wbCUyRnd5ZHppYWwlMkZ3c25lJTJGNTAtbGF0LXVzLXctY2llc3p5bmllJTIyJTNFJTBBJTIwJTIwJTIwJTIwJTIwJTIwJTIwJTIwJTNDaW1nJTIwc3JjJTNEJTIyaHR0cHMlM0ElMkYlMkZ1cy5lZHUucGwlMkZ3eWR6aWFsJTJGd3NuZSUyRndwLWNvbnRlbnQlMkZ1cGxvYWRzJTJGc2l0ZXMlMkYyMCUyRjUwLWxhdC1VJUM1JTlBLXctQ2llc3p5bmllJTJGbG9nby01MC1sYXQtVSVDNSU5QS13LUNpZXN6eW5pZS0xLWtvcGlhLTItYmxhY2suc3ZnJTIyJTIwY2xhc3MlM0QlMjJsb2dvLWJsYWNrJTIyJTIwYWx0JTNEJTIyNTAlMjBsYXQlMjBVbml3ZXJzeXRldHUlMjAlQzUlOUFsJUM0JTg1c2tpZWdvJTIwdyUyMENpZXN6eW5pZSUyMiUyMHRpdGxlJTNEJTIyc3Ryb25hJTIwanViaWxldXN6b3dhJTIyJTNFJTBBJTIwJTIwJTIwJTIwJTNDJTJGYSUzRSUwQSUyMCUyMCUyMCUyMCUzQ2ElMjBocmVmJTNEJTIyaHR0cHMlM0ElMkYlMkZ1cy5lZHUucGwlMkZ3eWR6aWFsJTJGd3NuZSUyRjUwLWxhdC11cy13LWNpZXN6eW5pZSUyMiUzRSUwQSUwOSUwOSUzQ2ltZyUyMHNyYyUzRCUyMmh0dHBzJTNBJTJGJTJGdXMuZWR1LnBsJTJGd3lkemlhbCUyRndzbmUlMkZ3cC1jb250ZW50JTJGdXBsb2FkcyUyRnNpdGVzJTJGMjAlMkY1MC1sYXQtVSVDNSU5QS13LUNpZXN6eW5pZSUyRmxvZ28tNTAtbGF0LVUlQzUlOUEtdy1DaWVzenluaWUtMS1rb3BpYS0yLXllbGxvdy5zdmclMjIlMjBjbGFzcyUzRCUyMmxvZ28teWVsbG93JTIyJTIwYWx0JTNEJTIyTG9nbyUyMDUwJTIwbGF0JTIwVW5pd2Vyc3l0ZXR1JTIwJUM1JTlBbCVDNCU4NXNraWVnbyUyMHclMjBDaWVzenluaWUlMjIlMjB0aXRsZSUzRCUyMnN0cm9uYSUyMGp1YmlsZXVzem93YSUyMiUzRSUwQSUyMCUyMCUyMCUyMCUzQyUyRmElM0UlMEElMDklMjAlMjAlMjAlMjAlM0NhJTIwaHJlZiUzRCUyMmh0dHBzJTNBJTJGJTJGdXMuZWR1LnBsJTJGd3lkemlhbCUyRndzbmUlMkY1MC1sYXQtdXMtdy1jaWVzenluaWUlMjIlM0UlMEElMDklMDklM0NpbWclMjBzcmMlM0QlMjJodHRwcyUzQSUyRiUyRnVzLmVkdS5wbCUyRnd5ZHppYWwlMkZ3c25lJTJGd3AtY29udGVudCUyRnVwbG9hZHMlMkZzaXRlcyUyRjIwJTJGNTAtbGF0LVUlQzUlOUEtdy1DaWVzenluaWUlMkZsb2dvLTUwLWxhdC1VJUM1JTlBLXctQ2llc3p5bmllLTEta29waWEtMi13aGl0ZS5zdmclMjIlMjBjbGFzcyUzRCUyMmxvZ28td2hpdGUlMjIlMjBhbHQlM0QlMjJMb2dvJTIwNTAlMjBsYXQlMjBVbml3ZXJzeXRldHUlMjAlQzUlOUFsJUM0JTg1c2tpZWdvJTIwdyUyMENpZXN6eW5pZSUyMiUyMHRpdGxlJTNEJTIyc3Ryb25hJTIwanViaWxldXN6b3dhJTIyJTNFJTBBJTIwJTIwJTIwJTIwJTNDJTJGYSUzRSUwQSUzQyUyRmRpdiUzRQ==[\/vc_raw_html][\/vc_column][\/vc_row][vc_row][vc_column][\/vc_column][\/vc_row][vc_row][vc_column][vc_row_inner][vc_column_inner][\/vc_column_inner][\/vc_row_inner][\/vc_column][\/vc_row][vc_row el_class=&#8221;container&#8221;][vc_column][vc_tta_accordion shape=&#8221;square&#8221; color=&#8221;white&#8221; spacing=&#8221;2&#8243; gap=&#8221;2&#8243; c_icon=&#8221;triangle&#8221; active_section=&#8221;2&#8243; css_animation=&#8221;none&#8221; no_fill=&#8221;true&#8221; collapsible_all=&#8221;true&#8221; el_class=&#8221;text-modules__content&#8221;][vc_tta_section title=&#8221;12 maja 2021 roku&#8221; tab_id=&#8221;1619001989510-c01a78a6-c47f&#8221;][vc_row_inner][vc_column_inner width=&#8221;1\/6&#8243;][\/vc_column_inner][vc_column_inner width=&#8221;2\/3&#8243;][\/vc_column_inner][vc_column_inner width=&#8221;1\/6&#8243;][\/vc_column_inner][\/vc_row_inner][\/vc_tta_section][vc_tta_section title=&#8221;czerwiec \u2013 wrzesie\u0144 2021 roku&#8221; tab_id=&#8221;1619001989538-58736bf6-90e4&#8243;][vc_row_inner][vc_column_inner width=&#8221;1\/6&#8243;][\/vc_column_inner][vc_column_inner width=&#8221;2\/3&#8243;][\/vc_column_inner][vc_column_inner width=&#8221;1\/6&#8243;][\/vc_column_inner][\/vc_row_inner][\/vc_tta_section][vc_tta_section title=&#8221;11 pa\u017adziernika 2021 roku&#8221; tab_id=&#8221;1619002151525-6dd44650-e32c&#8221;][vc_row_inner][vc_column_inner width=&#8221;1\/6&#8243;][\/vc_column_inner][vc_column_inner width=&#8221;2\/3&#8243;][\/vc_column_inner][vc_column_inner width=&#8221;1\/6&#8243;][\/vc_column_inner][\/vc_row_inner][\/vc_tta_section][vc_tta_section title=&#8221;pa\u017adziernik 2021 roku&#8221; tab_id=&#8221;1619002194727-43587635-439c&#8221;][vc_row_inner][vc_column_inner width=&#8221;1\/6&#8243;][\/vc_column_inner][vc_column_inner width=&#8221;2\/3&#8243;][\/vc_column_inner][vc_column_inner width=&#8221;1\/6&#8243;][\/vc_column_inner][\/vc_row_inner][\/vc_tta_section][vc_tta_section title=&#8221;grudzie\u0144 2021 roku&#8221; tab_id=&#8221;1619002215295-d86d9655-3b1a&#8221;][vc_row_inner][vc_column_inner width=&#8221;1\/6&#8243;][\/vc_column_inner][vc_column_inner width=&#8221;2\/3&#8243;][\/vc_column_inner][vc_column_inner width=&#8221;1\/6&#8243;][\/vc_column_inner][\/vc_row_inner][\/vc_tta_section][\/vc_tta_accordion][\/vc_column][\/vc_row] [&#8230;]<\/p>\n<p><a class=\"btn btn-secondary understrap-read-more-link\" href=\"https:\/\/us.edu.pl\/wydzial\/wsne\/50-lat-us-w-cieszynie\/program-ramowy-jubileuszu\/\">Read More&#8230;<\/a><\/p>\n","protected":false},"author":26,"featured_media":0,"parent":5198,"menu_order":0,"comment_status":"closed","ping_status":"closed","template":"","meta":{"_expiration-date-status":"saved","_expiration-date":0,"_expiration-date-type":"","_expiration-date-categories":[],"_expiration-date-options":[]},"acf":[],"_links":{"self":[{"href":"https:\/\/us.edu.pl\/wydzial\/wsne\/wp-json\/wp\/v2\/pages\/5452"}],"collection":[{"href":"https:\/\/us.edu.pl\/wydzial\/wsne\/wp-json\/wp\/v2\/pages"}],"about":[{"href":"https:\/\/us.edu.pl\/wydzial\/wsne\/wp-json\/wp\/v2\/types\/page"}],"author":[{"embeddable":true,"href":"https:\/\/us.edu.pl\/wydzial\/wsne\/wp-json\/wp\/v2\/users\/26"}],"replies":[{"embeddable":true,"href":"https:\/\/us.edu.pl\/wydzial\/wsne\/wp-json\/wp\/v2\/comments?post=5452"}],"version-history":[{"count":10,"href":"https:\/\/us.edu.pl\/wydzial\/wsne\/wp-json\/wp\/v2\/pages\/5452\/revisions"}],"predecessor-version":[{"id":6074,"href":"https:\/\/us.edu.pl\/wydzial\/wsne\/wp-json\/wp\/v2\/pages\/5452\/revisions\/6074"}],"up":[{"embeddable":true,"href":"https:\/\/us.edu.pl\/wydzial\/wsne\/wp-json\/wp\/v2\/pages\/5198"}],"wp:attachment":[{"href":"https:\/\/us.edu.pl\/wydzial\/wsne\/wp-json\/wp\/v2\/media?parent=5452"}],"curies":[{"name":"wp","href":"https:\/\/api.w.org\/{rel}","templated":true}]}}