{"id":569,"date":"2019-10-17T14:40:28","date_gmt":"2019-10-17T12:40:28","guid":{"rendered":"https:\/\/us.edu.pl\/wydzial\/wsne\/?page_id=569"},"modified":"2026-02-12T12:43:09","modified_gmt":"2026-02-12T11:43:09","slug":"kontakty","status":"publish","type":"page","link":"https:\/\/us.edu.pl\/wydzial\/wsne\/o-wydziale\/kontakty\/","title":{"rendered":"Dyrektorzy kierunk\u00f3w"},"content":{"rendered":"<p><\/p>\n<h4><strong>Pion kierunk\u00f3w pedagogicznych<\/strong><\/h4>\n<h4><strong>Dyrektor<\/strong><\/h4>\n<p><img class=\"alignnone wp-image-1963 size-thumbnail\" src=\"https:\/\/us.edu.pl\/wydzial\/wsne\/wp-content\/uploads\/sites\/20\/Nieprzypisane\/Barbara-Chojnacka-Synaszko-150x150.jpg\" alt=\"\" width=\"150\" height=\"150\" \/> dr Barbara Chojnacka-Synaszko<br \/>\npok. B1.13, tel. 33\/8546\/225, 113, e-mail: barbara.chojnacka-synaszko@us.edu.pl<\/p>\n<h4><strong>Z-ca\u00a0<\/strong><\/h4>\n<p><img class=\"alignnone wp-image-161781 \" src=\"https:\/\/us.edu.pl\/wydzial\/wsne\/wp-content\/uploads\/sites\/20\/Bez-kategorii\/Sylwia-Wrona-1-300x300.jpg\" alt=\"Sylwia Wrona\" width=\"150\" height=\"150\" \/> dr Sylwia Wrona<br \/>\npok. B1.13, tel. 338546225, 113, e-mail: sylwia.wrona@us.edu.pl<\/p>\n<h4><strong>Z-ca\u00a0<\/strong><\/h4>\n<p><img class=\"alignnone wp-image-161591\" src=\"https:\/\/us.edu.pl\/wydzial\/wsne\/wp-content\/uploads\/sites\/20\/Bez-kategorii\/Anna-Trzcionka-Wieczorek-2.jpg\" alt=\"Zdj\u0119cie portretowe\" width=\"150\" height=\"150\" srcset=\"https:\/\/us.edu.pl\/wydzial\/wsne\/wp-content\/uploads\/sites\/20\/Bez-kategorii\/Anna-Trzcionka-Wieczorek-2.jpg 664w, https:\/\/us.edu.pl\/wydzial\/wsne\/wp-content\/uploads\/sites\/20\/Bez-kategorii\/Anna-Trzcionka-Wieczorek-2-300x300.jpg 300w, https:\/\/us.edu.pl\/wydzial\/wsne\/wp-content\/uploads\/sites\/20\/Bez-kategorii\/Anna-Trzcionka-Wieczorek-2-575x575.jpg 575w\" sizes=\"(max-width: 150px) 100vw, 150px\" \/> dr Anna Trzcionka-Wieczorek<br \/>\npok. B1.13, tel. 33\/8546\/225, 113, e-mail: anna.trzcionka-wieczorek@us.edu.pl<\/p>\n<p>Sekretariat:<\/p>\n<ul>\n<li>lic. Kaja Skowron-Lankocz, pok. B1.11b, tel. 338546113, e-mail: kaja.skowron-lankocz@us.edu.pl<\/li>\n<li>mgr Agnieszka Kmiotek pok. B1.10, tel. 338546178, e-mail: agnieszka.kmiotek@us.edu.pl<\/li>\n<li>mgr Justyna Staro\u0144 pok. B1.10, tel. 338546178, e-mail: justyna.staron@us.edu.pl<\/li>\n<\/ul>\n<p><a href=\"https:\/\/us.edu.pl\/wydzial\/wsne\/wp-content\/uploads\/sites\/20\/Bez-kategorii\/Sklad-Rady-Dydaktycznej-Pedagogicznych-Kierunkow-Studiow1.pdf\" class=\"mtli_attachment mtli_pdf\" data-mtli=\"mtli_filesize114,91kB\">Sk\u0142ad Rady Dydaktycznej Pedagogicznych Kierunk\u00f3w Studi\u00f3w<\/a><\/p>\n<p>&nbsp;<\/p>\n<h4><strong>Pion kierunk\u00f3w etnologii i nauk o kulturze<\/strong><\/h4>\n<h4><strong>Dyrektor\u00a0<\/strong><\/h4>\n<p><img class=\"alignnone wp-image-1968 size-thumbnail\" src=\"https:\/\/us.edu.pl\/wydzial\/wsne\/wp-content\/uploads\/sites\/20\/Nieprzypisane\/Agnieszka-Pie\u0144czak-150x150.jpg\" alt=\"\" width=\"150\" height=\"150\" \/>\u00a0dr hab. Agnieszka Pie\u0144czak, prof. U\u015a<br \/>\npok. B1.13, B3.8, tel. 338546119, 225, e-mail: agnieszka.pienczak@us.edu.pl<\/p>\n<h4><strong>Z-ca\u00a0 <\/strong><\/h4>\n<p><img class=\"alignnone wp-image-1969 size-thumbnail\" src=\"https:\/\/us.edu.pl\/wydzial\/wsne\/wp-content\/uploads\/sites\/20\/Nieprzypisane\/Jolanta-Skutnik-150x150.jpg\" alt=\"\" width=\"150\" height=\"150\" \/> dr hab. Jolanta Skutnik, prof. U\u015a<br \/>\npok. B3.10a, tel. 3385462018, e-mail: jolanta.skutnik@us.edu.pl<\/p>\n<p>Sekretariat:<\/p>\n<ul>\n<li>lic. Kaja Skowron-Lankocz, pok. B1.11a, tel. 338546113 e-mail: kaja.skowron-lankocz@us.edu.pl<\/li>\n<li>mgr Agnieszka Kmiotek pok. B1.10, tel. 338546178, e-mail: agnieszka.kmiotek@us.edu.pl<\/li>\n<li>mgr Justyna Staro\u0144 pok. B1.10, tel. 338546178, e-mail: justyna.staron@us.edu.pl<\/li>\n<\/ul>\n<p><a href=\"https:\/\/us.edu.pl\/wydzial\/wsne\/wp-content\/uploads\/sites\/20\/Bez-kategorii\/Sklad-Rady-Dydaktycznej-kierunkow-Animacja-spoleczno-kulturalna-z-edukacja-kulturalna-Etnologia-i-Antropologia-kulturowa.pdf\" class=\"mtli_attachment mtli_pdf\" data-mtli=\"mtli_filesize108,12kB\">Sk\u0142ad Rady Dydaktycznej kierunk\u00f3w Animacja spo\u0142eczno-kulturalna z edukacj\u0105 kulturaln\u0105, Etnologia i Antropologia kulturowa<\/a><\/p>\n<p>&nbsp;<\/p>\n<h4><strong>Pion kierunk\u00f3w muzycznych<\/strong><\/h4>\n<h4><strong>Dyrektor\u00a0 <\/strong><\/h4>\n<p><img class=\"alignnone wp-image-161850\" src=\"https:\/\/us.edu.pl\/wydzial\/wsne\/wp-content\/uploads\/sites\/20\/Bez-kategorii\/Krzysztof-Gawlas-zdjecie.jpg\" alt=\"Krzysztof Gawlas-zdj\u0119cie\" width=\"150\" height=\"150\" srcset=\"https:\/\/us.edu.pl\/wydzial\/wsne\/wp-content\/uploads\/sites\/20\/Bez-kategorii\/Krzysztof-Gawlas-zdjecie.jpg 781w, https:\/\/us.edu.pl\/wydzial\/wsne\/wp-content\/uploads\/sites\/20\/Bez-kategorii\/Krzysztof-Gawlas-zdjecie-300x300.jpg 300w, https:\/\/us.edu.pl\/wydzial\/wsne\/wp-content\/uploads\/sites\/20\/Bez-kategorii\/Krzysztof-Gawlas-zdjecie-768x768.jpg 768w, https:\/\/us.edu.pl\/wydzial\/wsne\/wp-content\/uploads\/sites\/20\/Bez-kategorii\/Krzysztof-Gawlas-zdjecie-575x575.jpg 575w\" sizes=\"(max-width: 150px) 100vw, 150px\" \/> dr hab. Krzysztof Gawlas, prof. U\u015a<br \/>\npok. H1.1\/H1.1c, tel. 33\/8546\/250, 117\u00a0 e-mail: krzysztof.gawlas@us.edu.pl<\/p>\n<h4><strong>Z-ca<\/strong><\/h4>\n<p><img class=\"alignnone wp-image-161841\" src=\"https:\/\/us.edu.pl\/wydzial\/wsne\/wp-content\/uploads\/sites\/20\/Bez-kategorii\/Zdjecie-Danuta-Zon-Ciuk-1.jpg\" alt=\"Zdj\u0119cie- Danuta Zo\u0144-Ciuk-1\" width=\"150\" height=\"150\" srcset=\"https:\/\/us.edu.pl\/wydzial\/wsne\/wp-content\/uploads\/sites\/20\/Bez-kategorii\/Zdjecie-Danuta-Zon-Ciuk-1.jpg 453w, https:\/\/us.edu.pl\/wydzial\/wsne\/wp-content\/uploads\/sites\/20\/Bez-kategorii\/Zdjecie-Danuta-Zon-Ciuk-1-300x300.jpg 300w\" sizes=\"(max-width: 150px) 100vw, 150px\" \/> dr Danuta Zo\u0144-Ciuk, prof. U\u015a<br \/>\npok. H1.1\/H1.1c, tel. 33\/8546\/250, 117, e-mail: danuta.zon-ciuk@us.edu.pl<\/p>\n<p>Sekretariat:<\/p>\n<ul>\n<li>mgr Maria Tomczyk-Korzistka, pok. H1.1\/H1.1b, tel.338546117, e-mail: maria.tomczyk@us.edu.pl<\/li>\n<\/ul>\n<p><a href=\"https:\/\/us.edu.pl\/wydzial\/wsne\/wp-content\/uploads\/sites\/20\/Bez-kategorii\/Sklad-Rady-Dydaktycznej-kierunkow-Edukacja-artystyczna-w-zakresie-sztuki-muzycznej-i-Muzyka-w-multimediach-1-1.pdf\" class=\"mtli_attachment mtli_pdf\" data-mtli=\"mtli_filesize129,23kB\">Sk\u0142ad Rady Dydaktycznej kierunk\u00f3w Edukacja artystyczna w zakresie sztuki muzycznej i Muzyka w multimediach<\/a><\/p>\n<p>&nbsp;<\/p>\n<h4><strong>Pion kierunk\u00f3w og\u00f3lnoplastycznych<\/strong><\/h4>\n<h4><strong>Dyrektor\u00a0<\/strong><\/h4>\n<p><img class=\"alignnone wp-image-3775 size-thumbnail\" src=\"https:\/\/us.edu.pl\/wydzial\/wsne\/wp-content\/uploads\/sites\/20\/Nieprzypisane\/Hanna-Grzonka-150x150.jpg\" alt=\"dr hab. Hanna Grzonka-Karwacka\" width=\"150\" height=\"150\" \/> dr hab.\u00a0Hanna Grzonka-Karwacka, prof. U\u015a<br \/>\npok. C1.1 Budynek Instytutu Sztuk Plastycznych, tel. 338546116, e-mail: hanna.grzonka@us.edu.pl<\/p>\n<h4><strong>Z-ca\u00a0<\/strong><\/h4>\n<p>dr hab. Katarzyna Pyka, prof. U\u015a<\/p>\n<p>pok. C1.1 Budynek Instytutu Sztuk Plastycznych, tel. 338546116, e-mail: <a href=\"mailto:katarzyna.pyka@us.edu.pl\" rel=\"noreferrer\">katarzyna.pyka@us.edu.pl<\/a><\/p>\n<p>Sekretariat:<\/p>\n<ul>\n<li>mgr Edyta Ernst, pok. C1.1 Budynek Instytutu Sztuk Plastycznych, tel 338546109, e-mail: edyta.ernst@us.edu.pl<\/li>\n<li>mgr Magdalena Gawor, pok. C1.1 Budynek Instytutu Sztuk Plastycznych, tel 338546116, e-mail: magdalena.gawor@us.edu.pl<\/li>\n<\/ul>\n<p><a href=\"https:\/\/us.edu.pl\/wydzial\/wsne\/wp-content\/uploads\/sites\/20\/Bez-kategorii\/Sklad-Rady-Dydaktyczne-kierunkow-studiow-Grafika-Edukacja-artystyczna-w-zakresie-sztuk-plastycznych.pdf\" class=\"mtli_attachment mtli_pdf\" data-mtli=\"mtli_filesize14,58kB\">Sk\u0142ad Rady Dydaktyczne kierunk\u00f3w studi\u00f3w Grafika, Edukacja artystyczna w zakresie sztuk plastycznych<\/a><\/p>\n<p>&nbsp;<\/p>\n<h4><strong>Pion kierunku projektowanie gier <\/strong><\/h4>\n<h4><strong>Dyrektor\u00a0 <\/strong><\/h4>\n<p><img class=\"alignnone wp-image-1976 size-thumbnail\" src=\"https:\/\/us.edu.pl\/wydzial\/wsne\/wp-content\/uploads\/sites\/20\/Nieprzypisane\/Justyna-Stefa\u0144czyk-150x150.jpg\" alt=\"\" width=\"150\" height=\"150\" \/> dr Justyna Stefa\u0144czyk<br \/>\npok. C1.1 Budynek Instytutu Sztuk Plastycznych, tel. 338546116, e-mail: justyna.stefanczyk@us.edu.pl<\/p>\n<h4><strong>Z-ca<\/strong><\/h4>\n<p><img class=\"alignnone wp-image-3776 size-thumbnail\" src=\"https:\/\/us.edu.pl\/wydzial\/wsne\/wp-content\/uploads\/sites\/20\/Nieprzypisane\/Wojtek-Osuchowski-1-150x150.jpg\" alt=\"dr Wojciech Osuchowski\" width=\"150\" height=\"150\" \/> dr Wojciech Osuchowski<\/p>\n<p>pok. C1.1 Budynek Instytutu Sztuk Plastycznych, tel. 338546116, e-mail: wojciech.osuchowski@us.edu.pl<\/p>\n<p>Sekretariat:<\/p>\n<ul>\n<li>mgr Edyta Ernst, pok. C1.1 Budynek Instytutu Sztuk Plastycznych, tel 338546109, e-mail: edyta.ernst@us.edu.pl<\/li>\n<li>mgr Magdalena Gawor, pok. C1.1 Budynek Instytutu Sztuk Plastycznych, tel 338546116, e-mail: magdalena.gawor@us.edu.pl<\/li>\n<\/ul>\n<p><a href=\"https:\/\/us.edu.pl\/wydzial\/wsne\/wp-content\/uploads\/sites\/20\/Bez-kategorii\/Sklad-Rady-Dydaktycznej-Projektowanie-gier-i-przestrzeni-wirtualnej.pdf\" class=\"mtli_attachment mtli_pdf\" data-mtli=\"mtli_filesize172,21kB\">Sk\u0142ad Rady Dydaktycznej Projektowanie gier i przestrzeni wirtualnej<\/a><\/p>\n<style type=\"text\/css\">a[data-mtli~=\"mtli_filesize114,91kB\"]:after {content:\" (114,91 kB)\"}a[data-mtli~=\"mtli_filesize108,12kB\"]:after {content:\" (108,12 kB)\"}a[data-mtli~=\"mtli_filesize129,23kB\"]:after {content:\" (129,23 kB)\"}a[data-mtli~=\"mtli_filesize14,58kB\"]:after {content:\" (14,58 kB)\"}a[data-mtli~=\"mtli_filesize172,21kB\"]:after {content:\" (172,21 kB)\"}<\/style>","protected":false},"excerpt":{"rendered":"<p>Pion kierunk\u00f3w pedagogicznych Dyrektor dr Barbara Chojnacka-Synaszko pok. B1.13, tel. 33\/8546\/225, 113, e-mail: barbara.chojnacka-synaszko@us.edu.pl Z-ca\u00a0 dr Sylwia Wrona pok. B1.13, tel. 338546225, 113, e-mail: sylwia.wrona@us.edu.pl Z-ca\u00a0 dr Anna Trzcionka-Wieczorek pok. B1.13, tel. 33\/8546\/225, 113, e-mail: anna.trzcionka-wieczorek@us.edu.pl Sekretariat: lic. Kaja Skowron-Lankocz, pok. B1.11b, tel. 338546113, e-mail: kaja.skowron-lankocz@us.edu.pl mgr Agnieszka Kmiotek pok. B1.10, tel. 338546178, e-mail: agnieszka.kmiotek@us.edu.pl [&#8230;]<\/p>\n<p><a class=\"btn btn-secondary understrap-read-more-link\" href=\"https:\/\/us.edu.pl\/wydzial\/wsne\/o-wydziale\/kontakty\/\">Read More&#8230;<\/a><\/p>\n","protected":false},"author":1,"featured_media":0,"parent":583,"menu_order":9,"comment_status":"closed","ping_status":"closed","template":"page-templates\/inner-page.php","meta":{"_expiration-date-status":"","_expiration-date":0,"_expiration-date-type":"","_expiration-date-categories":[],"_expiration-date-options":[]},"acf":[],"_links":{"self":[{"href":"https:\/\/us.edu.pl\/wydzial\/wsne\/wp-json\/wp\/v2\/pages\/569"}],"collection":[{"href":"https:\/\/us.edu.pl\/wydzial\/wsne\/wp-json\/wp\/v2\/pages"}],"about":[{"href":"https:\/\/us.edu.pl\/wydzial\/wsne\/wp-json\/wp\/v2\/types\/page"}],"author":[{"embeddable":true,"href":"https:\/\/us.edu.pl\/wydzial\/wsne\/wp-json\/wp\/v2\/users\/1"}],"replies":[{"embeddable":true,"href":"https:\/\/us.edu.pl\/wydzial\/wsne\/wp-json\/wp\/v2\/comments?post=569"}],"version-history":[{"count":11,"href":"https:\/\/us.edu.pl\/wydzial\/wsne\/wp-json\/wp\/v2\/pages\/569\/revisions"}],"predecessor-version":[{"id":173488,"href":"https:\/\/us.edu.pl\/wydzial\/wsne\/wp-json\/wp\/v2\/pages\/569\/revisions\/173488"}],"up":[{"embeddable":true,"href":"https:\/\/us.edu.pl\/wydzial\/wsne\/wp-json\/wp\/v2\/pages\/583"}],"wp:attachment":[{"href":"https:\/\/us.edu.pl\/wydzial\/wsne\/wp-json\/wp\/v2\/media?parent=569"}],"curies":[{"name":"wp","href":"https:\/\/api.w.org\/{rel}","templated":true}]}}