{"id":5954,"date":"2021-05-31T08:47:49","date_gmt":"2021-05-31T06:47:49","guid":{"rendered":"https:\/\/us.edu.pl\/wydzial\/wsne\/?page_id=5954"},"modified":"2021-06-01T08:56:28","modified_gmt":"2021-06-01T06:56:28","slug":"pedagogy-resocialization-with-intercultural-education","status":"publish","type":"page","link":"https:\/\/us.edu.pl\/wydzial\/wsne\/oferta-dydaktyczna\/pedagogy-resocialization-with-intercultural-education\/","title":{"rendered":"Pedagogy \u2013 Resocialization with Intercultural Education"},"content":{"rendered":"<p>[vc_row][vc_column]\r\n                <div class=\"text-modules\">\r\n                    <div class=\"container\">\r\n                        <h3 class=\"page-title text__title\">Pedagogika<\/h3>\r\n                        <div class=\"text-modules__content\"><p><strong>STACJONARNE\u00a0 II stopnia, w j\u0119zyku angielskim<\/strong><\/p>\n<p><strong>Pedagogy \u2013 Resocialization with Intercultural Education<\/strong><\/p>\n<p>Student mo\u017ce realizowa\u0107 \u015bcie\u017ck\u0119 edukacyjn\u0105 specjalno\u015bci resocjalizacja z edukacj\u0105 mi\u0119dzykulturow\u0105 na studiach stacjonarnych w j\u0119zyku angielskim (w odr\u0119bnie zorganizowanej grupy edukacyjnej, gdy liczba kandydat\u00f3w spe\u0142niaj\u0105cych wymagane kryteria b\u0119dzie nie mniejsza ni\u017c liczba wymaganych w procesie rekrutacji kandydat\u00f3w, by utworzy\u0107 grup\u0119 na specjalno\u015bci).<\/p>\n<p>Absolwent posiada pog\u0142\u0119bion\u0105 wiedz\u0119 z zakresu teorii i metodyki pracy resocjalizacyjnej i socjoterapii\u00a0 z dzie\u0107mi, m\u0142odzie\u017c\u0105, a tak\u017ce z doros\u0142ymi; zna poj\u0119cia, metody i zasady procesu diagnozowania resocjalizacyjnego, psychopedagogicznego dzieci i innych grup potrzebuj\u0105cych wsparcia; w tym diagnozy spo\u0142ecznej i \u015brodowiskowej ukierunkowanej na spo\u0142eczno\u015bci wielokulturowe. Absolwent ma uporz\u0105dkowan\u0105 i pog\u0142\u0119bion\u0105 wiedz\u0119, a tak\u017ce umiej\u0119tno\u015bci z zakresu metodyki resocjalizacji, szczeg\u00f3lnie tw\u00f3rczej resocjalizacji, metodyki socjoterapii; metodyki pracy w \u015brodowisku otwartym i jednostkach izolacyjnych, metodyki pracy i edukacji w \u015brodowiskach zr\u00f3\u017cnicowanych kulturowo, a tak\u017ce posiada wiedz\u0119 i umiej\u0119tno\u015bci w\u0142a\u015bciwych dzia\u0142a\u0144 profilaktycznych, opartych na technikach poznawania rzeczywisto\u015bci pedagogicznej i spo\u0142ecznej. Jest \u015bwiadomy problem\u00f3w w pracy wychowawc\u00f3w i funkcjonowania plac\u00f3wek resocjalizuj\u0105cych, edukacyjnych, opieku\u0144czo-wychowawczych i terapeutycznych, a co najwa\u017cniejsze zna potrzeby i problemy os\u00f3b wymagaj\u0105cych resocjalizacji, opieki i pomocy w r\u00f3\u017cnych zakresach. Potrafi samodzielnie rozpoznawa\u0107 potrzeby os\u00f3b nale\u017c\u0105cych do r\u00f3\u017cnych kr\u0119g\u00f3w etnicznych, narodowych, wyznaniowych; ma tak\u017ce zdolno\u015bci do wsp\u00f3\u0142pracy w relacjach mi\u0119dzyludzkich.<\/p>\n<p>&#8212;&#8212;&#8212;&#8212;&#8212;&#8212;&#8212;&#8212;&#8212;&#8212;&#8212;&#8212;&#8212;&#8212;&#8212;&#8212;&#8212;&#8212;&#8212;&#8212;&#8212;&#8212;&#8212;&#8212;&#8212;&#8212;&#8212;&#8212;&#8212;&#8212;&#8212;&#8212;&#8212;&#8212;&#8212;&#8212;&#8212;&#8211;<\/p>\n<p>A student may pursue the educational path of the specialization in resocialization with intercultural education in full-time second-cycle degree studies in English (in a separately organized educational group, when the number of candidates meeting the required criteria is not less than the number of candidates required in the recruitment process to create a group of specialties).<\/p>\n<p>The graduate has in-depth knowledge of the theory and methodology of resocialization work and sociotherapy with children, adolescents and adults; knows the concepts, methods and principles of the resocialization and psycho-pedagogical diagnosis process of children and other groups in need of support; including social and environmental diagnosis focused on multicultural communities. The graduate has organized and deepened knowledge, as well as skills in the field of resocialization methodology, especially creative resocialization, methodology of sociotherapy; methodology of work in an open environment and isolation units, methodology of work and education in culturally diverse environments, and also has the knowledge and skills of appropriate preventive actions, based on the techniques of learning about pedagogical and social reality. The graduate is aware of the problems in the work of educators and the functioning of resocialization, educational, care and educational and therapeutic facilities, and most importantly knows the needs and problems of people who require resocialization, care and assistance in various areas. They can independently recognize the needs of people belonging to different ethnic, national and religious circles; they also have the ability to cooperate in interpersonal relations.<\/p>\n<p>&nbsp;<\/p>\n<p><strong>Szczeg\u00f3\u0142y w za\u0142\u0105czniku <\/strong><\/p>\n<p><a href=\"https:\/\/us.edu.pl\/wydzial\/wsne\/wp-content\/uploads\/sites\/20\/Nieprzypisane\/Pedagogy_Resocialization-with-Intercultural-Education.pdf\" class=\"mtli_attachment mtli_pdf\" class=\"mtli_attachment mtli_pdf\">Resocialization with Intercultural Education<\/a><\/p>\n<p><a href=\"https:\/\/irk.us.edu.pl\/irk\">Internetowa Rejestracja Kandydat\u00f3w\u00a0\u00a0\u2013\u00a0\u00a0rok akademicki\u00a0\u00a02021\/2022<\/a><\/p>\n<p><a href=\"https:\/\/irk.us.edu.pl\/irk\/application\/catalog?TimelineSearch%5Bprogram_name%5D=&amp;TimelineSearch%5Bfaculty_id%5D=W6\">https:\/\/irk.us.edu.pl\/irk\/application\/catalog?TimelineSearch%5Bprogram_name%5D=&amp;TimelineSearch%5Bfaculty_id%5D=W6<\/a><\/p>\n<\/div>\r\n                    <\/div>\r\n                <\/div>[\/vc_column][\/vc_row][vc_row][vc_column][vc_raw_html]JTNDcCUyMHN0eWxlJTNEJTIydGV4dC1hbGlnbiUzQWNlbnRlciUyMiUzRVN0dWRpYSUyMHN0YWNqb25hcm5lJTNDJTJGcCUzRSUwQSUzQ2ElMjBocmVmJTNEJTIyaHR0cHMlM0ElMkYlMkZpcmsudXMuZWR1LnBsJTJGaXJrJTJGYXBwbGljYXRpb24lMkZwcm9ncmFtJTNGaWQlM0QxMjM0JTIyJTIwc3R5bGUlM0QlMjJkaXNwbGF5JTNBJTIwYmxvY2slM0IlMEElMjAlMjAlMjAlMjBiYWNrZ3JvdW5kJTNBJTIwJTIzMDAyZTVhJTNCJTBBJTIwJTIwJTIwJTIwd2lkdGglM0ElMjAyMDBweCUzQiUwQSUyMCUyMCUyMCUyMHBhZGRpbmclM0ElMjAxNXB4JTIwMjBweCUzQiUwQSUyMCUyMCUyMCUyMHRleHQtYWxpZ24lM0ElMjBjZW50ZXIlM0IlMEElMjAlMjAlMjAlMjBmb250LXNpemUlM0ElMjAxLjhlbSUzQiUwQSUyMCUyMCUyMCUyMG1hcmdpbiUzQSUyMDAlMjBhdXRvJTNCJTBBJTIwJTIwJTIwJTIwY29sb3IlM0ElMjAlMjNmZmYlM0IlMjIlM0UlMjBaYXBpc3olMjBzaSVDNCU5OSUyMCUzQyUyRmElM0U=[\/vc_raw_html][\/vc_column][\/vc_row]<\/p>","protected":false},"excerpt":{"rendered":"<p>[vc_row][vc_column][\/vc_column][\/vc_row][vc_row][vc_column][vc_raw_html]JTNDcCUyMHN0eWxlJTNEJTIydGV4dC1hbGlnbiUzQWNlbnRlciUyMiUzRVN0dWRpYSUyMHN0YWNqb25hcm5lJTNDJTJGcCUzRSUwQSUzQ2ElMjBocmVmJTNEJTIyaHR0cHMlM0ElMkYlMkZpcmsudXMuZWR1LnBsJTJGaXJrJTJGYXBwbGljYXRpb24lMkZwcm9ncmFtJTNGaWQlM0QxMjM0JTIyJTIwc3R5bGUlM0QlMjJkaXNwbGF5JTNBJTIwYmxvY2slM0IlMEElMjAlMjAlMjAlMjBiYWNrZ3JvdW5kJTNBJTIwJTIzMDAyZTVhJTNCJTBBJTIwJTIwJTIwJTIwd2lkdGglM0ElMjAyMDBweCUzQiUwQSUyMCUyMCUyMCUyMHBhZGRpbmclM0ElMjAxNXB4JTIwMjBweCUzQiUwQSUyMCUyMCUyMCUyMHRleHQtYWxpZ24lM0ElMjBjZW50ZXIlM0IlMEElMjAlMjAlMjAlMjBmb250LXNpemUlM0ElMjAxLjhlbSUzQiUwQSUyMCUyMCUyMCUyMG1hcmdpbiUzQSUyMDAlMjBhdXRvJTNCJTBBJTIwJTIwJTIwJTIwY29sb3IlM0ElMjAlMjNmZmYlM0IlMjIlM0UlMjBaYXBpc3olMjBzaSVDNCU5OSUyMCUzQyUyRmElM0U=[\/vc_raw_html][\/vc_column][\/vc_row] [&#8230;]<\/p>\n<p><a class=\"btn btn-secondary understrap-read-more-link\" href=\"https:\/\/us.edu.pl\/wydzial\/wsne\/oferta-dydaktyczna\/pedagogy-resocialization-with-intercultural-education\/\">Read More&#8230;<\/a><\/p>\n","protected":false},"author":111,"featured_media":0,"parent":245,"menu_order":0,"comment_status":"closed","ping_status":"closed","template":"","meta":{"_expiration-date-status":"saved","_expiration-date":0,"_expiration-date-type":"","_expiration-date-categories":[],"_expiration-date-options":[]},"acf":[],"_links":{"self":[{"href":"https:\/\/us.edu.pl\/wydzial\/wsne\/wp-json\/wp\/v2\/pages\/5954"}],"collection":[{"href":"https:\/\/us.edu.pl\/wydzial\/wsne\/wp-json\/wp\/v2\/pages"}],"about":[{"href":"https:\/\/us.edu.pl\/wydzial\/wsne\/wp-json\/wp\/v2\/types\/page"}],"author":[{"embeddable":true,"href":"https:\/\/us.edu.pl\/wydzial\/wsne\/wp-json\/wp\/v2\/users\/111"}],"replies":[{"embeddable":true,"href":"https:\/\/us.edu.pl\/wydzial\/wsne\/wp-json\/wp\/v2\/comments?post=5954"}],"version-history":[{"count":2,"href":"https:\/\/us.edu.pl\/wydzial\/wsne\/wp-json\/wp\/v2\/pages\/5954\/revisions"}],"predecessor-version":[{"id":5989,"href":"https:\/\/us.edu.pl\/wydzial\/wsne\/wp-json\/wp\/v2\/pages\/5954\/revisions\/5989"}],"up":[{"embeddable":true,"href":"https:\/\/us.edu.pl\/wydzial\/wsne\/wp-json\/wp\/v2\/pages\/245"}],"wp:attachment":[{"href":"https:\/\/us.edu.pl\/wydzial\/wsne\/wp-json\/wp\/v2\/media?parent=5954"}],"curies":[{"name":"wp","href":"https:\/\/api.w.org\/{rel}","templated":true}]}}