{"id":608,"date":"2019-10-17T14:52:47","date_gmt":"2019-10-17T12:52:47","guid":{"rendered":"https:\/\/us.edu.pl\/wydzial\/wsne\/?page_id=608"},"modified":"2025-11-05T10:23:30","modified_gmt":"2025-11-05T09:23:30","slug":"wladze","status":"publish","type":"page","link":"https:\/\/us.edu.pl\/wydzial\/wsne\/o-wydziale\/wladze\/","title":{"rendered":"W\u0142adze"},"content":{"rendered":"<p>[vc_row][vc_column]\r\n                <div class=\"text-modules reverse\">\r\n                    <div class=\"container\">\r\n                        <h3 class=\"section-title section-title_border-bottom\">Dziekan Wydzia\u0142u Sztuki i Nauk o Edukacji<\/h3> \r\n                        <div class=\"row m-0\">\r\n                            <div class=\"text-modules__content\">\r\n                                <\/p>\n<h4><strong>dr hab. Katarzyna Marcol, prof. U\u015a<\/strong><\/h4>\n<p>e-mail: <a href=\"mailto:katarzyna.marcol@us.edu.pl\">katarzyna.marcol@us.edu.pl<\/a><\/p>\n<p>Cieszyn, ul. Bielska 62, pok. B3.12<\/p>\n<p>tel. 338546\/240, 135 \r\n                                <div class=\"mt-3\"><\/div>\r\n                            <\/div>\r\n                            \r\n                            <div class=\"text-modules__img\"><img src=\"https:\/\/us.edu.pl\/wydzial\/wsne\/wp-content\/uploads\/sites\/20\/Bez-kategorii\/Katarzyna-Marcol_Z6A1588_fot-Julia-Agnieszka-Szymala-6-300x300.jpg\" alt=\"img\"><\/div>\r\n                        <\/div>\r\n                    <\/div>\r\n                <\/div>[\/vc_column][\/vc_row][vc_row][vc_column]\r\n                <div class=\"text-modules reverse\">\r\n                    <div class=\"container\">\r\n                        <h3 class=\"section-title section-title_border-bottom\">Prodziekan Wydzia\u0142u Sztuki i Nauk o Edukacji ds. nauki i tw\u00f3rczo\u015bci artystycznej<\/h3> \r\n                        <div class=\"row m-0\">\r\n                            <div class=\"text-modules__content\">\r\n                                <\/p>\n<h4><strong>dr hab. Magdalena Szyndler, prof. U\u015a<\/strong><\/h4>\n<p>e-mail: <a href=\"mailto:magdalena.szyndler@us.edu.pl\">magdalena.szyndler@us.edu.pl<\/a><\/p>\n<p>Cieszyn, ul. Bielska 62, pok. B3.22 \r\n                                <div class=\"mt-3\"><\/div>\r\n                            <\/div>\r\n                            \r\n                            <div class=\"text-modules__img\"><img src=\"https:\/\/us.edu.pl\/wydzial\/wsne\/wp-content\/uploads\/sites\/20\/Bez-kategorii\/zdjecie-M.-Szyndler-300x300.jpg\" alt=\"img\"><\/div>\r\n                        <\/div>\r\n                    <\/div>\r\n                <\/div>[\/vc_column][\/vc_row][vc_row][vc_column]\r\n                <div class=\"text-modules reverse\">\r\n                    <div class=\"container\">\r\n                        <h3 class=\"section-title section-title_border-bottom\">Prodziekan Wydzia\u0142u Sztuki i Nauk o Edukacji ds. studenckich i kszta\u0142cenia<\/h3> \r\n                        <div class=\"row m-0\">\r\n                            <div class=\"text-modules__content\">\r\n                                <\/p>\n<h4><strong>dr Ilona Fajfer-Kruczek<\/strong><\/h4>\n<p>e-mail: <a href=\"mailto:ilona.fajfer-kruczek@us.edu.pl\">ilona.fajfer-kruczek@us.edu.pl<\/a><\/p>\n<p>e-mail: <a href=\"mailto:prodziekan.ksztalcenie.wsne@us.edu.pl\">prodziekan.ksztalcenie.wsne@us.edu.pl<\/a><\/p>\n<p>Cieszyn, ul. Bielska 62, pok. B1.10 \r\n                                <div class=\"mt-3\"><\/div>\r\n                            <\/div>\r\n                            \r\n                            <div class=\"text-modules__img\"><img src=\"https:\/\/us.edu.pl\/wydzial\/wsne\/wp-content\/uploads\/sites\/20\/Bez-kategorii\/Ilona-Fajfer-Kruczek_fot-Julia-Agnieszka-Szymala-\u2014-1-300x300.jpg\" alt=\"img\"><\/div>\r\n                        <\/div>\r\n                    <\/div>\r\n                <\/div>[\/vc_column][\/vc_row][vc_row][vc_column]\r\n                <div class=\"text-modules reverse\">\r\n                    <div class=\"container\">\r\n                        <h3 class=\"section-title section-title_border-bottom\">Prodziekan Wydzia\u0142u Sztuki i Nauk o Edukacji ds. rozwoju i wsp\u00f3\u0142pracy z otoczeniem<\/h3> \r\n                        <div class=\"row m-0\">\r\n                            <div class=\"text-modules__content\">\r\n                                <\/p>\n<h4><strong>dr hab. Natalia Pawlus, prof. U\u015a<\/strong><\/h4>\n<p>e-mail: <a href=\"mailto:natalia.pawlus@us.edu.pl\">natalia.pawlus@us.edu.pl<\/a><\/p>\n<p>Cieszyn, ul. Bielska 62, pok. B3.22 \r\n                                <div class=\"mt-3\"><\/div>\r\n                            <\/div>\r\n                            \r\n                            <div class=\"text-modules__img\"><img src=\"https:\/\/us.edu.pl\/wydzial\/wsne\/wp-content\/uploads\/sites\/20\/Bez-kategorii\/NataliaPawlus_fot-1-300x300.jpg\" alt=\"img\"><\/div>\r\n                        <\/div>\r\n                    <\/div>\r\n                <\/div>[\/vc_column][\/vc_row]<\/p>","protected":false},"excerpt":{"rendered":"<p>[vc_row][vc_column][\/vc_column][\/vc_row][vc_row][vc_column][\/vc_column][\/vc_row][vc_row][vc_column][\/vc_column][\/vc_row][vc_row][vc_column][\/vc_column][\/vc_row] [&#8230;]<\/p>\n<p><a class=\"btn btn-secondary understrap-read-more-link\" href=\"https:\/\/us.edu.pl\/wydzial\/wsne\/o-wydziale\/wladze\/\">Read More&#8230;<\/a><\/p>\n","protected":false},"author":1,"featured_media":0,"parent":583,"menu_order":0,"comment_status":"closed","ping_status":"closed","template":"page-templates\/page-with-bookmarks.php","meta":{"_expiration-date-status":"","_expiration-date":0,"_expiration-date-type":"","_expiration-date-categories":[],"_expiration-date-options":[]},"acf":[],"_links":{"self":[{"href":"https:\/\/us.edu.pl\/wydzial\/wsne\/wp-json\/wp\/v2\/pages\/608"}],"collection":[{"href":"https:\/\/us.edu.pl\/wydzial\/wsne\/wp-json\/wp\/v2\/pages"}],"about":[{"href":"https:\/\/us.edu.pl\/wydzial\/wsne\/wp-json\/wp\/v2\/types\/page"}],"author":[{"embeddable":true,"href":"https:\/\/us.edu.pl\/wydzial\/wsne\/wp-json\/wp\/v2\/users\/1"}],"replies":[{"embeddable":true,"href":"https:\/\/us.edu.pl\/wydzial\/wsne\/wp-json\/wp\/v2\/comments?post=608"}],"version-history":[{"count":10,"href":"https:\/\/us.edu.pl\/wydzial\/wsne\/wp-json\/wp\/v2\/pages\/608\/revisions"}],"predecessor-version":[{"id":172324,"href":"https:\/\/us.edu.pl\/wydzial\/wsne\/wp-json\/wp\/v2\/pages\/608\/revisions\/172324"}],"up":[{"embeddable":true,"href":"https:\/\/us.edu.pl\/wydzial\/wsne\/wp-json\/wp\/v2\/pages\/583"}],"wp:attachment":[{"href":"https:\/\/us.edu.pl\/wydzial\/wsne\/wp-json\/wp\/v2\/media?parent=608"}],"curies":[{"name":"wp","href":"https:\/\/api.w.org\/{rel}","templated":true}]}}