{"id":635,"date":"2019-10-17T14:57:59","date_gmt":"2019-10-17T12:57:59","guid":{"rendered":"https:\/\/us.edu.pl\/wydzial\/wsne\/?page_id=635"},"modified":"2025-07-18T10:48:52","modified_gmt":"2025-07-18T08:48:52","slug":"kampus-cieszyn","status":"publish","type":"page","link":"https:\/\/us.edu.pl\/wydzial\/wsne\/kampus-cieszyn\/","title":{"rendered":"KAMPUS CIESZYN"},"content":{"rendered":"<p>[vc_row][vc_column]\r\n                <div class=\"text-modules\">\r\n                    <div class=\"container\">\r\n                        <h3 class=\"page-title text__title\">KAMPUS CIESZYn<\/h3>\r\n                        <div class=\"text-modules__content\"><\/div>\r\n                    <\/div>\r\n                <\/div>[vc_separator color=&#8221;black&#8221; style=&#8221;shadow&#8221; border_width=&#8221;10&#8243; el_width=&#8221;70&#8243;][\/vc_column][\/vc_row][vc_row][vc_column width=&#8221;1\/3&#8243;][vc_video link=&#8221;https:\/\/www.youtube.com\/watch?v=qaDqXt7s9aw&amp;t=10s&#8221; el_width=&#8221;90&#8243; align=&#8221;center&#8221;][\/vc_column][vc_column width=&#8221;1\/3&#8243;][vc_video link=&#8221;https:\/\/www.youtube.com\/watch?v=uCd0J1AHa3c&#8221; el_width=&#8221;90&#8243; align=&#8221;center&#8221;][\/vc_column][vc_column width=&#8221;1\/3&#8243;][vc_video link=&#8221;https:\/\/www.youtube.com\/watch?v=1R79jujnkhc&#8221; el_width=&#8221;90&#8243; align=&#8221;center&#8221;][\/vc_column][\/vc_row][vc_row][vc_column][vc_separator color=&#8221;black&#8221; style=&#8221;shadow&#8221; border_width=&#8221;10&#8243; el_width=&#8221;70&#8243;][\/vc_column][\/vc_row][vc_row][vc_column]\r\n                <div class=\"text-modules\">\r\n                    <div class=\"container\">\r\n                        \r\n                        <div class=\"text-modules__content\"><p>Kampus jest jednym z najpi\u0119kniejszych obiekt\u00f3w uniwersyteckich usytuowanym w niepowtarzalnej atmosferze miasta. Malownicze po\u0142o\u017cenie Cieszyna, bogactwo regionalnej kultury, specyfika miasta granicznego i wiele presti\u017cowych imprez kulturalnych to wyj\u0105tkowe atuty, kt\u00f3re czyni\u0105 to miejsce niepowtarzalnym do studiowania. Wysoki standard kszta\u0142cenia\u00a0 zapewnia starannie i funkcjonalnie zagospodarowany kampus, z rozbudowanym zapleczem dydaktycznym i socjalnym, kt\u00f3ry pozwala poszerza\u0107 naszym studentom wiedz\u0119 i kompetencje zawodowe.<\/p>\n<p>Kampus Cieszyn to jedno z niewielu miejsc w Polsce, gdzie mo\u017cna bardzo wyra\u017anie zobaczy\u0107, na czym polega idea miasteczka akademickiego. \u015aci\u015ble przylegaj\u0105ce do siebie uczelnia, akademiki (przystosowane do os\u00f3b niepe\u0142nosprawnych), obiekty sportowe (basen, hala, si\u0142ownie, boiska), aula, galeria sztuki, biblioteka, czytelnia, sto\u0142\u00f3wka, nowoczesne centrum konferencyjne czy klub studencki to sie\u0107 naczy\u0144 po\u0142\u0105czonych, kt\u00f3re tworz\u0105 miejsce integracji i wsp\u00f3\u0142pracy. Cieszy\u0144ski Kampus to przestrze\u0144, do kt\u00f3rej mo\u017cna przylgn\u0105\u0107 i zintegrowa\u0107 si\u0119 z ni\u0105. Wspiera rozw\u00f3j- nie tylko naukowy, ale te\u017c spo\u0142eczny i osobisty. Sprzyjaj\u0105 temu ko\u0142a naukowe, organizacje studenckie, warsztaty i szkolenia, obozy, imprezy sportowe, targi kariery, wystawy w galerii sztuki, przegl\u0105dy filmowe, konferencje na kt\u00f3rych go\u015bcimy wybitnych pedagog\u00f3w, ludzi kultury i sztuki. Kampus Cieszyn go\u015bci uczestnik\u00f3w takich imprez jak: <em>Letnia Szko\u0142a J\u0119zyka i Kultury Polskiej<\/em>, Akademickie Mistrzostwa Polski w r\u00f3\u017cnych dyscyplinach, festiwale kultury studenckiej (np. <a href=\"\/event\/xxxi-miedzynarodowy-studencki-festiwal-folklorystyczny\/\">Mi\u0119dzynarodowy Studencki Festiwal Folklorystyczny, LAG<\/a>) czy <em>Kino na Granicy<\/em>.<\/p>\n<p>Kampus Cieszyn jest przestrzeni\u0105, kt\u00f3ra zosta\u0142a tak zaaran\u017cowana, \u017ceby \u015bci\u0105ga\u0107 tutaj ludzi, kt\u00f3rzy chc\u0105 ze sob\u0105 by\u0107, a nie tylko si\u0119 uczy\u0107. To miejsce dla ludzi kreatywnych, inicjatywnych i chc\u0105cych od uczelni czego\u015b wi\u0119cej, ni\u017c wykszta\u0142cenia. Uniwersytet to jednak przede wszystkim spo\u0142eczno\u015b\u0107 akademicka: studenci, wyk\u0142adowcy i pracownicy administracyjni, kt\u00f3rzy wsp\u00f3lnie d\u0105\u017c\u0105 do tego, \u017ceby uczelnia by\u0142a t\u0119tni\u0105cym \u017cyciem miejscem, w kt\u00f3rym splata si\u0119 nauka, kultura i sztuka, a kt\u00f3re kszta\u0142tuje klimat miasta i buduje jego to\u017csamo\u015b\u0107.<\/p>\n<p>To miejsce o szczeg\u00f3lnym znaczeniu w \u017cyciu spo\u0142eczno\u015bci Cieszyna \u2013 formuje tutejsz\u0105 kultur\u0119, kreuje artystyczny wizerunek miasta i podnosi jako\u015b\u0107 \u017cycia. Inicjatywy studenckie zadomowi\u0142y si\u0119 ju\u017c na dobre w lokalnym krajobrazie, zaznaczy\u0142y sw\u0105 obecno\u015b\u0107 po obu stronach Olzy i przenikn\u0119\u0142y miasto. W Cieszynie- mie\u015bcie pogranicza i styku kulturowego \u2013 jest przestrze\u0144 dla wszystkich. Wiele naszych absolwent\u00f3w zostaje tutaj, aby kontynuowa\u0107 dzia\u0142alno\u015b\u0107, kt\u00f3r\u0105 rozpocz\u0119li jeszcze w czasie studi\u00f3w, wpisuj\u0105c si\u0119 tym samym w histori\u0119 tego miejsca. Ono- jak ka\u017cdy tw\u00f3r cywilizacyjny- potrzebuje energii, edukacji, zmian i kultury. Kampus Cieszyn jest odpowiedzi\u0105 na te potrzeby, jest r\u0119kami, kt\u00f3re kszta\u0142tuj\u0105 jego obraz i oczami, kt\u00f3re widz\u0105 perspektyw\u0119.<\/p>\n<p>&nbsp;<\/p>\n<p><strong><a href=\"https:\/\/us.edu.pl\/wydzial\/wsne\/wp-content\/uploads\/sites\/20\/Nieprzypisane\/Mapa-kampusu-w-Cieszynie.pdf\" class=\"mtli_attachment mtli_pdf\" data-mtli=\"mtli_filesize2,08MB\" class=\"mtli_attachment mtli_pdf\" data-mtli=\"mtli_filesize2,08MB\"><img class=\"alignnone size-medium wp-image-7418\" src=\"https:\/\/us.edu.pl\/wydzial\/wsne\/wp-content\/uploads\/sites\/20\/Nieprzypisane\/Mapa-kampusu-w-Cieszynie-257x300.jpg\" alt=\"Mapa kampusu w Cieszynie\" width=\"257\" height=\"300\" srcset=\"https:\/\/us.edu.pl\/wydzial\/wsne\/wp-content\/uploads\/sites\/20\/Nieprzypisane\/Mapa-kampusu-w-Cieszynie-257x300.jpg 257w, https:\/\/us.edu.pl\/wydzial\/wsne\/wp-content\/uploads\/sites\/20\/Nieprzypisane\/Mapa-kampusu-w-Cieszynie-768x896.jpg 768w, https:\/\/us.edu.pl\/wydzial\/wsne\/wp-content\/uploads\/sites\/20\/Nieprzypisane\/Mapa-kampusu-w-Cieszynie-493x575.jpg 493w, https:\/\/us.edu.pl\/wydzial\/wsne\/wp-content\/uploads\/sites\/20\/Nieprzypisane\/Mapa-kampusu-w-Cieszynie.jpg 777w\" sizes=\"(max-width: 257px) 100vw, 257px\" \/>Mapa kampusu w Cieszynie<\/a>\u00a0<\/strong><\/p>\n<style type=\"text\/css\">a[data-mtli~=\"mtli_filesize2,08MB\"]:after {content:\" (2,08 MB)\"}<\/style><\/div>\r\n                    <\/div>\r\n                <\/div>[\/vc_column][\/vc_row]<\/p>\n<style type=\"text\/css\">a[data-mtli~=\"mtli_filesize2,08MB\"]:after {content:\" (2,08 MB)\"}<\/style>","protected":false},"excerpt":{"rendered":"<p>[vc_row][vc_column][vc_separator color=&#8221;black&#8221; style=&#8221;shadow&#8221; border_width=&#8221;10&#8243; el_width=&#8221;70&#8243;][\/vc_column][\/vc_row][vc_row][vc_column width=&#8221;1\/3&#8243;][vc_video link=&#8221;https:\/\/www.youtube.com\/watch?v=qaDqXt7s9aw&amp;t=10s&#8221; el_width=&#8221;90&#8243; align=&#8221;center&#8221;][\/vc_column][vc_column width=&#8221;1\/3&#8243;][vc_video link=&#8221;https:\/\/www.youtube.com\/watch?v=uCd0J1AHa3c&#8221; el_width=&#8221;90&#8243; align=&#8221;center&#8221;][\/vc_column][vc_column width=&#8221;1\/3&#8243;][vc_video link=&#8221;https:\/\/www.youtube.com\/watch?v=1R79jujnkhc&#8221; el_width=&#8221;90&#8243; align=&#8221;center&#8221;][\/vc_column][\/vc_row][vc_row][vc_column][vc_separator color=&#8221;black&#8221; style=&#8221;shadow&#8221; border_width=&#8221;10&#8243; el_width=&#8221;70&#8243;][\/vc_column][\/vc_row][vc_row][vc_column][\/vc_column][\/vc_row] [&#8230;]<\/p>\n<p><a class=\"btn btn-secondary understrap-read-more-link\" href=\"https:\/\/us.edu.pl\/wydzial\/wsne\/kampus-cieszyn\/\">Read More&#8230;<\/a><\/p>\n","protected":false},"author":1,"featured_media":0,"parent":0,"menu_order":0,"comment_status":"closed","ping_status":"closed","template":"","meta":{"_expiration-date-status":"","_expiration-date":0,"_expiration-date-type":"","_expiration-date-categories":[],"_expiration-date-options":[]},"acf":[],"_links":{"self":[{"href":"https:\/\/us.edu.pl\/wydzial\/wsne\/wp-json\/wp\/v2\/pages\/635"}],"collection":[{"href":"https:\/\/us.edu.pl\/wydzial\/wsne\/wp-json\/wp\/v2\/pages"}],"about":[{"href":"https:\/\/us.edu.pl\/wydzial\/wsne\/wp-json\/wp\/v2\/types\/page"}],"author":[{"embeddable":true,"href":"https:\/\/us.edu.pl\/wydzial\/wsne\/wp-json\/wp\/v2\/users\/1"}],"replies":[{"embeddable":true,"href":"https:\/\/us.edu.pl\/wydzial\/wsne\/wp-json\/wp\/v2\/comments?post=635"}],"version-history":[{"count":10,"href":"https:\/\/us.edu.pl\/wydzial\/wsne\/wp-json\/wp\/v2\/pages\/635\/revisions"}],"predecessor-version":[{"id":171139,"href":"https:\/\/us.edu.pl\/wydzial\/wsne\/wp-json\/wp\/v2\/pages\/635\/revisions\/171139"}],"wp:attachment":[{"href":"https:\/\/us.edu.pl\/wydzial\/wsne\/wp-json\/wp\/v2\/media?parent=635"}],"curies":[{"name":"wp","href":"https:\/\/api.w.org\/{rel}","templated":true}]}}