{"id":669,"date":"2019-10-17T15:33:54","date_gmt":"2019-10-17T13:33:54","guid":{"rendered":"https:\/\/us.edu.pl\/wydzial\/wsne\/?page_id=669"},"modified":"2021-01-19T08:42:14","modified_gmt":"2021-01-19T07:42:14","slug":"wspolpraca","status":"publish","type":"page","link":"https:\/\/us.edu.pl\/wydzial\/wsne\/wspolpraca\/","title":{"rendered":"Wsp\u00f3\u0142praca"},"content":{"rendered":"<p>[vc_row][vc_column]\r\n                <div class=\"text-modules\">\r\n                    <div class=\"container\">\r\n                        <h3 class=\"page-title text__title\">Wsp\u00f3\u0142praca<\/h3>\r\n                        <div class=\"text-modules__content\"><p>Idea funkcjonowania uniwersytetu, kt\u00f3ra decyduje o jego warto\u015bci, zasadza si\u0119 nie tylko na jego dzia\u0142alno\u015bci edukacyjnej i naukowej, ale w r\u00f3wnym stopniu na jego roli kulturotw\u00f3rczej i aktywizuj\u0105cej spo\u0142eczno\u015b\u0107 pozauniwersyteck\u0105.<\/p>\n<p>Niezwykle istotn\u0105 cz\u0119\u015bci\u0105 obecno\u015bci o\u015brodk\u00f3w uniwersyteckich jest budowanie kapita\u0142u spo\u0142ecznego, zw\u0142aszcza w ma\u0142ych o\u015brodkach miejskich. Dlatego, cieszy\u0144ski Wydzia\u0142 w\u015br\u00f3d wielu podejmowanych zada\u0144, realizuje r\u00f3wnie\u017c te, kt\u00f3re skierowane s\u0105 na szerok\u0105 wsp\u00f3\u0142prac\u0119 ze \u015brodowiskiem lokalnym oraz innymi podmiotami z Polski i zagranicy. Aktywno\u015b\u0107, o kt\u00f3rej mowa, odbywa si\u0119 zar\u00f3wno w ramach cyklicznej wsp\u00f3\u0142pracy, jak i okazjonalnie, a dzia\u0142ania ukierunkowane s\u0105 na zagadnienia bezpo\u015brednio zwi\u0105zane z naszym regionem, ale i na te, kt\u00f3re dotycz\u0105 szerszych kwestii spo\u0142ecznych i kulturowych, og\u00f3lnopolskich i mi\u0119dzynarodowych.<\/p>\n<p>W\u015br\u00f3d najliczniejszej grupy partner\u00f3w Wydzia\u0142u znajduj\u0105 si\u0119 plac\u00f3wki edukacyjne na wszystkich szczeblach nauczania. Realizacja wsp\u00f3\u0142pracyna tym poziomie umo\u017cliwia pe\u0142niejszy rozw\u00f3j dzieci, ale r\u00f3wnie\u017c pog\u0142\u0119bianie wiedzy i kompetencji zawodowych naszych student\u00f3w oraz pracownik\u00f3w naukowych. Wsp\u00f3\u0142dzia\u0142anie \u015brodowiska akademickiego i szkolnictwa ni\u017cszych typ\u00f3w obejmuje tak\u017ce organizowanie wsp\u00f3lnych przedsi\u0119wzi\u0119\u0107 edukacyjnych (udzia\u0142 w konferencjach i sesjach naukowych, przygotowywanie wyk\u0142ad\u00f3w otwartych dla m\u0142odzie\u017cy szkolnej). W ramach naszych wsp\u00f3lnych dzia\u0142a\u0144 nauczyciele szkolni uzyskuj\u0105 mo\u017cliwo\u015b\u0107 wsparcia w zakresie podnoszenia kwalifikacji zawodowych oraz pomoc w realizacji program\u00f3w kszta\u0142cenia. Natomiast pracownicy akademiccy zyskuj\u0105 mo\u017cliwo\u015b\u0107 prowadzenia zaj\u0119\u0107 obserwacyjnych oraz bada\u0144 na potrzeby prac naukowych. Studenci maj\u0105 mo\u017cliwo\u015b\u0107 prowadzenia praktyk ci\u0105g\u0142ych i \u015br\u00f3drocznych.<\/p>\n<p>Szczeg\u00f3lny patronat Wydzia\u0142 prowadzi nad Zespo\u0142em Szk\u00f3\u0142 im. W. Szybi\u0144skiego w Cieszynie oraz nad mieszcz\u0105cym si\u0119 na kampusie Przedszkolu Terapeutycznym \u201e<a href=\"https:\/\/tppsk.pl\/przedszkole-cieszyn\">S\u0142oneczna Kraina<\/a>\u201d.<\/p>\n<p>Wsp\u00f3\u0142praca Uniwersytetu z Instytucjami spo\u0142eczno-kulturalnymi przek\u0142ada si\u0119 na wymian\u0119 do\u015bwiadcze\u0144 pracownik\u00f3w z obu stron oraz wsp\u00f3\u0142dzia\u0142anie przy realizacji przedsi\u0119wzi\u0119\u0107 dydaktycznych. W ramach wsp\u00f3\u0142pracy mo\u017cliwe jest tworzenie wsp\u00f3lnych projekt\u00f3w edukacyjnych, konferencji, szkole\u0144 i warsztat\u00f3w maj\u0105cych na celu rozw\u00f3j wiedzy i umiej\u0119tno\u015bci zawodowych wszystkich jej beneficjent\u00f3w.<\/p>\n<p>Niezwykle istotna w procesie kszta\u0142cenia student\u00f3w na kierunku <a href=\"http:\/\/www.projektowaniegier.us.edu.pl\/pl\/strona-glowna\/\"><em>projektowanie gier i przestrzeni wirtualnej<\/em><\/a> (kierunek o profilu praktycznym) jest wsp\u00f3\u0142praca z biznesem.<\/p>\n<p>Obecnie Wydzia\u0142 realizuje wsp\u00f3\u0142prac\u0119 z blisko 100 podmiotami w ramach podpisanych porozumie\u0144. S\u0105 to: 12 szk\u00f3\u0142 ponadpodstawowych w woj. \u015bl\u0105skim i ma\u0142opolskim, kilkadziesi\u0105t szk\u00f3\u0142 podstawowych i przedszkoli, liczne stowarzyszenia, biblioteki, kilka poradni psychologiczno-pedagogicznych, o\u015brodki kultury, muzea oraz Zak\u0142ad Karny w Cieszynie.<\/p>\n<p><a href=\"https:\/\/us.edu.pl\/wydzial\/wsne\/wp-content\/uploads\/sites\/20\/Nieprzypisane\/Porozumienia_przedszkola_i_szko\u0142y_podstawowe_01_2021.pdf\" class=\"mtli_attachment mtli_pdf\" data-mtli=\"mtli_filesize138,76kB\" class=\"mtli_attachment mtli_pdf\" data-mtli=\"mtli_filesize138,76kB\">Porozumienia_przedszkola_i_szko\u0142y_podstawowe_01_2021<\/a><\/p>\n<p><a href=\"https:\/\/us.edu.pl\/wydzial\/wsne\/wp-content\/uploads\/sites\/20\/Nieprzypisane\/Porozumienia_instytucje_01_2021.pdf\" class=\"mtli_attachment mtli_pdf\" data-mtli=\"mtli_filesize154,91kB\" class=\"mtli_attachment mtli_pdf\" data-mtli=\"mtli_filesize154,91kB\">Porozumienia_instytucje_01_2021<\/a><\/p>\n<p><a href=\"https:\/\/us.edu.pl\/wydzial\/wsne\/wp-content\/uploads\/sites\/20\/Nieprzypisane\/Porozumienia_szko\u0142y_ponadpodstawowe_01_2021.pdf\" class=\"mtli_attachment mtli_pdf\" data-mtli=\"mtli_filesize149,98kB\" class=\"mtli_attachment mtli_pdf\" data-mtli=\"mtli_filesize149,98kB\">Porozumienia_szko\u0142y_ponadpodstawowe_01_2021<\/a><\/p>\n<p>dr Dorota Prysak<br \/>\nWydzia\u0142owy Koordynator do wsp\u00f3\u0142pracy z szko\u0142ami i interesariuszami<br \/>\ne-mail: <a href=\"mailto:dorota.prysak@us.edu.pl\">dorota.prysak@us.edu.pl<\/a><\/p>\n<style type=\"text\/css\">a[data-mtli~=\"mtli_filesize138,76kB\"]:after {content:\" (138,76 kB)\"}a[data-mtli~=\"mtli_filesize154,91kB\"]:after {content:\" (154,91 kB)\"}a[data-mtli~=\"mtli_filesize149,98kB\"]:after {content:\" (149,98 kB)\"}<\/style><\/div>\r\n                    <\/div>\r\n                <\/div>[\/vc_column][\/vc_row]<\/p>\n<style type=\"text\/css\">a[data-mtli~=\"mtli_filesize138,76kB\"]:after {content:\" (138,76 kB)\"}a[data-mtli~=\"mtli_filesize154,91kB\"]:after {content:\" (154,91 kB)\"}a[data-mtli~=\"mtli_filesize149,98kB\"]:after {content:\" (149,98 kB)\"}<\/style>","protected":false},"excerpt":{"rendered":"<p>[vc_row][vc_column][\/vc_column][\/vc_row] [&#8230;]<\/p>\n<p><a class=\"btn btn-secondary understrap-read-more-link\" href=\"https:\/\/us.edu.pl\/wydzial\/wsne\/wspolpraca\/\">Read More&#8230;<\/a><\/p>\n","protected":false},"author":1,"featured_media":0,"parent":0,"menu_order":0,"comment_status":"closed","ping_status":"closed","template":"","meta":{"_expiration-date-status":"saved","_expiration-date":0,"_expiration-date-type":"","_expiration-date-categories":[],"_expiration-date-options":[]},"acf":[],"_links":{"self":[{"href":"https:\/\/us.edu.pl\/wydzial\/wsne\/wp-json\/wp\/v2\/pages\/669"}],"collection":[{"href":"https:\/\/us.edu.pl\/wydzial\/wsne\/wp-json\/wp\/v2\/pages"}],"about":[{"href":"https:\/\/us.edu.pl\/wydzial\/wsne\/wp-json\/wp\/v2\/types\/page"}],"author":[{"embeddable":true,"href":"https:\/\/us.edu.pl\/wydzial\/wsne\/wp-json\/wp\/v2\/users\/1"}],"replies":[{"embeddable":true,"href":"https:\/\/us.edu.pl\/wydzial\/wsne\/wp-json\/wp\/v2\/comments?post=669"}],"version-history":[{"count":6,"href":"https:\/\/us.edu.pl\/wydzial\/wsne\/wp-json\/wp\/v2\/pages\/669\/revisions"}],"predecessor-version":[{"id":4714,"href":"https:\/\/us.edu.pl\/wydzial\/wsne\/wp-json\/wp\/v2\/pages\/669\/revisions\/4714"}],"wp:attachment":[{"href":"https:\/\/us.edu.pl\/wydzial\/wsne\/wp-json\/wp\/v2\/media?parent=669"}],"curies":[{"name":"wp","href":"https:\/\/api.w.org\/{rel}","templated":true}]}}