{"id":7111,"date":"2022-01-04T12:55:59","date_gmt":"2022-01-04T11:55:59","guid":{"rendered":"https:\/\/us.edu.pl\/wydzial\/wsne\/?page_id=7111"},"modified":"2022-02-10T15:34:30","modified_gmt":"2022-02-10T14:34:30","slug":"13-articles","status":"publish","type":"page","link":"https:\/\/us.edu.pl\/wydzial\/wsne\/nauka-i-badania\/serie-wydawnicze\/seria-e-learning\/13-articles\/","title":{"rendered":"13 &#8211; Articles"},"content":{"rendered":"<p>[vc_row][vc_column][vc_column_text]<span style=\"font-size: 14pt;\"><strong>Articles &#8211; E-learning in the Time of COVID-19<\/strong><\/span><\/p>\n<p><a href=\"https:\/\/us.edu.pl\/wydzial\/wsne\/nauka-i-badania\/serie-wydawnicze\/seria-e-learning\/13-articles\/01-2\/\">Eugenia Smyrnova-Trybulska<\/a><br \/>\n<a href=\"https:\/\/us.edu.pl\/wydzial\/wsne\/nauka-i-badania\/serie-wydawnicze\/seria-e-learning\/13-articles\/01-2\/\"><strong>INTRODUCTION<br \/>\n<\/strong><\/a><a href=\"https:\/\/us.edu.pl\/wydzial\/wsne\/wp-content\/uploads\/sites\/20\/Nieprzypisane\/el-2021-13-01-1.pdf\" class=\"mtli_attachment mtli_pdf\" data-mtli=\"mtli_filesize244,80kB\">el-2021-13-01<\/a><strong><br \/>\n<\/strong><\/p>\n<p><a href=\"https:\/\/us.edu.pl\/wydzial\/wsne\/nauka-i-badania\/serie-wydawnicze\/seria-e-learning\/13-articles\/02-2\/\">Nuno Silva &amp; Isabel Alvarez<\/a><br \/>\n<a href=\"https:\/\/us.edu.pl\/wydzial\/wsne\/nauka-i-badania\/serie-wydawnicze\/seria-e-learning\/13-articles\/02-2\/\"><strong>A RETURN TO NORMALITY OR UNCERTAINTY AFTER COVID-19 FOR THE E-LEARNING ETHICAL ENVIRONMENT<br \/>\n<\/strong><\/a><a href=\"https:\/\/us.edu.pl\/wydzial\/wsne\/wp-content\/uploads\/sites\/20\/Nieprzypisane\/el-2021-13-02.pdf\" class=\"mtli_attachment mtli_pdf\" data-mtli=\"mtli_filesize425,42kB\">el-2021-13-02<\/a><\/p>\n<p><a href=\"https:\/\/us.edu.pl\/wydzial\/wsne\/nauka-i-badania\/serie-wydawnicze\/seria-e-learning\/13-articles\/03-2\/\">Anna \u015al\u00f3sarz<\/a><br \/>\n<a href=\"https:\/\/us.edu.pl\/wydzial\/wsne\/nauka-i-badania\/serie-wydawnicze\/seria-e-learning\/13-articles\/03-2\/\"><strong>STUDYING TIMES OF STUDENTS IN ASYNCHRONOUS FORMS OF DISTANT EDUCATION: FACTS AND MYTHS<br \/>\n<\/strong><\/a><a href=\"https:\/\/us.edu.pl\/wydzial\/wsne\/wp-content\/uploads\/sites\/20\/Nieprzypisane\/el-2021-13-03.pdf\" class=\"mtli_attachment mtli_pdf\" data-mtli=\"mtli_filesize926,33kB\">el-2021-13-03<\/a><\/p>\n<p><a href=\"https:\/\/us.edu.pl\/wydzial\/wsne\/nauka-i-badania\/serie-wydawnicze\/seria-e-learning\/13-articles\/04-2\/\">Robert Gajewski<\/a><br \/>\n<a href=\"https:\/\/us.edu.pl\/wydzial\/wsne\/nauka-i-badania\/serie-wydawnicze\/seria-e-learning\/13-articles\/04-2\/\"><strong>EDUCATIONAL CHALLENGES DURING THE PANDEMIC<br \/>\n<\/strong><\/a><a href=\"https:\/\/us.edu.pl\/wydzial\/wsne\/wp-content\/uploads\/sites\/20\/Nieprzypisane\/el-2021-13-04.pdf\" class=\"mtli_attachment mtli_pdf\" data-mtli=\"mtli_filesize469,16kB\">el-2021-13-04<\/a><strong><br \/>\n<\/strong><\/p>\n<p><a href=\"https:\/\/us.edu.pl\/wydzial\/wsne\/nauka-i-badania\/serie-wydawnicze\/seria-e-learning\/13-articles\/05-2\/\">Olena Kuzminska, Nataliia Morze, Mariia Mazorchuk, Olha Barna, &amp; Viktoriia Dobriak<\/a><br \/>\n<a href=\"https:\/\/us.edu.pl\/wydzial\/wsne\/nauka-i-badania\/serie-wydawnicze\/seria-e-learning\/13-articles\/05-2\/\"><strong>HOW TO BALANCE SYNCHRONOUS AND ASYNCHRONOUS TEACHING AND LEARNING: A LOCAL STUDY<br \/>\n<\/strong><\/a><a href=\"https:\/\/us.edu.pl\/wydzial\/wsne\/wp-content\/uploads\/sites\/20\/Nieprzypisane\/el-2021-13-05.pdf\" class=\"mtli_attachment mtli_pdf\" data-mtli=\"mtli_filesize587,23kB\">el-2021-13-05<\/a><\/p>\n<p><a href=\"https:\/\/us.edu.pl\/wydzial\/wsne\/nauka-i-badania\/serie-wydawnicze\/seria-e-learning\/13-articles\/06-2\/\">Nadiia Balyk, Galyna Shmyger, Yaroslav Vasylenko, Anna Skaskiv, &amp; Vasyl\u00a0Oleksiuk<\/a><br \/>\n<a href=\"https:\/\/us.edu.pl\/wydzial\/wsne\/nauka-i-badania\/serie-wydawnicze\/seria-e-learning\/13-articles\/06-2\/\"><strong>THE DIDACTIC ASPECTS OF BLENDED LEARNING IN HIGHER EDUCATIONAL INSTITUTIONS DURING THE PANDEMIC<br \/>\n<\/strong><\/a><a href=\"https:\/\/us.edu.pl\/wydzial\/wsne\/wp-content\/uploads\/sites\/20\/Nieprzypisane\/el-2021-13-06.pdf\" class=\"mtli_attachment mtli_pdf\" data-mtli=\"mtli_filesize785,96kB\">el-2021-13-06<\/a><strong><br \/>\n<\/strong><\/p>\n<p><a href=\"https:\/\/us.edu.pl\/wydzial\/wsne\/nauka-i-badania\/serie-wydawnicze\/seria-e-learning\/13-articles\/07-2\/\">Liliia Hrynevych &amp; Nataliia Morze<\/a><br \/>\n<a href=\"https:\/\/us.edu.pl\/wydzial\/wsne\/nauka-i-badania\/serie-wydawnicze\/seria-e-learning\/13-articles\/07-2\/\"><strong>BUILDING SOCIAL AND EMOTIONAL SKILLS IN STUDENTS IN THE CONTEXT OF DISTANCE LEARNING<br \/>\n<\/strong><\/a><a href=\"https:\/\/us.edu.pl\/wydzial\/wsne\/wp-content\/uploads\/sites\/20\/Nieprzypisane\/el-2021-13-07.pdf\" class=\"mtli_attachment mtli_pdf\" data-mtli=\"mtli_filesize531,14kB\">el-2021-13-07<\/a><\/p>\n<p><a href=\"https:\/\/us.edu.pl\/wydzial\/wsne\/nauka-i-badania\/serie-wydawnicze\/seria-e-learning\/13-articles\/08-2\/\">Jon Xabier Basogain Urrutia<\/a><br \/>\n<a href=\"https:\/\/us.edu.pl\/wydzial\/wsne\/nauka-i-badania\/serie-wydawnicze\/seria-e-learning\/13-articles\/08-2\/\"><strong>THE MANAGEMENT OF E-LEARNING PLATFORMS AND ONLINE ASSESSMENT IN PRIMARY EDUCATION THROUGH THE PRISM OF SCHOOL ENGAGEMENT AND SCHOOL CULTURE<br \/>\n<\/strong><\/a><a href=\"https:\/\/us.edu.pl\/wydzial\/wsne\/wp-content\/uploads\/sites\/20\/Nieprzypisane\/el-2021-13-08.pdf\" class=\"mtli_attachment mtli_pdf\" data-mtli=\"mtli_filesize421,39kB\">el-2021-13-08<\/a><strong><br \/>\n<\/strong><\/p>\n<p><a href=\"https:\/\/us.edu.pl\/wydzial\/wsne\/nauka-i-badania\/serie-wydawnicze\/seria-e-learning\/13-articles\/09-2\/\">Gennadiy Karimov, Ivan Karimov, Marina Romaniukha, &amp; Liudmyla Sorokina<\/a><br \/>\n<a href=\"https:\/\/us.edu.pl\/wydzial\/wsne\/nauka-i-badania\/serie-wydawnicze\/seria-e-learning\/13-articles\/09-2\/\"><strong>PROGRAMME COMPETENCES FOR MANAGEMENT STUDENTS IN THE COVID-19 PANDEMIC<br \/>\n<\/strong><\/a><a href=\"https:\/\/us.edu.pl\/wydzial\/wsne\/wp-content\/uploads\/sites\/20\/Nieprzypisane\/el-2021-13-09.pdf\" class=\"mtli_attachment mtli_pdf\" data-mtli=\"mtli_filesize476,66kB\">el-2021-13-09<\/a><strong><br \/>\n<\/strong><\/p>\n<p><a href=\"https:\/\/us.edu.pl\/wydzial\/wsne\/nauka-i-badania\/serie-wydawnicze\/seria-e-learning\/13-articles\/10-2\/\">Katar\u00edna \u017dilkov\u00e1 &amp; Alexandra Kondekov\u00e1<\/a><br \/>\n<a href=\"https:\/\/us.edu.pl\/wydzial\/wsne\/nauka-i-badania\/serie-wydawnicze\/seria-e-learning\/13-articles\/10-2\/\"><strong>THE IMPACT OF ONLINE EDUCATION ON THE STUDENT\u2019S SUCCESS IN THE COURSE \u201cTEACHING GEOMETRY IN PRIMARY EDUCATION\u201d<br \/>\n<\/strong><\/a><a href=\"https:\/\/us.edu.pl\/wydzial\/wsne\/wp-content\/uploads\/sites\/20\/Nieprzypisane\/el-2021-13-10.pdf\" class=\"mtli_attachment mtli_pdf\" data-mtli=\"mtli_filesize760,47kB\">el-2021-13-10<\/a><strong><br \/>\n<\/strong><\/p>\n<p><a href=\"https:\/\/us.edu.pl\/wydzial\/wsne\/nauka-i-badania\/serie-wydawnicze\/seria-e-learning\/13-articles\/11-2\/\">Tatiana Noskova &amp; Tatiana Pavlova<\/a><br \/>\n<a href=\"https:\/\/us.edu.pl\/wydzial\/wsne\/nauka-i-badania\/serie-wydawnicze\/seria-e-learning\/13-articles\/11-2\/\"><strong>PEDAGOGICAL GOAL-SETTING IN A DIGITAL ENVIRONMENT: PROBLEM ACTUALIZATION<br \/>\n<\/strong><\/a><a href=\"https:\/\/us.edu.pl\/wydzial\/wsne\/wp-content\/uploads\/sites\/20\/Nieprzypisane\/el-2021-13-11.pdf\" class=\"mtli_attachment mtli_pdf\" data-mtli=\"mtli_filesize442,89kB\">el-2021-13-11<\/a><strong><br \/>\n<\/strong><\/p>\n<p><a href=\"https:\/\/us.edu.pl\/wydzial\/wsne\/nauka-i-badania\/serie-wydawnicze\/seria-e-learning\/13-articles\/12-2\/\">Eugenia Smyrnova-Trybulska, Iryna Sekret, &amp; Nataiia Morze<\/a><br \/>\n<a href=\"https:\/\/us.edu.pl\/wydzial\/wsne\/nauka-i-badania\/serie-wydawnicze\/seria-e-learning\/13-articles\/12-2\/\"><strong>PRELIMINARY ANALYSIS OF THE DEVELOPMENT AND IMPLEMENTATION OF THE MOOC PROJECT: A CASE STUDY<br \/>\n<\/strong><\/a><a href=\"https:\/\/us.edu.pl\/wydzial\/wsne\/wp-content\/uploads\/sites\/20\/Nieprzypisane\/el-2021-13-12.pdf\" class=\"mtli_attachment mtli_pdf\" data-mtli=\"mtli_filesize1,03MB\">el-2021-13-12<\/a><\/p>\n<p><a href=\"https:\/\/us.edu.pl\/wydzial\/wsne\/nauka-i-badania\/serie-wydawnicze\/seria-e-learning\/13-articles\/7318-2\/\">Tetiana Liakh, Tetiana Spirina, Maryna Lekholetova, &amp; Olha Shved<\/a><br \/>\n<a href=\"https:\/\/us.edu.pl\/wydzial\/wsne\/nauka-i-badania\/serie-wydawnicze\/seria-e-learning\/13-articles\/7318-2\/\"><strong>BUILDING PROFESSIONAL COMPETENCES OF SOCIAL WORKERS THROUGH DISTANCE LEARNING IN THE CONTEXT OF THE COVID-19 PANDEMIC<br \/>\n<\/strong><\/a><a href=\"https:\/\/us.edu.pl\/wydzial\/wsne\/wp-content\/uploads\/sites\/20\/Nieprzypisane\/el-2021-13-13.pdf\" class=\"mtli_attachment mtli_pdf\" data-mtli=\"mtli_filesize597,25kB\">el-2021-13-13<\/a><strong><br \/>\n<\/strong><\/p>\n<p><a href=\"https:\/\/us.edu.pl\/wydzial\/wsne\/nauka-i-badania\/serie-wydawnicze\/seria-e-learning\/13-articles\/14-2\/\">Nataliia Morze, Mariia Boiko, &amp; Eugenia Smyrnova-Trybulska<\/a><br \/>\n<a href=\"https:\/\/us.edu.pl\/wydzial\/wsne\/nauka-i-badania\/serie-wydawnicze\/seria-e-learning\/13-articles\/14-2\/\"><strong>SOME THEORETICAL AND PRACTICAL ASPECTS OF THE ORGANIZATION OF THE COMMUNITY OF TEACHERS (ON THE EXAMPLE OF INQUIRY-BASED\u00a0<\/strong><strong>LEARNING IMPLEMENTATION)<br \/>\n<\/strong><\/a><a href=\"https:\/\/us.edu.pl\/wydzial\/wsne\/wp-content\/uploads\/sites\/20\/Nieprzypisane\/el-2021-13-14.pdf\" class=\"mtli_attachment mtli_pdf\" data-mtli=\"mtli_filesize947,06kB\">el-2021-13-14<\/a><\/p>\n<p><a href=\"https:\/\/us.edu.pl\/wydzial\/wsne\/nauka-i-badania\/serie-wydawnicze\/seria-e-learning\/13-articles\/15-2\/\">Veneta Tabakova-Komsalova, Todorka Glushkova, Stanimir Stoyanov, &amp; Irina Krasteva<\/a><br \/>\n<a href=\"https:\/\/us.edu.pl\/wydzial\/wsne\/nauka-i-badania\/serie-wydawnicze\/seria-e-learning\/13-articles\/15-2\/\"><strong>ARTIFICIAL INTELLIGENCE TRAINING \u2013 APPROACHES, RESULTS, ANALYSES AND CONCLUSIONS<br \/>\n<\/strong><\/a><a href=\"https:\/\/us.edu.pl\/wydzial\/wsne\/wp-content\/uploads\/sites\/20\/Nieprzypisane\/el-2021-13-15.pdf\" class=\"mtli_attachment mtli_pdf\" data-mtli=\"mtli_filesize572,26kB\">el-2021-13-15<\/a><strong><br \/>\n<\/strong><\/p>\n<p><a href=\"https:\/\/us.edu.pl\/wydzial\/wsne\/nauka-i-badania\/serie-wydawnicze\/seria-e-learning\/13-articles\/16-2\/\">Nataliia Morze &amp; Oksana Strutynska<\/a><br \/>\n<a href=\"https:\/\/us.edu.pl\/wydzial\/wsne\/nauka-i-badania\/serie-wydawnicze\/seria-e-learning\/13-articles\/16-2\/\"><strong>STEAM COMPETENCE FOR TEACHERS: FEATURES OF MODEL DEVELOPMENT<br \/>\n<\/strong><\/a><a href=\"https:\/\/us.edu.pl\/wydzial\/wsne\/wp-content\/uploads\/sites\/20\/Nieprzypisane\/el-2021-13-16.pdf\" class=\"mtli_attachment mtli_pdf\" data-mtli=\"mtli_filesize743,04kB\">el-2021-13-16<\/a><\/p>\n<p><a href=\"https:\/\/us.edu.pl\/wydzial\/wsne\/nauka-i-badania\/serie-wydawnicze\/seria-e-learning\/13-articles\/17-2\/\">Dmytro Bodnenko, Oksana Lytvyn, Sergiy Radchenko, &amp; Volodymyr Proshkin<\/a><br \/>\n<a href=\"https:\/\/us.edu.pl\/wydzial\/wsne\/nauka-i-badania\/serie-wydawnicze\/seria-e-learning\/13-articles\/17-2\/\"><strong>THE TEMPLATES METHODS IN E-LEARNING OF HIGHER MATHEMATICS<br \/>\n<\/strong><\/a><a href=\"https:\/\/us.edu.pl\/wydzial\/wsne\/wp-content\/uploads\/sites\/20\/Nieprzypisane\/el-2021-13-17.pdf\" class=\"mtli_attachment mtli_pdf\" data-mtli=\"mtli_filesize936,61kB\">el-2021-13-17<\/a><strong><br \/>\n<\/strong><\/p>\n<p><a href=\"https:\/\/us.edu.pl\/wydzial\/wsne\/nauka-i-badania\/serie-wydawnicze\/seria-e-learning\/13-articles\/18-2\/\">Olena Denysiuk, Liubov Lokhvytska, Nataliia Martovytska, &amp; Zhanna Petrochko<\/a><br \/>\n<a href=\"https:\/\/us.edu.pl\/wydzial\/wsne\/nauka-i-badania\/serie-wydawnicze\/seria-e-learning\/13-articles\/18-2\/\"><strong>THE ETHICAL ASPECTS OF ICT USAGE IN INTERCOMMUNION WITH PARENTS OF PRESCHOOLERS WITH SPECIAL EDUCATIONAL NEEDS<br \/>\n<\/strong><\/a><a href=\"https:\/\/us.edu.pl\/wydzial\/wsne\/wp-content\/uploads\/sites\/20\/Nieprzypisane\/el-2021-13-18.pdf\" class=\"mtli_attachment mtli_pdf\" data-mtli=\"mtli_filesize657,52kB\">el-2021-13-18<\/a><strong><br \/>\n<\/strong><\/p>\n<p><a href=\"https:\/\/us.edu.pl\/wydzial\/wsne\/nauka-i-badania\/serie-wydawnicze\/seria-e-learning\/13-articles\/19-2\/\">Svitlana Skvortsova &amp; Tetiana Britskan<\/a><br \/>\n<a href=\"https:\/\/us.edu.pl\/wydzial\/wsne\/nauka-i-badania\/serie-wydawnicze\/seria-e-learning\/13-articles\/19-2\/\"><strong>DISTANCE MATHEMATICS LESSONS IN PRIMARY SCHOOL: SERVICES FOR CREATING INTERACTIVE EXERCISES<br \/>\n<\/strong><\/a><a href=\"https:\/\/us.edu.pl\/wydzial\/wsne\/wp-content\/uploads\/sites\/20\/Nieprzypisane\/el-2021-13-19.pdf\" class=\"mtli_attachment mtli_pdf\" data-mtli=\"mtli_filesize520,39kB\">el-2021-13-19<\/a><strong><br \/>\n<\/strong><\/p>\n<p><a href=\"https:\/\/us.edu.pl\/wydzial\/wsne\/nauka-i-badania\/serie-wydawnicze\/seria-e-learning\/13-articles\/20-2\/\">Halyna Henseruk, Bogdan Buyak, Hryhorii Tereshchuk, Mariya Boyko, &amp; Yuliia Henseruk<\/a><br \/>\n<a href=\"https:\/\/us.edu.pl\/wydzial\/wsne\/nauka-i-badania\/serie-wydawnicze\/seria-e-learning\/13-articles\/20-2\/\"><strong>THE TEACHER IN THE SYSTEM OF DEVELOPING STUDENTS\u2019 DIGITAL COMPETENCE<br \/>\n<\/strong><\/a><a href=\"https:\/\/us.edu.pl\/wydzial\/wsne\/wp-content\/uploads\/sites\/20\/Nieprzypisane\/el-2021-13-20.pdf\" class=\"mtli_attachment mtli_pdf\" data-mtli=\"mtli_filesize608,56kB\">el-2021-13-20<\/a><strong><br \/>\n<\/strong><\/p>\n<p><a href=\"https:\/\/us.edu.pl\/wydzial\/wsne\/nauka-i-badania\/serie-wydawnicze\/seria-e-learning\/13-articles\/21-2\/\">Nataliia Morze &amp; Oksana Buinytska<\/a><br \/>\n<a href=\"https:\/\/us.edu.pl\/wydzial\/wsne\/nauka-i-badania\/serie-wydawnicze\/seria-e-learning\/13-articles\/21-2\/\"><strong>THE PORTRAIT OF A SOCIAL EDUCATOR AS A CARRIER OF INFORMATION-DIGITAL COMPETENCE<br \/>\n<\/strong><\/a><a href=\"https:\/\/us.edu.pl\/wydzial\/wsne\/wp-content\/uploads\/sites\/20\/Nieprzypisane\/el-2021-13-21.pdf\" class=\"mtli_attachment mtli_pdf\" data-mtli=\"mtli_filesize1,10MB\">el-2021-13-21<\/a><strong><br \/>\n<\/strong><\/p>\n<p><a href=\"https:\/\/us.edu.pl\/wydzial\/wsne\/nauka-i-badania\/serie-wydawnicze\/seria-e-learning\/13-articles\/22-2\/\">Mariia Ostroha, Marina Drushlyak, Inna Shyshenko, Olha Naboka, Volodymyr Proshkin, &amp; Olena Semenikhina<\/a><br \/>\n<a href=\"https:\/\/us.edu.pl\/wydzial\/wsne\/nauka-i-badania\/serie-wydawnicze\/seria-e-learning\/13-articles\/22-2\/\"><strong>ON THE USE OF SOCIAL NETWORKS IN TEACHERS\u2019 CAREER GUIDANCE ACTIVITIES<br \/>\n<\/strong><\/a><a href=\"https:\/\/us.edu.pl\/wydzial\/wsne\/wp-content\/uploads\/sites\/20\/Nieprzypisane\/el-2021-13-22.pdf\" class=\"mtli_attachment mtli_pdf\" data-mtli=\"mtli_filesize937,06kB\">el-2021-13-22<\/a><strong><br \/>\n<\/strong><\/p>\n<p><a href=\"https:\/\/us.edu.pl\/wydzial\/wsne\/nauka-i-badania\/serie-wydawnicze\/seria-e-learning\/13-articles\/23-2\/\">Nataliia Morze, Liliia Varchenko-Trotsenko, Mariia Boiko, &amp; Eugenia Smyrnova-Trybulska<\/a><br \/>\n<a href=\"https:\/\/us.edu.pl\/wydzial\/wsne\/nauka-i-badania\/serie-wydawnicze\/seria-e-learning\/13-articles\/23-2\/\"><strong>EDUCATIONAL AND INFORMATIONAL ELECTRONIC ENVIRONMENT ORGANIZATION FOR APPLICANTS OF THE PROFESSIONAL MA PROGRAM, \u201cMANAGEMENT OF E-LEARNING IN THE INTERCULTURAL SPACE\u201d<br \/>\n<\/strong><\/a><a href=\"https:\/\/us.edu.pl\/wydzial\/wsne\/wp-content\/uploads\/sites\/20\/Nieprzypisane\/el-2021-13-23.pdf\" class=\"mtli_attachment mtli_pdf\" data-mtli=\"mtli_filesize1,33MB\">el-2021-13-23<\/a><\/p>\n<p><a href=\"https:\/\/us.edu.pl\/wydzial\/wsne\/nauka-i-badania\/serie-wydawnicze\/seria-e-learning\/13-articles\/24-2\/\">Svitlana Skvortsova, Tetiana Simonenko, &amp; Lilia Nichugovska<\/a><br \/>\n<a href=\"https:\/\/us.edu.pl\/wydzial\/wsne\/nauka-i-badania\/serie-wydawnicze\/seria-e-learning\/13-articles\/24-2\/\"><strong>THE CONDITIONING OF THE DIGITAL ENVIRONMENT ON COGNITIVE PROCESSES OF MODERN STUDENTS: THE OPINION OF TEACHERS OF UKRAINE<br \/>\n<\/strong><\/a><a href=\"https:\/\/us.edu.pl\/wydzial\/wsne\/wp-content\/uploads\/sites\/20\/Nieprzypisane\/el-2021-13-24.pdf\" class=\"mtli_attachment mtli_pdf\" data-mtli=\"mtli_filesize1,21MB\">el-2021-13-24<\/a><strong><br \/>\n<\/strong><\/p>\n<p><a href=\"https:\/\/us.edu.pl\/wydzial\/wsne\/nauka-i-badania\/serie-wydawnicze\/seria-e-learning\/13-articles\/25-2\/\">Andrii V. Morozov &amp; Tetiana A. Vakaliuk<\/a><br \/>\n<a href=\"https:\/\/us.edu.pl\/wydzial\/wsne\/nauka-i-badania\/serie-wydawnicze\/seria-e-learning\/13-articles\/25-2\/\"><strong>THE ADMINISTRATION OF THE DIGITAL ENVIRONMENT OF HIGHER EDUCATIONAL INSTITUTIONS: THE IDENTIFICATION OF USERS<br \/>\n<\/strong><\/a><a href=\"https:\/\/us.edu.pl\/wydzial\/wsne\/wp-content\/uploads\/sites\/20\/Nieprzypisane\/el-2021-13-25.pdf\" class=\"mtli_attachment mtli_pdf\" data-mtli=\"mtli_filesize1,71MB\">el-2021-13-25<\/a><strong><br \/>\n<\/strong>[\/vc_column_text][\/vc_column][\/vc_row]<\/p>\n<style type=\"text\/css\">a[data-mtli~=\"mtli_filesize244,80kB\"]:after {content:\" (244,80 kB)\"}a[data-mtli~=\"mtli_filesize425,42kB\"]:after {content:\" (425,42 kB)\"}a[data-mtli~=\"mtli_filesize926,33kB\"]:after {content:\" (926,33 kB)\"}a[data-mtli~=\"mtli_filesize469,16kB\"]:after {content:\" (469,16 kB)\"}a[data-mtli~=\"mtli_filesize587,23kB\"]:after {content:\" (587,23 kB)\"}a[data-mtli~=\"mtli_filesize785,96kB\"]:after {content:\" (785,96 kB)\"}a[data-mtli~=\"mtli_filesize531,14kB\"]:after {content:\" (531,14 kB)\"}a[data-mtli~=\"mtli_filesize421,39kB\"]:after {content:\" (421,39 kB)\"}a[data-mtli~=\"mtli_filesize476,66kB\"]:after {content:\" (476,66 kB)\"}a[data-mtli~=\"mtli_filesize760,47kB\"]:after {content:\" (760,47 kB)\"}a[data-mtli~=\"mtli_filesize442,89kB\"]:after {content:\" (442,89 kB)\"}a[data-mtli~=\"mtli_filesize1,03MB\"]:after {content:\" (1,03 MB)\"}a[data-mtli~=\"mtli_filesize597,25kB\"]:after {content:\" (597,25 kB)\"}a[data-mtli~=\"mtli_filesize947,06kB\"]:after {content:\" (947,06 kB)\"}a[data-mtli~=\"mtli_filesize572,26kB\"]:after {content:\" (572,26 kB)\"}a[data-mtli~=\"mtli_filesize743,04kB\"]:after {content:\" (743,04 kB)\"}a[data-mtli~=\"mtli_filesize936,61kB\"]:after {content:\" (936,61 kB)\"}a[data-mtli~=\"mtli_filesize657,52kB\"]:after {content:\" (657,52 kB)\"}a[data-mtli~=\"mtli_filesize520,39kB\"]:after {content:\" (520,39 kB)\"}a[data-mtli~=\"mtli_filesize608,56kB\"]:after {content:\" (608,56 kB)\"}a[data-mtli~=\"mtli_filesize1,10MB\"]:after {content:\" (1,10 MB)\"}a[data-mtli~=\"mtli_filesize937,06kB\"]:after {content:\" (937,06 kB)\"}a[data-mtli~=\"mtli_filesize1,33MB\"]:after {content:\" (1,33 MB)\"}a[data-mtli~=\"mtli_filesize1,21MB\"]:after {content:\" (1,21 MB)\"}a[data-mtli~=\"mtli_filesize1,71MB\"]:after {content:\" (1,71 MB)\"}<\/style>","protected":false},"excerpt":{"rendered":"<p>[vc_row][vc_column][vc_column_text]Articles &#8211; E-learning in the Time of COVID-19 Eugenia Smyrnova-Trybulska INTRODUCTION el-2021-13-01 Nuno Silva &amp; Isabel Alvarez A RETURN TO NORMALITY OR UNCERTAINTY AFTER COVID-19 FOR THE E-LEARNING ETHICAL ENVIRONMENT el-2021-13-02 Anna \u015al\u00f3sarz STUDYING TIMES OF STUDENTS IN ASYNCHRONOUS FORMS OF DISTANT EDUCATION: FACTS AND MYTHS el-2021-13-03 Robert Gajewski EDUCATIONAL CHALLENGES DURING THE PANDEMIC el-2021-13-04 [&#8230;]<\/p>\n<p><a class=\"btn btn-secondary understrap-read-more-link\" href=\"https:\/\/us.edu.pl\/wydzial\/wsne\/nauka-i-badania\/serie-wydawnicze\/seria-e-learning\/13-articles\/\">Read More&#8230;<\/a><\/p>\n","protected":false},"author":110,"featured_media":0,"parent":1227,"menu_order":0,"comment_status":"closed","ping_status":"closed","template":"page-templates\/inner-page.php","meta":{"_expiration-date-status":"saved","_expiration-date":0,"_expiration-date-type":"","_expiration-date-categories":[],"_expiration-date-options":[]},"acf":[],"_links":{"self":[{"href":"https:\/\/us.edu.pl\/wydzial\/wsne\/wp-json\/wp\/v2\/pages\/7111"}],"collection":[{"href":"https:\/\/us.edu.pl\/wydzial\/wsne\/wp-json\/wp\/v2\/pages"}],"about":[{"href":"https:\/\/us.edu.pl\/wydzial\/wsne\/wp-json\/wp\/v2\/types\/page"}],"author":[{"embeddable":true,"href":"https:\/\/us.edu.pl\/wydzial\/wsne\/wp-json\/wp\/v2\/users\/110"}],"replies":[{"embeddable":true,"href":"https:\/\/us.edu.pl\/wydzial\/wsne\/wp-json\/wp\/v2\/comments?post=7111"}],"version-history":[{"count":10,"href":"https:\/\/us.edu.pl\/wydzial\/wsne\/wp-json\/wp\/v2\/pages\/7111\/revisions"}],"predecessor-version":[{"id":7363,"href":"https:\/\/us.edu.pl\/wydzial\/wsne\/wp-json\/wp\/v2\/pages\/7111\/revisions\/7363"}],"up":[{"embeddable":true,"href":"https:\/\/us.edu.pl\/wydzial\/wsne\/wp-json\/wp\/v2\/pages\/1227"}],"wp:attachment":[{"href":"https:\/\/us.edu.pl\/wydzial\/wsne\/wp-json\/wp\/v2\/media?parent=7111"}],"curies":[{"name":"wp","href":"https:\/\/api.w.org\/{rel}","templated":true}]}}