{"id":7293,"date":"2022-01-28T10:42:15","date_gmt":"2022-01-28T09:42:15","guid":{"rendered":"https:\/\/us.edu.pl\/wydzial\/wsne\/?page_id=7293"},"modified":"2022-01-28T10:45:25","modified_gmt":"2022-01-28T09:45:25","slug":"10-2","status":"publish","type":"page","link":"https:\/\/us.edu.pl\/wydzial\/wsne\/nauka-i-badania\/serie-wydawnicze\/seria-e-learning\/13-articles\/10-2\/","title":{"rendered":"10"},"content":{"rendered":"<p>[vc_row][vc_column][vc_column_text]E-learning in the Time of COVID-19<br \/>\nScientific Editor Eugenia Smyrnova-Trybulska<br \/>\n\u201cE-learning\u201d, 13, Katowice\u2013Cieszyn 2021, pp. 114\u2013124<br \/>\n<a href=\"https:\/\/doi.org\/10.34916\/el.2021.13.10\">https:\/\/doi.org\/10.34916\/el.2021.13.10<\/a><\/p>\n<p><strong>THE IMPACT OF ONLINE EDUCATION ON THE STUDENT\u2019S SUCCESS IN THE COURSE \u201cTEACHING GEOMETRY IN PRIMARY EDUCATION\u201d<\/strong><\/p>\n<p><strong>Katar\u00edna<\/strong> <strong>\u017dilkov\u00e1<\/strong> 1 &amp; <strong>Alexandra<\/strong> <strong>Kondekov\u00e1<\/strong> 2<br \/>\n1 Comenius University in Bratislava Ra\u010dianska 59, 813 34 Bratislava, Slovakia, zilkova@fedu.uniba.sk, ORCID 0000-0002-7561-7385<br \/>\n2 Masaryk University in Brno \u017derot\u00ednovo n\u00e1m. 617\/9, 601 77 Brno, Czech Republic, alexandra.kondekova@gmail.com, ORCID 0000-0003-0397-1462<\/p>\n<p><strong>Abstract<\/strong>: During the COVID-19 pandemic (since March 2020) the Faculty of Educa- tion at Comenius University in Bratislava immediately switched to distance learning. A part of the university online education was e-testing using the Moodle system. Lecturers had to change their standard approaches, including the introduction of online testing to their teaching. We were interested in the effect of online learning and e-testing on the level of students\u2019 knowledge gained in the course \u201cTeaching geometry in primary education\u201d. The goal of the study was to investigate the im- pact of e-learning on knowledge of students of preprimary and primary education. We analyzed the students\u2019 results between 2018 and 2021 to compare the traditional teaching and testing in the paper-pencil-compass and ruler form (standard group of students) with the online form of teaching and testing (COVID group of students). Statistical methods of quantitative research were used to analyze the data separately for full-time and part-time students. The statistical analysis showed that there are no differences between the distributions of the percentage scores of standard and COVID group of full-time students. The same result was obtained for the distribu- tions of percentage scores for standard and COVID group of part-time students. Hence, the online form of teaching and testing was equivalent to the in-person form. In addition to the percentage score of students, it is also necessary to investigate other determinants of online education and their impact on the preparation of future primary education teachers.<\/p>\n<p><strong>Keywords<\/strong>: online education, distance learning, online testing, preservice primary teachers.<\/p>\n<p><strong>REFERENCES<\/strong><\/p>\n<p>CIT UK (2021). Vyhodnotenie prieskumu o di\u0161tan\u010dnej v\u00fdu\u010dbe v ZS 2020\/2021\/ pedag\u00f3govia [Evaluation of the survey on distance education in WS 2020\/2021 \u2013 teachers]. Bratislava: Comenius University. Retrieved from https:\/\/uniba.sk\/fileadmin\/ruk\/cit\/e-learning\/Vy- hodnotenie_prieskumu_ZS_2020-21_ucitelia.pdf.<\/p>\n<p>CIT UK (2021). Vyhodnotenie prieskumu o di\u0161tan\u010dnej v\u00fdu\u010dbe v ZS 2020\/2021\/ \u0161tudenti [Evaluation of the survey on distance education in WS 2020\/2021 \u2013 students]. Bratislava: Comenius University. Retrieved from https:\/\/uniba.sk\/fileadmin\/ruk\/cit\/e-learning\/ Vyhodnotenie_prieskumu_ZS_20-21_studenti.pdf.<\/p>\n<p>G o p a l, R., S i n g h, V., &amp; A g g a r w a l, A. (2021). Impact of online classes on the satisfaction and performance of students during the pandemic period of COVID-19. Education and Information Technologies, 26. https:\/\/doi.org\/10.1007\/s10639-021-10523-1.<\/p>\n<p>C h a k r a b o r t y, P., M i t t a l, P., G u p t a, M.S., Ya d a v, S., &amp; A r o r a, A. (2021). Opinion of students on online education during the COVID-19 pandemic. Human Behavior and Emerging Technologies, 3(3), 357\u2013365. https:\/\/doi.org\/10.1002\/hbe2.240.<\/p>\n<p>C h i u, T h o m a s, K.F. (2021). Applying the self-determination theory (SDT) to explain student engagement in online learning during the COVID-19 pandemic. Journal of Re- search on Technology in Education. https:\/\/doi.org\/10.1080\/15391523.2021.189199.<\/p>\n<p>K u r u c, M., et al. (2020). Sebaregul\u00e1cia u\u010denia sa \u0161tudentov predprim\u00e1rneho a prim\u00e1rneho vzdel\u00e1vania. [Self-regulation of learning of pre-primary and primary education students.] Bratislava: Comenius University. ISBN 978-80-223-4996-3.<\/p>\n<p>M o a w a d, R.A. (2020). Online Learning during the COVID-19 Pandemic and Academic Stress in University Students. Revista Romaneasca Pentru Educatie Multidimensionala, 12(1Sup2), 100\u2013107. https:\/\/doi.org\/10.18662\/rrem\/12.1sup2\/252.<\/p>\n<p>O b a i d, A.H. &amp; A l &#8211; H u s s e i n i, K.A.O. (2019). Study the Impact of Electronic Tests Using Moodle Program on Student Achievement. Retrieved from https:\/\/www.researchgate. net\/publication\/336720948_Study_the_Impact_of_Electronic_Tests_Using_Moodle_ Program_on_Student_Achievement.<\/p>\n<p>O p r o i u, C. (2014). A Study about Using E-learning Platform (Moodle) in University Teach- ing Process, Procedia \u2013 Social and Behavioral Sciences, 180 (pp. 426\u2013432). https:\/\/doi.org\/ 10.1016\/j.sbspro.2015.02.140.<\/p>\n<p>P o k o r n \u00fd, M. (2021). E-learning in manipulative geometry teaching. Accepted on The 17th International Scientific Conference eLearning and Software for Education. Bucharest, April 22\u201323, 2021. https:\/\/doi.org\/10.12753\/2066-026X-21-000.<\/p>\n<p>P o k o r n \u00fd, M. (2021). Video Lessons and E-learning Can Overcome Ban of Face-to-face Lessons in Teaching Mathematics. 2021 International Symposium on Educational Tech- nology (ISET), pp. 44\u201347. https:\/\/doi.org\/10.1109\/ISET52350.2021.00019.<\/p>\n<p>S p i t z e r, M.W.H. &amp; M u s s l i c k, S. (2021). Academic performance of K-12 students in an online-learning environment for mathematics increased during the shutdown of schools in wake of the COVID-19 pandemic. PLOS ONE 16(8): e0255629. https:\/\/doi.org\/10.1371\/ journal.pone.0255629.<\/p>\n<p>Y a d a v, A.K. (2021). Impact of Online Teaching on Students\u2019 Education and Health in India during the Pandemic of COVID-19\u201d, Coronaviruses 2021, 2(4). https:\/\/doi.org\/10.2174\/26 66796701999201005212801.<\/p>\n<p>\u017d i l k o v \u00e1, K. &amp; \u017d i l k o v \u00e1, V. (2021). Perception of elementary geometry e-test from the perspective of future preservice primary teachers: a qualitative study. International Sym- posium Elementary Mathematics Teaching SEMT 2021. Prague: Charles University. ISBN 978-80-7603-260-6.[\/vc_column_text][\/vc_column][\/vc_row]<\/p>","protected":false},"excerpt":{"rendered":"<p>[vc_row][vc_column][vc_column_text]E-learning in the Time of COVID-19 Scientific Editor Eugenia Smyrnova-Trybulska \u201cE-learning\u201d, 13, Katowice\u2013Cieszyn 2021, pp. 114\u2013124 https:\/\/doi.org\/10.34916\/el.2021.13.10 THE IMPACT OF ONLINE EDUCATION ON THE STUDENT\u2019S SUCCESS IN THE COURSE \u201cTEACHING GEOMETRY IN PRIMARY EDUCATION\u201d Katar\u00edna \u017dilkov\u00e1 1 &amp; Alexandra Kondekov\u00e1 2 1 Comenius University in Bratislava Ra\u010dianska 59, 813 34 Bratislava, Slovakia, zilkova@fedu.uniba.sk, ORCID 0000-0002-7561-7385 [&#8230;]<\/p>\n<p><a class=\"btn btn-secondary understrap-read-more-link\" href=\"https:\/\/us.edu.pl\/wydzial\/wsne\/nauka-i-badania\/serie-wydawnicze\/seria-e-learning\/13-articles\/10-2\/\">Read More&#8230;<\/a><\/p>\n","protected":false},"author":110,"featured_media":0,"parent":7111,"menu_order":0,"comment_status":"closed","ping_status":"closed","template":"page-templates\/inner-page.php","meta":{"_expiration-date-status":"saved","_expiration-date":0,"_expiration-date-type":"","_expiration-date-categories":[],"_expiration-date-options":[]},"acf":[],"_links":{"self":[{"href":"https:\/\/us.edu.pl\/wydzial\/wsne\/wp-json\/wp\/v2\/pages\/7293"}],"collection":[{"href":"https:\/\/us.edu.pl\/wydzial\/wsne\/wp-json\/wp\/v2\/pages"}],"about":[{"href":"https:\/\/us.edu.pl\/wydzial\/wsne\/wp-json\/wp\/v2\/types\/page"}],"author":[{"embeddable":true,"href":"https:\/\/us.edu.pl\/wydzial\/wsne\/wp-json\/wp\/v2\/users\/110"}],"replies":[{"embeddable":true,"href":"https:\/\/us.edu.pl\/wydzial\/wsne\/wp-json\/wp\/v2\/comments?post=7293"}],"version-history":[{"count":3,"href":"https:\/\/us.edu.pl\/wydzial\/wsne\/wp-json\/wp\/v2\/pages\/7293\/revisions"}],"predecessor-version":[{"id":7296,"href":"https:\/\/us.edu.pl\/wydzial\/wsne\/wp-json\/wp\/v2\/pages\/7293\/revisions\/7296"}],"up":[{"embeddable":true,"href":"https:\/\/us.edu.pl\/wydzial\/wsne\/wp-json\/wp\/v2\/pages\/7111"}],"wp:attachment":[{"href":"https:\/\/us.edu.pl\/wydzial\/wsne\/wp-json\/wp\/v2\/media?parent=7293"}],"curies":[{"name":"wp","href":"https:\/\/api.w.org\/{rel}","templated":true}]}}