{"id":7323,"date":"2022-02-04T10:47:42","date_gmt":"2022-02-04T09:47:42","guid":{"rendered":"https:\/\/us.edu.pl\/wydzial\/wsne\/?page_id=7323"},"modified":"2022-02-04T10:49:28","modified_gmt":"2022-02-04T09:49:28","slug":"15-2","status":"publish","type":"page","link":"https:\/\/us.edu.pl\/wydzial\/wsne\/nauka-i-badania\/serie-wydawnicze\/seria-e-learning\/13-articles\/15-2\/","title":{"rendered":"15"},"content":{"rendered":"<p>[vc_row][vc_column][vc_column_text]E-learning in the Time of COVID-19<br \/>\nScientific Editor Eugenia Smyrnova-Trybulska<br \/>\n\u201cE-learning\u201d, 13, Katowice\u2013Cieszyn 2021, pp. 176\u2013186<br \/>\n<a href=\"https:\/\/doi.org\/10.34916\/el.2021.13.15\">https:\/\/doi.org\/10.34916\/el.2021.13.15<\/a><\/p>\n<p><strong>ARTIFICIAL INTELLIGENCE TRAINING \u2013 APPROACHES, RESULTS, ANALYSES AND CONCLUSIONS<\/strong><\/p>\n<p><strong>Veneta Tabakova-Komsalova<\/strong> 1, <strong>Todorka Glushkova<\/strong> 2, <strong>Stanimir Stoyanov<\/strong> 3, &amp; <strong>Irina Krasteva<\/strong> 4<br \/>\nPlovdiv University \u201cPaisii Hilendarski\u201d, 4000 Plovdiv, 24 \u201cTzar Asen\u201d str., Bulgaria<br \/>\n1 veni_tab@abv.bg, ORCID 0000-0002-0617-9844<br \/>\n2 glushkova@uni-plovdiv.bg, ORCID 0000-0002-6243-9364<br \/>\n3 stani@uni-plovdiv.net, ORCID 0000-0002-3854-4260<br \/>\n4 krasteva@uni-plovdiv.bg, ORCID 0000-0003-0842-8143<\/p>\n<p><strong>Abstract<\/strong>: The development of the digital society is directly related to the training and use of algorithms and concepts of artificial intelligence. Packages of strategic documents have been developed at European and national level, which set as a main goal for education the introduction of elements of artificial intelligence in different educational levels and forms of education. In recent years, experimental training in artificial intelligence (AI) has been applied in school education in Bulgaria. New approaches are also applied in the training of computer science students. The report addresses some issues and challenges in organizing and conducting this training. Some guidelines and approaches for creating an appropriate curriculum in the field of knowledge structuring and semantic modelling are outlined. As a result of the conducted experimental training, it was established that this subject can be success- fully studied in secondary school.<\/p>\n<p><strong>Keywords<\/strong>: artificial intelligence, logic programming, knowledge structuring and semantic modelling.<\/p>\n<p><strong>REFERENCES<\/strong><\/p>\n<p>B a l a g a n u r, S. (2019). The Problem with Including AI in School Curriculum. Analytic India Magazine. Retrieved from https:\/\/analyticsindiamag.com\/the-problem-with-includ- ing-ai-in-school-curriculum\/ (accessed 1 June 2021).<\/p>\n<p>B o c c o n i, S., C h i o c c a r i e l l o, A., D e t t o r i, G., F e r r a r i, A., E n g e l h a r d t, K., K a m p y l i s, P., &amp; P u n i e, Y. (2016). Developing Computational Thinking: Approaches and Orientations in K-12 Education. Proceedings from the EdMedia + Innovate Learning, (13\u201318), Vancouver, BC, Canada, Jun 28, 2016, ISBN 978-1-939797-24-7.<\/p>\n<p>Concept for the development of Artificial Intelligence in Bulgaria until 2030 Retrieved from https:\/\/strategy.bg\/FileHandler.ashx?fileId=23684.<\/p>\n<p>G l u s h k o v a, T., S t o y a n o v, S., Ta b a k o v a &#8211; K o m s a l o v a, V., G r a n c h a r o v a &#8211; H r i s t o v a, M., &amp; K r a s t e v a, I. (2020). An Approach to Teaching Artificial Intelli- gence in School. In E. S m y r n o v a -Tr y b u l s k a (Eds.). Innovative Educational Tech- nologies, Tools and Methods for E-learning (pp. 257\u2013267), 12. https:\/\/doi.org\/10.34916\/ el.2020.12.22.<\/p>\n<p>G u g g e m o s, J. (2021). On the predictors of computational thinking and its growth at the high-school level. Computers &amp; Education, 161, 104060, ISSN 0360-1315. https:\/\/doi. org\/10.1016\/j.compedu.2020.104060.<\/p>\n<p>H a r a n g us, K. &amp; K \u00e1 t a i, Z. (2020). Computational Thinking in Secondary and Higher Ed- ucation, Procedia Manufacturing, 46, 615\u2013622. ISSN 2351-9789, https:\/\/doi.org\/10.1016\/j.promfg. 2020.03.088.<\/p>\n<p>H i n o j o &#8211; L u c e n a, F.-J., A z n a r &#8211; D \u00ed a z, I., C \u00e1 c e r e s &#8211; R e c h e, M.-P., &amp; R o m e r o &#8211; R o d r \u00ed g u e z, J.-M. (2019). Artificial Intelligence in Higher Education: A Bibliometric Study on its Impact in the Scientific Literature. Education Sciences, 9, 51. https:\/\/doi.org\/ 10.3390\/educsci 9010051.<\/p>\n<p>H o l m e s, W., B i a l i k, M., &amp; F a d e l, C. (2019). Artificial Intelligence In Education Promises and Implications for Teaching and Learning. Boston: The Center for Curriculum Rede- sign, USA, MA, 02130, ISBN-13: 978-1-794-29370-0, 2019.<\/p>\n<p>M o u d g a l y a, S., Ya d a v, A., S a n d s, Ph., Vo g e l, S., &amp; Z a m a n s k y, M. (2021). Teacher Views on Computational Thinking as a Pathway to Computer Science. In Proceedings of the 26th ACM Conference on Innovation and Technology in Computer Science Education V. 1 (ITiCSE \u201821), New York, NY, USA (pp. 262\u2013268). https:\/\/doi.org\/10.1145\/3430665.3456334.<\/p>\n<p>S c h w a b, K. (2016). The Fourth Industrial Revolution. Crown Business, USA.<\/p>\n<p>S t o y a n o v, S. &amp; G l u s h k o v a, T. (2020). An Approach to E-learning in the Virtual Educa- tion Space. CEUR Workshop Proceedings, 2770 (pp. 55\u201364). ISBN 1613-0073.<\/p>\n<p>S t o y a n o v, S., G l u s h k o v a, T., &amp; T o d o r o v, J. (2019). Artificial Intelligence. Solve prob- lems through search. [Izkustven intelekt. Reshavane na problemi posredstvom tarsene]. Sofia: Izkustva. ISBN: 9786197243871.<\/p>\n<p>S t o y a n o v, S., S t o y a n o v a &#8211; D o y c h e v a, A., G l u s h k o v a, T., &amp; D o y c h e v, E. (2018). Virtual Physical Space \u2013 an architecture supporting internet of things applications. XX- th International Symposium on Electrical Apparatus and Technologies SIELA 2018. IEEE, 3\u20136 June, Bourgas, Bulgaria. DOI: 10.1109\/SIELA.2018.8447156.<\/p>\n<p>T a b a k o v a &#8211; K o m s a l o v a, V., G l u s h k o v a, T., G r a n c h a r o v a &#8211; H r i s t o v a, M., &amp; K r a s t e v a, I. (2020). Learning tasks in Artificial intelligence education. Educations and Technologies, 11\/1, 233\u2013240. ISSN 1314-1791, https:\/\/doi.org\/10.26883\/2010.201.2292.<\/p>\n<p>T u o m i, I. (2018). The Impact of Artificial Intelligence on Learning, Teaching, and Education.\u00a0M. C a b r e r a, R. Vu o r i k a r i, &amp; Y. P u n i e (Eds.). Luxembourg: Publications Office of the European Union. ISBN 978-92-79-97257-7, https:\/\/doi.org\/10.2760\/12297, JRC113226.<\/p>\n<p>T u o m i, I. (2020), Research for CULT Committee \u2013 The use of Artificial Intelligence (AI) in education, European Parliament. Retrieved from https:\/\/www.europarl.europa.eu\/RegData\/etudes\/BRIE\/2020\/629222\/IPOL_BRI(2020)629222_EN.pdf. (accessed 1 July 2021).<\/p>\n<p>White Paper On Artificial Intelligence \u2013 A European approach to excellence and trust, 2020. Retrieved from https:\/\/ec.europa.eu\/info\/sites\/info\/files\/commission-white-paper-artifi cial-intelligence-feb2020_bg.pdf.[\/vc_column_text][\/vc_column][\/vc_row]<\/p>","protected":false},"excerpt":{"rendered":"<p>[vc_row][vc_column][vc_column_text]E-learning in the Time of COVID-19 Scientific Editor Eugenia Smyrnova-Trybulska \u201cE-learning\u201d, 13, Katowice\u2013Cieszyn 2021, pp. 176\u2013186 https:\/\/doi.org\/10.34916\/el.2021.13.15 ARTIFICIAL INTELLIGENCE TRAINING \u2013 APPROACHES, RESULTS, ANALYSES AND CONCLUSIONS Veneta Tabakova-Komsalova 1, Todorka Glushkova 2, Stanimir Stoyanov 3, &amp; Irina Krasteva 4 Plovdiv University \u201cPaisii Hilendarski\u201d, 4000 Plovdiv, 24 \u201cTzar Asen\u201d str., Bulgaria 1 veni_tab@abv.bg, ORCID 0000-0002-0617-9844 2 [&#8230;]<\/p>\n<p><a class=\"btn btn-secondary understrap-read-more-link\" href=\"https:\/\/us.edu.pl\/wydzial\/wsne\/nauka-i-badania\/serie-wydawnicze\/seria-e-learning\/13-articles\/15-2\/\">Read More&#8230;<\/a><\/p>\n","protected":false},"author":110,"featured_media":0,"parent":7111,"menu_order":0,"comment_status":"closed","ping_status":"closed","template":"page-templates\/inner-page.php","meta":{"_expiration-date-status":"saved","_expiration-date":0,"_expiration-date-type":"","_expiration-date-categories":[],"_expiration-date-options":[]},"acf":[],"_links":{"self":[{"href":"https:\/\/us.edu.pl\/wydzial\/wsne\/wp-json\/wp\/v2\/pages\/7323"}],"collection":[{"href":"https:\/\/us.edu.pl\/wydzial\/wsne\/wp-json\/wp\/v2\/pages"}],"about":[{"href":"https:\/\/us.edu.pl\/wydzial\/wsne\/wp-json\/wp\/v2\/types\/page"}],"author":[{"embeddable":true,"href":"https:\/\/us.edu.pl\/wydzial\/wsne\/wp-json\/wp\/v2\/users\/110"}],"replies":[{"embeddable":true,"href":"https:\/\/us.edu.pl\/wydzial\/wsne\/wp-json\/wp\/v2\/comments?post=7323"}],"version-history":[{"count":1,"href":"https:\/\/us.edu.pl\/wydzial\/wsne\/wp-json\/wp\/v2\/pages\/7323\/revisions"}],"predecessor-version":[{"id":7324,"href":"https:\/\/us.edu.pl\/wydzial\/wsne\/wp-json\/wp\/v2\/pages\/7323\/revisions\/7324"}],"up":[{"embeddable":true,"href":"https:\/\/us.edu.pl\/wydzial\/wsne\/wp-json\/wp\/v2\/pages\/7111"}],"wp:attachment":[{"href":"https:\/\/us.edu.pl\/wydzial\/wsne\/wp-json\/wp\/v2\/media?parent=7323"}],"curies":[{"name":"wp","href":"https:\/\/api.w.org\/{rel}","templated":true}]}}