{"id":974,"date":"2019-11-13T15:10:25","date_gmt":"2019-11-13T14:10:25","guid":{"rendered":"https:\/\/us.edu.pl\/wydzial\/wsne\/?page_id=974"},"modified":"2022-06-01T14:04:47","modified_gmt":"2022-06-01T12:04:47","slug":"edukacja-artystyczna-w-zakresie-sztuk-plastycznych","status":"publish","type":"page","link":"https:\/\/us.edu.pl\/wydzial\/wsne\/oferta-dydaktyczna\/edukacja-artystyczna-w-zakresie-sztuk-plastycznych\/","title":{"rendered":"Edukacja artystyczna w zakresie sztuk plastycznych"},"content":{"rendered":"<p>[vc_row][vc_column]\r\n                <div class=\"text-modules\">\r\n                    <div class=\"container\">\r\n                        <h3 class=\"page-title text__title\">Edukacja artystyczna w zakresie sztuk plastycznych<\/h3>\r\n                        <div class=\"text-modules__content\"><p><strong>STUDIA STACJONARNE I stopnia<\/strong><\/p>\n<p>&nbsp;<\/p>\n<p>Studia gwarantuj\u0105 uzyskanie umiej\u0119tno\u015bci i wiedzy wykwalifikowanego plastyka \u2014 tw\u00f3rcy, zdolnego do samodzielnego podejmowania wyzwa\u0144 artystycznych i kreatywnego rozwi\u0105zywania r\u00f3\u017cnorodnych zagadnie\u0144 plastycznych, ze \u015bwiadomo\u015bci\u0105 ich kontekstu artystycznego, kulturowego, cywilizacyjnego i spo\u0142ecznego. Ponadto kszta\u0142cenie nakierunkowane jest na\u00a0 kszta\u0142towanie \u015bwiadomych odbiorc\u00f3w sztuki i designu potrafi\u0105cych wyra\u017ca\u0107 uzasadnione opinie krytyczne oraz edukowa\u0107 innych w tym zakresie.<\/p>\n<p>Podstaw\u0105 programu kszta\u0142cenia jest holistyczne kszta\u0142towanie umiej\u0119tno\u015bci, wiedzy i kompetencji studenta w zakresie sztuki. Program wpisuje si\u0119 w koncepcj\u0119 kszta\u0142cenia uniwersalnego, nie ograniczaj\u0105cego si\u0119 \u015bci\u015ble do wybranej dziedziny \u2014 nawi\u0105zuj\u0105c tym samym do wsp\u00f3\u0142czesnych koncepcji dydaktyki sztuki kraj\u00f3w zachodnich, ale r\u00f3wnie\u017c do bliskiej polskiej tradycji koncepcji korespondencji sztuk \u2014 \u201esztuki totalnej\u201d. Pomimo wyodr\u0119bnienia konkretnych specjalno\u015bci student jest gotowy do podejmowania wyzwa\u0144 w szeroko rozumianym tzw. edu-arcie. Opracowany system edukacyjny pozwala na kszta\u0142towanie postaw studenta skupionych na dialogu, \u017cyczliwym rozpoznaniu partner\u00f3w, wsp\u00f3\u0142dzia\u0142aniu i otwarto\u015bci na r\u00f3\u017cnice zda\u0144, przekona\u0144, pogl\u0105d\u00f3w. Pozwala w spos\u00f3b pe\u0142ny zidentyfikowa\u0107 siebie w kontek\u015bcie sztuki \u2013 tw\u00f3rczo\u015bci i spo\u0142ecze\u0144stwa przy r\u00f3wnoczesnym poczuciu warto\u015bci jak\u0105 stanowi\u0105 odmienno\u015bci. Edukacyjno\u015b\u0107\u00a0 w sztuce musi zak\u0142ada\u0107 kszta\u0142towanie w tolerancji i naczelnym przekonaniu o roli warto\u015bci etycznych.<\/p>\n<p>Absolwent studi\u00f3w II stopnia wyposa\u017cony jest w kwalifikacje pedagogiczne zgodne ze standardami kszta\u0142cenia nauczycieli lub kompetencje umo\u017cliwiaj\u0105ce podj\u0119cie pracy menad\u017cera sztuki. Absolwent jest przygotowany do podj\u0119cia tw\u00f3rczej pracy zawodowej w charakterze animatora dzia\u0142a\u0144 tw\u00f3rczych w o\u015brodkach i instytucjach kultury, sztuki i edukacji pozaszkolnej, w mass-mediach, oraz strukturach promocyjnych i reklamowych, i zale\u017cnie od wybranej \u015bcie\u017cki fakultatywnej, poj\u0119cia pracy nauczyciela lub osoby zwi\u0105zanej z biznesem.<\/p>\n<p>Wydzia\u0142 Sztuki i Nauk o Edukacji w ramach kt\u00f3rego prowadzone s\u0105 studia dysponuje bardzo dobrze przygotowan\u0105 baz\u0105 dydaktyczn\u0105 ze specjalistycznymi pracowniami, w tym rozbudowanym zapleczem technicznym i aparaturowym, pracowniami ceramiki, szk\u0142a artystycznego, struktur wizualnych, projektowania, grafiki warsztatowej, grafiki cyfrowej, multimedi\u00f3w i fotografii, rysunku, malarstwa i rze\u017aby etc. oraz do\u015bwiadczon\u0105 i wykwalifikowan\u0105 kadr\u0105 pedagog\u00f3w o uznanym dorobku artystycznym i naukowym.<\/p>\n<p><strong>\u00a0<\/strong><\/p>\n<p><strong>specjalno\u015bci na I stopniu:<\/strong><\/p>\n<ul>\n<li>sztuki u\u017cytkowe,<\/li>\n<li>sztuki pi\u0119kne.<\/li>\n<\/ul>\n<p>&nbsp;<\/p>\n<p><strong>Perspektywy zawodowe:<\/strong><\/p>\n<ul>\n<li>przygotowanie do dzia\u0142alno\u015bci plastyka, projektanta oraz edukatora sztuki,<\/li>\n<li>przygotowanie do podj\u0119cia szkolnej i pozaszkolnej dzia\u0142alno\u015bci edukacyjnej, pracy w galeriach, muzeach, instytucjach kultury,<\/li>\n<li>przygotowanie do prowadzenia dzia\u0142alno\u015bci tw\u00f3rczej, uprawiania tzw. wolnego zawodu \u2014 artysty w ramach sztuk u\u017cytkowych,<\/li>\n<li>przygotowanie do samodzielnego prowadzenia pracowni sztuk u\u017cytkowych (ceramika, szk\u0142o artystyczne\u2014witra\u017c, tkanina, grafika u\u017cytkowa) lub pracy w firmach o profilu artystycznym i r\u0119kodzielniczym,<\/li>\n<li>studia zapewniaj\u0105 wszechstronne wykszta\u0142cenie projektanta i artysty-humanisty zdolnego do podejmowania wyzwa\u0144 wsp\u00f3\u0142czesnego rynku pracy.<\/li>\n<\/ul>\n<p><strong>\u00a0<\/strong><\/p>\n<p><strong>Szczeg\u00f3\u0142y w za\u0142\u0105cznikach <\/strong><\/p>\n<p><a href=\"https:\/\/us.edu.pl\/wydzial\/wsne\/wp-content\/uploads\/sites\/20\/Nieprzypisane\/Edukacja-artystyczna-w-zakresie-sztuk-plastycznych-I-stopie\u0144.pdf\" class=\"mtli_attachment mtli_pdf\" class=\"mtli_attachment mtli_pdf\">Edukacja artystyczna w zakresie sztuk plastycznych I stopie\u0144<\/a><\/p>\n<\/div>\r\n                    <\/div>\r\n                <\/div>[vc_raw_html]JTNDYSUyMGhyZWYlM0QlMjJodHRwcyUzQSUyRiUyRmlyay51cy5lZHUucGwlMkZpcmslMkZhcHBsaWNhdGlvbiUyRnByb2dyYW0lM0ZpZCUzRDE3MzclMjIlMjBzdHlsZSUzRCUyMmRpc3BsYXklM0ElMjBibG9jayUzQiUwQSUyMCUyMCUyMCUyMGJhY2tncm91bmQlM0ElMjAlMjMwMDJlNWElM0IlMEElMjAlMjAlMjAlMjB3aWR0aCUzQSUyMDIwMHB4JTNCJTBBJTIwJTIwJTIwJTIwcGFkZGluZyUzQSUyMDE1cHglMjAyMHB4JTNCJTBBJTIwJTIwJTIwJTIwdGV4dC1hbGlnbiUzQSUyMGNlbnRlciUzQiUwQSUyMCUyMCUyMCUyMGZvbnQtc2l6ZSUzQSUyMDEuOGVtJTNCJTBBJTIwJTIwJTIwJTIwbWFyZ2luJTNBJTIwMCUyMGF1dG8lM0IlMEElMjAlMjAlMjAlMjBjb2xvciUzQSUyMCUyM2ZmZiUzQiUyMiUzRSUyMFphcGlzeiUyMHNpJUM0JTk5JTIwJTNDJTJGYSUzRQ==[\/vc_raw_html]\r\n                <div class=\"text-modules\">\r\n                    <div class=\"container\">\r\n                        <h3 class=\"page-title text__title\">Edukacja artystyczna w zakresie sztuk plastycznych<\/h3>\r\n                        <div class=\"text-modules__content\"><p><strong>STUDIA STACJONARNE II stopnia<\/strong><\/p>\n<p>&nbsp;<\/p>\n<p>&nbsp;<\/p>\n<p>Absolwent studi\u00f3w II stopnia wyposa\u017cony jest w kwalifikacje pedagogiczne zgodne ze standardami kszta\u0142cenia nauczycieli lub kompetencje umo\u017cliwiaj\u0105ce podj\u0119cie pracy menad\u017cera sztuki. Absolwent jest przygotowany do podj\u0119cia tw\u00f3rczej pracy zawodowej w charakterze animatora dzia\u0142a\u0144 tw\u00f3rczych w o\u015brodkach i instytucjach kultury, sztuki i edukacji pozaszkolnej, w mass-mediach, oraz strukturach promocyjnych i reklamowych, i zale\u017cnie od wybranej \u015bcie\u017cki fakultatywnej, poj\u0119cia pracy nauczyciela lub osoby zwi\u0105zanej z biznesem.<\/p>\n<p>Wydzia\u0142 Sztuki i Nauk o Edukacji w ramach kt\u00f3rego prowadzone s\u0105 studia dysponuje bardzo dobrze przygotowan\u0105 baz\u0105 dydaktyczn\u0105 ze specjalistycznymi pracowniami, w tym rozbudowanym zapleczem technicznym i aparaturowym, pracowniami ceramiki, szk\u0142a artystycznego, struktur wizualnych, projektowania, grafiki warsztatowej, grafiki cyfrowej, multimedi\u00f3w i fotografii, rysunku, malarstwa i rze\u017aby etc. oraz do\u015bwiadczon\u0105 i wykwalifikowan\u0105 kadr\u0105 pedagog\u00f3w o uznanym dorobku artystycznym i naukowym.<\/p>\n<p><strong>specjalno\u015bci na II stopniu:<\/strong><\/p>\n<ul>\n<li>sztuki u\u017cytkowe z blokiem fakultatywnym <strong>menad\u017cer sztuki<\/strong> lub <strong>pedagog sztuki,<\/strong><\/li>\n<li>sztuki pi\u0119kne z blokiem fakultatywnym <strong>menad\u017cer sztuki<\/strong> lub <strong>pedagog sztuki.<\/strong><\/li>\n<\/ul>\n<p>&nbsp;<\/p>\n<p><strong>Perspektywy zawodowe:<\/strong><\/p>\n<ul>\n<li>przygotowanie do wykonywania zawodu nauczyciela plastyki (pe\u0142ne kwalifikacje nauczycielskie),<\/li>\n<li>przygotowanie do wykonywania zawodu menad\u017cera sztuki,<\/li>\n<li>przygotowanie do podj\u0119cia samodzielnej dzia\u0142alno\u015bci edukacyjnej, pracy w galeriach, muzeach, instytucjach kultury,<\/li>\n<li>przygotowanie do prowadzenia dzia\u0142alno\u015bci tw\u00f3rczej, uprawiania tzw. wolnego zawodu artysty \u2013 projektanta w ramach sztuk u\u017cytkowych; do samodzielnego prowadzenia pracowni sztuk u\u017cytkowych (ceramika, szk\u0142o artystyczne &#8211; witra\u017c, tkanina, sztuka przedmiotu, grafika u\u017cytkowa) lub pracy w firmach o profilu artystycznym i r\u0119kodzielniczym;<\/li>\n<li>studia zapewniaj\u0105 wszechstronne wykszta\u0142cenie projektanta oraz artysty-humanisty zdolnego do podejmowania wyzwa\u0144 wsp\u00f3\u0142czesnego rynku pracy oraz przygotowuj\u0105 do podj\u0119cia studi\u00f3w III stopnia (doktorat) w ramach sztuki.<\/li>\n<\/ul>\n<p><strong>\u00a0<\/strong><\/p>\n<p><strong>Szczeg\u00f3\u0142y w za\u0142\u0105cznikach <\/strong><\/p>\n<p><a href=\"https:\/\/us.edu.pl\/wydzial\/wsne\/wp-content\/uploads\/sites\/20\/Nieprzypisane\/Edukacja-artystyczna-w-zakresie-sztuk-plastycznych-II-stopnia.pdf\" class=\"mtli_attachment mtli_pdf\" class=\"mtli_attachment mtli_pdf\">Edukacja artystyczna w zakresie sztuk plastycznych II stopnia<\/a><\/p>\n<\/div>\r\n                    <\/div>\r\n                <\/div>[\/vc_column][\/vc_row][vc_row][vc_column][vc_raw_html]JTNDYSUyMGhyZWYlM0QlMjJodHRwcyUzQSUyRiUyRmlyay51cy5lZHUucGwlMkZpcmslMkZhcHBsaWNhdGlvbiUyRnByb2dyYW0lM0ZpZCUzRDE3NDElMjIlMjBzdHlsZSUzRCUyMmRpc3BsYXklM0ElMjBibG9jayUzQiUwQSUyMCUyMCUyMCUyMGJhY2tncm91bmQlM0ElMjAlMjMwMDJlNWElM0IlMEElMjAlMjAlMjAlMjB3aWR0aCUzQSUyMDIwMHB4JTNCJTBBJTIwJTIwJTIwJTIwcGFkZGluZyUzQSUyMDE1cHglMjAyMHB4JTNCJTBBJTIwJTIwJTIwJTIwdGV4dC1hbGlnbiUzQSUyMGNlbnRlciUzQiUwQSUyMCUyMCUyMCUyMGZvbnQtc2l6ZSUzQSUyMDEuOGVtJTNCJTBBJTIwJTIwJTIwJTIwbWFyZ2luJTNBJTIwMCUyMGF1dG8lM0IlMEElMjAlMjAlMjAlMjBjb2xvciUzQSUyMCUyM2ZmZiUzQiUyMiUzRSUyMFphcGlzeiUyMHNpJUM0JTk5JTIwJTNDJTJGYSUzRQ==[\/vc_raw_html][\/vc_column][\/vc_row]<\/p>","protected":false},"excerpt":{"rendered":"<p>[vc_row][vc_column][vc_raw_html]JTNDYSUyMGhyZWYlM0QlMjJodHRwcyUzQSUyRiUyRmlyay51cy5lZHUucGwlMkZpcmslMkZhcHBsaWNhdGlvbiUyRnByb2dyYW0lM0ZpZCUzRDE3MzclMjIlMjBzdHlsZSUzRCUyMmRpc3BsYXklM0ElMjBibG9jayUzQiUwQSUyMCUyMCUyMCUyMGJhY2tncm91bmQlM0ElMjAlMjMwMDJlNWElM0IlMEElMjAlMjAlMjAlMjB3aWR0aCUzQSUyMDIwMHB4JTNCJTBBJTIwJTIwJTIwJTIwcGFkZGluZyUzQSUyMDE1cHglMjAyMHB4JTNCJTBBJTIwJTIwJTIwJTIwdGV4dC1hbGlnbiUzQSUyMGNlbnRlciUzQiUwQSUyMCUyMCUyMCUyMGZvbnQtc2l6ZSUzQSUyMDEuOGVtJTNCJTBBJTIwJTIwJTIwJTIwbWFyZ2luJTNBJTIwMCUyMGF1dG8lM0IlMEElMjAlMjAlMjAlMjBjb2xvciUzQSUyMCUyM2ZmZiUzQiUyMiUzRSUyMFphcGlzeiUyMHNpJUM0JTk5JTIwJTNDJTJGYSUzRQ==[\/vc_raw_html][\/vc_column][\/vc_row][vc_row][vc_column][vc_raw_html]JTNDYSUyMGhyZWYlM0QlMjJodHRwcyUzQSUyRiUyRmlyay51cy5lZHUucGwlMkZpcmslMkZhcHBsaWNhdGlvbiUyRnByb2dyYW0lM0ZpZCUzRDE3NDElMjIlMjBzdHlsZSUzRCUyMmRpc3BsYXklM0ElMjBibG9jayUzQiUwQSUyMCUyMCUyMCUyMGJhY2tncm91bmQlM0ElMjAlMjMwMDJlNWElM0IlMEElMjAlMjAlMjAlMjB3aWR0aCUzQSUyMDIwMHB4JTNCJTBBJTIwJTIwJTIwJTIwcGFkZGluZyUzQSUyMDE1cHglMjAyMHB4JTNCJTBBJTIwJTIwJTIwJTIwdGV4dC1hbGlnbiUzQSUyMGNlbnRlciUzQiUwQSUyMCUyMCUyMCUyMGZvbnQtc2l6ZSUzQSUyMDEuOGVtJTNCJTBBJTIwJTIwJTIwJTIwbWFyZ2luJTNBJTIwMCUyMGF1dG8lM0IlMEElMjAlMjAlMjAlMjBjb2xvciUzQSUyMCUyM2ZmZiUzQiUyMiUzRSUyMFphcGlzeiUyMHNpJUM0JTk5JTIwJTNDJTJGYSUzRQ==[\/vc_raw_html][\/vc_column][\/vc_row] [&#8230;]<\/p>\n<p><a class=\"btn btn-secondary understrap-read-more-link\" href=\"https:\/\/us.edu.pl\/wydzial\/wsne\/oferta-dydaktyczna\/edukacja-artystyczna-w-zakresie-sztuk-plastycznych\/\">Read More&#8230;<\/a><\/p>\n","protected":false},"author":33,"featured_media":0,"parent":245,"menu_order":0,"comment_status":"closed","ping_status":"closed","template":"","meta":{"_expiration-date-status":"","_expiration-date":0,"_expiration-date-type":"","_expiration-date-categories":[],"_expiration-date-options":[]},"acf":[],"_links":{"self":[{"href":"https:\/\/us.edu.pl\/wydzial\/wsne\/wp-json\/wp\/v2\/pages\/974"}],"collection":[{"href":"https:\/\/us.edu.pl\/wydzial\/wsne\/wp-json\/wp\/v2\/pages"}],"about":[{"href":"https:\/\/us.edu.pl\/wydzial\/wsne\/wp-json\/wp\/v2\/types\/page"}],"author":[{"embeddable":true,"href":"https:\/\/us.edu.pl\/wydzial\/wsne\/wp-json\/wp\/v2\/users\/33"}],"replies":[{"embeddable":true,"href":"https:\/\/us.edu.pl\/wydzial\/wsne\/wp-json\/wp\/v2\/comments?post=974"}],"version-history":[{"count":9,"href":"https:\/\/us.edu.pl\/wydzial\/wsne\/wp-json\/wp\/v2\/pages\/974\/revisions"}],"predecessor-version":[{"id":156065,"href":"https:\/\/us.edu.pl\/wydzial\/wsne\/wp-json\/wp\/v2\/pages\/974\/revisions\/156065"}],"up":[{"embeddable":true,"href":"https:\/\/us.edu.pl\/wydzial\/wsne\/wp-json\/wp\/v2\/pages\/245"}],"wp:attachment":[{"href":"https:\/\/us.edu.pl\/wydzial\/wsne\/wp-json\/wp\/v2\/media?parent=974"}],"curies":[{"name":"wp","href":"https:\/\/api.w.org\/{rel}","templated":true}]}}