{"id":980,"date":"2019-11-13T15:15:26","date_gmt":"2019-11-13T14:15:26","guid":{"rendered":"https:\/\/us.edu.pl\/wydzial\/wsne\/?page_id=980"},"modified":"2023-01-04T09:02:01","modified_gmt":"2023-01-04T08:02:01","slug":"grafika","status":"publish","type":"page","link":"https:\/\/us.edu.pl\/wydzial\/wsne\/oferta-dydaktyczna\/grafika\/","title":{"rendered":"Grafika"},"content":{"rendered":"<p>[vc_row][vc_column]\r\n                <div class=\"text-modules\">\r\n                    <div class=\"container\">\r\n                        \r\n                        <div class=\"text-modules__content\"><\/p>\n<h2><strong>Grafika<\/strong><\/h2>\n<p>\n<\/div>\r\n                    <\/div>\r\n                <\/div>[\/vc_column][\/vc_row][vc_row][vc_column][vc_raw_html]JTNDYSUyMGhyZWYlM0QlMjJodHRwcyUzQSUyRiUyRmluZm9ybWF0b3IudXMuZWR1LnBsJTJGcHJvZ3JhbW1lcyUyRmxpc3QlMkZsb25nJTJGR1IlMkZXNi1TTUdSMTkuMi4yMDE5JTJGJTIyJTIwc3R5bGUlM0QlMjJkaXNwbGF5JTNBJTIwYmxvY2slM0IlMEElMjAlMjAlMjAlMjBiYWNrZ3JvdW5kJTNBJTIwJTIzMDAyZTVhJTNCJTBBJTIwJTIwJTIwJTIwd2lkdGglM0ElMjAyMDBweCUzQiUwQSUyMCUyMCUyMCUyMHBhZGRpbmclM0ElMjAxNXB4JTIwMjBweCUzQiUwQSUyMCUyMCUyMCUyMHRleHQtYWxpZ24lM0ElMjBjZW50ZXIlM0IlMEElMjAlMjAlMjAlMjBmb250LXNpemUlM0ElMjAxLjhlbSUzQiUwQSUyMCUyMCUyMCUyMG1hcmdpbiUzQSUyMDAlMjBhdXRvJTNCJTBBJTIwJTIwJTIwJTIwY29sb3IlM0ElMjAlMjNmZmYlM0IlMjIlM0UlMjBLYXJ0YSUyMEtpZXJ1bmt1JTIwJTNDJTJGYSUzRQ==[\/vc_raw_html][\/vc_column][\/vc_row][vc_row][vc_column]\r\n                <div class=\"text-modules\">\r\n                    <div class=\"container\">\r\n                        \r\n                        <div class=\"text-modules__content\"><p><strong>STUDIA, 5-LETNIE JEDNOLITE MAGISTERSKIE, STACJONARNE<\/strong><\/p>\n<p>Nowoczesny program kszta\u0142cenia zosta\u0142 opracowany z uwzgl\u0119dnieniem potrzeb wszechstronnego rozwoju artystycznego oraz wymog\u00f3w rynku pracy. Zapewnia wykszta\u0142cenie w zakresie sztuki ze szczeg\u00f3lnym uwzgl\u0119dnieniem grafiki. Uzyskiwane kwalifikacje pozwalaj\u0105 na kreatywne podejmowanie wyzwa\u0144 w obszarze projektowania graficznego i grafiki artystycznej. Pi\u0119cioletnie studia umo\u017cliwiaj\u0105 rozw\u00f3j zainteresowa\u0144 tw\u00f3rczych na r\u00f3\u017cnorodnych polach wsp\u00f3\u0142czesnej grafiki \u2014 od klasycznych technik grafiki warsztatowej, poprzez grafik\u0119 cyfrow\u0105 i technologie informacyjne po sztuk\u0119 komiksu; od projektowania publikacji i ilustracji, poprzez techniki wsp\u00f3\u0142czesnej reklamy po dzia\u0142ania multimedialne. Rozw\u00f3j grafika \u2014 artysty\/projektanta wspierany jest pe\u0142nym spektrum przedmiot\u00f3w og\u00f3lnoplastycznych: rysunkiem, malarstwem, rze\u017ab\u0105, fotografi\u0105 oraz wiedz\u0105 z zakresu historii sztuki oraz wiedzy o sztuce i kulturze wsp\u00f3\u0142czesnej.\u00a0 Wi\u0119kszo\u015b\u0107 zaj\u0119\u0107 na kierunku ma charakter praktyczny.<\/p>\n<p>W ramach kierunku, po drugim roku studi\u00f3w, wybiera si\u0119 <strong>specjalno\u015b\u0107<\/strong>:<\/p>\n<ul>\n<li>grafika artystyczna,<\/li>\n<li>grafika projektowa.<\/li>\n<\/ul>\n<p>&nbsp;<\/p>\n<h2><strong>Grafika artystyczna<\/strong><\/h2>\n<p>W ramach specjalno\u015bci rozwijane s\u0105 zainteresowania studenta skupione wok\u00f3\u0142 kreacji artystycznej w klasycznych i nowoczesnych mediach graficznych. W programie studi\u00f3w uwzgl\u0119dnione jest opanowanie tradycyjnych technik graficznych m.in. miedzioryt, akwaforta, akwatinta, linoryt, drzeworyt, litografia, druk sitowy; technik druku cyfrowego i grafiki komputerowej oraz grafiki eksperymentalnej, interdyscyplinarnej i videoartu.<\/p>\n<h2><strong>Grafika projektowa<\/strong><\/h2>\n<p>W ramach specjalno\u015bci rozwijane s\u0105 zainteresowania studenta skupione wok\u00f3\u0142 realizacji zada\u0144 projektowych: ilustracji, plakatu, opakowa\u0144, identyfikacji wizualnej, projektowania publikacji oraz grafiki stron www. W programie studi\u00f3w uwzgl\u0119dnione jest opanowanie zasad liternictwa i typografii, sk\u0142adu tekstu, przygotowania materia\u0142u do druku.<\/p>\n<p><strong>\u00a0<\/strong><\/p>\n<p><strong>Perspektywy zawodowe:<\/strong><\/p>\n<ul>\n<li>przygotowanie do dzia\u0142alno\u015bci artysty plastyka oraz grafika projektanta,<\/li>\n<li>przygotowanie do podj\u0119cia pracy w agencjach reklamowych, studiach projektowych, wydawnictwach, drukarniach oraz jako grafik freelancer,<\/li>\n<li>przygotowanie do prowadzenia dzia\u0142alno\u015bci tw\u00f3rczej, uprawiania tzw. wolnego zawodu \u2014 artysty,<\/li>\n<li>przygotowania do podj\u0119cia pracy w galeriach, muzeach, instytucjach kultury oraz pozaszkolnej dzia\u0142alno\u015bci edukacyjnej,<\/li>\n<li>przygotowanie do pracy w zakresie klasycznego warsztatu graficznego i nowoczesnych metod kreowania obrazu i komunikacji wizualnej,<\/li>\n<li>studia zapewniaj\u0105 wszechstronne wykszta\u0142cenie artysty-humanisty zdolnego do podejmowania wyzwa\u0144 wsp\u00f3\u0142czesnego rynku pracy oraz przygotowuj\u0105 do podj\u0119cia studi\u00f3w III stopnia (doktorat).<\/li>\n<\/ul>\n<p>\n<\/div>\r\n                    <\/div>\r\n                <\/div>[\/vc_column][\/vc_row][vc_row][vc_column][vc_raw_html]JTNDYSUyMGhyZWYlM0QlMjJodHRwcyUzQSUyRiUyRmlyay51cy5lZHUucGwlMkZpcmslMkZhcHBsaWNhdGlvbiUyRnByb2dyYW0lM0ZpZCUzRDE3NDMlMjIlMjBzdHlsZSUzRCUyMmRpc3BsYXklM0ElMjBibG9jayUzQiUwQSUyMCUyMCUyMCUyMGJhY2tncm91bmQlM0ElMjAlMjMwMDJlNWElM0IlMEElMjAlMjAlMjAlMjB3aWR0aCUzQSUyMDIwMHB4JTNCJTBBJTIwJTIwJTIwJTIwcGFkZGluZyUzQSUyMDE1cHglMjAyMHB4JTNCJTBBJTIwJTIwJTIwJTIwdGV4dC1hbGlnbiUzQSUyMGNlbnRlciUzQiUwQSUyMCUyMCUyMCUyMGZvbnQtc2l6ZSUzQSUyMDEuOGVtJTNCJTBBJTIwJTIwJTIwJTIwbWFyZ2luJTNBJTIwMCUyMGF1dG8lM0IlMEElMjAlMjAlMjAlMjBjb2xvciUzQSUyMCUyM2ZmZiUzQiUyMiUzRSUyMFphcGlzeiUyMHNpJUM0JTk5JTIwJTNDJTJGYSUzRQ==[\/vc_raw_html][\/vc_column][\/vc_row]<\/p>","protected":false},"excerpt":{"rendered":"<p>[vc_row][vc_column][\/vc_column][\/vc_row][vc_row][vc_column][vc_raw_html]JTNDYSUyMGhyZWYlM0QlMjJodHRwcyUzQSUyRiUyRmluZm9ybWF0b3IudXMuZWR1LnBsJTJGcHJvZ3JhbW1lcyUyRmxpc3QlMkZsb25nJTJGR1IlMkZXNi1TTUdSMTkuMi4yMDE5JTJGJTIyJTIwc3R5bGUlM0QlMjJkaXNwbGF5JTNBJTIwYmxvY2slM0IlMEElMjAlMjAlMjAlMjBiYWNrZ3JvdW5kJTNBJTIwJTIzMDAyZTVhJTNCJTBBJTIwJTIwJTIwJTIwd2lkdGglM0ElMjAyMDBweCUzQiUwQSUyMCUyMCUyMCUyMHBhZGRpbmclM0ElMjAxNXB4JTIwMjBweCUzQiUwQSUyMCUyMCUyMCUyMHRleHQtYWxpZ24lM0ElMjBjZW50ZXIlM0IlMEElMjAlMjAlMjAlMjBmb250LXNpemUlM0ElMjAxLjhlbSUzQiUwQSUyMCUyMCUyMCUyMG1hcmdpbiUzQSUyMDAlMjBhdXRvJTNCJTBBJTIwJTIwJTIwJTIwY29sb3IlM0ElMjAlMjNmZmYlM0IlMjIlM0UlMjBLYXJ0YSUyMEtpZXJ1bmt1JTIwJTNDJTJGYSUzRQ==[\/vc_raw_html][\/vc_column][\/vc_row][vc_row][vc_column][\/vc_column][\/vc_row][vc_row][vc_column][vc_raw_html]JTNDYSUyMGhyZWYlM0QlMjJodHRwcyUzQSUyRiUyRmlyay51cy5lZHUucGwlMkZpcmslMkZhcHBsaWNhdGlvbiUyRnByb2dyYW0lM0ZpZCUzRDE3NDMlMjIlMjBzdHlsZSUzRCUyMmRpc3BsYXklM0ElMjBibG9jayUzQiUwQSUyMCUyMCUyMCUyMGJhY2tncm91bmQlM0ElMjAlMjMwMDJlNWElM0IlMEElMjAlMjAlMjAlMjB3aWR0aCUzQSUyMDIwMHB4JTNCJTBBJTIwJTIwJTIwJTIwcGFkZGluZyUzQSUyMDE1cHglMjAyMHB4JTNCJTBBJTIwJTIwJTIwJTIwdGV4dC1hbGlnbiUzQSUyMGNlbnRlciUzQiUwQSUyMCUyMCUyMCUyMGZvbnQtc2l6ZSUzQSUyMDEuOGVtJTNCJTBBJTIwJTIwJTIwJTIwbWFyZ2luJTNBJTIwMCUyMGF1dG8lM0IlMEElMjAlMjAlMjAlMjBjb2xvciUzQSUyMCUyM2ZmZiUzQiUyMiUzRSUyMFphcGlzeiUyMHNpJUM0JTk5JTIwJTNDJTJGYSUzRQ==[\/vc_raw_html][\/vc_column][\/vc_row] [&#8230;]<\/p>\n<p><a class=\"btn btn-secondary understrap-read-more-link\" href=\"https:\/\/us.edu.pl\/wydzial\/wsne\/oferta-dydaktyczna\/grafika\/\">Read More&#8230;<\/a><\/p>\n","protected":false},"author":33,"featured_media":0,"parent":245,"menu_order":0,"comment_status":"closed","ping_status":"closed","template":"","meta":{"_expiration-date-status":"","_expiration-date":0,"_expiration-date-type":"","_expiration-date-categories":[],"_expiration-date-options":[]},"acf":[],"_links":{"self":[{"href":"https:\/\/us.edu.pl\/wydzial\/wsne\/wp-json\/wp\/v2\/pages\/980"}],"collection":[{"href":"https:\/\/us.edu.pl\/wydzial\/wsne\/wp-json\/wp\/v2\/pages"}],"about":[{"href":"https:\/\/us.edu.pl\/wydzial\/wsne\/wp-json\/wp\/v2\/types\/page"}],"author":[{"embeddable":true,"href":"https:\/\/us.edu.pl\/wydzial\/wsne\/wp-json\/wp\/v2\/users\/33"}],"replies":[{"embeddable":true,"href":"https:\/\/us.edu.pl\/wydzial\/wsne\/wp-json\/wp\/v2\/comments?post=980"}],"version-history":[{"count":10,"href":"https:\/\/us.edu.pl\/wydzial\/wsne\/wp-json\/wp\/v2\/pages\/980\/revisions"}],"predecessor-version":[{"id":157395,"href":"https:\/\/us.edu.pl\/wydzial\/wsne\/wp-json\/wp\/v2\/pages\/980\/revisions\/157395"}],"up":[{"embeddable":true,"href":"https:\/\/us.edu.pl\/wydzial\/wsne\/wp-json\/wp\/v2\/pages\/245"}],"wp:attachment":[{"href":"https:\/\/us.edu.pl\/wydzial\/wsne\/wp-json\/wp\/v2\/media?parent=980"}],"curies":[{"name":"wp","href":"https:\/\/api.w.org\/{rel}","templated":true}]}}