{"id":986,"date":"2019-11-13T15:23:07","date_gmt":"2019-11-13T14:23:07","guid":{"rendered":"https:\/\/us.edu.pl\/wydzial\/wsne\/?page_id=986"},"modified":"2020-06-29T11:00:30","modified_gmt":"2020-06-29T09:00:30","slug":"projektowanie-gier-i-przestrzeni-wirtualnej","status":"publish","type":"page","link":"https:\/\/us.edu.pl\/wydzial\/wsne\/oferta-dydaktyczna\/projektowanie-gier-i-przestrzeni-wirtualnej\/","title":{"rendered":"Projektowanie gier i przestrzeni wirtualnej"},"content":{"rendered":"<p>[vc_row][vc_column]\r\n                <div class=\"text-modules\">\r\n                    <div class=\"container\">\r\n                        <h3 class=\"page-title text__title\">Projektowanie gier i przestrzeni wirtualnej<\/h3>\r\n                        <div class=\"text-modules__content\"><p><strong>STUDIA STACJONARNE I i II stopnia (w tym w j\u0119zyku angielskim)<\/strong><\/p>\n<p>Kierunek o profilu praktycznym, zapewnia studentom wykszta\u0142cenie tw\u00f3rcy\/projektanta o wysokim poziomie intelektualnym i artystycznym z szerok\u0105 wiedz\u0105 dotycz\u0105ca kultury cyfrowej oraz posiadaj\u0105cego kompetencje w obszarze projektowania gier. Program \u0142\u0105czy wykszta\u0142cenie uniwersyteckie z biznesem, poszukuj\u0105c najbardziej efektywnej formy wymiany do\u015bwiadcze\u0144. W tym celu zesp\u00f3\u0142 nauczycieli akademickich oraz specjalist\u00f3w z bran\u017cy gier wsp\u00f3\u0142pracuje poszukuj\u0105c najw\u0142a\u015bciwszych form realizacji dydaktyki i praktyk. Absolwent \u015bwiadomy swojego potencja\u0142u jest przygotowywany na wyzwania przysz\u0142o\u015bci, odwa\u017cne odnajdywanie si\u0119 w zmieniaj\u0105cej si\u0119 rzeczywi\u015bci, jest kreatorem i wizjonerem zdolnym do wyznaczania nowych kierunk\u00f3w oraz realizacji ambitnych projekt\u00f3w.<br \/>\nUzyskane wykszta\u0142cenie stanowi pewn\u0105 i trwa\u0142\u0105 podstaw\u0119 do przysz\u0142ego dzia\u0142ania. Wiedza, praktyczne umiej\u0119tno\u015bci i do\u015bwiadczenie pozwoli absolwentowi na rozwijania w\u0142asnej indywidualno\u015bci, pracy w zespole oraz tworzeniu projekt\u00f3w oryginalnych i ciekawych pod wzgl\u0119dem proponowanych rozwi\u0105za\u0144.<\/p>\n<p><strong>\u00a0<\/strong><\/p>\n<p><strong>Specjalno\u015b\u0107 na I stopniu:<\/strong><\/p>\n<ul>\n<li>grafika komputerowa gier<\/li>\n<\/ul>\n<p><strong>Specjalno\u015bci na II stopniu: <\/strong><\/p>\n<ul>\n<li>animacja [Animation]<\/li>\n<li>Mixed Reality (NOWO\u015a\u0106)<\/li>\n<\/ul>\n<p><strong>\u00a0<\/strong><\/p>\n<p><strong>Szczeg\u00f3\u0142y w za\u0142\u0105czniku<\/strong><\/p>\n<p><a href=\"https:\/\/us.edu.pl\/wydzial\/wsne\/wp-content\/uploads\/sites\/20\/Nieprzypisane\/Projektowanie-gier-i-przestrzeni-wirtualnej.pdf\" class=\"mtli_attachment mtli_pdf\" data-mtli=\"mtli_filesize151,59kB\" class=\"mtli_attachment mtli_pdf\" data-mtli=\"mtli_filesize151,59kB\">Projektowanie gier i przestrzeni wirtualnej<\/a><\/p>\n<p>&nbsp;<\/p>\n<p><strong>Informujemy, \u017ce widoczno\u015b\u0107 kierunk\u00f3w artystycznych na stronie irk.us.edu.pl zostanie wznowiona najdalej do 2 lipca.<\/strong><\/p>\n<style type=\"text\/css\">a[data-mtli~=\"mtli_filesize151,59kB\"]:after {content:\" (151,59 kB)\"}<\/style><\/div>\r\n                    <\/div>\r\n                <\/div>[\/vc_column][\/vc_row]<\/p>\n<style type=\"text\/css\">a[data-mtli~=\"mtli_filesize151,59kB\"]:after {content:\" (151,59 kB)\"}<\/style>","protected":false},"excerpt":{"rendered":"<p>[vc_row][vc_column][\/vc_column][\/vc_row] [&#8230;]<\/p>\n<p><a class=\"btn btn-secondary understrap-read-more-link\" href=\"https:\/\/us.edu.pl\/wydzial\/wsne\/oferta-dydaktyczna\/projektowanie-gier-i-przestrzeni-wirtualnej\/\">Read More&#8230;<\/a><\/p>\n","protected":false},"author":33,"featured_media":0,"parent":245,"menu_order":0,"comment_status":"closed","ping_status":"closed","template":"","meta":{"_expiration-date-status":"saved","_expiration-date":0,"_expiration-date-type":"","_expiration-date-categories":[],"_expiration-date-options":[]},"acf":[],"_links":{"self":[{"href":"https:\/\/us.edu.pl\/wydzial\/wsne\/wp-json\/wp\/v2\/pages\/986"}],"collection":[{"href":"https:\/\/us.edu.pl\/wydzial\/wsne\/wp-json\/wp\/v2\/pages"}],"about":[{"href":"https:\/\/us.edu.pl\/wydzial\/wsne\/wp-json\/wp\/v2\/types\/page"}],"author":[{"embeddable":true,"href":"https:\/\/us.edu.pl\/wydzial\/wsne\/wp-json\/wp\/v2\/users\/33"}],"replies":[{"embeddable":true,"href":"https:\/\/us.edu.pl\/wydzial\/wsne\/wp-json\/wp\/v2\/comments?post=986"}],"version-history":[{"count":5,"href":"https:\/\/us.edu.pl\/wydzial\/wsne\/wp-json\/wp\/v2\/pages\/986\/revisions"}],"predecessor-version":[{"id":3501,"href":"https:\/\/us.edu.pl\/wydzial\/wsne\/wp-json\/wp\/v2\/pages\/986\/revisions\/3501"}],"up":[{"embeddable":true,"href":"https:\/\/us.edu.pl\/wydzial\/wsne\/wp-json\/wp\/v2\/pages\/245"}],"wp:attachment":[{"href":"https:\/\/us.edu.pl\/wydzial\/wsne\/wp-json\/wp\/v2\/media?parent=986"}],"curies":[{"name":"wp","href":"https:\/\/api.w.org\/{rel}","templated":true}]}}