{"id":156005,"date":"2022-05-23T22:26:36","date_gmt":"2022-05-23T20:26:36","guid":{"rendered":"https:\/\/us.edu.pl\/wydzial\/wtl\/?page_id=156005"},"modified":"2025-04-07T09:58:39","modified_gmt":"2025-04-07T07:58:39","slug":"teologia-pastoralna","status":"publish","type":"page","link":"https:\/\/us.edu.pl\/wydzial\/wtl\/en\/kierunki\/teologia-pastoralna\/","title":{"rendered":"Theology: Pastoral Theology"},"content":{"rendered":"<p>[vc_row][vc_column]\r\n                <div class=\"text-modules\">\r\n                    <div class=\"container\">\r\n                        \r\n                        <div class=\"text-modules__content\"><\/p>\n<h2><span style=\"color: #003366;\"><strong>Theology: Pastoral Theology<\/strong><\/span><\/h2>\n<hr \/>\n<p><span style=\"color: #003366; font-size: 12pt;\"><strong>Full-time studies, long-cycle studies<\/strong><\/span><\/p>\n<p><span style=\"color: #003366; font-size: 12pt;\"><strong>Language of instruction: Polish<\/strong><\/span><\/p>\n<\/div>\r\n                    <\/div>\r\n                <\/div>[\/vc_column][\/vc_row][vc_row][vc_column]\r\n                <div class=\"text-modules reverse\">\r\n                    <div class=\"container\">\r\n                         \r\n                        <div class=\"row m-0\">\r\n                            <div class=\"text-modules__content\">\r\n                                <span style=\"font-size: 12pt;\">The Pastoral Theology programme at the Faculty of Theology of the University of Silesia is a classic implementation of theological studies determined within the Catholic Church through the standards of <em>Sapientia Christiana <\/em>constitution. It is based on in-depth studies in philosophy (logic and theory of cognition, history of philosophy, anthropology, metaphysics, ethics) as an introduction to the proper study of theology, which is carried out in the context of reliable historical knowledge of the origins and development of Christianity. The core of the studies is biblical theology and systematic (fundamental, dogmatic and moral) theology. This is the foundation for the development of knowledge and skills in other disciplines, in particular such as spirituality, liturgy studies, canon law and Catholic social teaching.<\/span> \r\n                                <div class=\"mt-3\"><\/div>\r\n                            <\/div>\r\n                            \r\n                            <div class=\"text-modules__img\"><img src=\"https:\/\/us.edu.pl\/wydzial\/wtl\/wp-content\/uploads\/sites\/21\/Nieprzypisane\/Katowice-\u015ar\u00f3dmie\u015bcie_S_-_ul._Wita_Stwosza_3.jpg\" alt=\"img\"><\/div>\r\n                        <\/div>\r\n                    <\/div>\r\n                <\/div>[\/vc_column][\/vc_row][vc_row][vc_column]\r\n                <div class=\"text-modules\">\r\n                    <div class=\"container\">\r\n                        \r\n                        <div class=\"text-modules__content\"><\/p>\n<h3><span style=\"font-size: 12pt; color: #003366;\"><strong>Enrol for studies<\/strong><\/span><\/h3>\n<p>\n<\/div>\r\n                    <\/div>\r\n                <\/div>[\/vc_column][\/vc_row][vc_row][vc_column][vc_btn title=&#8221;go to online registration for candidates&#8221; style=&#8221;outline-custom&#8221; outline_custom_color=&#8221;#002e5a&#8221; outline_custom_hover_background=&#8221;#002e5a&#8221; outline_custom_hover_text=&#8221;#ffffff&#8221; shape=&#8221;square&#8221; size=&#8221;lg&#8221; link=&#8221;url:https%3A%2F%2Firk2.us.edu.pl%2Fpl%2Foffer%2FSW-2024-Z%2Fprogramme%2FW7-SMTIP19%2F%3Ffrom%3Dfield%3ATI&#8221;][\/vc_column][\/vc_row]<\/p>","protected":false},"excerpt":{"rendered":"<p>[vc_row][vc_column][\/vc_column][\/vc_row][vc_row][vc_column][\/vc_column][\/vc_row][vc_row][vc_column][\/vc_column][\/vc_row][vc_row][vc_column][vc_btn title=&#8221;go to online registration for candidates&#8221; style=&#8221;outline-custom&#8221; outline_custom_color=&#8221;#002e5a&#8221; outline_custom_hover_background=&#8221;#002e5a&#8221; outline_custom_hover_text=&#8221;#ffffff&#8221; shape=&#8221;square&#8221; size=&#8221;lg&#8221; link=&#8221;url:https%3A%2F%2Firk2.us.edu.pl%2Fpl%2Foffer%2FSW-2024-Z%2Fprogramme%2FW7-SMTIP19%2F%3Ffrom%3Dfield%3ATI&#8221;][\/vc_column][\/vc_row] [&#8230;]<\/p>\n<p><a class=\"btn btn-secondary understrap-read-more-link\" href=\"https:\/\/us.edu.pl\/wydzial\/wtl\/en\/kierunki\/teologia-pastoralna\/\">Read More&#8230;<\/a><\/p>\n","protected":false},"author":120,"featured_media":0,"parent":209,"menu_order":0,"comment_status":"closed","ping_status":"closed","template":"page-templates\/page-with-sidebar-and-bookmarks.php","meta":{"_expiration-date-status":"","_expiration-date":0,"_expiration-date-type":"","_expiration-date-categories":[],"_expiration-date-options":[]},"acf":[],"_links":{"self":[{"href":"https:\/\/us.edu.pl\/wydzial\/wtl\/en\/wp-json\/wp\/v2\/pages\/156005"}],"collection":[{"href":"https:\/\/us.edu.pl\/wydzial\/wtl\/en\/wp-json\/wp\/v2\/pages"}],"about":[{"href":"https:\/\/us.edu.pl\/wydzial\/wtl\/en\/wp-json\/wp\/v2\/types\/page"}],"author":[{"embeddable":true,"href":"https:\/\/us.edu.pl\/wydzial\/wtl\/en\/wp-json\/wp\/v2\/users\/120"}],"replies":[{"embeddable":true,"href":"https:\/\/us.edu.pl\/wydzial\/wtl\/en\/wp-json\/wp\/v2\/comments?post=156005"}],"version-history":[{"count":11,"href":"https:\/\/us.edu.pl\/wydzial\/wtl\/en\/wp-json\/wp\/v2\/pages\/156005\/revisions"}],"predecessor-version":[{"id":164787,"href":"https:\/\/us.edu.pl\/wydzial\/wtl\/en\/wp-json\/wp\/v2\/pages\/156005\/revisions\/164787"}],"up":[{"embeddable":true,"href":"https:\/\/us.edu.pl\/wydzial\/wtl\/en\/wp-json\/wp\/v2\/pages\/209"}],"wp:attachment":[{"href":"https:\/\/us.edu.pl\/wydzial\/wtl\/en\/wp-json\/wp\/v2\/media?parent=156005"}],"curies":[{"name":"wp","href":"https:\/\/api.w.org\/{rel}","templated":true}]}}