{"id":446,"date":"2019-10-31T09:32:40","date_gmt":"2019-10-31T08:32:40","guid":{"rendered":"https:\/\/us.edu.pl\/wydzial\/wtl\/?page_id=446"},"modified":"2020-01-16T13:05:28","modified_gmt":"2020-01-16T12:05:28","slug":"mapa-strony","status":"publish","type":"page","link":"https:\/\/us.edu.pl\/wydzial\/wtl\/en\/mapa-strony\/","title":{"rendered":"(Polski) Mapa strony"},"content":{"rendered":"<p>[vc_row][vc_column]\r\n                <div class=\"text-modules\">\r\n                    <div class=\"container\">\r\n                        <h3 class=\"page-title text__title\">Sitemap<\/h3>\r\n                        <div class=\"text-modules__content\"><div class=\"wsp-container\"><h2 class=\"wsp-pages-title\">Pages<\/h2>\n<ul class=\"wsp-pages-list\">\n<li class=\"page_item page-item-165396\"><a href=\"https:\/\/us.edu.pl\/wydzial\/wtl\/en\/jubileusz-historia\/\">(Polski) Jubileusz-historia<\/a><\/li>\n<li class=\"page_item page-item-165406\"><a href=\"https:\/\/us.edu.pl\/wydzial\/wtl\/en\/jubileusz-aktualnosci\/\">(Polski) Jubileusz-aktualno\u015bci<\/a><\/li>\n<li class=\"page_item page-item-168246 page_item_has_children\"><a href=\"https:\/\/us.edu.pl\/wydzial\/wtl\/en\/wydzialowe-kolo-teologow\/\">(Polski) Wydzia\u0142owe Ko\u0142o Teolog\u00f3w<\/a>\n<ul class='children'>\n\t<li class=\"page_item page-item-168215\"><a href=\"https:\/\/us.edu.pl\/wydzial\/wtl\/en\/wydzialowe-kolo-teologow\/kolo-naukowe-teologow\/\">(Polski) Ko\u0142o Naukowe Teolog\u00f3w<\/a><\/li>\n<\/ul>\n<\/li>\n<li class=\"page_item page-item-156472\"><a href=\"https:\/\/us.edu.pl\/wydzial\/wtl\/en\/test-post\/\">(Polski) Test post<\/a><\/li>\n<li class=\"page_item page-item-165440\"><a href=\"https:\/\/us.edu.pl\/wydzial\/wtl\/en\/jubileusz-photos\/\">(Polski) Jubileusz-photos<\/a><\/li>\n<li class=\"page_item page-item-165446\"><a href=\"https:\/\/us.edu.pl\/wydzial\/wtl\/en\/jubileusz-wspomnienia\/\">(Polski) Jubileusz-wspomnienia<\/a><\/li>\n<li class=\"page_item page-item-157059\"><a href=\"https:\/\/us.edu.pl\/wydzial\/wtl\/en\/emerytowani-pracownicy-badawczo-dydaktyczni\/\">(Polski) Emerytowani pracownicy badawczo-dydaktyczni<\/a><\/li>\n<li class=\"page_item page-item-156350\"><a href=\"https:\/\/us.edu.pl\/wydzial\/wtl\/en\/religia-i-spoleczenstwo-rozmowy-o-wiary-godnosci-religii-dzisiaj\/\">(Polski) Religia i spo\u0142ecze\u0144stwo. Rozmowy o wiary-godno\u015bci religii dzisiaj<\/a><\/li>\n<li class=\"page_item page-item-2753\"><a href=\"https:\/\/us.edu.pl\/wydzial\/wtl\/en\/oferta-wyjazdow\/\">(Polski) Oferta wyjazd\u00f3w<\/a><\/li>\n<li class=\"page_item page-item-165354\"><a href=\"https:\/\/us.edu.pl\/wydzial\/wtl\/en\/jubileusz-all\/\">(Polski) Jubileusz-all<\/a><\/li>\n<li class=\"page_item page-item-2748\"><a href=\"https:\/\/us.edu.pl\/wydzial\/wtl\/en\/studia-dla-kandydatow-z-zagranicy\/\">(Polski) Studia dla kandydat\u00f3w z zagranicy<\/a><\/li>\n<li class=\"page_item page-item-4885\"><a href=\"https:\/\/us.edu.pl\/wydzial\/wtl\/en\/ukraina-pomagamy\/\">(Polski) Ukraina &#8211; pomagamy<\/a><\/li>\n<li class=\"page_item page-item-2209\"><a href=\"https:\/\/us.edu.pl\/wydzial\/wtl\/en\/strona-glowna-szkic-wojtek\/\">Index page<\/a><\/li>\n<li class=\"page_item page-item-2069\"><a href=\"https:\/\/us.edu.pl\/wydzial\/wtl\/en\/a\/\">(Polski) Aktualno\u015bci<\/a><\/li>\n<li class=\"page_item page-item-1930\"><a href=\"https:\/\/us.edu.pl\/wydzial\/wtl\/en\/strona-glowna-2\/\">Index page<\/a><\/li>\n<li class=\"page_item page-item-1756 page_item_has_children\"><a href=\"https:\/\/us.edu.pl\/wydzial\/wtl\/en\/rekrutacja\/\">(Polski) Rekrutacja 2025\/2026<\/a>\n<ul class='children'>\n\t<li class=\"page_item page-item-1954\"><a href=\"https:\/\/us.edu.pl\/wydzial\/wtl\/en\/rekrutacja\/rozmowa-kwalifikacyjna\/\">(Polski) Teologia &#8211; rozmowa kwalifikacyjna<\/a><\/li>\n<\/ul>\n<\/li>\n<li class=\"page_item page-item-1423\"><a href=\"https:\/\/us.edu.pl\/wydzial\/wtl\/en\/1-zjazd-absolwentow-wtl\/\">(Polski) 1 Zjazd Absolwent\u00f3w WTL<\/a><\/li>\n<li class=\"page_item page-item-1041 page_item_has_children\"><a href=\"https:\/\/us.edu.pl\/wydzial\/wtl\/en\/dla-szkol\/\">(Polski) Dla szk\u00f3\u0142<\/a>\n<ul class='children'>\n\t<li class=\"page_item page-item-1100\"><a href=\"https:\/\/us.edu.pl\/wydzial\/wtl\/en\/dla-szkol\/slaski-festiwal-nauki\/\">(Polski) \u015al\u0105ski Festiwal Nauki<\/a><\/li>\n\t<li class=\"page_item page-item-1096\"><a href=\"https:\/\/us.edu.pl\/wydzial\/wtl\/en\/dla-szkol\/dzien-otwartych-drzwi\/\">(Polski) Dzie\u0144 Otwartych Drzwi<\/a><\/li>\n\t<li class=\"page_item page-item-1043\"><a href=\"https:\/\/us.edu.pl\/wydzial\/wtl\/en\/dla-szkol\/szkoly-partnerskie\/\">(Polski) Szko\u0142y partnerskie<\/a><\/li>\n\t<li class=\"page_item page-item-1046\"><a href=\"https:\/\/us.edu.pl\/wydzial\/wtl\/en\/dla-szkol\/wyklady-otwarte\/\">(Polski) Wyk\u0142ady otwarte<\/a><\/li>\n<\/ul>\n<\/li>\n<li class=\"page_item page-item-667 page_item_has_children\"><a href=\"https:\/\/us.edu.pl\/wydzial\/wtl\/en\/administracja\/\">(Polski) Administracja<\/a>\n<ul class='children'>\n\t<li class=\"page_item page-item-2015\"><a href=\"https:\/\/us.edu.pl\/wydzial\/wtl\/en\/administracja\/kierownik-organizacyjny-wydzialu\/\">Biuro Organizacyjne<\/a><\/li>\n\t<li class=\"page_item page-item-976\"><a href=\"https:\/\/us.edu.pl\/wydzial\/wtl\/en\/administracja\/biuro-ewaluacji-i-obslugi-instytutu\/\">Office for Evaluation and Service of the Institute of Theology<\/a><\/li>\n\t<li class=\"page_item page-item-198\"><a href=\"https:\/\/us.edu.pl\/wydzial\/wtl\/en\/administracja\/biuro-organizacyjne\/\">Biuro Organizacyjne<\/a><\/li>\n\t<li class=\"page_item page-item-200\"><a href=\"https:\/\/us.edu.pl\/wydzial\/wtl\/en\/administracja\/dziekanat\/\">(Polski) Dziekanat<\/a><\/li>\n<\/ul>\n<\/li>\n<li class=\"page_item page-item-636 page_item_has_children\"><a href=\"https:\/\/us.edu.pl\/wydzial\/wtl\/en\/erasmus\/\">(Polski) Erasmus<\/a>\n<ul class='children'>\n\t<li class=\"page_item page-item-2761\"><a href=\"https:\/\/us.edu.pl\/wydzial\/wtl\/en\/erasmus\/exchange-students\/\">(Polski) Exchange Students<\/a><\/li>\n<\/ul>\n<\/li>\n<li class=\"page_item page-item-514\"><a href=\"https:\/\/us.edu.pl\/wydzial\/wtl\/en\/absolwent-wtl\/\">(Polski) Absolwent WTL<\/a><\/li>\n<li class=\"page_item page-item-512\"><a href=\"https:\/\/us.edu.pl\/wydzial\/wtl\/en\/doktorant-wtl\/\">(Polski) Doktorant WTL<\/a><\/li>\n<li class=\"page_item page-item-510 page_item_has_children\"><a href=\"https:\/\/us.edu.pl\/wydzial\/wtl\/en\/pracownik-wtl\/\">(Polski) Pracownik WTL<\/a>\n<ul class='children'>\n\t<li class=\"page_item page-item-168024\"><a href=\"https:\/\/us.edu.pl\/wydzial\/wtl\/en\/pracownik-wtl\/ksef\/\">(Polski) KSEF<\/a><\/li>\n<\/ul>\n<\/li>\n<li class=\"page_item page-item-508 page_item_has_children\"><a href=\"https:\/\/us.edu.pl\/wydzial\/wtl\/en\/student-wtl\/\">(Polski) Student WTL<\/a>\n<ul class='children'>\n\t<li class=\"page_item page-item-3865\"><a href=\"https:\/\/us.edu.pl\/wydzial\/wtl\/en\/student-wtl\/opiekunowie-studentow\/\">(Polski) Opiekunowie student\u00f3w<\/a><\/li>\n\t<li class=\"page_item page-item-2952\"><a href=\"https:\/\/us.edu.pl\/wydzial\/wtl\/en\/student-wtl\/wrss\/\">(Polski) WRSS<\/a><\/li>\n\t<li class=\"page_item page-item-2960\"><a href=\"https:\/\/us.edu.pl\/wydzial\/wtl\/en\/student-wtl\/pro\/\">(Polski) Pro<\/a><\/li>\n\t<li class=\"page_item page-item-2258\"><a href=\"https:\/\/us.edu.pl\/wydzial\/wtl\/en\/student-wtl\/tablica-ogloszen\/\">(Polski) Zaj\u0119cia i konsultacje &#8211; wyj\u0105tki (tablica og\u0142osze\u0144)<\/a><\/li>\n\t<li class=\"page_item page-item-168413\"><a href=\"https:\/\/us.edu.pl\/wydzial\/wtl\/en\/student-wtl\/wydzialowe-kolo-teologow-proba\/\">(Polski) Wydzia\u0142owe Ko\u0142o Teolog\u00f3w<\/a><\/li>\n\t<li class=\"page_item page-item-2535\"><a href=\"https:\/\/us.edu.pl\/wydzial\/wtl\/en\/student-wtl\/proces-dyplomowania\/\">(Polski) Proces dyplomowania<\/a><\/li>\n\t<li class=\"page_item page-item-3308\"><a href=\"https:\/\/us.edu.pl\/wydzial\/wtl\/en\/student-wtl\/wsparcie-dla-studentow-wtl\/\">(Polski) Wsparcie dla student\u00f3w WTL<\/a><\/li>\n\t<li class=\"page_item page-item-264\"><a href=\"https:\/\/us.edu.pl\/wydzial\/wtl\/en\/student-wtl\/plany-zajec\/\">(Polski) Plany zaj\u0119\u0107<\/a><\/li>\n<\/ul>\n<\/li>\n<li class=\"page_item page-item-506 page_item_has_children\"><a href=\"https:\/\/us.edu.pl\/wydzial\/wtl\/en\/kandydat-wtl\/\">(Polski) Kandydat WTL<\/a>\n<ul class='children'>\n\t<li class=\"page_item page-item-1790\"><a href=\"https:\/\/us.edu.pl\/wydzial\/wtl\/en\/kandydat-wtl\/studia-30\/\">(Polski) Studia 30+<\/a><\/li>\n\t<li class=\"page_item page-item-1819\"><a href=\"https:\/\/us.edu.pl\/wydzial\/wtl\/en\/kandydat-wtl\/wirtualny-dzien-otwarty\/\">(Polski) Wirtualny Dzie\u0144 Otwarty<\/a><\/li>\n<\/ul>\n<\/li>\n<li class=\"page_item page-item-280 page_item_has_children\"><a href=\"https:\/\/us.edu.pl\/wydzial\/wtl\/en\/wspolpraca\/\">(Polski) Wsp\u00f3\u0142praca<\/a>\n<ul class='children'>\n\t<li class=\"page_item page-item-282 page_item_has_children\"><a href=\"https:\/\/us.edu.pl\/wydzial\/wtl\/en\/wspolpraca\/z-otoczeniem\/\">(Polski) Wsp\u00f3\u0142praca z otoczeniem<\/a>\n\t<ul class='children'>\n\t\t<li class=\"page_item page-item-167811\"><a href=\"https:\/\/us.edu.pl\/wydzial\/wtl\/en\/wspolpraca\/z-otoczeniem\/dialog-miedzyreligijny\/\">(Polski) DIALOG MI\u0118DZYRELIGIJNY<\/a><\/li>\n\t\t<li class=\"page_item page-item-158146\"><a href=\"https:\/\/us.edu.pl\/wydzial\/wtl\/en\/wspolpraca\/z-otoczeniem\/podroze-studyjne-do-ziemi-swietej\/\">(Polski) Podr\u00f3\u017ce studyjne do Ziemi \u015awi\u0119tej<\/a><\/li>\n\t<\/ul>\n<\/li>\n\t<li class=\"page_item page-item-284\"><a href=\"https:\/\/us.edu.pl\/wydzial\/wtl\/en\/wspolpraca\/ze-szkolami\/\">(Polski) Wsp\u00f3\u0142praca ze szko\u0142ami<\/a><\/li>\n\t<li class=\"page_item page-item-286 page_item_has_children\"><a href=\"https:\/\/us.edu.pl\/wydzial\/wtl\/en\/wspolpraca\/miedzynarodowa\/\">International cooperation<\/a>\n\t<ul class='children'>\n\t\t<li class=\"page_item page-item-157526\"><a href=\"https:\/\/us.edu.pl\/wydzial\/wtl\/en\/wspolpraca\/miedzynarodowa\/zagraniczne-wizyty-studyjne-w-ramach-projektu-jeden-uniwersytet-wiele-mozliwosci-program-zintegrowany\/\">(Polski) Zagraniczne wizyty studyjne w ramach projektu &#8220;Jeden Uniwersytet &#8211; Wiele Mo\u017cliwo\u015bci. Program Zintegrowany&#8221;<\/a><\/li>\n\t\t<li class=\"page_item page-item-2232\"><a href=\"https:\/\/us.edu.pl\/wydzial\/wtl\/en\/wspolpraca\/miedzynarodowa\/lectio-magistralis-internationalis\/\">(Polski) Lectio Magistralis Internationalis<\/a><\/li>\n\t\t<li class=\"page_item page-item-167926\"><a href=\"https:\/\/us.edu.pl\/wydzial\/wtl\/en\/wspolpraca\/miedzynarodowa\/erasmus-2\/\">(Polski) Erasmus<\/a><\/li>\n\t<\/ul>\n<\/li>\n<\/ul>\n<\/li>\n<li class=\"page_item page-item-207\"><a href=\"https:\/\/us.edu.pl\/wydzial\/wtl\/en\/studia\/\">Academic Offer<\/a><\/li>\n<li class=\"page_item page-item-164 page_item_has_children\"><a href=\"https:\/\/us.edu.pl\/wydzial\/wtl\/en\/wydzial\/\">Faculty<\/a>\n<ul class='children'>\n\t<li class=\"page_item page-item-156853\"><a href=\"https:\/\/us.edu.pl\/wydzial\/wtl\/en\/wydzial\/z-zycia-wtl\/\">(Polski) Kronika WTL<\/a><\/li>\n\t<li class=\"page_item page-item-4110\"><a href=\"https:\/\/us.edu.pl\/wydzial\/wtl\/en\/wydzial\/koordynator-ds-dostepnosci\/\">Coordinator for Accessibility<\/a><\/li>\n\t<li class=\"page_item page-item-166\"><a href=\"https:\/\/us.edu.pl\/wydzial\/wtl\/en\/wydzial\/wladze\/\">Authorities<\/a><\/li>\n\t<li class=\"page_item page-item-168\"><a href=\"https:\/\/us.edu.pl\/wydzial\/wtl\/en\/wydzial\/historia\/\">History<\/a><\/li>\n\t<li class=\"page_item page-item-170\"><a href=\"https:\/\/us.edu.pl\/wydzial\/wtl\/en\/wydzial\/strategia\/\">Strategy<\/a><\/li>\n\t<li class=\"page_item page-item-172\"><a href=\"https:\/\/us.edu.pl\/wydzial\/wtl\/en\/wydzial\/pracownicy\/\">Employees<\/a><\/li>\n\t<li class=\"page_item page-item-174\"><a href=\"https:\/\/us.edu.pl\/wydzial\/wtl\/en\/wydzial\/najwazniejsze-akty-prawne\/\">The most important legal regulations<\/a><\/li>\n\t<li class=\"page_item page-item-176\"><a href=\"https:\/\/us.edu.pl\/wydzial\/wtl\/en\/wydzial\/instytut-nauk-teologicznych\/\">(Polski) Instytut Nauk Teologicznych<\/a><\/li>\n\t<li class=\"page_item page-item-196\"><a href=\"https:\/\/us.edu.pl\/wydzial\/wtl\/en\/wydzial\/biblioteka-teologiczna\/\">Theological Library<\/a><\/li>\n\t<li class=\"page_item page-item-202\"><a href=\"https:\/\/us.edu.pl\/wydzial\/wtl\/en\/wydzial\/kontakt\/\">Contact<\/a><\/li>\n<\/ul>\n<\/li>\n<li class=\"page_item page-item-103\"><a href=\"https:\/\/us.edu.pl\/wydzial\/wtl\/en\/\">Index page<\/a><\/li>\n<li class=\"page_item page-item-1449 page_item_has_children\"><a href=\"https:\/\/us.edu.pl\/wydzial\/wtl\/en\/kierunki-studiow-niestacjonarnych\/\">Part-time studies<\/a>\n<ul class='children'>\n\t<li class=\"page_item page-item-3035\"><a href=\"https:\/\/us.edu.pl\/wydzial\/wtl\/en\/kierunki-studiow-niestacjonarnych\/teologia\/\">(Polski) Teologia<\/a><\/li>\n<\/ul>\n<\/li>\n<li class=\"page_item page-item-209 page_item_has_children\"><a href=\"https:\/\/us.edu.pl\/wydzial\/wtl\/en\/kierunki\/\">Courses of study<\/a>\n<ul class='children'>\n\t<li class=\"page_item page-item-156003\"><a href=\"https:\/\/us.edu.pl\/wydzial\/wtl\/en\/kierunki\/teologia\/\">Theology<\/a><\/li>\n\t<li class=\"page_item page-item-156005\"><a href=\"https:\/\/us.edu.pl\/wydzial\/wtl\/en\/kierunki\/teologia-pastoralna\/\">Theology: Pastoral Theology<\/a><\/li>\n\t<li class=\"page_item page-item-156045\"><a href=\"https:\/\/us.edu.pl\/wydzial\/wtl\/en\/kierunki\/nauki-o-rodzinie\/\">Family Studies<\/a><\/li>\n<\/ul>\n<\/li>\n<li class=\"page_item page-item-165166\"><a href=\"https:\/\/us.edu.pl\/wydzial\/wtl\/en\/uniservitate\/\">(Polski) UNISERVITATE<\/a><\/li>\n<li class=\"page_item page-item-260\"><a href=\"https:\/\/us.edu.pl\/wydzial\/wtl\/en\/rodziny\/\">(Polski) rodziny<\/a><\/li>\n<li class=\"page_item page-item-235\"><a href=\"https:\/\/us.edu.pl\/wydzial\/wtl\/en\/szkola-doktorska\/\">(Polski) Szko\u0142a Doktorska<\/a><\/li>\n<li class=\"page_item page-item-252 page_item_has_children\"><a href=\"https:\/\/us.edu.pl\/wydzial\/wtl\/en\/studia-podyplomowe\/\">(Polski) Studia podyplomowe<\/a>\n<ul class='children'>\n\t<li class=\"page_item page-item-258\"><a href=\"https:\/\/us.edu.pl\/wydzial\/wtl\/en\/studia-podyplomowe\/katechezy-przedszkolnej\/\">(Polski) katechezy przedszkolnej<\/a><\/li>\n\t<li class=\"page_item page-item-262\"><a href=\"https:\/\/us.edu.pl\/wydzial\/wtl\/en\/studia-podyplomowe\/teologiczno-katechetyczne\/\">(Polski) teologiczno-katechetyczne<\/a><\/li>\n\t<li class=\"page_item page-item-256\"><a href=\"https:\/\/us.edu.pl\/wydzial\/wtl\/en\/studia-podyplomowe\/teologii-duchowosci\/\">(Polski) teologii duchowo\u015bci<\/a><\/li>\n\t<li class=\"page_item page-item-160744\"><a href=\"https:\/\/us.edu.pl\/wydzial\/wtl\/en\/studia-podyplomowe\/specjalista-do-spraw-opieki-senioralnej\/\">(Polski) specjalista do spraw opieki senioralnej<\/a><\/li>\n\t<li class=\"page_item page-item-254\"><a href=\"https:\/\/us.edu.pl\/wydzial\/wtl\/en\/studia-podyplomowe\/teologii-pastoralnej\/\">(Polski) teologii pastoralnej<\/a><\/li>\n<\/ul>\n<\/li>\n<li class=\"page_item page-item-266\"><a href=\"https:\/\/us.edu.pl\/wydzial\/wtl\/en\/terminy-konsultacji\/\">(Polski) Terminy konsultacji z nauczycielami akademickimi<\/a><\/li>\n<li class=\"page_item page-item-274 page_item_has_children\"><a href=\"https:\/\/us.edu.pl\/wydzial\/wtl\/en\/praktyki\/\">(Polski) Praktyki<\/a>\n<ul class='children'>\n\t<li class=\"page_item page-item-157933\"><a href=\"https:\/\/us.edu.pl\/wydzial\/wtl\/en\/praktyki\/dydaktyczne\/\">(Polski) dydaktyczne<\/a><\/li>\n\t<li class=\"page_item page-item-2479\"><a href=\"https:\/\/us.edu.pl\/wydzial\/wtl\/en\/praktyki\/praktyki-pedagogiczne\/\">(Polski) psychologiczno-pedagogiczne<\/a><\/li>\n\t<li class=\"page_item page-item-278\"><a href=\"https:\/\/us.edu.pl\/wydzial\/wtl\/en\/praktyki\/zawodowe\/\">(Polski) zawodowe<\/a><\/li>\n<\/ul>\n<\/li>\n<\/ul>\n<\/div>\n<\/div>\r\n                    <\/div>\r\n                <\/div>[\/vc_column][\/vc_row]<\/p>","protected":false},"excerpt":{"rendered":"<p>[vc_row][vc_column][\/vc_column][\/vc_row] [&#8230;]<\/p>\n<p><a class=\"btn btn-secondary understrap-read-more-link\" href=\"https:\/\/us.edu.pl\/wydzial\/wtl\/en\/mapa-strony\/\">Read More&#8230;<\/a><\/p>\n","protected":false},"author":24,"featured_media":0,"parent":0,"menu_order":37,"comment_status":"closed","ping_status":"closed","template":"","meta":{"_expiration-date-status":"saved","_expiration-date":0,"_expiration-date-type":"","_expiration-date-categories":[],"_expiration-date-options":[]},"acf":[],"_links":{"self":[{"href":"https:\/\/us.edu.pl\/wydzial\/wtl\/en\/wp-json\/wp\/v2\/pages\/446"}],"collection":[{"href":"https:\/\/us.edu.pl\/wydzial\/wtl\/en\/wp-json\/wp\/v2\/pages"}],"about":[{"href":"https:\/\/us.edu.pl\/wydzial\/wtl\/en\/wp-json\/wp\/v2\/types\/page"}],"author":[{"embeddable":true,"href":"https:\/\/us.edu.pl\/wydzial\/wtl\/en\/wp-json\/wp\/v2\/users\/24"}],"replies":[{"embeddable":true,"href":"https:\/\/us.edu.pl\/wydzial\/wtl\/en\/wp-json\/wp\/v2\/comments?post=446"}],"version-history":[{"count":3,"href":"https:\/\/us.edu.pl\/wydzial\/wtl\/en\/wp-json\/wp\/v2\/pages\/446\/revisions"}],"predecessor-version":[{"id":1226,"href":"https:\/\/us.edu.pl\/wydzial\/wtl\/en\/wp-json\/wp\/v2\/pages\/446\/revisions\/1226"}],"wp:attachment":[{"href":"https:\/\/us.edu.pl\/wydzial\/wtl\/en\/wp-json\/wp\/v2\/media?parent=446"}],"curies":[{"name":"wp","href":"https:\/\/api.w.org\/{rel}","templated":true}]}}