{"id":1043,"date":"2019-12-14T16:21:48","date_gmt":"2019-12-14T15:21:48","guid":{"rendered":"https:\/\/us.edu.pl\/wydzial\/wtl\/?page_id=1043"},"modified":"2020-03-11T07:36:07","modified_gmt":"2020-03-11T06:36:07","slug":"szkoly-partnerskie","status":"publish","type":"page","link":"https:\/\/us.edu.pl\/wydzial\/wtl\/dla-szkol\/szkoly-partnerskie\/","title":{"rendered":"Szko\u0142y partnerskie"},"content":{"rendered":"<p>[vc_row][vc_column]\r\n                <div class=\"text-modules\">\r\n                    <div class=\"container\">\r\n                        \r\n                        <div class=\"text-modules__content\"><p><strong><span style=\"font-size: 14pt\">Szko\u0142y obj\u0119te patronatem Wydzia\u0142u Teologicznego U\u015a:<\/span><\/strong><\/p>\n<p><span style=\"font-size: 12pt\">Katolickie Liceum im. \u015bw. Melchiora Grodzieckiego w Cieszynie (<a href=\"https:\/\/klo.dziedzictwo.org.pl\">https:\/\/klo.dziedzictwo.org.pl<\/a>)<\/span><\/p>\n<p><span style=\"font-size: 12pt\">I Liceum Og\u00f3lnokszta\u0142c\u0105ce w Wodzis\u0142awiu \u015al\u0105skim (<a href=\"http:\/\/www.lo1-wodzislaw.pl\">www.lo1-wodzislaw.pl<\/a>)<\/span><\/p>\n<p><span style=\"font-size: 12pt\">Katolickie Liceum Og\u00f3lnokszta\u0142c\u0105ce SPSK im. \u015aw. Brata Alberta w D\u0105browie G\u00f3rniczej (<a href=\"https:\/\/spsk.edu.pl\/k-teacher\/dabrowa-gornicza\">https:\/\/spsk.edu.pl\/k-teacher\/dabrowa-gornicza<\/a>)<\/span><\/p>\n<p><span style=\"font-size: 12pt\">VIII LO w Katowicach (<a href=\"http:\/\/8lo.pl\">http:\/\/8lo.pl<\/a>)<\/span><\/p>\n<p><a href=\"https:\/\/us.edu.pl\/wydzial\/wtl\/wp-content\/uploads\/sites\/21\/Zdj\u0119cia-na-stronach\/Patr_001.jpg\"><img class=\"wp-image-1091 size-thumbnail\" src=\"https:\/\/us.edu.pl\/wydzial\/wtl\/wp-content\/uploads\/sites\/21\/Zdj\u0119cia-na-stronach\/Patr_001-150x150.jpg\" alt=\"\" width=\"150\" height=\"150\" \/><\/a> \u00a0\u00a0 \u00a0\u00a0<a href=\"https:\/\/us.edu.pl\/wydzial\/wtl\/wp-content\/uploads\/sites\/21\/Nieprzypisane\/Umowa.jpg\"><img class=\"wp-image-1058 size-thumbnail alignnone\" src=\"https:\/\/us.edu.pl\/wydzial\/wtl\/wp-content\/uploads\/sites\/21\/Nieprzypisane\/Umowa-150x150.jpg\" alt=\"\" width=\"150\" height=\"150\" \/><\/a> \u00a0 \u00a0 \u00a0<a href=\"https:\/\/us.edu.pl\/wydzial\/wtl\/wp-content\/uploads\/sites\/21\/Zdj\u0119cia-na-stronach\/Patr_002.jpg\"><img class=\"alignnone wp-image-1114 size-thumbnail\" src=\"https:\/\/us.edu.pl\/wydzial\/wtl\/wp-content\/uploads\/sites\/21\/Zdj\u0119cia-na-stronach\/Patr_002-150x150.jpg\" alt=\"\" width=\"150\" height=\"150\" \/><\/a> <a href=\"https:\/\/us.edu.pl\/wydzial\/wtl\/wp-content\/uploads\/sites\/21\/Zdj\u0119cia-na-stronach\/Patr_004.jpg\"><img class=\"alignnone wp-image-1114 size-thumbnail\" src=\"https:\/\/us.edu.pl\/wydzial\/wtl\/wp-content\/uploads\/sites\/21\/Zdj\u0119cia-na-stronach\/Patr_004-150x150.jpg\" alt=\"\" width=\"150\" height=\"150\" \/><\/a><\/p>\n<\/div>\r\n                    <\/div>\r\n                <\/div>[\/vc_column][\/vc_row]<\/p>","protected":false},"excerpt":{"rendered":"<p>[vc_row][vc_column][\/vc_column][\/vc_row] [&#8230;]<\/p>\n<p><a class=\"btn btn-secondary understrap-read-more-link\" href=\"https:\/\/us.edu.pl\/wydzial\/wtl\/dla-szkol\/szkoly-partnerskie\/\">Read More&#8230;<\/a><\/p>\n","protected":false},"author":117,"featured_media":0,"parent":1041,"menu_order":49,"comment_status":"closed","ping_status":"closed","template":"","meta":{"_expiration-date-status":"saved","_expiration-date":0,"_expiration-date-type":"","_expiration-date-categories":[],"_expiration-date-options":[]},"acf":[],"_links":{"self":[{"href":"https:\/\/us.edu.pl\/wydzial\/wtl\/wp-json\/wp\/v2\/pages\/1043"}],"collection":[{"href":"https:\/\/us.edu.pl\/wydzial\/wtl\/wp-json\/wp\/v2\/pages"}],"about":[{"href":"https:\/\/us.edu.pl\/wydzial\/wtl\/wp-json\/wp\/v2\/types\/page"}],"author":[{"embeddable":true,"href":"https:\/\/us.edu.pl\/wydzial\/wtl\/wp-json\/wp\/v2\/users\/117"}],"replies":[{"embeddable":true,"href":"https:\/\/us.edu.pl\/wydzial\/wtl\/wp-json\/wp\/v2\/comments?post=1043"}],"version-history":[{"count":10,"href":"https:\/\/us.edu.pl\/wydzial\/wtl\/wp-json\/wp\/v2\/pages\/1043\/revisions"}],"predecessor-version":[{"id":1553,"href":"https:\/\/us.edu.pl\/wydzial\/wtl\/wp-json\/wp\/v2\/pages\/1043\/revisions\/1553"}],"up":[{"embeddable":true,"href":"https:\/\/us.edu.pl\/wydzial\/wtl\/wp-json\/wp\/v2\/pages\/1041"}],"wp:attachment":[{"href":"https:\/\/us.edu.pl\/wydzial\/wtl\/wp-json\/wp\/v2\/media?parent=1043"}],"curies":[{"name":"wp","href":"https:\/\/api.w.org\/{rel}","templated":true}]}}