{"id":1096,"date":"2019-12-23T23:00:40","date_gmt":"2019-12-23T22:00:40","guid":{"rendered":"https:\/\/us.edu.pl\/wydzial\/wtl\/?page_id=1096"},"modified":"2020-02-17T16:50:48","modified_gmt":"2020-02-17T15:50:48","slug":"dzien-otwartych-drzwi","status":"publish","type":"page","link":"https:\/\/us.edu.pl\/wydzial\/wtl\/dla-szkol\/dzien-otwartych-drzwi\/","title":{"rendered":"Dzie\u0144 Otwartych Drzwi"},"content":{"rendered":"<p>[vc_row][vc_column]\r\n                <div class=\"text-modules\">\r\n                    <div class=\"container\">\r\n                        \r\n                        <div class=\"text-modules__content\"><p><strong><span style=\"font-size: 12pt\">Dzie\u0144 Otwartych Drzwi Wydzia\u0142u Teologicznego U\u015a\u00a0 &#8211; 16 marca 2020 roku.<\/span><\/strong><\/p>\n<p><span style=\"font-size: 12pt\">Otwarte Dni Wydzia\u0142u Teologicznego zawsze, ka\u017cdego roku, koncentruj\u0105 si\u0119 wok\u00f3\u0142 daty 16\/03 poniewa\u017c to w\u0142a\u015bnie w Ewangelii \u015bw. Jana &#8211; w 16.\u00a0<\/span><span style=\"font-size: 12pt\">wersecie jej 3. rozdzia\u0142u znajduj\u0105 si\u0119 jedne z najbardziej rozpoznawalnych s\u0142\u00f3w chrze\u015bcija\u0144stwa: <em>Tak bowiem B\u00f3g umi\u0142owa\u0142 \u015bwiat, \u017ce da\u0142 swojego Syna, aby ka\u017cdy kto w Niego wierzy nie zgin\u0105\u0142, ale mia\u0142 \u017cycie wieczne<\/em> (J 3,16). Mrugni\u0119cie okiem do Dnia Liczby Pi jest jak najbardziej \u015bwiadome \ud83d\ude42<\/span><\/p>\n<p><a href=\"https:\/\/us.edu.pl\/wydzial\/wtl\/wp-content\/uploads\/sites\/21\/Zdj\u0119cia-na-stronach\/DOD_002.jpg\"><img class=\"alignnone wp-image-1088 size-thumbnail\" src=\"https:\/\/us.edu.pl\/wydzial\/wtl\/wp-content\/uploads\/sites\/21\/Zdj\u0119cia-na-stronach\/DOD_002-150x150.jpg\" alt=\"\" width=\"150\" height=\"150\" \/><\/a> <a href=\"https:\/\/us.edu.pl\/wydzial\/wtl\/wp-content\/uploads\/sites\/21\/Zdj\u0119cia-na-stronach\/DOD_001.jpg\"><img class=\"alignnone wp-image-1087 size-thumbnail\" src=\"https:\/\/us.edu.pl\/wydzial\/wtl\/wp-content\/uploads\/sites\/21\/Zdj\u0119cia-na-stronach\/DOD_001-150x150.jpg\" alt=\"\" width=\"150\" height=\"150\" \/><\/a><\/p>\n<p><span style=\"font-size: 12pt\">Wi\u0119cej informacji na temat najbli\u017cszego Dnia Otwartych Drzwi mo\u017cna znale\u017a\u0107 <a href=\"https:\/\/us.edu.pl\/wydzial\/wtl\/2020\/02\/14\/dzien-otwartych-drzwi-wydzialu-teologicznego\/\">tutaj<\/a>.<\/span><\/p>\n<\/div>\r\n                    <\/div>\r\n                <\/div>[\/vc_column][\/vc_row]<\/p>","protected":false},"excerpt":{"rendered":"<p>[vc_row][vc_column][\/vc_column][\/vc_row] [&#8230;]<\/p>\n<p><a class=\"btn btn-secondary understrap-read-more-link\" href=\"https:\/\/us.edu.pl\/wydzial\/wtl\/dla-szkol\/dzien-otwartych-drzwi\/\">Read More&#8230;<\/a><\/p>\n","protected":false},"author":117,"featured_media":0,"parent":1041,"menu_order":27,"comment_status":"closed","ping_status":"closed","template":"","meta":{"_expiration-date-status":"saved","_expiration-date":0,"_expiration-date-type":"","_expiration-date-categories":[],"_expiration-date-options":[]},"acf":[],"_links":{"self":[{"href":"https:\/\/us.edu.pl\/wydzial\/wtl\/wp-json\/wp\/v2\/pages\/1096"}],"collection":[{"href":"https:\/\/us.edu.pl\/wydzial\/wtl\/wp-json\/wp\/v2\/pages"}],"about":[{"href":"https:\/\/us.edu.pl\/wydzial\/wtl\/wp-json\/wp\/v2\/types\/page"}],"author":[{"embeddable":true,"href":"https:\/\/us.edu.pl\/wydzial\/wtl\/wp-json\/wp\/v2\/users\/117"}],"replies":[{"embeddable":true,"href":"https:\/\/us.edu.pl\/wydzial\/wtl\/wp-json\/wp\/v2\/comments?post=1096"}],"version-history":[{"count":5,"href":"https:\/\/us.edu.pl\/wydzial\/wtl\/wp-json\/wp\/v2\/pages\/1096\/revisions"}],"predecessor-version":[{"id":1412,"href":"https:\/\/us.edu.pl\/wydzial\/wtl\/wp-json\/wp\/v2\/pages\/1096\/revisions\/1412"}],"up":[{"embeddable":true,"href":"https:\/\/us.edu.pl\/wydzial\/wtl\/wp-json\/wp\/v2\/pages\/1041"}],"wp:attachment":[{"href":"https:\/\/us.edu.pl\/wydzial\/wtl\/wp-json\/wp\/v2\/media?parent=1096"}],"curies":[{"name":"wp","href":"https:\/\/api.w.org\/{rel}","templated":true}]}}