{"id":1100,"date":"2019-12-23T23:04:50","date_gmt":"2019-12-23T22:04:50","guid":{"rendered":"https:\/\/us.edu.pl\/wydzial\/wtl\/?page_id=1100"},"modified":"2019-12-23T23:30:30","modified_gmt":"2019-12-23T22:30:30","slug":"slaski-festiwal-nauki","status":"publish","type":"page","link":"https:\/\/us.edu.pl\/wydzial\/wtl\/dla-szkol\/slaski-festiwal-nauki\/","title":{"rendered":"\u015al\u0105ski Festiwal Nauki"},"content":{"rendered":"<p>[vc_row][vc_column]\r\n                <div class=\"text-modules\">\r\n                    <div class=\"container\">\r\n                        \r\n                        <div class=\"text-modules__content\"><p><span style=\"font-size: 12pt\"><a href=\"https:\/\/www.slaskifestiwalnauki.pl\"><img class=\"aligncenter wp-image-1084 size-full\" src=\"https:\/\/us.edu.pl\/wydzial\/wtl\/wp-content\/uploads\/sites\/21\/Zdj\u0119cia-na-stronach\/4FN_001.jpg\" alt=\"\" width=\"533\" height=\"400\" srcset=\"https:\/\/us.edu.pl\/wydzial\/wtl\/wp-content\/uploads\/sites\/21\/Zdj\u0119cia-na-stronach\/4FN_001.jpg 533w, https:\/\/us.edu.pl\/wydzial\/wtl\/wp-content\/uploads\/sites\/21\/Zdj\u0119cia-na-stronach\/4FN_001-300x225.jpg 300w\" sizes=\"(max-width: 533px) 100vw, 533px\" \/><\/a><\/span><\/p>\n<p><span style=\"font-size: 12pt\"><strong>Nasza obecno\u015b\u0107:<\/strong><\/span><\/p>\n<p><span style=\"font-size: 12pt\">W tym roku Studenckie Ko\u0142o Naukowe Teolog\u00f3w wyst\u0119puje z has\u0142em: <em><strong>Wiara &#8211; Rozum &#8211; Zmys\u0142y \/ Faith &#8211; Reason &#8211; Senses<\/strong><\/em>.<br \/>\n<\/span><span style=\"font-size: 12pt\">B\u0119dzie to opowie\u015b\u0107 o zwi\u0105zkach mi\u0119dzy wiar\u0105, rozumem i zmys\u0142ami cz\u0142owieka. S\u0142u\u017cy\u0107 temu b\u0119d\u0105 dwie interaktywne metody.<br \/>\n<\/span><span style=\"font-size: 12pt\">Pierwsza to planszowa prezentacja os\u00f3b duchownych, kt\u00f3re pr\u00f3cz teologii zajmowa\u0142y si\u0119 tak\u017ce innymi dziedzinami naukowymi &#8211; Georges Lema\u00eetre &#8211; belgijski ksi\u0105dz i astronom, Mary Kenneth Keller &#8211; siostra zakonna i dr informatyki, ks. prof. Micha\u0142 Heller &#8211; kosmolog i wielu innych!<br \/>\n<\/span><span style=\"font-size: 12pt\">Druga metoda b\u0119dzie polega\u0142a na rozpoznawaniu przedmiot\u00f3w zwi\u0105zanych z Bibli\u0105 za pomoc\u0105 zmys\u0142\u00f3w &#8211; dotyk, w\u0119ch, smak, s\u0142uch, wzrok.<br \/>\n<\/span><span style=\"font-size: 12pt\">Konkursy z nagrodami dotycz\u0105ce wiedzy biblijnej i teologicznej przeprowadzone w formie quiz\u00f3w i krzy\u017c\u00f3wek. Serdecznie zapraszamy do Centrum Kongresowego w Katowicach.<\/span><\/p>\n<p>&nbsp;<\/p>\n<p><a href=\"https:\/\/us.edu.pl\/wydzial\/wtl\/wp-content\/uploads\/sites\/21\/Zdj\u0119cia-na-stronach\/4FN_002.jpg\"><img class=\"wp-image-1085 alignleft\" src=\"https:\/\/us.edu.pl\/wydzial\/wtl\/wp-content\/uploads\/sites\/21\/Zdj\u0119cia-na-stronach\/4FN_002-300x189.jpg\" alt=\"\" width=\"350\" height=\"220\" srcset=\"https:\/\/us.edu.pl\/wydzial\/wtl\/wp-content\/uploads\/sites\/21\/Zdj\u0119cia-na-stronach\/4FN_002-300x189.jpg 300w, https:\/\/us.edu.pl\/wydzial\/wtl\/wp-content\/uploads\/sites\/21\/Zdj\u0119cia-na-stronach\/4FN_002-575x362.jpg 575w, https:\/\/us.edu.pl\/wydzial\/wtl\/wp-content\/uploads\/sites\/21\/Zdj\u0119cia-na-stronach\/4FN_002.jpg 690w\" sizes=\"(max-width: 350px) 100vw, 350px\" \/><\/a><span style=\"font-size: 12pt\">Na 4. Festiwalu Nauki sw\u00f3j wyk\u0142ad pt. <strong><em>Nie\u015bmiertelno\u015b\u0107 jest blisko?<\/em><\/strong>\u00a0wyg\u0142osi tak\u017ce Pan dr hab. Marek W\u00f3jtowicz. Niezwyk\u0142e tempo rozwoju technologicznego stawia nas wobec problem\u00f3w, kt\u00f3re jeszcze kilkadziesi\u0105t lat temu okre\u015bliliby\u015bmy jako utopijne, ca\u0142kowicie nierealne. Jednym z nich jest perspektywa pe\u0142nej realizacji by\u0107 mo\u017ce najwi\u0119kszego marzenia cz\u0142owieka &#8211; pokonania \u015bmierci.<br \/>\n\u015arodowisko transhumanist\u00f3w, kt\u00f3re obejmuje naukowc\u00f3w oraz entuzjast\u00f3w nieograniczonego rozwoju nauki, jest przekonane, \u017ce ju\u017c niebawem staniemy si\u0119 cybernie\u015bmiertelni. Jakie s\u0105 na to szanse? Jak zmieni\u0142by si\u0119 nasz \u015bwiat, gdyby ludzie przestali umiera\u0107? Z jakimi zagro\u017ceniami wi\u0105\u017ce si\u0119 idea cybernie\u015bmiertelno\u015bci? &#8211; to pytania, kt\u00f3re trzeba stawia\u0107 i poszukiwa\u0107 odpowiedzi.<br \/>\n<\/span><span style=\"font-size: 12pt\">Czas trwania: 40&#8242;<\/span><\/p>\n<\/div>\r\n                    <\/div>\r\n                <\/div>[\/vc_column][\/vc_row]<\/p>","protected":false},"excerpt":{"rendered":"<p>[vc_row][vc_column][\/vc_column][\/vc_row] [&#8230;]<\/p>\n<p><a class=\"btn btn-secondary understrap-read-more-link\" href=\"https:\/\/us.edu.pl\/wydzial\/wtl\/dla-szkol\/slaski-festiwal-nauki\/\">Read More&#8230;<\/a><\/p>\n","protected":false},"author":117,"featured_media":1084,"parent":1041,"menu_order":26,"comment_status":"closed","ping_status":"closed","template":"","meta":{"_expiration-date-status":"saved","_expiration-date":0,"_expiration-date-type":"","_expiration-date-categories":[],"_expiration-date-options":[]},"acf":[],"_links":{"self":[{"href":"https:\/\/us.edu.pl\/wydzial\/wtl\/wp-json\/wp\/v2\/pages\/1100"}],"collection":[{"href":"https:\/\/us.edu.pl\/wydzial\/wtl\/wp-json\/wp\/v2\/pages"}],"about":[{"href":"https:\/\/us.edu.pl\/wydzial\/wtl\/wp-json\/wp\/v2\/types\/page"}],"author":[{"embeddable":true,"href":"https:\/\/us.edu.pl\/wydzial\/wtl\/wp-json\/wp\/v2\/users\/117"}],"replies":[{"embeddable":true,"href":"https:\/\/us.edu.pl\/wydzial\/wtl\/wp-json\/wp\/v2\/comments?post=1100"}],"version-history":[{"count":11,"href":"https:\/\/us.edu.pl\/wydzial\/wtl\/wp-json\/wp\/v2\/pages\/1100\/revisions"}],"predecessor-version":[{"id":1113,"href":"https:\/\/us.edu.pl\/wydzial\/wtl\/wp-json\/wp\/v2\/pages\/1100\/revisions\/1113"}],"up":[{"embeddable":true,"href":"https:\/\/us.edu.pl\/wydzial\/wtl\/wp-json\/wp\/v2\/pages\/1041"}],"wp:featuredmedia":[{"embeddable":true,"href":"https:\/\/us.edu.pl\/wydzial\/wtl\/wp-json\/wp\/v2\/media\/1084"}],"wp:attachment":[{"href":"https:\/\/us.edu.pl\/wydzial\/wtl\/wp-json\/wp\/v2\/media?parent=1100"}],"curies":[{"name":"wp","href":"https:\/\/api.w.org\/{rel}","templated":true}]}}