{"id":1423,"date":"2020-02-18T11:27:04","date_gmt":"2020-02-18T10:27:04","guid":{"rendered":"https:\/\/us.edu.pl\/wydzial\/wtl\/?page_id=1423"},"modified":"2020-02-18T11:31:50","modified_gmt":"2020-02-18T10:31:50","slug":"1-zjazd-absolwentow-wtl","status":"publish","type":"page","link":"https:\/\/us.edu.pl\/wydzial\/wtl\/1-zjazd-absolwentow-wtl\/","title":{"rendered":"1 Zjazd Absolwent\u00f3w WTL"},"content":{"rendered":"<p>[vc_row][vc_column]\r\n                <div class=\"text-modules\">\r\n                    <div class=\"container\">\r\n                        \r\n                        <div class=\"text-modules__content\"><p><span style=\"font-size: 12pt\">W sobot\u0119 17 marca z okazji 50-lecia Uniwersytetu \u015al\u0105skiego w Katowicach odby\u0142 si\u0119 I Zjazd Absolwent\u00f3w Wydzia\u0142u Teologicznego. Zjazd rozpocz\u0105\u0142 si\u0119 Eucharysti\u0105 w Krypcie Katedry Chrystusa Kr\u00f3la, sprawowan\u0105 pod przewodnictwem JE Arcybiskupa Wiktora Skworca. Podczas spotkania w auli, s\u0142owa do zebranych skierowa\u0142 Ksi\u0105dz Dziekan, prof. U\u015a dr hab. Antoni Bartoszek, a tak\u017ce honorowi go\u015bcie: Prorektor ds. kszta\u0142cenia i student\u00f3w Uniwersytetu \u015al\u0105skiego prof. U\u015a dr. hab. Ryszard Kozio\u0142ek oraz JE Arcybiskup Damian Zimo\u0144. W dalszej cz\u0119\u015bci absolwenci teologii wys\u0142uchali wyk\u0142adu ks. prof. dr. hab. Jerzego Szymika pt. \u201eTeologia i co dalej\u201d, a absolwenci nauk o rodzinie wyk\u0142adu ks. prof. U\u015a dr. hab. Antoniego Bartoszka pt. \u201eZadania absolwenta nauk o rodzinie we wsp\u00f3\u0142czesnym \u015bwiecie\u201d, w czasie kt\u00f3rego mogli podzieli\u0107 si\u0119 swoim do\u015bwiadczeniem zawodowym i wzi\u0105\u0107 udzia\u0142 w dyskusji. Nast\u0119pnie, po pocz\u0119stunku, odby\u0142y si\u0119 spotkania poszczeg\u00f3lnych grup rocznikowych.<\/span><\/p>\n<p><span style=\"font-size: 12pt\">W Zje\u017adzie uczestniczy\u0142o prawie 200 absolwent\u00f3w. Ogromnie si\u0119 cieszymy, \u017ce tak wiele os\u00f3b odpowiedzia\u0142o na zaproszenie. Jeste\u015bmy wdzi\u0119czni za obecno\u015b\u0107 wszystkich. Dzi\u0119kujemy tak\u017ce przyby\u0142ym na spotkanie pracownikom Wydzia\u0142u Teologicznego.<\/span><\/p>\n<p><span style=\"font-size: 12pt\">Szczeg\u00f3lne podzi\u0119kowania kierujemy do Ksi\u0119dza Dziekana Antoniego Bartoszka \u2013 za zainicjowanie Zjazdu, zapa\u0142, \u017cyczliwo\u015b\u0107 i wszelk\u0105 pomoc, a tak\u017ce za go\u015bcinno\u015b\u0107.<\/span><\/p>\n<p><span style=\"font-size: 12pt\">Dzi\u0119kujemy r\u00f3wnie\u017c wszystkim liderom za zaanga\u017cowanie w docieraniu z zaproszeniem do ka\u017cdego absolwenta.<\/span><br \/>\n<span style=\"font-size: 12pt\"><a href=\"https:\/\/www.dropbox.com\/sh\/8bmqmt6wpzz2ein\/AAA9iMwv7aM93W-wCvyBXUtha?dl=0\">Galeria zdj\u0119\u0107<\/a>.<\/span><\/p>\n<div style=\"text-align: right\"><span style=\"font-size: 12pt\">W imieniu Organizator\u00f3w i Absolwent\u00f3w<\/span><br \/>\n<span style=\"font-size: 12pt\">Paulina Puszcz \u2013 absolwentka nauk o rodzinie (rocznik 2014)<\/span><br \/>\n<span style=\"font-size: 12pt\">Agata Majewska \u2013 absolwentka nauk o rodzinie (rocznik 2014)<\/span><br \/>\n<span style=\"font-size: 12pt\">Justyna Dziedzina \u2013 absolwentka teologii nauczycielskiej (rocznik 2006)<\/span><br \/>\n<span style=\"font-size: 12pt\">Izabela Skrobak \u2013 absolwentka teologii nauczycielskiej (rocznik 2006)<\/span><\/div>\n<p>\n<\/div>\r\n                    <\/div>\r\n                <\/div>[\/vc_column][\/vc_row]<\/p>","protected":false},"excerpt":{"rendered":"<p>[vc_row][vc_column][\/vc_column][\/vc_row] [&#8230;]<\/p>\n<p><a class=\"btn btn-secondary understrap-read-more-link\" href=\"https:\/\/us.edu.pl\/wydzial\/wtl\/1-zjazd-absolwentow-wtl\/\">Read More&#8230;<\/a><\/p>\n","protected":false},"author":117,"featured_media":0,"parent":0,"menu_order":25,"comment_status":"closed","ping_status":"closed","template":"","meta":{"_expiration-date-status":"saved","_expiration-date":0,"_expiration-date-type":"","_expiration-date-categories":[],"_expiration-date-options":[]},"acf":[],"_links":{"self":[{"href":"https:\/\/us.edu.pl\/wydzial\/wtl\/wp-json\/wp\/v2\/pages\/1423"}],"collection":[{"href":"https:\/\/us.edu.pl\/wydzial\/wtl\/wp-json\/wp\/v2\/pages"}],"about":[{"href":"https:\/\/us.edu.pl\/wydzial\/wtl\/wp-json\/wp\/v2\/types\/page"}],"author":[{"embeddable":true,"href":"https:\/\/us.edu.pl\/wydzial\/wtl\/wp-json\/wp\/v2\/users\/117"}],"replies":[{"embeddable":true,"href":"https:\/\/us.edu.pl\/wydzial\/wtl\/wp-json\/wp\/v2\/comments?post=1423"}],"version-history":[{"count":2,"href":"https:\/\/us.edu.pl\/wydzial\/wtl\/wp-json\/wp\/v2\/pages\/1423\/revisions"}],"predecessor-version":[{"id":1427,"href":"https:\/\/us.edu.pl\/wydzial\/wtl\/wp-json\/wp\/v2\/pages\/1423\/revisions\/1427"}],"wp:attachment":[{"href":"https:\/\/us.edu.pl\/wydzial\/wtl\/wp-json\/wp\/v2\/media?parent=1423"}],"curies":[{"name":"wp","href":"https:\/\/api.w.org\/{rel}","templated":true}]}}