{"id":156045,"date":"2022-05-23T23:10:17","date_gmt":"2022-05-23T21:10:17","guid":{"rendered":"https:\/\/us.edu.pl\/wydzial\/wtl\/?page_id=156045"},"modified":"2025-08-28T09:22:50","modified_gmt":"2025-08-28T07:22:50","slug":"nauki-o-rodzinie","status":"publish","type":"page","link":"https:\/\/us.edu.pl\/wydzial\/wtl\/kierunki\/nauki-o-rodzinie\/","title":{"rendered":"Nauki o rodzinie"},"content":{"rendered":"<p>[vc_row][vc_column]\r\n                <div class=\"text-modules\">\r\n                    <div class=\"container\">\r\n                        \r\n                        <div class=\"text-modules__content\"><\/p>\n<h2><span style=\"color: #002e5a;\"><strong>Nauki o rodzinie<\/strong><\/span><\/h2>\n<hr \/>\n<h3><span style=\"color: #003366; font-size: 12pt;\"><strong>Studia stacjonarne, I stopnia (licencjackie) i II stopnia (magisterskie)<\/strong><\/span><\/h3>\n<h3><span style=\"color: #003366; font-size: 12pt;\"><strong>J\u0119zyk wyk\u0142adowy: polski<\/strong><\/span><\/h3>\n<p>\n<\/div>\r\n                    <\/div>\r\n                <\/div>\r\n                <div class=\"text-modules reverse\">\r\n                    <div class=\"container\">\r\n                         \r\n                        <div class=\"row m-0\">\r\n                            <div class=\"text-modules__content\">\r\n                                <span style=\"font-size: 12pt;\">W ramach studi\u00f3w na kierunku: nauki o rodzinie student zdobywa wszechstronn\u0105, interdyscyplinarn\u0105 wiedz\u0119 na temat rodziny. Wykszta\u0142cenie na tym kierunku, charakteryzuje si\u0119 znacz\u0105cym akcentem aksjologicznym. Baz\u0105 dla zapoznania si\u0119 z tego typu wiedz\u0105 jest integralna koncepcja antropologiczna. Student zdobywa zatem wiedz\u0119 z zakresu biologicznych podstaw rozwoju cz\u0142owieka oraz wiedz\u0119 na temat jego psychospo\u0142ecznego funkcjonowania. Z\u00a0racji tego, i\u017c studia odwo\u0142uj\u0105 si\u0119 do \u015bwiatopogl\u0105du chrze\u015bcija\u0144skiego, wiedza o cz\u0142owieku i\u00a0o\u00a0rodzinie pog\u0142\u0119biona jest o wymiar duchowo-religijny. Spo\u015br\u00f3d wielu obszar\u00f3w funkcjonowania rodziny student ma mo\u017cliwo\u015b\u0107 zdoby\u0107 pog\u0142\u0119bion\u0105 wiedz\u0119 z zakresu ludzkiej seksualno\u015bci, prokreacji, w tym szczeg\u00f3lnie metod naturalnego planowania rodziny. Student zapoznaje si\u0119 z miejscem nauk o rodzinie w systemie nauk. Zdobywa uporz\u0105dkowan\u0105 wiedz\u0119 szczeg\u00f3\u0142ow\u0105 z zakresu pedagogicznych, psychologicznych i socjologicznych uwarunkowa\u0144 funkcjonowania rodziny oraz szczeg\u00f3\u0142ow\u0105 wiedz\u0119 z dziedziny prawa cywilnego i kanonicznego w zakresie instytucjonalno-prawnych aspekt\u00f3w funkcjonowania rodziny.<\/span> \r\n                                <div class=\"mt-3\"><\/div>\r\n                            <\/div>\r\n                            \r\n                            <div class=\"text-modules__img\"><img src=\"https:\/\/us.edu.pl\/wydzial\/wtl\/wp-content\/uploads\/sites\/21\/Bez-kategorii\/81501205_2804859116233117_6970588375011033088_o.jpg\" alt=\"img\"><\/div>\r\n                        <\/div>\r\n                    <\/div>\r\n                <\/div>[\/vc_column][\/vc_row][vc_row css=&#8221;.vc_custom_1652684520526{padding-right: 20px !important;padding-left: 20px !important;background-color: #f2f2f2 !important;}&#8221;][vc_column css=&#8221;.vc_custom_1652684540318{padding-right: 0px !important;padding-left: 0px !important;}&#8221;]\r\n                <div class=\"text-modules\">\r\n                    <div class=\"container\">\r\n                        \r\n                        <div class=\"text-modules__content\"><\/p>\n<h3><strong>Zapisz si\u0119 na studi<\/strong><strong>a<\/strong><\/h3>\n<p>\n<\/div>\r\n                    <\/div>\r\n                <\/div>[\/vc_column][\/vc_row][vc_row css=&#8221;.vc_custom_1652684520526{padding-right: 20px !important;padding-left: 20px !important;background-color: #f2f2f2 !important;}&#8221;][vc_column width=&#8221;1\/2&#8243; css=&#8221;.vc_custom_1652684540318{padding-right: 0px !important;padding-left: 0px !important;}&#8221;][vc_btn title=&#8221;Studia I stopnia (licencjackie): poradnictwo ma\u0142\u017ce\u0144skie i rodzinne&#8221; style=&#8221;outline-custom&#8221; outline_custom_color=&#8221;#002e5a&#8221; outline_custom_hover_background=&#8221;#002e5a&#8221; outline_custom_hover_text=&#8221;#ffffff&#8221; shape=&#8221;square&#8221; size=&#8221;lg&#8221; el_class=&#8221;link&#8221; link=&#8221;url:https%3A%2F%2Firk.us.edu.pl%2Fpl%2Foffer%2FSW-2025-Z%2Fprogramme%2FW7-S1NR19%2F%3Ffrom%3Dfield%3ANR&#8221;][\/vc_column][vc_column width=&#8221;1\/2&#8243;][vc_btn title=&#8221;Studia II stopnia (magisterskie): mediator i asystent rodziny&#8221; style=&#8221;outline-custom&#8221; outline_custom_color=&#8221;#002e5a&#8221; outline_custom_hover_background=&#8221;#002e5a&#8221; outline_custom_hover_text=&#8221;#ffffff&#8221; shape=&#8221;square&#8221; size=&#8221;lg&#8221; el_class=&#8221;link&#8221; link=&#8221;url:https%3A%2F%2Firk.us.edu.pl%2Fpl%2Foffer%2FSW-2025-Z%2Fprogramme%2FW7-S2NR19%2F%3Ffrom%3Dfield%3ANR&#8221;][\/vc_column][vc_column][vc_btn title=&#8221;Studia I stopnia (licencjackie): opiekun osoby starszej i osoby niepe\u0142nosprawnej&#8221; style=&#8221;outline-custom&#8221; outline_custom_color=&#8221;#002e5a&#8221; outline_custom_hover_background=&#8221;#002e5a&#8221; outline_custom_hover_text=&#8221;#ffffff&#8221; shape=&#8221;square&#8221; size=&#8221;lg&#8221; link=&#8221;url:https%3A%2F%2Firk.us.edu.pl%2Fpl%2Foffer%2FSW-2025-Z%2Fprogramme%2FW7-S1NR19%2F%3Ffrom%3Dfield%3ANR&#8221;][\/vc_column][\/vc_row]<\/p>","protected":false},"excerpt":{"rendered":"<p>[vc_row][vc_column][\/vc_column][\/vc_row][vc_row css=&#8221;.vc_custom_1652684520526{padding-right: 20px !important;padding-left: 20px !important;background-color: #f2f2f2 !important;}&#8221;][vc_column css=&#8221;.vc_custom_1652684540318{padding-right: 0px !important;padding-left: 0px !important;}&#8221;][\/vc_column][\/vc_row][vc_row css=&#8221;.vc_custom_1652684520526{padding-right: 20px !important;padding-left: 20px !important;background-color: #f2f2f2 !important;}&#8221;][vc_column width=&#8221;1\/2&#8243; css=&#8221;.vc_custom_1652684540318{padding-right: 0px !important;padding-left: 0px !important;}&#8221;][vc_btn title=&#8221;Studia I stopnia (licencjackie): poradnictwo ma\u0142\u017ce\u0144skie i rodzinne&#8221; style=&#8221;outline-custom&#8221; outline_custom_color=&#8221;#002e5a&#8221; outline_custom_hover_background=&#8221;#002e5a&#8221; outline_custom_hover_text=&#8221;#ffffff&#8221; shape=&#8221;square&#8221; size=&#8221;lg&#8221; el_class=&#8221;link&#8221; link=&#8221;url:https%3A%2F%2Firk.us.edu.pl%2Fpl%2Foffer%2FSW-2025-Z%2Fprogramme%2FW7-S1NR19%2F%3Ffrom%3Dfield%3ANR&#8221;][\/vc_column][vc_column width=&#8221;1\/2&#8243;][vc_btn title=&#8221;Studia II stopnia (magisterskie): mediator i asystent rodziny&#8221; style=&#8221;outline-custom&#8221; outline_custom_color=&#8221;#002e5a&#8221; outline_custom_hover_background=&#8221;#002e5a&#8221; outline_custom_hover_text=&#8221;#ffffff&#8221; [&#8230;]<\/p>\n<p><a class=\"btn btn-secondary understrap-read-more-link\" href=\"https:\/\/us.edu.pl\/wydzial\/wtl\/kierunki\/nauki-o-rodzinie\/\">Read More&#8230;<\/a><\/p>\n","protected":false},"author":120,"featured_media":0,"parent":209,"menu_order":2,"comment_status":"closed","ping_status":"closed","template":"page-templates\/page-with-sidebar-and-bookmarks.php","meta":{"_expiration-date-status":"","_expiration-date":0,"_expiration-date-type":"","_expiration-date-categories":[],"_expiration-date-options":[]},"acf":[],"_links":{"self":[{"href":"https:\/\/us.edu.pl\/wydzial\/wtl\/wp-json\/wp\/v2\/pages\/156045"}],"collection":[{"href":"https:\/\/us.edu.pl\/wydzial\/wtl\/wp-json\/wp\/v2\/pages"}],"about":[{"href":"https:\/\/us.edu.pl\/wydzial\/wtl\/wp-json\/wp\/v2\/types\/page"}],"author":[{"embeddable":true,"href":"https:\/\/us.edu.pl\/wydzial\/wtl\/wp-json\/wp\/v2\/users\/120"}],"replies":[{"embeddable":true,"href":"https:\/\/us.edu.pl\/wydzial\/wtl\/wp-json\/wp\/v2\/comments?post=156045"}],"version-history":[{"count":10,"href":"https:\/\/us.edu.pl\/wydzial\/wtl\/wp-json\/wp\/v2\/pages\/156045\/revisions"}],"predecessor-version":[{"id":166272,"href":"https:\/\/us.edu.pl\/wydzial\/wtl\/wp-json\/wp\/v2\/pages\/156045\/revisions\/166272"}],"up":[{"embeddable":true,"href":"https:\/\/us.edu.pl\/wydzial\/wtl\/wp-json\/wp\/v2\/pages\/209"}],"wp:attachment":[{"href":"https:\/\/us.edu.pl\/wydzial\/wtl\/wp-json\/wp\/v2\/media?parent=156045"}],"curies":[{"name":"wp","href":"https:\/\/api.w.org\/{rel}","templated":true}]}}