{"id":157059,"date":"2025-10-22T09:36:42","date_gmt":"2025-10-22T07:36:42","guid":{"rendered":"https:\/\/us.edu.pl\/wydzial\/wtl\/?page_id=157059"},"modified":"2026-01-07T09:11:51","modified_gmt":"2026-01-07T08:11:51","slug":"emerytowani-pracownicy-badawczo-dydaktyczni","status":"publish","type":"page","link":"https:\/\/us.edu.pl\/wydzial\/wtl\/emerytowani-pracownicy-badawczo-dydaktyczni\/","title":{"rendered":"Emerytowani pracownicy badawczo-dydaktyczni"},"content":{"rendered":"<p>[vc_row][vc_column]<div class='container'><div class=\"people-section\"><div class=\"people-loop people-loop_2\">\r\n            <div  class=\"people-loop-post\">\r\n               <div class=\"people-loop-post__thumbnail thumbnail\" style = \"background-image: url(https:\/\/us.edu.pl\/wydzial\/wtl\/wp-content\/uploads\/sites\/21\/Strona-g\u0142\u00f3wna\/Zdj\u0119cia-pracownik\u00f3w\/Budniak_J.jpg)\" ><\/div >\r\n               <div class=\"people-loop-post__content\" >\r\n                     <div class=\"people-loop-post__prof\" >   <\/div >\r\n                     <div class=\"people-loop-post__title\" > Budniak J\u00f3zef (emerytowany pracownik)<\/div >\r\n                     <div class=\"people-loop-post__position\" > <\/div >\r\n                     <a class=\"link-button\"  href=\"https:\/\/us.edu.pl\/wydzial\/wtl\/osoby\/budniak-jozef-emerytowany-pracownik\/\">Biogram<\/a>\r\n               <\/div>\r\n            <\/div> \r\n            <div  class=\"people-loop-post\">\r\n               <div class=\"people-loop-post__thumbnail thumbnail\" style = \"background-image: url(https:\/\/us.edu.pl\/wydzial\/wtl\/wp-content\/uploads\/sites\/21\/Bez-kategorii\/Gorski_20090602_5879-1024x683.jpg)\" ><\/div >\r\n               <div class=\"people-loop-post__content\" >\r\n                     <div class=\"people-loop-post__prof\" >   <\/div >\r\n                     <div class=\"people-loop-post__title\" > G\u00f3rski Jan (emerytowany pracownik)<\/div >\r\n                     <div class=\"people-loop-post__position\" > <\/div >\r\n                     <a class=\"link-button\"  href=\"https:\/\/us.edu.pl\/wydzial\/wtl\/osoby\/gorski-jan-emerytowany-pracownik\/\">Biogram<\/a>\r\n               <\/div>\r\n            <\/div> \r\n            <div  class=\"people-loop-post\">\r\n               <div class=\"people-loop-post__thumbnail thumbnail\" style = \"background-image: url(https:\/\/us.edu.pl\/wydzial\/wtl\/wp-content\/uploads\/sites\/21\/Bez-kategorii\/20081016_0577-683x1024.jpg)\" ><\/div >\r\n               <div class=\"people-loop-post__content\" >\r\n                     <div class=\"people-loop-post__prof\" >   <\/div >\r\n                     <div class=\"people-loop-post__title\" > Kozyra J\u00f3zef (emerytowany pracownik)<\/div >\r\n                     <div class=\"people-loop-post__position\" > <\/div >\r\n                     <a class=\"link-button\"  href=\"https:\/\/us.edu.pl\/wydzial\/wtl\/osoby\/kozyra-jozef-emerytowany-pracownik\/\">Biogram<\/a>\r\n               <\/div>\r\n            <\/div> \r\n            <div  class=\"people-loop-post\">\r\n               <div class=\"people-loop-post__thumbnail thumbnail\" style = \"background-image: url(https:\/\/us.edu.pl\/wydzial\/wtl\/wp-content\/uploads\/sites\/21\/Bez-kategorii\/Krzysteczko_20071129_3939-683x1024.jpg)\" ><\/div >\r\n               <div class=\"people-loop-post__content\" >\r\n                     <div class=\"people-loop-post__prof\" >   <\/div >\r\n                     <div class=\"people-loop-post__title\" > Krzysteczko Henryk (emerytowany pracownik)<\/div >\r\n                     <div class=\"people-loop-post__position\" > <\/div >\r\n                     <a class=\"link-button\"  href=\"https:\/\/us.edu.pl\/wydzial\/wtl\/osoby\/krzysteczko-henryk-emerytowany-pracownik\/\">Biogram<\/a>\r\n               <\/div>\r\n            <\/div> \r\n            <div  class=\"people-loop-post\">\r\n               <div class=\"people-loop-post__thumbnail thumbnail\" style = \"background-image: url(https:\/\/us.edu.pl\/wydzial\/wtl\/wp-content\/uploads\/sites\/21\/Strona-g\u0142\u00f3wna\/Zdj\u0119cia-pracownik\u00f3w\/Myszor_J.jpg)\" ><\/div >\r\n               <div class=\"people-loop-post__content\" >\r\n                     <div class=\"people-loop-post__prof\" >   <\/div >\r\n                     <div class=\"people-loop-post__title\" > Myszor Jerzy (emerytowany pracownik)<\/div >\r\n                     <div class=\"people-loop-post__position\" > <\/div >\r\n                     <a class=\"link-button\"  href=\"https:\/\/us.edu.pl\/wydzial\/wtl\/osoby\/myszor-jerzy-emerytowany-pracownik\/\">Biogram<\/a>\r\n               <\/div>\r\n            <\/div> \r\n            <div  class=\"people-loop-post\">\r\n               <div class=\"people-loop-post__thumbnail thumbnail\" style = \"background-image: url(https:\/\/us.edu.pl\/wydzial\/wtl\/wp-content\/uploads\/sites\/21\/Bez-kategorii\/2010_11_25_11_57_33_EOS-50D003483-683x1024.jpg)\" ><\/div >\r\n               <div class=\"people-loop-post__content\" >\r\n                     <div class=\"people-loop-post__prof\" >   <\/div >\r\n                     <div class=\"people-loop-post__title\" > Reginek Antoni (emerytowany pracownik)<\/div >\r\n                     <div class=\"people-loop-post__position\" > <\/div >\r\n                     <a class=\"link-button\"  href=\"https:\/\/us.edu.pl\/wydzial\/wtl\/osoby\/reginek-antoni-emerytowany-pracownik\/\">Biogram<\/a>\r\n               <\/div>\r\n            <\/div> \r\n            <div  class=\"people-loop-post\">\r\n               <div class=\"people-loop-post__thumbnail thumbnail\" style = \"background-image: url(https:\/\/us.edu.pl\/wydzial\/wtl\/wp-content\/uploads\/sites\/21\/Strona-glowna\/Zdjecia-pracownikow\/Ogrod7_ks.-Jerzy-Szymik-e1762425576326.jpg)\" ><\/div >\r\n               <div class=\"people-loop-post__content\" >\r\n                     <div class=\"people-loop-post__prof\" >   <\/div >\r\n                     <div class=\"people-loop-post__title\" > Szymik Jerzy (emerytowany pracownik)<\/div >\r\n                     <div class=\"people-loop-post__position\" > <\/div >\r\n                     <a class=\"link-button\"  href=\"https:\/\/us.edu.pl\/wydzial\/wtl\/osoby\/szymik-jerzy-emerytowany-pracownik\/\">Biogram<\/a>\r\n               <\/div>\r\n            <\/div> \r\n            <div  class=\"people-loop-post\">\r\n               <div class=\"people-loop-post__thumbnail thumbnail\" style = \"background-image: url(https:\/\/us.edu.pl\/wydzial\/wtl\/wp-content\/uploads\/sites\/21\/Bez-kategorii\/Twardy_2010_05_13_10_58_38_EOS-50D001637-683x1024.jpg)\" ><\/div >\r\n               <div class=\"people-loop-post__content\" >\r\n                     <div class=\"people-loop-post__prof\" >   <\/div >\r\n                     <div class=\"people-loop-post__title\" > Twardy Jan (emerytowany pracownik)<\/div >\r\n                     <div class=\"people-loop-post__position\" > <\/div >\r\n                     <a class=\"link-button\"  href=\"https:\/\/us.edu.pl\/wydzial\/wtl\/osoby\/twardy-jan-emerytowany-pracownik\/\">Biogram<\/a>\r\n               <\/div>\r\n            <\/div> \r\n            <div  class=\"people-loop-post\">\r\n               <div class=\"people-loop-post__thumbnail thumbnail\" style = \"background-image: url(https:\/\/us.edu.pl\/wydzial\/wtl\/wp-content\/uploads\/sites\/21\/Strona-g\u0142\u00f3wna\/Zdj\u0119cia-pracownik\u00f3w\/Uciecha_A.jpg)\" ><\/div >\r\n               <div class=\"people-loop-post__content\" >\r\n                     <div class=\"people-loop-post__prof\" >   <\/div >\r\n                     <div class=\"people-loop-post__title\" > Uciecha Andrzej (emerytowany pracownik)<\/div >\r\n                     <div class=\"people-loop-post__position\" > <\/div >\r\n                     <a class=\"link-button\"  href=\"https:\/\/us.edu.pl\/wydzial\/wtl\/osoby\/uciecha-andrzej\/\">Biogram<\/a>\r\n               <\/div>\r\n            <\/div> \r\n            <div  class=\"people-loop-post\">\r\n               <div class=\"people-loop-post__thumbnail thumbnail\" style = \"background-image: url(https:\/\/us.edu.pl\/wydzial\/wtl\/wp-content\/uploads\/sites\/21\/Nieprzypisane\/Zadlo_A.jpg)\" ><\/div >\r\n               <div class=\"people-loop-post__content\" >\r\n                     <div class=\"people-loop-post__prof\" >   <\/div >\r\n                     <div class=\"people-loop-post__title\" > \u017b\u0105d\u0142o Andrzej (emerytowany pracownik)<\/div >\r\n                     <div class=\"people-loop-post__position\" > <\/div >\r\n                     <a class=\"link-button\"  href=\"https:\/\/us.edu.pl\/wydzial\/wtl\/osoby\/zadlo-andrzej-emerytowany-pracownik\/\">Biogram<\/a>\r\n               <\/div>\r\n            <\/div> <\/div><\/div><\/div>[\/vc_column][\/vc_row]<\/p>","protected":false},"excerpt":{"rendered":"<p>[vc_row][vc_column][\/vc_column][\/vc_row] [&#8230;]<\/p>\n<p><a class=\"btn btn-secondary understrap-read-more-link\" href=\"https:\/\/us.edu.pl\/wydzial\/wtl\/osoby\/zygmunt-bartosz\/\">Read More&#8230;<\/a><\/p>\n","protected":false},"author":120,"featured_media":0,"parent":0,"menu_order":0,"comment_status":"closed","ping_status":"closed","template":"page-templates\/a-z-template.php","meta":{"_expiration-date-status":"","_expiration-date":0,"_expiration-date-type":"","_expiration-date-categories":[],"_expiration-date-options":[]},"acf":[],"_links":{"self":[{"href":"https:\/\/us.edu.pl\/wydzial\/wtl\/wp-json\/wp\/v2\/pages\/157059"}],"collection":[{"href":"https:\/\/us.edu.pl\/wydzial\/wtl\/wp-json\/wp\/v2\/pages"}],"about":[{"href":"https:\/\/us.edu.pl\/wydzial\/wtl\/wp-json\/wp\/v2\/types\/page"}],"author":[{"embeddable":true,"href":"https:\/\/us.edu.pl\/wydzial\/wtl\/wp-json\/wp\/v2\/users\/120"}],"replies":[{"embeddable":true,"href":"https:\/\/us.edu.pl\/wydzial\/wtl\/wp-json\/wp\/v2\/comments?post=157059"}],"version-history":[{"count":11,"href":"https:\/\/us.edu.pl\/wydzial\/wtl\/wp-json\/wp\/v2\/pages\/157059\/revisions"}],"predecessor-version":[{"id":167548,"href":"https:\/\/us.edu.pl\/wydzial\/wtl\/wp-json\/wp\/v2\/pages\/157059\/revisions\/167548"}],"wp:attachment":[{"href":"https:\/\/us.edu.pl\/wydzial\/wtl\/wp-json\/wp\/v2\/media?parent=157059"}],"curies":[{"name":"wp","href":"https:\/\/api.w.org\/{rel}","templated":true}]}}