{"id":157526,"date":"2023-01-02T13:27:40","date_gmt":"2023-01-02T12:27:40","guid":{"rendered":"https:\/\/us.edu.pl\/wydzial\/wtl\/?page_id=157526"},"modified":"2024-01-15T11:57:55","modified_gmt":"2024-01-15T10:57:55","slug":"zagraniczne-wizyty-studyjne-w-ramach-projektu-jeden-uniwersytet-wiele-mozliwosci-program-zintegrowany","status":"publish","type":"page","link":"https:\/\/us.edu.pl\/wydzial\/wtl\/wspolpraca\/miedzynarodowa\/zagraniczne-wizyty-studyjne-w-ramach-projektu-jeden-uniwersytet-wiele-mozliwosci-program-zintegrowany\/","title":{"rendered":"Zagraniczne wizyty studyjne w ramach projektu &#8222;Jeden Uniwersytet &#8211; Wiele Mo\u017cliwo\u015bci. Program Zintegrowany&#8221;"},"content":{"rendered":"<p>[vc_row][vc_column]\r\n                <div class=\"text-modules\">\r\n                    <div class=\"container\">\r\n                        <h3 class=\"page-title text__title\">Zagraniczne wizyty studyjne w ramach projektu ``Jeden Uniwersytet - Wiele Mo\u017cliwo\u015bci. Program Zintegrowany``<\/h3>\r\n                        <div class=\"text-modules__content\"><p><img class=\" wp-image-157472\" src=\"https:\/\/us.edu.pl\/wydzial\/wtl\/wp-content\/uploads\/sites\/21\/Bez-kategorii\/FE_POWER_poziom_pl-1_rgb-300x39.png\" alt=\"Logo: Fundusze Europejskie \u2013 Wiedza Edukacja Rozw\u00f3j; flaga Rzeczpospolitej Polskiej; Unia Europejska \u2013 Europejski Fundusz Spo\u0142eczny\" width=\"1131\" height=\"147\" srcset=\"https:\/\/us.edu.pl\/wydzial\/wtl\/wp-content\/uploads\/sites\/21\/Bez-kategorii\/FE_POWER_poziom_pl-1_rgb-300x39.png 300w, https:\/\/us.edu.pl\/wydzial\/wtl\/wp-content\/uploads\/sites\/21\/Bez-kategorii\/FE_POWER_poziom_pl-1_rgb-1024x132.png 1024w, https:\/\/us.edu.pl\/wydzial\/wtl\/wp-content\/uploads\/sites\/21\/Bez-kategorii\/FE_POWER_poziom_pl-1_rgb-768x99.png 768w, https:\/\/us.edu.pl\/wydzial\/wtl\/wp-content\/uploads\/sites\/21\/Bez-kategorii\/FE_POWER_poziom_pl-1_rgb-575x74.png 575w\" sizes=\"(max-width: 1131px) 100vw, 1131px\" \/><\/p>\n<p><em>Logo: Fundusze Europejskie \u2013 Wiedza Edukacja Rozw\u00f3j; flaga Rzeczpospolitej Polskiej; Unia Europejska \u2013 Europejski Fundusz Spo\u0142eczny<\/em><span style=\"font-size: 12pt;\"><strong>Finansowanie: <\/strong>Program Operacyjny Wiedza Edukacja Rozw\u00f3j<\/span><\/p>\n<p><span style=\"font-size: 12pt;\"><strong>Warto\u015b\u0107 projektu: <\/strong>39 575 144,70 z\u0142<\/span><\/p>\n<p><span style=\"font-size: 12pt;\"><strong>Okres realizacji: <\/strong>01.10.2019\u201331.12.2023<\/span><\/p>\n<p><span style=\"font-size: 12pt;\">Celem g\u0142\u00f3wnym projektu jest rozw\u00f3j Uniwersytetu \u015al\u0105skiego w Katowicach, kt\u00f3ry zostanie osi\u0105gni\u0119ty poprzez: 1) podniesienie kompetencji 2200 student\u00f3w, istotnych z punktu widzenia potrzeb gospodarki, rynku pracy i spo\u0142ecze\u0144stwa, poprzez realizacj\u0119 dzia\u0142a\u0144 zmierzaj\u0105cych do podniesienia umiej\u0119tno\u015bci zawodowych, komunikacyjnych, informatycznych, analitycznych, a tak\u017ce wysokiej jako\u015bci programy sta\u017cowe oraz dostosowanie program\u00f3w kszta\u0142cenia U\u015a do potrzeb spo\u0142eczno-gospodarczych kraju i regionu, ukierunkowanych na wyposa\u017canie student\u00f3w w praktyczne umiej\u0119tno\u015bci oraz 2) wsparcie zmian organizacyjnych i podniesienie kompetencji kadr w systemie szkolnictwa wy\u017cszego U\u015a obejmuj\u0105ce: a) modernizacj\u0119 i wprowadzenie nowych narz\u0119dzi informatycznych, b) podniesienie kompetencji dydaktycznych kadry akademickiej (264 os\u00f3b) oraz kompetencji zarz\u0105dczych kadry kierowniczej i administracyjnej U\u015a (170 os\u00f3b), a tak\u017ce c) wsparcie uczelnianej struktury zwi\u0105zanej z absorpcj\u0105 \u015brodk\u00f3w finansowych.<\/span><\/p>\n<p><span style=\"font-size: 12pt;\">Strona projektu: <a href=\"https:\/\/www.zintegrowane.us.edu.pl\">https:\/\/www.zintegrowane.us.edu.pl<\/a><\/span><\/p>\n<p>&nbsp;<\/p>\n<h2><strong>Wyjazdy zrealizowane na naszym Wydziale:<\/strong><\/h2>\n<p>\n<\/div>\r\n                    <\/div>\r\n                <\/div>[\/vc_column][\/vc_row][vc_row][vc_column][vc_basic_grid post_type=&#8221;post&#8221; max_items=&#8221;100&#8243; item=&#8221;156369&#8243; grid_id=&#8221;vc_gid:1705316202170-6ee9a9d9-fe6c-4&#8243; taxonomies=&#8221;81, 83&#8243;][\/vc_column][\/vc_row]<\/p>","protected":false},"excerpt":{"rendered":"<p>[vc_row][vc_column][\/vc_column][\/vc_row][vc_row][vc_column][vc_basic_grid post_type=&#8221;post&#8221; max_items=&#8221;100&#8243; item=&#8221;156369&#8243; grid_id=&#8221;vc_gid:1705316202170-6ee9a9d9-fe6c-4&#8243; taxonomies=&#8221;81, 83&#8243;][\/vc_column][\/vc_row] [&#8230;]<\/p>\n<p><a class=\"btn btn-secondary understrap-read-more-link\" href=\"https:\/\/us.edu.pl\/wydzial\/wtl\/wspolpraca\/miedzynarodowa\/zagraniczne-wizyty-studyjne-w-ramach-projektu-jeden-uniwersytet-wiele-mozliwosci-program-zintegrowany\/\">Read More&#8230;<\/a><\/p>\n","protected":false},"author":120,"featured_media":0,"parent":286,"menu_order":0,"comment_status":"closed","ping_status":"closed","template":"page-templates\/page-with-sidebar.php","meta":{"_expiration-date-status":"","_expiration-date":0,"_expiration-date-type":"","_expiration-date-categories":[],"_expiration-date-options":[]},"acf":[],"_links":{"self":[{"href":"https:\/\/us.edu.pl\/wydzial\/wtl\/wp-json\/wp\/v2\/pages\/157526"}],"collection":[{"href":"https:\/\/us.edu.pl\/wydzial\/wtl\/wp-json\/wp\/v2\/pages"}],"about":[{"href":"https:\/\/us.edu.pl\/wydzial\/wtl\/wp-json\/wp\/v2\/types\/page"}],"author":[{"embeddable":true,"href":"https:\/\/us.edu.pl\/wydzial\/wtl\/wp-json\/wp\/v2\/users\/120"}],"replies":[{"embeddable":true,"href":"https:\/\/us.edu.pl\/wydzial\/wtl\/wp-json\/wp\/v2\/comments?post=157526"}],"version-history":[{"count":7,"href":"https:\/\/us.edu.pl\/wydzial\/wtl\/wp-json\/wp\/v2\/pages\/157526\/revisions"}],"predecessor-version":[{"id":159537,"href":"https:\/\/us.edu.pl\/wydzial\/wtl\/wp-json\/wp\/v2\/pages\/157526\/revisions\/159537"}],"up":[{"embeddable":true,"href":"https:\/\/us.edu.pl\/wydzial\/wtl\/wp-json\/wp\/v2\/pages\/286"}],"wp:attachment":[{"href":"https:\/\/us.edu.pl\/wydzial\/wtl\/wp-json\/wp\/v2\/media?parent=157526"}],"curies":[{"name":"wp","href":"https:\/\/api.w.org\/{rel}","templated":true}]}}