{"id":158146,"date":"2023-03-30T19:55:38","date_gmt":"2023-03-30T17:55:38","guid":{"rendered":"https:\/\/us.edu.pl\/wydzial\/wtl\/?page_id=158146"},"modified":"2023-04-04T08:29:12","modified_gmt":"2023-04-04T06:29:12","slug":"podroze-studyjne-do-ziemi-swietej","status":"publish","type":"page","link":"https:\/\/us.edu.pl\/wydzial\/wtl\/wspolpraca\/z-otoczeniem\/podroze-studyjne-do-ziemi-swietej\/","title":{"rendered":"Podr\u00f3\u017ce studyjne do Ziemi \u015awi\u0119tej"},"content":{"rendered":"<p>[vc_row][vc_column]\r\n                <div class=\"text-modules \">\r\n                    <div class=\"container\">\r\n                        <h3 class=\"section-title section-title_border-bottom\">Podr\u00f3\u017ce studyjne do Ziemi \u015awi\u0119tej<\/h3> \r\n                        <div class=\"row m-0\">\r\n                            <div class=\"text-modules__content\">\r\n                                <span style=\"font-size: 12pt;\">Projekt ma charakter naukowo-dydaktyczny i obejmuje organizacj\u0119 podr\u00f3\u017cy studyjnych do Izraela, na terytoria Palesty\u0144skich W\u0142adz Narodowych i do Jordanii we wsp\u00f3\u0142pracy Wydzia\u0142u Teologicznego Uniwersytetu \u015al\u0105skiego w Katowicach ze Studium Biblicum Franciscanum w Jerozolimie.<\/span><\/p>\n<p><span style=\"font-size: 12pt;\"><strong>Adresaci projektu<\/strong><\/span><\/p>\n<p><span style=\"font-size: 12pt;\">Adresatami projektu \u2013 obok student\u00f3w teologii, nauk o rodzinie oraz kierunk\u00f3w humanistycznych \u2013 s\u0105 tak\u017ce pracownicy naukowi, nauczyciele oraz uczniowie szk\u00f3\u0142 \u015brednich \u2013 zw\u0142aszcza obj\u0119tych umowami o wsp\u00f3\u0142pracy dydaktyczno-naukowej z Wydzia\u0142em Teologicznym Uniwersytetu \u015al\u0105skiego, zainteresowani:<\/span> \r\n                                <div class=\"mt-3\"><\/div>\r\n                            <\/div>\r\n                            \r\n                            <div class=\"text-modules__img\"><img src=\"https:\/\/us.edu.pl\/wydzial\/wtl\/wp-content\/uploads\/sites\/21\/Bez-kategorii\/2-1.png\" alt=\"img\"><\/div>\r\n                        <\/div>\r\n                    <\/div>\r\n                <\/div>[\/vc_column][\/vc_row][vc_row][vc_column]\r\n                <div class=\"text-modules reverse\">\r\n                    <div class=\"container\">\r\n                         \r\n                        <div class=\"row m-0\">\r\n                            <div class=\"text-modules__content\">\r\n                                <\/p>\n<ul>\n<li><span style=\"font-size: 12pt;\">zdobyciem lub pog\u0142\u0119bieniem materialnej znajomo\u015bci tekstu Pisma \u015awi\u0119tego i egzegez\u0105 biblijn\u0105,<\/span><\/li>\n<li><span style=\"font-size: 12pt;\">rozwojem dziej\u00f3w zbawienia, w tym histori\u0105 biblijnego Izraela,<\/span><\/li>\n<li><span style=\"font-size: 12pt;\">geografi\u0105 biblijn\u0105 ze szczeg\u00f3lnym uwzgl\u0119dnieniem Palestyny,<\/span><\/li>\n<li><span style=\"font-size: 12pt;\">realiami historyczno-kulturowymi, religijnymi i spo\u0142eczno-politycznymi Bliskiego Wschodu od II tysi\u0105clecia przed Chrystusem a\u017c po czasy najnowsze,<\/span><\/li>\n<li><span style=\"font-size: 12pt;\">odkryciami archeologicznymi w Ziemi \u015awi\u0119tej,<\/span><\/li>\n<li><span style=\"font-size: 12pt;\">warsztatami w terenie,<\/span><\/li>\n<li><span style=\"font-size: 12pt;\">dialogiem mi\u0119dzyreligijnym.<\/span><\/li>\n<\/ul>\n<div class=\"mt-3\"><\/div>\r\n                            <\/div>\r\n                            \r\n                            <div class=\"text-modules__img\"><img src=\"https:\/\/us.edu.pl\/wydzial\/wtl\/wp-content\/uploads\/sites\/21\/Bez-kategorii\/19.png\" alt=\"img\"><\/div>\r\n                        <\/div>\r\n                    <\/div>\r\n                <\/div>[\/vc_column][\/vc_row][vc_row][vc_column]\r\n                <div class=\"text-modules\">\r\n                    <div class=\"container\">\r\n                        \r\n                        <div class=\"text-modules__content\"><p><span style=\"font-size: 12pt;\"><strong>Koordynatorzy projektu<\/strong><\/span><\/p>\n<p><span style=\"font-size: 12pt;\"><strong>Ks. dr Dawid Ledwo\u0144<\/strong><\/span><\/p>\n<p><span style=\"font-size: 12pt;\">Ur. 1984 r. Prezbiter Archidiecezji katowickiej, biblista, absolwent Papieskiego Ateneum Kr\u00f3lowej Aposto\u0142\u00f3w w Rzymie oraz Wydzia\u0142u Teologicznego Uniwersytetu \u015al\u0105skiego w Katowicach, gdzie w roku 2015 uzyska\u0142 tytu\u0142 doktora teologii. Adiunkt na tym\u017ce wydziale od roku 2018. Wyk\u0142adowca Pisma \u015bw. Cz\u0142onek Stowarzyszenia Biblist\u00f3w Polskich. Autor dw\u00f3ch ksi\u0105\u017cek: <em>\u015awiadectwo Ojca w czwartej Ewangelii. Studium egzegetyczno-teologiczne<\/em> (Katowice: Wydawnictwo Uniwersytetu \u015al\u0105skiego 2017), <em>Apokalipsa \u015bwi\u0119tego Jana. Wst\u0119p, przek\u0142ad z orygina\u0142u i komentarz<\/em> (Biblia Impulsy 19; Katowice: Ksi\u0119garnia \u015bw. Jacka 2019) oraz szeregu artyku\u0142\u00f3w naukowych. W latach 2015-2021 wsp\u00f3\u0142autor niedzielnych audycji \u201eNa pocz\u0105tku by\u0142o s\u0142owo\u201d w Radiu eM. W Wydziale Teologicznym Uniwersytetu \u015al\u0105skiego pe\u0142ni funkcje zast\u0119pcy Dyrektora Instytutu Nauk Teologicznych oraz pe\u0142nomocnika ds. wsp\u00f3\u0142pracy mi\u0119dzynarodowej. Od roku 2017 jest licencjonowanym przewodnikiem po Ziemi \u015awi\u0119tej. Naukowo specjalizuje si\u0119 w Pismach Janowych. Inne zainteresowania: archeologia biblijna, judaizm, Ziemia \u015awi\u0119ta, turystyka religijna.<\/span><\/p>\n<p><strong style=\"font-size: 12pt;\">O. dr Jakub Waszkowiak OFM<\/strong><\/p>\n<p><span style=\"font-size: 12pt;\">Ur. 1974 r. Biblista. \u015awi\u0119cenia kap\u0142a\u0144skie przyj\u0105\u0142 w 2003 r. w Jerozolimie. W 2012 r. uko\u0144czy\u0142 studia licencjackie w Franciszka\u0144skim Studium Biblijnym (Studium Biblicum Franciscanum) r\u00f3wnie\u017c w Jerozolimie. Stopie\u0144 doktora teologii biblijnej uzyska\u0142 na Wydziale Teologicznym Uniwersytetu im. Miko\u0142aja Kopernika w Toruniu (2015). Autor ksi\u0105\u017cek: <em>The Altar Laws in the Pentateuch in the Light of The Archaeological Evidence<\/em> (Studia I Materia\u0142y 161; Pozna\u0144: Uniwersytet im. Adama Mickiewicza 2013) oraz <em>Siloe. Historia, archeologia, teologia<\/em> (Rozprawy i Studia Biblijne 53; Warszawa: Vocatio 2020). Aktualnie mieszka w Izraelu, pe\u0142ni\u0105c s\u0142u\u017cb\u0119 w Kustodii Ziemi \u015awi\u0119tej. Od 2018 r. jest sekretarzem oraz wyk\u0142adowc\u0105 w Mi\u0119dzynarodowym Seminarium Franciszka\u0144skim (Studium Theologicum Jerosolymitanum) i adiunktem w Studium Biblicum Franciscanum w Jerozolimie (od 2023 r.). Cz\u0142onek Stowarzyszenia Biblist\u00f3w Polskich, a od 2005 r. licencjonowany przewodnik po Izraelu.<\/span><\/p>\n<p><span style=\"font-size: 12pt;\"><strong>Kontakt<\/strong><\/span><\/p>\n<ul>\n<li><span style=\"font-size: 12pt;\">Ks. dr Dawid Ledwo\u0144: <a href=\"mailto:dawid.ledwon@us.edu.pl\">dawid.ledwon@us.edu.pl<\/a> <\/span><\/li>\n<li><span style=\"font-size: 12pt;\">O. dr Jakub Waszkowiak OFM: <a href=\"mailto:jakub@franciszkanie.net\">jakub@franciszkanie.net<\/a><\/span><\/li>\n<\/ul>\n<p>\n<\/div>\r\n                    <\/div>\r\n                <\/div>[\/vc_column][\/vc_row][vc_row][vc_column][vc_gallery type=&#8221;image_grid&#8221; images=&#8221;158203,158202,158201,158200,158199,158198,158192,158193,158194,158195,158196,158191,158190,158189,158188,158187,158186,158185,158184,158183,158182,158181,158179&#8243;][\/vc_column][\/vc_row]<\/p>","protected":false},"excerpt":{"rendered":"<p>[vc_row][vc_column][\/vc_column][\/vc_row][vc_row][vc_column][\/vc_column][\/vc_row][vc_row][vc_column][\/vc_column][\/vc_row][vc_row][vc_column][vc_gallery type=&#8221;image_grid&#8221; images=&#8221;158203,158202,158201,158200,158199,158198,158192,158193,158194,158195,158196,158191,158190,158189,158188,158187,158186,158185,158184,158183,158182,158181,158179&#8243;][\/vc_column][\/vc_row] [&#8230;]<\/p>\n<p><a class=\"btn btn-secondary understrap-read-more-link\" href=\"https:\/\/us.edu.pl\/wydzial\/wtl\/wspolpraca\/z-otoczeniem\/podroze-studyjne-do-ziemi-swietej\/\">Read More&#8230;<\/a><\/p>\n","protected":false},"author":120,"featured_media":0,"parent":282,"menu_order":0,"comment_status":"closed","ping_status":"closed","template":"","meta":{"_expiration-date-status":"","_expiration-date":0,"_expiration-date-type":"","_expiration-date-categories":[],"_expiration-date-options":[]},"acf":[],"_links":{"self":[{"href":"https:\/\/us.edu.pl\/wydzial\/wtl\/wp-json\/wp\/v2\/pages\/158146"}],"collection":[{"href":"https:\/\/us.edu.pl\/wydzial\/wtl\/wp-json\/wp\/v2\/pages"}],"about":[{"href":"https:\/\/us.edu.pl\/wydzial\/wtl\/wp-json\/wp\/v2\/types\/page"}],"author":[{"embeddable":true,"href":"https:\/\/us.edu.pl\/wydzial\/wtl\/wp-json\/wp\/v2\/users\/120"}],"replies":[{"embeddable":true,"href":"https:\/\/us.edu.pl\/wydzial\/wtl\/wp-json\/wp\/v2\/comments?post=158146"}],"version-history":[{"count":6,"href":"https:\/\/us.edu.pl\/wydzial\/wtl\/wp-json\/wp\/v2\/pages\/158146\/revisions"}],"predecessor-version":[{"id":158221,"href":"https:\/\/us.edu.pl\/wydzial\/wtl\/wp-json\/wp\/v2\/pages\/158146\/revisions\/158221"}],"up":[{"embeddable":true,"href":"https:\/\/us.edu.pl\/wydzial\/wtl\/wp-json\/wp\/v2\/pages\/282"}],"wp:attachment":[{"href":"https:\/\/us.edu.pl\/wydzial\/wtl\/wp-json\/wp\/v2\/media?parent=158146"}],"curies":[{"name":"wp","href":"https:\/\/api.w.org\/{rel}","templated":true}]}}