{"id":167811,"date":"2026-02-13T11:48:49","date_gmt":"2026-02-13T10:48:49","guid":{"rendered":"https:\/\/us.edu.pl\/wydzial\/wtl\/?page_id=167811"},"modified":"2026-02-13T14:09:48","modified_gmt":"2026-02-13T13:09:48","slug":"dialog-miedzyreligijny","status":"publish","type":"page","link":"https:\/\/us.edu.pl\/wydzial\/wtl\/wspolpraca\/z-otoczeniem\/dialog-miedzyreligijny\/","title":{"rendered":"DIALOG MI\u0118DZYRELIGIJNY"},"content":{"rendered":"<p>[vc_row][vc_column]\r\n                <div class=\"text-modules\">\r\n                    <div class=\"container\">\r\n                        \r\n                        <div class=\"text-modules__content\"><p><span style=\"font-size: 14pt;\">Katowickie Sympozjum Mi\u0119dzyreligijne<\/span><\/p>\n<p>&nbsp;<\/p>\n<p style=\"text-align: left;\"><strong>IV Katowickie Sympozjum Mi\u0119dzyreligijne<\/strong><\/p>\n<ul>\n<li>XXIX Dzie\u0144 Judaizmu, 14 stycznia 2026: \u201eLud Boga: \u201eTw\u00f3j lud, b\u0119dzie moim ludem, a Tw\u00f3j B\u00f3g \u2013 moim Bogiem\u201d (Rt 1,16)\u201d<\/li>\n<\/ul>\n<p><a href=\"https:\/\/katowice.gosc.pl\/gal\/spis\/9564114.Dzien-Judaizmu-w-Katowicach\">https:\/\/katowice.gosc.pl\/gal\/spis\/9564114.Dzien-Judaizmu-w-Katowicach<\/a><\/p>\n<p><a href=\"https:\/\/www.facebook.com\/WTLUS\/posts\/pfbid0R2N2Khd6uLso45P31TtttVJDbXTKsqBq2jUnsYe5ddUzEmYrnvNY4XtsDpCBMy68l\">https:\/\/www.facebook.com\/WTLUS\/posts\/pfbid0R2N2Khd6uLso45P31TtttVJDbXTKsqBq2jUnsYe5ddUzEmYrnvNY4XtsDpCBMy68l<\/a><\/p>\n<ul>\n<li>XXVI Dzie\u0144 Islamu, 26 stycznia 2026: \u201eChrze\u015bcijanie i muzu\u0142manie: kim mamy nadziej\u0119 wsp\u00f3lnie si\u0119 sta\u0107\u201d<\/li>\n<\/ul>\n<p><a href=\"https:\/\/katowice.gosc.pl\/gal\/pokaz\/9578079.Katowickie-obchody-XXVI-Dnia-Islamu-w-Kosciele-katolickim-w\/8\">https:\/\/katowice.gosc.pl\/gal\/pokaz\/9578079.Katowickie-obchody-XXVI-Dnia-Islamu-w-Kosciele-katolickim-w\/8<\/a><\/p>\n<p><a href=\"https:\/\/www.facebook.com\/WTLUS\/posts\/pfbid0NTjDm74wEPapgx2FtaBjfBhTT4by6o4Bh2ehpFPJ6s1fPB98kUHzQ2cMkehXNkDql\">https:\/\/www.facebook.com\/WTLUS\/posts\/pfbid0NTjDm74wEPapgx2FtaBjfBhTT4by6o4Bh2ehpFPJ6s1fPB98kUHzQ2cMkehXNkDql<\/a><\/p>\n<p>&nbsp;<\/p>\n<p style=\"text-align: left;\"><strong>III Katowickie Sympozjum Mi\u0119dzyreligijne<\/strong><\/p>\n<ul>\n<li>XXVIII Dzie\u0144 Judaizmu, 21 stycznia 2025: \u201eObwie\u015bcicie wyzwolenie w kraju dla wszystkich jego mieszka\u0144c\u00f3w (Ksi\u0119ga Kap\u0142a\u0144ska 25,10a)\u201d<\/li>\n<\/ul>\n<p><a href=\"https:\/\/us.edu.pl\/wydzial\/wtl\/wp-content\/uploads\/sites\/21\/Bez-kategorii\/28.-Dzien\u0301-Judaizmu-w-KK-w-Polsce-1.pdf\" class=\"mtli_attachment mtli_pdf\" data-mtli=\"mtli_filesize2,13MB\" class=\"mtli_attachment mtli_pdf\" data-mtli=\"mtli_filesize2,13MB\">28. Dzien\u0301 Judaizmu w KK w Polsce<\/a><\/p>\n<ul>\n<li>XXV Dzie\u0144 Islamu, 25 stycznia 2025: \u201eChrze\u015bcijanie i muzu\u0142manie: ugasi\u0107 ogie\u0144 wojny i zapali\u0107 \u015bwiat\u0142o pokoju\u201d<\/li>\n<\/ul>\n<p><a href=\"https:\/\/katowicka.pl\/o-diecezji\/zapowiedzi\/3513-xxv-dzien-islamu\">https:\/\/katowicka.pl\/o-diecezji\/zapowiedzi\/3513-xxv-dzien-islamu<\/a><\/p>\n<p><a href=\"https:\/\/us.edu.pl\/wydzial\/wtl\/wp-content\/uploads\/sites\/21\/Bez-kategorii\/25.-Dzien\u0301-Islamu-w-KK-w-Polsce.pdf\" class=\"mtli_attachment mtli_pdf\" data-mtli=\"mtli_filesize4,48MB\" class=\"mtli_attachment mtli_pdf\" data-mtli=\"mtli_filesize4,48MB\">25. Dzien\u0301 Islamu w KK w Polsce<\/a><\/p>\n<p>&nbsp;<\/p>\n<p><strong>II Katowickie Sympozjum Mi\u0119dzyreligijne, 16 stycznia 2024: \u201eDla dialogu, pokoju i przyja\u017ani\u201d<\/strong><strong>\u00a0 \u00a0\u00a0<\/strong><\/p>\n<p><a href=\"https:\/\/us.edu.pl\/wydzial\/wtl\/wp-content\/uploads\/sites\/21\/Bez-kategorii\/KSM_2024.pdf\" class=\"mtli_attachment mtli_pdf\" data-mtli=\"mtli_filesize3,09MB\" class=\"mtli_attachment mtli_pdf\" data-mtli=\"mtli_filesize3,09MB\">II KATOWICKIE SYMPOZJUM MI\u0118DZYRELIGIJNE<\/a><\/p>\n<p>&nbsp;<\/p>\n<p><strong>I Katowickie Sympozjum Mi\u0119dzyreligijne <\/strong><\/p>\n<ul>\n<li>XXVI Dzie\u0144 Judaizmu, 17 stycznia 2023: \u201ePrzej\u015bcie Pana: &#8222;Dzi\u015b wychodzicie!&#8221; (Wj 13,4)\u201d<\/li>\n<\/ul>\n<p><a href=\"https:\/\/us.edu.pl\/event\/xxvi-dzien-judaizmu-w-kosciele-katolickim\/\">https:\/\/us.edu.pl\/event\/xxvi-dzien-judaizmu-w-kosciele-katolickim\/<\/a><\/p>\n<ul>\n<li>XXIII Dzie\u0144 Islamu, 30 stycznia 2023: \u201eChrze\u015bcijanie i muzu\u0142manie: dziel\u0105c rado\u015bci i smutki\u201d<\/li>\n<\/ul>\n<p><a href=\"https:\/\/us.edu.pl\/wydzial\/wtl\/wp-content\/uploads\/sites\/21\/Bez-kategorii\/23.-Dzien\u0301-Islamu-w-KK-w-Polsce.pdf\" class=\"mtli_attachment mtli_pdf\" data-mtli=\"mtli_filesize11,90MB\" class=\"mtli_attachment mtli_pdf\" data-mtli=\"mtli_filesize11,90MB\">23. Dzien\u0301 Islamu w KK w Polsce<\/a><\/p>\n<p>&nbsp;<\/p>\n<p><strong>Mi\u0119dzyreligijne Sympozjum Naukowe, 26.10.2011: \u201ePielgrzymi prawdy, pielgrzymi pokoju\u201d<\/strong><\/p>\n<p><a href=\"https:\/\/www.gosc.pl\/doc\/994571.Pielgrzymi-prawdy-i-pokoju-w-Katowicach\">https:\/\/www.gosc.pl\/doc\/994571.Pielgrzymi-prawdy-i-pokoju-w-Katowicach<\/a><\/p>\n<p><a href=\"http:\/\/www.radawspolna.pl\/index_Asyz.html\">http:\/\/www.radawspolna.pl\/index_Asyz.html<\/a><\/p>\n<p><a href=\"https:\/\/gazeta.us.edu.pl\/node\/268171\">https:\/\/gazeta.us.edu.pl\/node\/268171<\/a><\/p>\n<style type=\"text\/css\">a[data-mtli~=\"mtli_filesize2,13MB\"]:after {content:\" (2,13 MB)\"}a[data-mtli~=\"mtli_filesize4,48MB\"]:after {content:\" (4,48 MB)\"}a[data-mtli~=\"mtli_filesize3,09MB\"]:after {content:\" (3,09 MB)\"}a[data-mtli~=\"mtli_filesize11,90MB\"]:after {content:\" (11,90 MB)\"}<\/style><\/div>\r\n                    <\/div>\r\n                <\/div>[\/vc_column][\/vc_row]<\/p>\n<style type=\"text\/css\">a[data-mtli~=\"mtli_filesize2,13MB\"]:after {content:\" (2,13 MB)\"}a[data-mtli~=\"mtli_filesize4,48MB\"]:after {content:\" (4,48 MB)\"}a[data-mtli~=\"mtli_filesize3,09MB\"]:after {content:\" (3,09 MB)\"}a[data-mtli~=\"mtli_filesize11,90MB\"]:after {content:\" (11,90 MB)\"}<\/style>","protected":false},"excerpt":{"rendered":"<p>[vc_row][vc_column][\/vc_column][\/vc_row] [&#8230;]<\/p>\n<p><a class=\"btn btn-secondary understrap-read-more-link\" href=\"https:\/\/us.edu.pl\/wydzial\/wtl\/wspolpraca\/z-otoczeniem\/dialog-miedzyreligijny\/\">Read More&#8230;<\/a><\/p>\n","protected":false},"author":2477,"featured_media":0,"parent":282,"menu_order":0,"comment_status":"closed","ping_status":"closed","template":"","meta":{"_expiration-date-status":"","_expiration-date":0,"_expiration-date-type":"","_expiration-date-categories":[],"_expiration-date-options":[]},"acf":[],"_links":{"self":[{"href":"https:\/\/us.edu.pl\/wydzial\/wtl\/wp-json\/wp\/v2\/pages\/167811"}],"collection":[{"href":"https:\/\/us.edu.pl\/wydzial\/wtl\/wp-json\/wp\/v2\/pages"}],"about":[{"href":"https:\/\/us.edu.pl\/wydzial\/wtl\/wp-json\/wp\/v2\/types\/page"}],"author":[{"embeddable":true,"href":"https:\/\/us.edu.pl\/wydzial\/wtl\/wp-json\/wp\/v2\/users\/2477"}],"replies":[{"embeddable":true,"href":"https:\/\/us.edu.pl\/wydzial\/wtl\/wp-json\/wp\/v2\/comments?post=167811"}],"version-history":[{"count":6,"href":"https:\/\/us.edu.pl\/wydzial\/wtl\/wp-json\/wp\/v2\/pages\/167811\/revisions"}],"predecessor-version":[{"id":167824,"href":"https:\/\/us.edu.pl\/wydzial\/wtl\/wp-json\/wp\/v2\/pages\/167811\/revisions\/167824"}],"up":[{"embeddable":true,"href":"https:\/\/us.edu.pl\/wydzial\/wtl\/wp-json\/wp\/v2\/pages\/282"}],"wp:attachment":[{"href":"https:\/\/us.edu.pl\/wydzial\/wtl\/wp-json\/wp\/v2\/media?parent=167811"}],"curies":[{"name":"wp","href":"https:\/\/api.w.org\/{rel}","templated":true}]}}