{"id":168024,"date":"2026-03-02T11:54:35","date_gmt":"2026-03-02T10:54:35","guid":{"rendered":"https:\/\/us.edu.pl\/wydzial\/wtl\/?page_id=168024"},"modified":"2026-03-02T13:33:13","modified_gmt":"2026-03-02T12:33:13","slug":"ksef","status":"publish","type":"page","link":"https:\/\/us.edu.pl\/wydzial\/wtl\/pracownik-wtl\/ksef\/","title":{"rendered":"KSEF"},"content":{"rendered":"<p>[vc_row][vc_column]\r\n                <div class=\"text-modules\">\r\n                    <div class=\"container\">\r\n                        \r\n                        <div class=\"text-modules__content\"><\/p>\n<p style=\"text-align: center;\"><span style=\"font-size: 12pt;\"><strong>DANE DO FAKTURY w KSeFie<\/strong><\/span><\/p>\n<p style=\"text-align: center;\"><span style=\"font-size: 12pt;\"><strong>(informacja dla wystawiaj\u0105cego faktur\u0119)<\/strong><\/span><\/p>\n<p>&nbsp;<\/p>\n<table style=\"border-collapse: collapse; width: 100%; height: 17px;\">\n<tbody>\n<tr style=\"height: 18px; border-style: outset;\">\n<td style=\"width: 33.3333%; height: 17px; text-align: center; border-style: outset;\">w sekcji &#8211; Podmiot 2 &#8211;<\/p>\n<p><strong><span style=\"color: #ff0000;\">U\u015a w Katowicach<\/span><\/strong><\/p>\n<p><strong><span style=\"color: #ff0000;\">ul. Bankowa 12<\/span><\/strong><\/p>\n<p><strong><span style=\"color: #ff0000;\">40-007 Katowice<\/span><\/strong><\/p>\n<p><strong><span style=\"color: #ff0000;\">NIP: 6340197134<\/span><\/strong><\/td>\n<td style=\"width: 33.3333%; height: 17px; text-align: center; border-style: outset;\">w sekcji &#8211; Podmiot 3 &#8211;<\/p>\n<p>SUB-NIP WTL<\/p>\n<p><strong><span style=\"color: #ff0000;\">6340197134-07003<\/span><\/strong><\/p>\n<p>w nazwie:<strong> <span style=\"color: #ff0000;\">imi\u0119 i nazwisko &#8211; nr osobowy<\/span><\/strong><\/p>\n<p>w przypadku delegacji<\/p>\n<p>dodatkowo: <strong><span style=\"color: #ff0000;\">miejscowo\u015b\u0107 i termin podr\u00f3\u017cy<\/span><\/strong><\/td>\n<td style=\"width: 33.3333%; height: 17px; text-align: center; border-style: outset;\">w polu &#8211; Rola &#8211;<\/p>\n<p>dostawca musi wybra\u0107:<\/p>\n<p><strong><span style=\"color: #ff0000;\">Rola 2<\/span><\/strong><\/p>\n<p>&nbsp;<\/p>\n<p>&nbsp;<\/td>\n<\/tr>\n<\/tbody>\n<\/table>\n<p>&nbsp;<\/p>\n<p><a href=\"https:\/\/us.edu.pl\/wydzial\/wtl\/wp-content\/uploads\/sites\/21\/Bez-kategorii\/Dane-do-faktury-KSeF.docx\" class=\"mtli_attachment mtli_docx\" data-mtli=\"mtli_filesize15,40kB\" class=\"mtli_attachment mtli_docx\" data-mtli=\"mtli_filesize15,40kB\">Dane do faktury &#8211; KSeF<\/a><\/p>\n<style type=\"text\/css\">a[data-mtli~=\"mtli_filesize15,40kB\"]:after {content:\" (15,40 kB)\"}<\/style><\/div>\r\n                    <\/div>\r\n                <\/div>[\/vc_column][\/vc_row]<\/p>\n<style type=\"text\/css\">a[data-mtli~=\"mtli_filesize15,40kB\"]:after {content:\" (15,40 kB)\"}<\/style>","protected":false},"excerpt":{"rendered":"<p>[vc_row][vc_column][\/vc_column][\/vc_row] [&#8230;]<\/p>\n<p><a class=\"btn btn-secondary understrap-read-more-link\" href=\"https:\/\/us.edu.pl\/wydzial\/wtl\/pracownik-wtl\/ksef\/\">Read More&#8230;<\/a><\/p>\n","protected":false},"author":2477,"featured_media":0,"parent":510,"menu_order":0,"comment_status":"closed","ping_status":"closed","template":"","meta":{"_expiration-date-status":"","_expiration-date":0,"_expiration-date-type":"","_expiration-date-categories":[],"_expiration-date-options":[]},"acf":[],"_links":{"self":[{"href":"https:\/\/us.edu.pl\/wydzial\/wtl\/wp-json\/wp\/v2\/pages\/168024"}],"collection":[{"href":"https:\/\/us.edu.pl\/wydzial\/wtl\/wp-json\/wp\/v2\/pages"}],"about":[{"href":"https:\/\/us.edu.pl\/wydzial\/wtl\/wp-json\/wp\/v2\/types\/page"}],"author":[{"embeddable":true,"href":"https:\/\/us.edu.pl\/wydzial\/wtl\/wp-json\/wp\/v2\/users\/2477"}],"replies":[{"embeddable":true,"href":"https:\/\/us.edu.pl\/wydzial\/wtl\/wp-json\/wp\/v2\/comments?post=168024"}],"version-history":[{"count":10,"href":"https:\/\/us.edu.pl\/wydzial\/wtl\/wp-json\/wp\/v2\/pages\/168024\/revisions"}],"predecessor-version":[{"id":168047,"href":"https:\/\/us.edu.pl\/wydzial\/wtl\/wp-json\/wp\/v2\/pages\/168024\/revisions\/168047"}],"up":[{"embeddable":true,"href":"https:\/\/us.edu.pl\/wydzial\/wtl\/wp-json\/wp\/v2\/pages\/510"}],"wp:attachment":[{"href":"https:\/\/us.edu.pl\/wydzial\/wtl\/wp-json\/wp\/v2\/media?parent=168024"}],"curies":[{"name":"wp","href":"https:\/\/api.w.org\/{rel}","templated":true}]}}