{"id":168413,"date":"2026-04-02T14:07:23","date_gmt":"2026-04-02T12:07:23","guid":{"rendered":"https:\/\/us.edu.pl\/wydzial\/wtl\/?page_id=168413"},"modified":"2026-04-02T14:16:25","modified_gmt":"2026-04-02T12:16:25","slug":"wydzialowe-kolo-teologow-proba","status":"publish","type":"page","link":"https:\/\/us.edu.pl\/wydzial\/wtl\/student-wtl\/wydzialowe-kolo-teologow-proba\/","title":{"rendered":"Wydzia\u0142owe Ko\u0142o Teolog\u00f3w"},"content":{"rendered":"<p>[vc_row][vc_column]\r\n                <div class=\"text-modules \">\r\n                    <div class=\"container\">\r\n                         \r\n                        <div class=\"row m-0\">\r\n                            <div class=\"text-modules__content\">\r\n                                <\/p>\n<p style=\"margin: 0cm; margin-bottom: .0001pt;\"><span style=\"font-size: 12pt; color: black;\">Dane kontaktowe: <a href=\"mailto:sknt@us.edu.pl\">sknt@us.edu.pl<\/a><br \/>\n<\/span><\/p>\n<p>&nbsp;<\/p>\n<p style=\"margin: 0cm; margin-bottom: .0001pt;\"><strong><span style=\"font-size: 12pt; color: black;\">Zarz\u0105d:<\/span><\/strong><br \/>\n<span style=\"font-size: 12pt; color: black;\">Przewodnicz\u0105ca: Anna \u0141ukawska, tel. 574-064-135, e-mail: <a class=\"moz-txt-link-abbreviated\" href=\"mailto:sknt.wtl@gmail.com\">sknt.wtl@gmail.com<\/a><br \/>\nZast\u0119pca Przewodnicz\u0105cej: Micha\u0142 Dytkowski<br \/>\nSekretarz: B\u0142a\u017cej Wojciech Ploska<br \/>\nOpieka naukowa: ks. dr Bart\u0142omiej Ku\u017anik<\/span><\/p>\n<p>&nbsp;<\/p>\n<p style=\"margin: 0cm; margin-bottom: .0001pt;\"><span style=\"font-size: 12pt; color: black;\">Wszelkie informacje o naszych spotkaniach i dzia\u0142aniach mo\u017cna znale\u017a\u0107 na fanpejd\u017cu: <a href=\"https:\/\/www.facebook.com\/sknt.us\/\">https:\/\/www.facebook.com\/sknt.us\/<\/a><\/span><\/p>\n<div class=\"mt-3\"><\/div>\r\n                            <\/div>\r\n                            \r\n                            \r\n                        <\/div>\r\n                    <\/div>\r\n                <\/div>[\/vc_column][\/vc_row]<\/p>","protected":false},"excerpt":{"rendered":"<p>[vc_row][vc_column][\/vc_column][\/vc_row] [&#8230;]<\/p>\n<p><a class=\"btn btn-secondary understrap-read-more-link\" href=\"https:\/\/us.edu.pl\/wydzial\/wtl\/student-wtl\/wydzialowe-kolo-teologow-proba\/\">Read More&#8230;<\/a><\/p>\n","protected":false},"author":2477,"featured_media":168216,"parent":508,"menu_order":0,"comment_status":"closed","ping_status":"closed","template":"","meta":{"_expiration-date-status":"","_expiration-date":0,"_expiration-date-type":"","_expiration-date-categories":[],"_expiration-date-options":[]},"acf":[],"_links":{"self":[{"href":"https:\/\/us.edu.pl\/wydzial\/wtl\/wp-json\/wp\/v2\/pages\/168413"}],"collection":[{"href":"https:\/\/us.edu.pl\/wydzial\/wtl\/wp-json\/wp\/v2\/pages"}],"about":[{"href":"https:\/\/us.edu.pl\/wydzial\/wtl\/wp-json\/wp\/v2\/types\/page"}],"author":[{"embeddable":true,"href":"https:\/\/us.edu.pl\/wydzial\/wtl\/wp-json\/wp\/v2\/users\/2477"}],"replies":[{"embeddable":true,"href":"https:\/\/us.edu.pl\/wydzial\/wtl\/wp-json\/wp\/v2\/comments?post=168413"}],"version-history":[{"count":6,"href":"https:\/\/us.edu.pl\/wydzial\/wtl\/wp-json\/wp\/v2\/pages\/168413\/revisions"}],"predecessor-version":[{"id":168417,"href":"https:\/\/us.edu.pl\/wydzial\/wtl\/wp-json\/wp\/v2\/pages\/168413\/revisions\/168417"}],"up":[{"embeddable":true,"href":"https:\/\/us.edu.pl\/wydzial\/wtl\/wp-json\/wp\/v2\/pages\/508"}],"wp:featuredmedia":[{"embeddable":true,"href":"https:\/\/us.edu.pl\/wydzial\/wtl\/wp-json\/wp\/v2\/media\/168216"}],"wp:attachment":[{"href":"https:\/\/us.edu.pl\/wydzial\/wtl\/wp-json\/wp\/v2\/media?parent=168413"}],"curies":[{"name":"wp","href":"https:\/\/api.w.org\/{rel}","templated":true}]}}