{"id":1819,"date":"2020-06-20T14:17:31","date_gmt":"2020-06-20T12:17:31","guid":{"rendered":"https:\/\/us.edu.pl\/wydzial\/wtl\/?page_id=1819"},"modified":"2025-08-28T09:30:16","modified_gmt":"2025-08-28T07:30:16","slug":"wirtualny-dzien-otwarty","status":"publish","type":"page","link":"https:\/\/us.edu.pl\/wydzial\/wtl\/kandydat-wtl\/wirtualny-dzien-otwarty\/","title":{"rendered":"Wirtualny Dzie\u0144 Otwarty"},"content":{"rendered":"<p>[vc_row][vc_column]\r\n                <div class=\"text-modules\">\r\n                    <div class=\"container\">\r\n                        \r\n                        <div class=\"text-modules__content\"><p>Serdecznie zapraszamy do studiowania na naszym Wydziale. Poni\u017cej prezentujemy to, co dzieje si\u0119 na naszej uczelni: kierunki studi\u00f3w, dzia\u0142alno\u015b\u0107 studenck\u0105. Mo\u017cna r\u00f3wnie\u017c &#8222;posmakowa\u0107&#8221; teologii i nauk o rodzinie wys\u0142uchuj\u0105c kilku mini-wyk\u0142ad\u00f3w.<\/p>\n<p><strong>ZAPRASZAMY!<\/strong><\/p>\n<\/div>\r\n                    <\/div>\r\n                <\/div>\r\n                <div class=\"text-modules\">\r\n                    <div class=\"container\">\r\n                        \r\n                        <div class=\"text-modules__content\"><\/p>\n<h3><b>Poznaj Wydzia\u0142 Teologiczny U\u015a<\/b><\/h3>\n<p>\n<\/div>\r\n                    <\/div>\r\n                <\/div>[\/vc_column][\/vc_row][vc_row][vc_column width=&#8221;1\/3&#8243;][vc_video link=&#8221;https:\/\/youtu.be\/Re3Eo31zrCo&#8221;][\/vc_column][vc_column width=&#8221;1\/3&#8243;][vc_video link=&#8221;https:\/\/youtu.be\/dzn6zziHtks&#8221;][\/vc_column][vc_column width=&#8221;1\/3&#8243;][vc_video link=&#8221;https:\/\/youtu.be\/LtDgWjsW8WU&#8221;][\/vc_column][\/vc_row][vc_row][vc_column]\r\n                <div class=\"text-modules\">\r\n                    <div class=\"container\">\r\n                        \r\n                        <div class=\"text-modules__content\"><\/p>\n<h3><strong>Pos\u0142uchaj mini-wyk\u0142ad\u00f3w!<\/strong><\/h3>\n<p>\n<\/div>\r\n                    <\/div>\r\n                <\/div>[\/vc_column][\/vc_row][vc_row][vc_column width=&#8221;1\/3&#8243;]\r\n                <div class=\"text-modules\">\r\n                    <div class=\"container\">\r\n                        \r\n                        <div class=\"text-modules__content\"><p><strong>Wiara, teologia, nauki przyrodnicze.<br \/>\nCzy mog\u0105 trzyma\u0107 sztam\u0119?<br \/>\n<\/strong><em>ks. dr Przemys\u0142aw Sawa<\/em><\/p>\n<\/div>\r\n                    <\/div>\r\n                <\/div>[vc_video link=&#8221;https:\/\/youtu.be\/haI0p2orXr0?list=PL74e9uLPtEwOd43fbrpphdY9TB-Nv15qc&#8221;][\/vc_column][vc_column width=&#8221;1\/3&#8243;]\r\n                <div class=\"text-modules\">\r\n                    <div class=\"container\">\r\n                        \r\n                        <div class=\"text-modules__content\"><p><strong>Mia\u0142 odwag\u0119 by\u0107 dobrym!<br \/>\nO Haniku z Chorzowa Starego<br \/>\n<\/strong><em>ks. dr hab. Damian Bednarski, prof. U\u015a<\/em><\/p>\n<\/div>\r\n                    <\/div>\r\n                <\/div>[vc_video link=&#8221;https:\/\/youtu.be\/7v_LURwI9iU?list=PL74e9uLPtEwOd43fbrpphdY9TB-Nv15qc&#8221;][\/vc_column][vc_column width=&#8221;1\/3&#8243;]\r\n                <div class=\"text-modules\">\r\n                    <div class=\"container\">\r\n                        \r\n                        <div class=\"text-modules__content\"><p><strong>Bogowie i demony.<br \/>\nDylematy pierwszych chrze\u015bcijan<br \/>\n<\/strong><em>ks. dr Wojciech Kamczyk<\/em><\/p>\n<\/div>\r\n                    <\/div>\r\n                <\/div>[vc_video link=&#8221;https:\/\/youtu.be\/m04hlOr3wBM?list=PL74e9uLPtEwOd43fbrpphdY9TB-Nv15qc&#8221;][\/vc_column][\/vc_row]<\/p>","protected":false},"excerpt":{"rendered":"<p>[vc_row][vc_column][\/vc_column][\/vc_row][vc_row][vc_column width=&#8221;1\/3&#8243;][vc_video link=&#8221;https:\/\/youtu.be\/Re3Eo31zrCo&#8221;][\/vc_column][vc_column width=&#8221;1\/3&#8243;][vc_video link=&#8221;https:\/\/youtu.be\/dzn6zziHtks&#8221;][\/vc_column][vc_column width=&#8221;1\/3&#8243;][vc_video link=&#8221;https:\/\/youtu.be\/LtDgWjsW8WU&#8221;][\/vc_column][\/vc_row][vc_row][vc_column][\/vc_column][\/vc_row][vc_row][vc_column width=&#8221;1\/3&#8243;][vc_video link=&#8221;https:\/\/youtu.be\/haI0p2orXr0?list=PL74e9uLPtEwOd43fbrpphdY9TB-Nv15qc&#8221;][\/vc_column][vc_column width=&#8221;1\/3&#8243;][vc_video link=&#8221;https:\/\/youtu.be\/7v_LURwI9iU?list=PL74e9uLPtEwOd43fbrpphdY9TB-Nv15qc&#8221;][\/vc_column][vc_column width=&#8221;1\/3&#8243;][vc_video link=&#8221;https:\/\/youtu.be\/m04hlOr3wBM?list=PL74e9uLPtEwOd43fbrpphdY9TB-Nv15qc&#8221;][\/vc_column][\/vc_row] [&#8230;]<\/p>\n<p><a class=\"btn btn-secondary understrap-read-more-link\" href=\"https:\/\/us.edu.pl\/wydzial\/wtl\/kandydat-wtl\/wirtualny-dzien-otwarty\/\">Read More&#8230;<\/a><\/p>\n","protected":false},"author":120,"featured_media":0,"parent":506,"menu_order":47,"comment_status":"closed","ping_status":"closed","template":"page-templates\/page-with-bookmarks.php","meta":{"_expiration-date-status":"","_expiration-date":0,"_expiration-date-type":"","_expiration-date-categories":[],"_expiration-date-options":[]},"acf":[],"_links":{"self":[{"href":"https:\/\/us.edu.pl\/wydzial\/wtl\/wp-json\/wp\/v2\/pages\/1819"}],"collection":[{"href":"https:\/\/us.edu.pl\/wydzial\/wtl\/wp-json\/wp\/v2\/pages"}],"about":[{"href":"https:\/\/us.edu.pl\/wydzial\/wtl\/wp-json\/wp\/v2\/types\/page"}],"author":[{"embeddable":true,"href":"https:\/\/us.edu.pl\/wydzial\/wtl\/wp-json\/wp\/v2\/users\/120"}],"replies":[{"embeddable":true,"href":"https:\/\/us.edu.pl\/wydzial\/wtl\/wp-json\/wp\/v2\/comments?post=1819"}],"version-history":[{"count":10,"href":"https:\/\/us.edu.pl\/wydzial\/wtl\/wp-json\/wp\/v2\/pages\/1819\/revisions"}],"predecessor-version":[{"id":166286,"href":"https:\/\/us.edu.pl\/wydzial\/wtl\/wp-json\/wp\/v2\/pages\/1819\/revisions\/166286"}],"up":[{"embeddable":true,"href":"https:\/\/us.edu.pl\/wydzial\/wtl\/wp-json\/wp\/v2\/pages\/506"}],"wp:attachment":[{"href":"https:\/\/us.edu.pl\/wydzial\/wtl\/wp-json\/wp\/v2\/media?parent=1819"}],"curies":[{"name":"wp","href":"https:\/\/api.w.org\/{rel}","templated":true}]}}