{"id":1954,"date":"2020-06-24T10:56:41","date_gmt":"2020-06-24T08:56:41","guid":{"rendered":"https:\/\/us.edu.pl\/wydzial\/wtl\/?page_id=1954"},"modified":"2020-07-01T19:19:59","modified_gmt":"2020-07-01T17:19:59","slug":"rozmowa-kwalifikacyjna","status":"publish","type":"page","link":"https:\/\/us.edu.pl\/wydzial\/wtl\/rekrutacja\/rozmowa-kwalifikacyjna\/","title":{"rendered":"Teologia &#8211; rozmowa kwalifikacyjna"},"content":{"rendered":"<p>[vc_row][vc_column]\r\n                <div class=\"text-modules\">\r\n                    <div class=\"container\">\r\n                        \r\n                        <div class=\"text-modules__content\"><p><strong>Uchwa\u0142\u0105 Senatu U\u015a z dnia 1 lipca 2020 r., ze wzgl\u0119du na sytuacj\u0119 epidemiczn\u0105, rozmowa kwalifikacyjna nie b\u0119dzie elementem post\u0119powania kwalifikacyjnego dla kandydat\u00f3w na kierunek teologia.<\/strong><\/p>\n<\/div>\r\n                    <\/div>\r\n                <\/div>[\/vc_column][\/vc_row]<\/p>","protected":false},"excerpt":{"rendered":"<p>[vc_row][vc_column][\/vc_column][\/vc_row] [&#8230;]<\/p>\n<p><a class=\"btn btn-secondary understrap-read-more-link\" href=\"https:\/\/us.edu.pl\/wydzial\/wtl\/rekrutacja\/rozmowa-kwalifikacyjna\/\">Read More&#8230;<\/a><\/p>\n","protected":false},"author":120,"featured_media":0,"parent":1756,"menu_order":20,"comment_status":"closed","ping_status":"closed","template":"page-templates\/page-with-bookmarks.php","meta":{"_expiration-date-status":"saved","_expiration-date":0,"_expiration-date-type":"","_expiration-date-categories":[],"_expiration-date-options":[]},"acf":[],"_links":{"self":[{"href":"https:\/\/us.edu.pl\/wydzial\/wtl\/wp-json\/wp\/v2\/pages\/1954"}],"collection":[{"href":"https:\/\/us.edu.pl\/wydzial\/wtl\/wp-json\/wp\/v2\/pages"}],"about":[{"href":"https:\/\/us.edu.pl\/wydzial\/wtl\/wp-json\/wp\/v2\/types\/page"}],"author":[{"embeddable":true,"href":"https:\/\/us.edu.pl\/wydzial\/wtl\/wp-json\/wp\/v2\/users\/120"}],"replies":[{"embeddable":true,"href":"https:\/\/us.edu.pl\/wydzial\/wtl\/wp-json\/wp\/v2\/comments?post=1954"}],"version-history":[{"count":4,"href":"https:\/\/us.edu.pl\/wydzial\/wtl\/wp-json\/wp\/v2\/pages\/1954\/revisions"}],"predecessor-version":[{"id":1962,"href":"https:\/\/us.edu.pl\/wydzial\/wtl\/wp-json\/wp\/v2\/pages\/1954\/revisions\/1962"}],"up":[{"embeddable":true,"href":"https:\/\/us.edu.pl\/wydzial\/wtl\/wp-json\/wp\/v2\/pages\/1756"}],"wp:attachment":[{"href":"https:\/\/us.edu.pl\/wydzial\/wtl\/wp-json\/wp\/v2\/media?parent=1954"}],"curies":[{"name":"wp","href":"https:\/\/api.w.org\/{rel}","templated":true}]}}