{"id":2015,"date":"2020-09-16T11:23:38","date_gmt":"2020-09-16T09:23:38","guid":{"rendered":"https:\/\/us.edu.pl\/wydzial\/wtl\/?page_id=2015"},"modified":"2025-11-28T09:09:34","modified_gmt":"2025-11-28T08:09:34","slug":"kierownik-organizacyjny-wydzialu","status":"publish","type":"page","link":"https:\/\/us.edu.pl\/wydzial\/wtl\/administracja\/kierownik-organizacyjny-wydzialu\/","title":{"rendered":"Kierownik organizacyjny Wydzia\u0142u i zast\u0119pca kierownika organizacyjnego Wydzia\u0142u"},"content":{"rendered":"<p>[vc_row][vc_column]\r\n\r\n            <div class=\"blocks\" style=\"text-align: \">\r\n               <div class=\"container\">\r\n                  <div class=\"page-title\">Kierownik organizacyjny Wydzia\u0142u i zast\u0119pca kierownika organizacyjnego Wydzia\u0142u<\/div>\r\n                  <div class=\"row m-0 blocks_3\">\r\n                  \r\n                     <a href=\"https:\/\/us.edu.pl\/wydzial\/wtl\/osoby\/swiderska-aneta\/\" class=\"thumbnail blocks__item\" style=\"background-image: url(https:\/\/us.edu.pl\/wydzial\/wtl\/wp-content\/uploads\/sites\/21\/Strona-g\u0142\u00f3wna\/Zdj\u0119cia-pracownik\u00f3w\/Swiderska_A.jpg)\">\r\n                        <span>wi\u0119cej<\/span>\r\n                        <div class=\"blocks__bottom\">\r\n                        <div class=\"blocks__title\">mgr Aneta \u015awiderska<\/div>\r\n                        <div class=\"blocks__subtitle\">kierownik organizacyjny Wydzia\u0142u<\/div>\r\n                        <\/div>\r\n                     <\/a>\r\n                  \r\n                     <a href=\"https:\/\/us.edu.pl\/wydzial\/wtl\/osoby\/lach-bartlik-ludmila\/\" class=\"thumbnail blocks__item\" style=\"background-image: url(https:\/\/us.edu.pl\/wydzial\/wtl\/wp-content\/uploads\/sites\/21\/Strona-glowna\/Zdjecia-pracownikow\/Lach-Bartlik-683x1024.jpg)\">\r\n                        <span>wi\u0119cej<\/span>\r\n                        <div class=\"blocks__bottom\">\r\n                        <div class=\"blocks__title\">mgr lic. Ludmi\u0142a Lach Bartlik<\/div>\r\n                        <div class=\"blocks__subtitle\">zast\u0119pca kierownika organizacyjnego Wydzia\u0142u<\/div>\r\n                        <\/div>\r\n                     <\/a><\/div>     \r\n               <\/div>\r\n            <\/div>[\/vc_column][\/vc_row]<\/p>","protected":false},"excerpt":{"rendered":"<p>[vc_row][vc_column][\/vc_column][\/vc_row] [&#8230;]<\/p>\n<p><a class=\"btn btn-secondary understrap-read-more-link\" href=\"https:\/\/us.edu.pl\/wydzial\/wtl\/administracja\/kierownik-organizacyjny-wydzialu\/\">Read More&#8230;<\/a><\/p>\n","protected":false},"author":117,"featured_media":0,"parent":667,"menu_order":46,"comment_status":"closed","ping_status":"closed","template":"page-templates\/inner-page.php","meta":{"_expiration-date-status":"","_expiration-date":0,"_expiration-date-type":"","_expiration-date-categories":[],"_expiration-date-options":[]},"acf":[],"_links":{"self":[{"href":"https:\/\/us.edu.pl\/wydzial\/wtl\/wp-json\/wp\/v2\/pages\/2015"}],"collection":[{"href":"https:\/\/us.edu.pl\/wydzial\/wtl\/wp-json\/wp\/v2\/pages"}],"about":[{"href":"https:\/\/us.edu.pl\/wydzial\/wtl\/wp-json\/wp\/v2\/types\/page"}],"author":[{"embeddable":true,"href":"https:\/\/us.edu.pl\/wydzial\/wtl\/wp-json\/wp\/v2\/users\/117"}],"replies":[{"embeddable":true,"href":"https:\/\/us.edu.pl\/wydzial\/wtl\/wp-json\/wp\/v2\/comments?post=2015"}],"version-history":[{"count":7,"href":"https:\/\/us.edu.pl\/wydzial\/wtl\/wp-json\/wp\/v2\/pages\/2015\/revisions"}],"predecessor-version":[{"id":167354,"href":"https:\/\/us.edu.pl\/wydzial\/wtl\/wp-json\/wp\/v2\/pages\/2015\/revisions\/167354"}],"up":[{"embeddable":true,"href":"https:\/\/us.edu.pl\/wydzial\/wtl\/wp-json\/wp\/v2\/pages\/667"}],"wp:attachment":[{"href":"https:\/\/us.edu.pl\/wydzial\/wtl\/wp-json\/wp\/v2\/media?parent=2015"}],"curies":[{"name":"wp","href":"https:\/\/api.w.org\/{rel}","templated":true}]}}