{"id":209,"date":"2019-10-16T13:53:58","date_gmt":"2019-10-16T11:53:58","guid":{"rendered":"https:\/\/us.edu.pl\/wydzial\/wtl\/?page_id=209"},"modified":"2025-12-10T10:37:13","modified_gmt":"2025-12-10T09:37:13","slug":"kierunki","status":"publish","type":"page","link":"https:\/\/us.edu.pl\/wydzial\/wtl\/kierunki\/","title":{"rendered":"Kierunki studi\u00f3w"},"content":{"rendered":"<p>[vc_row][vc_column]\r\n\r\n            <div class=\"blocks\" style=\"text-align: center\">\r\n               <div class=\"container\">\r\n                  <div class=\"page-title\">Kierunki studi\u00f3w<\/div>\r\n                  <div class=\"row m-0 blocks_3\">\r\n                  \r\n                     <a href=\"https:\/\/us.edu.pl\/wydzial\/wtl\/kierunki\/nauki-o-rodzinie\/\" class=\"thumbnail blocks__item\" style=\"background-image: url(https:\/\/us.edu.pl\/wydzial\/wtl\/wp-content\/uploads\/sites\/21\/Bez-kategorii\/81501205_2804859116233117_6970588375011033088_o-1024x768.jpg)\">\r\n                        <span>wi\u0119cej<\/span>\r\n                        <div class=\"blocks__bottom\">\r\n                        <div class=\"blocks__title\">Nauki o rodzinie<\/div>\r\n                        <div class=\"blocks__subtitle\">studia I stopnia, specjalno\u015bci:  poradnictwo ma\u0142\u017ce\u0144skie i rodzinne (licencjackie), opiekun osoby starszej i osoby niepe\u0142nosprawnej (licencjackie) oraz studia II stopnia, specjalno\u015b\u0107: mediator i asystent rodziny (magisterskie)<\/div>\r\n                        <\/div>\r\n                     <\/a>\r\n                  \r\n                     <a href=\"https:\/\/us.edu.pl\/wydzial\/wtl\/kierunki\/teologia\/\" class=\"thumbnail blocks__item\" style=\"background-image: url(https:\/\/us.edu.pl\/wydzial\/wtl\/wp-content\/uploads\/sites\/21\/Bez-kategorii\/53782616_372780979978055_2541698715911979008_n-1024x768.jpg)\">\r\n                        <span>wi\u0119cej<\/span>\r\n                        <div class=\"blocks__bottom\">\r\n                        <div class=\"blocks__title\">Teologia<\/div>\r\n                        <div class=\"blocks__subtitle\">specjalno\u015bci: teologia nauczycielska i teologia og\u00f3lna (studia stacjonarne i niestacjonarne)<\/div>\r\n                        <\/div>\r\n                     <\/a>\r\n                  \r\n                     <a href=\"https:\/\/us.edu.pl\/wydzial\/wtl\/kierunki\/teologia-pastoralna\/\" class=\"thumbnail blocks__item\" style=\"background-image: url(https:\/\/us.edu.pl\/wydzial\/wtl\/wp-content\/uploads\/sites\/21\/Nieprzypisane\/Katowice-\u015ar\u00f3dmie\u015bcie_S_-_ul._Wita_Stwosza.jpg)\">\r\n                        <span>wi\u0119cej<\/span>\r\n                        <div class=\"blocks__bottom\">\r\n                        <div class=\"blocks__title\">Teologia<\/div>\r\n                        <div class=\"blocks__subtitle\">specjalno\u015b\u0107: teologia pastoralna<\/div>\r\n                        <\/div>\r\n                     <\/a><\/div>     \r\n               <\/div>\r\n            <\/div>[\/vc_column][\/vc_row]<\/p>","protected":false},"excerpt":{"rendered":"<p>[vc_row][vc_column][\/vc_column][\/vc_row] [&#8230;]<\/p>\n<p><a class=\"btn btn-secondary understrap-read-more-link\" href=\"https:\/\/us.edu.pl\/wydzial\/wtl\/kierunki\/\">Read More&#8230;<\/a><\/p>\n","protected":false},"author":1,"featured_media":0,"parent":0,"menu_order":53,"comment_status":"closed","ping_status":"closed","template":"page-templates\/page-with-sidebar.php","meta":{"_expiration-date-status":"","_expiration-date":0,"_expiration-date-type":"","_expiration-date-categories":[],"_expiration-date-options":[]},"acf":[],"_links":{"self":[{"href":"https:\/\/us.edu.pl\/wydzial\/wtl\/wp-json\/wp\/v2\/pages\/209"}],"collection":[{"href":"https:\/\/us.edu.pl\/wydzial\/wtl\/wp-json\/wp\/v2\/pages"}],"about":[{"href":"https:\/\/us.edu.pl\/wydzial\/wtl\/wp-json\/wp\/v2\/types\/page"}],"author":[{"embeddable":true,"href":"https:\/\/us.edu.pl\/wydzial\/wtl\/wp-json\/wp\/v2\/users\/1"}],"replies":[{"embeddable":true,"href":"https:\/\/us.edu.pl\/wydzial\/wtl\/wp-json\/wp\/v2\/comments?post=209"}],"version-history":[{"count":10,"href":"https:\/\/us.edu.pl\/wydzial\/wtl\/wp-json\/wp\/v2\/pages\/209\/revisions"}],"predecessor-version":[{"id":166112,"href":"https:\/\/us.edu.pl\/wydzial\/wtl\/wp-json\/wp\/v2\/pages\/209\/revisions\/166112"}],"wp:attachment":[{"href":"https:\/\/us.edu.pl\/wydzial\/wtl\/wp-json\/wp\/v2\/media?parent=209"}],"curies":[{"name":"wp","href":"https:\/\/api.w.org\/{rel}","templated":true}]}}