{"id":2479,"date":"2020-12-17T13:10:47","date_gmt":"2020-12-17T12:10:47","guid":{"rendered":"https:\/\/us.edu.pl\/wydzial\/wtl\/?page_id=2479"},"modified":"2026-02-16T10:54:43","modified_gmt":"2026-02-16T09:54:43","slug":"praktyki-pedagogiczne","status":"publish","type":"page","link":"https:\/\/us.edu.pl\/wydzial\/wtl\/praktyki\/praktyki-pedagogiczne\/","title":{"rendered":"psychologiczno-pedagogiczne"},"content":{"rendered":"<p>[vc_row][vc_column]\r\n\t\t\t\t\t<div class='container'>\r\n\t\t\t\t\t\t<div class='sidebar_moduls sidebar_dropdown zakladki' style='background-color: #FFFFFF'>\r\n\t\t\t\t\t\t\t<h3 class='page-title'>Praktyki psychologiczno-pedagogiczne<\/h3>\r\n\t\t\t\t\t\t\t<p class='zakladki__desc'>Poni\u017cej zamieszczamy wzory dokument\u00f3w do pobrania i wydrukowania dla student\u00f3w teologii, kt\u00f3rzy odbywaj\u0105 praktyki dydaktyczne. Prosimy o uwa\u017cn\u0105 lektur\u0119 wszystkich potrzebnych dokument\u00f3w.<\/p>\r\n\r\n\t\t\t\t\t\t\t<div class='bookmarks'>\r\n\t\t\t\t\t<div class=\"bookmark\">\r\n\t\t\t\t\t\t<div class=\"bookmark__title\">\r\n                            <h3>\r\n                                <span class=\"short\">Regulamin i program praktyk - teologia<\/span>\r\n                                <span class=\"long\">Regulamin i program praktyk - teologia<\/span>\r\n                            <\/h3>\r\n\t\t\t\t\t\t<\/div>\r\n\t\t\t\t\t\t\r\n\t\t\t\t\t\t<div class=\"bookmark__content-wrap\">\r\n\t\t\t\t\t\t\t<div class=\"bookmark__content\">\r\n\r\n\t\t\t\t\t\t\t\t\r\n\r\n\t\t\t\t\t\t\t\t<div class=\"bookmark_text\" style=\"\">\r\n\t\t\t\t\t\t\t\t\r\n\t\t\t\t\t\t\t\t<br>\r\n\t\t\t\t\t\t\t\t<h3><a href='https:\/\/us.edu.pl\/wydzial\/wtl\/wp-content\/uploads\/sites\/21\/Bez-kategorii\/Regulamin-i-program-PPP-teologia.pdf' class=\"mtli_attachment mtli_pdf\" data-mtli=\"mtli_filesize172,88kB\">Regulamin i program praktyk - teologia<\/a><\/h3>\r\n\t\t\t\t\t\t\t\t<\/div>\r\n\t\t\t\t\t\t\t<\/div>\r\n\t\t\t\t\t\t<\/div>\r\n\t\t\t\t\t<\/div>\r\n\t\t\t\t\t<div class=\"bookmark\">\r\n\t\t\t\t\t\t<div class=\"bookmark__title\">\r\n                            <h3>\r\n                                <span class=\"short\">Skierowanie na praktyki - teologia<\/span>\r\n                                <span class=\"long\">Skierowanie na praktyki - teologia<\/span>\r\n                            <\/h3>\r\n\t\t\t\t\t\t<\/div>\r\n\t\t\t\t\t\t\r\n\t\t\t\t\t\t<div class=\"bookmark__content-wrap\">\r\n\t\t\t\t\t\t\t<div class=\"bookmark__content\">\r\n\r\n\t\t\t\t\t\t\t\t\r\n\r\n\t\t\t\t\t\t\t\t<div class=\"bookmark_text\" style=\"\">\r\n\t\t\t\t\t\t\t\t\r\n\t\t\t\t\t\t\t\t<br>\r\n\t\t\t\t\t\t\t\t<h3><a href='https:\/\/us.edu.pl\/wydzial\/wtl\/wp-content\/uploads\/sites\/21\/2019\/12\/Skierowanie-teologia-PPP-1.docx' class=\"mtli_attachment mtli_docx\" data-mtli=\"mtli_filesize30,08kB\">Skierowanie na praktyki - teologia<\/a><\/h3>\r\n\t\t\t\t\t\t\t\t<\/div>\r\n\t\t\t\t\t\t\t<\/div>\r\n\t\t\t\t\t\t<\/div>\r\n\t\t\t\t\t<\/div>\r\n\t\t\t\t\t<div class=\"bookmark\">\r\n\t\t\t\t\t\t<div class=\"bookmark__title\">\r\n                            <h3>\r\n                                <span class=\"short\">Raport z przebiegu praktyki - teologia<\/span>\r\n                                <span class=\"long\">Raport z przebiegu praktyki - teologia<\/span>\r\n                            <\/h3>\r\n\t\t\t\t\t\t<\/div>\r\n\t\t\t\t\t\t\r\n\t\t\t\t\t\t<div class=\"bookmark__content-wrap\">\r\n\t\t\t\t\t\t\t<div class=\"bookmark__content\">\r\n\r\n\t\t\t\t\t\t\t\t\r\n\r\n\t\t\t\t\t\t\t\t<div class=\"bookmark_text\" style=\"\">\r\n\t\t\t\t\t\t\t\t\r\n\t\t\t\t\t\t\t\t<br>\r\n\t\t\t\t\t\t\t\t<h3><a href='https:\/\/us.edu.pl\/wydzial\/wtl\/wp-content\/uploads\/sites\/21\/Bez-kategorii\/Raport-z-przebiegu-praktyk.pdf' class=\"mtli_attachment mtli_pdf\" data-mtli=\"mtli_filesize598,13kB\">Raport z przebiegu praktyki - teologia<\/a><\/h3>\r\n\t\t\t\t\t\t\t\t<\/div>\r\n\t\t\t\t\t\t\t<\/div>\r\n\t\t\t\t\t\t<\/div>\r\n\t\t\t\t\t<\/div>\r\n\t\t\t\t\t<div class=\"bookmark\">\r\n\t\t\t\t\t\t<div class=\"bookmark__title\">\r\n                            <h3>\r\n                                <span class=\"short\">Porozumienie o organizacji praktyki - teologia<\/span>\r\n                                <span class=\"long\">Porozumienie o organizacji praktyki - teologia<\/span>\r\n                            <\/h3>\r\n\t\t\t\t\t\t<\/div>\r\n\t\t\t\t\t\t\r\n\t\t\t\t\t\t<div class=\"bookmark__content-wrap\">\r\n\t\t\t\t\t\t\t<div class=\"bookmark__content\">\r\n\r\n\t\t\t\t\t\t\t\t\r\n\r\n\t\t\t\t\t\t\t\t<div class=\"bookmark_text\" style=\"\">\r\n\t\t\t\t\t\t\t\t\r\n\t\t\t\t\t\t\t\t<br>\r\n\t\t\t\t\t\t\t\t<h3><a href='https:\/\/us.edu.pl\/wydzial\/wtl\/wp-content\/uploads\/sites\/21\/2019\/12\/Porozumienie-z-placowka-PPP-14.docx' class=\"mtli_attachment mtli_docx\" data-mtli=\"mtli_filesize23,45kB\">Porozumienie o organizacji praktyki - teologia<\/a><\/h3>\r\n\t\t\t\t\t\t\t\t<\/div>\r\n\t\t\t\t\t\t\t<\/div>\r\n\t\t\t\t\t\t<\/div>\r\n\t\t\t\t\t<\/div>\r\n\t\t\t\t\t<div class=\"bookmark\">\r\n\t\t\t\t\t\t<div class=\"bookmark__title\">\r\n                            <h3>\r\n                                <span class=\"short\">Dziennik praktyk - teologia<\/span>\r\n                                <span class=\"long\">Dziennik praktyk - teologia<\/span>\r\n                            <\/h3>\r\n\t\t\t\t\t\t<\/div>\r\n\t\t\t\t\t\t\r\n\t\t\t\t\t\t<div class=\"bookmark__content-wrap\">\r\n\t\t\t\t\t\t\t<div class=\"bookmark__content\">\r\n\r\n\t\t\t\t\t\t\t\t\r\n\r\n\t\t\t\t\t\t\t\t<div class=\"bookmark_text\" style=\"\">\r\n\t\t\t\t\t\t\t\t\r\n\t\t\t\t\t\t\t\t<br>\r\n\t\t\t\t\t\t\t\t<h3><a href='https:\/\/us.edu.pl\/wydzial\/wtl\/wp-content\/uploads\/sites\/21\/Bez-kategorii\/Dziennik-praktyk-teologia-PD-i-PPP.pdf' class=\"mtli_attachment mtli_pdf\" data-mtli=\"mtli_filesize243,47kB\">Dziennik praktyk - teologia<\/a><\/h3>\r\n\t\t\t\t\t\t\t\t<\/div>\r\n\t\t\t\t\t\t\t<\/div>\r\n\t\t\t\t\t\t<\/div>\r\n\t\t\t\t\t<\/div><\/div>\r\n\t\t\t\t\t\t<\/div>\r\n\t\t\t\t\t <\/div>[\/vc_column][\/vc_row]<\/p>\n<style type=\"text\/css\">a[data-mtli~=\"mtli_filesize172,88kB\"]:after {content:\" (172,88 kB)\"}a[data-mtli~=\"mtli_filesize30,08kB\"]:after {content:\" (30,08 kB)\"}a[data-mtli~=\"mtli_filesize598,13kB\"]:after {content:\" (598,13 kB)\"}a[data-mtli~=\"mtli_filesize23,45kB\"]:after {content:\" (23,45 kB)\"}a[data-mtli~=\"mtli_filesize243,47kB\"]:after {content:\" (243,47 kB)\"}<\/style>","protected":false},"excerpt":{"rendered":"<p>[vc_row][vc_column][\/vc_column][\/vc_row] [&#8230;]<\/p>\n<p><a class=\"btn btn-secondary understrap-read-more-link\" href=\"https:\/\/us.edu.pl\/wydzial\/wtl\/praktyki\/praktyki-pedagogiczne\/\">Read More&#8230;<\/a><\/p>\n","protected":false},"author":120,"featured_media":0,"parent":274,"menu_order":45,"comment_status":"closed","ping_status":"closed","template":"page-templates\/inner-page-with-bookmarks.php","meta":{"_expiration-date-status":"","_expiration-date":0,"_expiration-date-type":"","_expiration-date-categories":[],"_expiration-date-options":[]},"acf":[],"_links":{"self":[{"href":"https:\/\/us.edu.pl\/wydzial\/wtl\/wp-json\/wp\/v2\/pages\/2479"}],"collection":[{"href":"https:\/\/us.edu.pl\/wydzial\/wtl\/wp-json\/wp\/v2\/pages"}],"about":[{"href":"https:\/\/us.edu.pl\/wydzial\/wtl\/wp-json\/wp\/v2\/types\/page"}],"author":[{"embeddable":true,"href":"https:\/\/us.edu.pl\/wydzial\/wtl\/wp-json\/wp\/v2\/users\/120"}],"replies":[{"embeddable":true,"href":"https:\/\/us.edu.pl\/wydzial\/wtl\/wp-json\/wp\/v2\/comments?post=2479"}],"version-history":[{"count":12,"href":"https:\/\/us.edu.pl\/wydzial\/wtl\/wp-json\/wp\/v2\/pages\/2479\/revisions"}],"predecessor-version":[{"id":167839,"href":"https:\/\/us.edu.pl\/wydzial\/wtl\/wp-json\/wp\/v2\/pages\/2479\/revisions\/167839"}],"up":[{"embeddable":true,"href":"https:\/\/us.edu.pl\/wydzial\/wtl\/wp-json\/wp\/v2\/pages\/274"}],"wp:attachment":[{"href":"https:\/\/us.edu.pl\/wydzial\/wtl\/wp-json\/wp\/v2\/media?parent=2479"}],"curies":[{"name":"wp","href":"https:\/\/api.w.org\/{rel}","templated":true}]}}