{"id":2535,"date":"2020-12-21T16:39:18","date_gmt":"2020-12-21T15:39:18","guid":{"rendered":"https:\/\/us.edu.pl\/wydzial\/wtl\/?page_id=2535"},"modified":"2021-12-03T22:03:18","modified_gmt":"2021-12-03T21:03:18","slug":"proces-dyplomowania","status":"publish","type":"page","link":"https:\/\/us.edu.pl\/wydzial\/wtl\/student-wtl\/proces-dyplomowania\/","title":{"rendered":"Proces dyplomowania"},"content":{"rendered":"<p>[vc_row][vc_column][vc_column_text]<span style=\"font-size: 12pt; font-family: verdana, geneva, sans-serif;\">Poni\u017cej zamieszczamy wzory dokument\u00f3w i inne informacje dotycz\u0105ce procesu dyplomowania:<\/span><\/p>\n<p><span style=\"font-size: 12pt; font-family: verdana, geneva, sans-serif;\"><a href=\"http:\/\/bip.us.edu.pl\/sites\/bip.us.edu.pl\/files\/zarz2021201.pdf\" class=\"mtli_attachment mtli_pdf\" data-mtli=\"mtli_filesize36,44kB\"><strong>Zarz\u0105dzenie Rektora z dnia 23 listopada 2021 r.<\/strong><\/a><\/span><\/p>\n<p><span style=\"font-size: 12pt; font-family: verdana, geneva, sans-serif;\"><a href=\"https:\/\/us.edu.pl\/wydzial\/wtl\/wp-content\/uploads\/sites\/21\/Nieprzypisane\/1.-Zasady-organizacji-pracy-Wydzia\u0142owej-Komisji-ds.-Zatwierdzania-Tytu\u0142\u00f3w-Prac-Dyplomowych.docx\" class=\"mtli_attachment mtli_docx\" data-mtli=\"mtli_filesize17,13kB\">1. Zasady organizacji pracy Wydzia\u0142owej Komisji ds. Zatwierdzania Tytu\u0142\u00f3w Prac Dyplomowych<\/a>\u00a0<\/span><\/p>\n<p><span style=\"font-size: 12pt; font-family: verdana, geneva, sans-serif;\"><a href=\"https:\/\/us.edu.pl\/wydzial\/wtl\/wp-content\/uploads\/sites\/21\/Nieprzypisane\/2.-Zasady-dyplomowania-i-egzamin-ex-universa-theologia-na-kierunku-teologia-specjano\u015b\u0107-teologia-pastoralnai-2.docx\" class=\"mtli_attachment mtli_docx\" data-mtli=\"mtli_filesize18,21kB\">2. Zasady dyplomowania i egzamin ex universa theologia na kierunku teologia, specjano\u015b\u0107 &#8211; teologia pastoralna<\/a><\/span><\/p>\n<p><span style=\"font-size: 12pt; font-family: verdana, geneva, sans-serif;\"><a href=\"https:\/\/us.edu.pl\/wydzial\/wtl\/wp-content\/uploads\/sites\/21\/Nieprzypisane\/3a.-Rejestracja-Tytu\u0142u-Pracy-wz\u00f3r-podania-RTP.docx\" class=\"mtli_attachment mtli_docx\" data-mtli=\"mtli_filesize18,13kB\">3a. Rejestracja Tytu\u0142u Pracy &#8211; wz\u00f3r podania RTP<\/a><\/span><\/p>\n<p><span style=\"font-size: 12pt; font-family: verdana, geneva, sans-serif;\"><a href=\"https:\/\/us.edu.pl\/wydzial\/wtl\/wp-content\/uploads\/sites\/21\/Nieprzypisane\/3b.-Rejestracja-Tytu\u0142u-Pracy-wz\u00f3r-podania-RTP.pdf\" class=\"mtli_attachment mtli_pdf\" data-mtli=\"mtli_filesize250,79kB\">3b. Rejestracja Tytu\u0142u Pracy &#8211; wz\u00f3r podania RTP<\/a><\/span><\/p>\n<p><span style=\"font-size: 12pt; font-family: verdana, geneva, sans-serif;\"><a href=\"https:\/\/us.edu.pl\/wydzial\/wtl\/wp-content\/uploads\/sites\/21\/Nieprzypisane\/4.-Komisja-ds.-zatwierdzania-tytu\u0142\u00f3w-prac.docx\" class=\"mtli_attachment mtli_docx\" data-mtli=\"mtli_filesize14,40kB\">4. Komisja ds. zatwierdzania tytu\u0142\u00f3w prac<\/a><\/span><\/p>\n<p><span style=\"font-size: 12pt; font-family: verdana, geneva, sans-serif;\"><a href=\"https:\/\/us.edu.pl\/wydzial\/wtl\/wp-content\/uploads\/sites\/21\/Nieprzypisane\/5.-Ex-universa-sk\u0142ad-komisji-2020-2021.docx\" class=\"mtli_attachment mtli_docx\" data-mtli=\"mtli_filesize12,62kB\">5. Ex universa &#8211; sk\u0142ad komisji 2020-2021<\/a><\/span><\/p>\n<p><span style=\"font-size: 12pt; font-family: verdana, geneva, sans-serif;\"><a href=\"https:\/\/us.edu.pl\/wydzial\/wtl\/wp-content\/uploads\/sites\/21\/Nieprzypisane\/Strona-tytu\u0142owa-pracy-dyplomowej-2021.docx\" class=\"mtli_attachment mtli_docx\" data-mtli=\"mtli_filesize102,56kB\">Strona tytu\u0142owa pracy dyplomowej 2021<\/a><\/span><\/p>\n<p><span style=\"font-size: 12pt; font-family: verdana, geneva, sans-serif;\"><a href=\"https:\/\/us.edu.pl\/wydzial\/wtl\/wp-content\/uploads\/sites\/21\/Nieprzypisane\/Strona-tytu\u0142owa-pracy-dyplomowej-2021.pdf\" class=\"mtli_attachment mtli_pdf\" data-mtli=\"mtli_filesize288,40kB\">Strona tytu\u0142owa pracy dyplomowej 2021<\/a><\/span><\/p>\n<p><span style=\"font-size: 12pt; font-family: verdana, geneva, sans-serif;\"><a href=\"https:\/\/us.edu.pl\/wydzial\/wtl\/wp-content\/uploads\/sites\/21\/Nieprzypisane\/Ex-universa-theologia-tezy-egzaminacyjne-od-2021-2022.pdf\" class=\"mtli_attachment mtli_pdf\" data-mtli=\"mtli_filesize227,64kB\">Ex universa theologia &#8211; tezy egzaminacyjne od 2021-2022<\/a><\/span><\/p>\n<p><span style=\"font-size: 12pt; font-family: verdana, geneva, sans-serif;\"><a href=\"https:\/\/apd.us.edu.pl\/static-bf3f488\/diots\/instrukcje\/APD_student.pdf\" class=\"mtli_attachment mtli_pdf\">Instrukcja APD dla student\u00f3w<\/a><\/span>[\/vc_column_text][\/vc_column][\/vc_row]<\/p>\n<style type=\"text\/css\">a[data-mtli~=\"mtli_filesize36,44kB\"]:after {content:\" (36,44 kB)\"}a[data-mtli~=\"mtli_filesize17,13kB\"]:after {content:\" (17,13 kB)\"}a[data-mtli~=\"mtli_filesize18,21kB\"]:after {content:\" (18,21 kB)\"}a[data-mtli~=\"mtli_filesize18,13kB\"]:after {content:\" (18,13 kB)\"}a[data-mtli~=\"mtli_filesize250,79kB\"]:after {content:\" (250,79 kB)\"}a[data-mtli~=\"mtli_filesize14,40kB\"]:after {content:\" (14,40 kB)\"}a[data-mtli~=\"mtli_filesize12,62kB\"]:after {content:\" (12,62 kB)\"}a[data-mtli~=\"mtli_filesize102,56kB\"]:after {content:\" (102,56 kB)\"}a[data-mtli~=\"mtli_filesize288,40kB\"]:after {content:\" (288,40 kB)\"}a[data-mtli~=\"mtli_filesize227,64kB\"]:after {content:\" (227,64 kB)\"}<\/style>","protected":false},"excerpt":{"rendered":"<p>[vc_row][vc_column][vc_column_text]Poni\u017cej zamieszczamy wzory dokument\u00f3w i inne informacje dotycz\u0105ce procesu dyplomowania: Zarz\u0105dzenie Rektora z dnia 23 listopada 2021 r. 1. Zasady organizacji pracy Wydzia\u0142owej Komisji ds. Zatwierdzania Tytu\u0142\u00f3w Prac Dyplomowych\u00a0 2. Zasady dyplomowania i egzamin ex universa theologia na kierunku teologia, specjano\u015b\u0107 &#8211; teologia pastoralna 3a. Rejestracja Tytu\u0142u Pracy &#8211; wz\u00f3r podania RTP 3b. Rejestracja Tytu\u0142u [&#8230;]<\/p>\n<p><a class=\"btn btn-secondary understrap-read-more-link\" href=\"https:\/\/us.edu.pl\/wydzial\/wtl\/student-wtl\/proces-dyplomowania\/\">Read More&#8230;<\/a><\/p>\n","protected":false},"author":120,"featured_media":0,"parent":508,"menu_order":0,"comment_status":"closed","ping_status":"closed","template":"page-templates\/page-with-bookmarks.php","meta":{"_expiration-date-status":"saved","_expiration-date":0,"_expiration-date-type":"","_expiration-date-categories":[],"_expiration-date-options":[]},"acf":[],"_links":{"self":[{"href":"https:\/\/us.edu.pl\/wydzial\/wtl\/wp-json\/wp\/v2\/pages\/2535"}],"collection":[{"href":"https:\/\/us.edu.pl\/wydzial\/wtl\/wp-json\/wp\/v2\/pages"}],"about":[{"href":"https:\/\/us.edu.pl\/wydzial\/wtl\/wp-json\/wp\/v2\/types\/page"}],"author":[{"embeddable":true,"href":"https:\/\/us.edu.pl\/wydzial\/wtl\/wp-json\/wp\/v2\/users\/120"}],"replies":[{"embeddable":true,"href":"https:\/\/us.edu.pl\/wydzial\/wtl\/wp-json\/wp\/v2\/comments?post=2535"}],"version-history":[{"count":10,"href":"https:\/\/us.edu.pl\/wydzial\/wtl\/wp-json\/wp\/v2\/pages\/2535\/revisions"}],"predecessor-version":[{"id":4489,"href":"https:\/\/us.edu.pl\/wydzial\/wtl\/wp-json\/wp\/v2\/pages\/2535\/revisions\/4489"}],"up":[{"embeddable":true,"href":"https:\/\/us.edu.pl\/wydzial\/wtl\/wp-json\/wp\/v2\/pages\/508"}],"wp:attachment":[{"href":"https:\/\/us.edu.pl\/wydzial\/wtl\/wp-json\/wp\/v2\/media?parent=2535"}],"curies":[{"name":"wp","href":"https:\/\/api.w.org\/{rel}","templated":true}]}}