{"id":282,"date":"2019-10-16T14:18:05","date_gmt":"2019-10-16T12:18:05","guid":{"rendered":"https:\/\/us.edu.pl\/wydzial\/wtl\/?page_id=282"},"modified":"2026-02-13T12:05:13","modified_gmt":"2026-02-13T11:05:13","slug":"z-otoczeniem","status":"publish","type":"page","link":"https:\/\/us.edu.pl\/wydzial\/wtl\/wspolpraca\/z-otoczeniem\/","title":{"rendered":"Wsp\u00f3\u0142praca z otoczeniem"},"content":{"rendered":"<p>[vc_row][vc_column][\/vc_column][\/vc_row][vc_row][vc_column]\r\n\t\t\t\t<div class='container'>\r\n\t\t\t\t\t<div class='list-links list-links_'>\r\n\t\t\t\t\t\t  \r\n\t\t\t\t\t\t  <ul>\r\n\t\t\t\t\t\t\t\t<li><a href='https:\/\/seminarium.katowice.pl\/'><p>Wy\u017csze \u015al\u0105skie Seminarium Duchowne<\/p><\/a><\/li>\r\n\t\t\t\t\t\t\t\t<li><a href='https:\/\/archidiecezjakatowicka.pl\/'><p>Archidiecezja Katowicka<\/p><\/a><\/li>\r\n\t\t\t\t\t\t\t\t<li><a href='https:\/\/archidiecezjakatowicka.pl\/kuria\/wydzial-katechetyczny'><p>Wydzia\u0142 Katechetyczny<\/p><\/a><\/li>\r\n\t\t\t\t\t\t\t\t<li><a href='https:\/\/us.edu.pl\/wydzial\/wtl\/wspolpraca\/z-otoczeniem\/podroze-studyjne-do-ziemi-swietej\/'><p>Podr\u00f3\u017ce studyjne do Ziemi \u015awi\u0119tej<\/p><\/a><\/li>\r\n\t\t\t\t\t\t\t\t<li><a href='https:\/\/us.edu.pl\/wydzial\/wtl\/wspolpraca\/z-otoczeniem\/dialog-miedzyreligijny\/'><p>Dialog Mi\u0119dzyreligijny<\/p><\/a><\/li><\/ul>\r\n\t\t\t\t\t<\/div>\r\n\t\t\t\t<\/div>   \r\n\t\t\t\t\t[\/vc_column][\/vc_row]<\/p>","protected":false},"excerpt":{"rendered":"<p>[vc_row][vc_column][\/vc_column][\/vc_row][vc_row][vc_column][\/vc_column][\/vc_row] [&#8230;]<\/p>\n<p><a class=\"btn btn-secondary understrap-read-more-link\" href=\"https:\/\/us.edu.pl\/wydzial\/wtl\/wspolpraca\/z-otoczeniem\/\">Read More&#8230;<\/a><\/p>\n","protected":false},"author":1,"featured_media":0,"parent":280,"menu_order":50,"comment_status":"closed","ping_status":"closed","template":"","meta":{"_expiration-date-status":"","_expiration-date":0,"_expiration-date-type":"","_expiration-date-categories":[],"_expiration-date-options":[]},"acf":[],"_links":{"self":[{"href":"https:\/\/us.edu.pl\/wydzial\/wtl\/wp-json\/wp\/v2\/pages\/282"}],"collection":[{"href":"https:\/\/us.edu.pl\/wydzial\/wtl\/wp-json\/wp\/v2\/pages"}],"about":[{"href":"https:\/\/us.edu.pl\/wydzial\/wtl\/wp-json\/wp\/v2\/types\/page"}],"author":[{"embeddable":true,"href":"https:\/\/us.edu.pl\/wydzial\/wtl\/wp-json\/wp\/v2\/users\/1"}],"replies":[{"embeddable":true,"href":"https:\/\/us.edu.pl\/wydzial\/wtl\/wp-json\/wp\/v2\/comments?post=282"}],"version-history":[{"count":8,"href":"https:\/\/us.edu.pl\/wydzial\/wtl\/wp-json\/wp\/v2\/pages\/282\/revisions"}],"predecessor-version":[{"id":167822,"href":"https:\/\/us.edu.pl\/wydzial\/wtl\/wp-json\/wp\/v2\/pages\/282\/revisions\/167822"}],"up":[{"embeddable":true,"href":"https:\/\/us.edu.pl\/wydzial\/wtl\/wp-json\/wp\/v2\/pages\/280"}],"wp:attachment":[{"href":"https:\/\/us.edu.pl\/wydzial\/wtl\/wp-json\/wp\/v2\/media?parent=282"}],"curies":[{"name":"wp","href":"https:\/\/api.w.org\/{rel}","templated":true}]}}