{"id":2952,"date":"2021-03-18T21:41:05","date_gmt":"2021-03-18T20:41:05","guid":{"rendered":"https:\/\/us.edu.pl\/wydzial\/wtl\/?page_id=2952"},"modified":"2026-04-20T10:13:17","modified_gmt":"2026-04-20T08:13:17","slug":"wrss","status":"publish","type":"page","link":"https:\/\/us.edu.pl\/wydzial\/wtl\/student-wtl\/wrss\/","title":{"rendered":"WRSS"},"content":{"rendered":"<p>[vc_row][vc_column]\r\n                <div class=\"text-modules\">\r\n                    <div class=\"container\">\r\n                        <h3 class=\"page-title text__title\">Wydzia\u0142owa Rada Samorz\u0105du Studenckiego WTL<\/h3>\r\n                        <div class=\"text-modules__content\"><p><span style=\"font-size: 12pt;\"><img class=\"alignright wp-image-1577 size-medium\" src=\"https:\/\/us.edu.pl\/wydzial\/wtl\/wp-content\/uploads\/sites\/21\/Nieprzypisane\/logo_RSS_WTL-300x216.jpg\" alt=\"\" width=\"300\" height=\"216\" srcset=\"https:\/\/us.edu.pl\/wydzial\/wtl\/wp-content\/uploads\/sites\/21\/Nieprzypisane\/logo_RSS_WTL-300x216.jpg 300w, https:\/\/us.edu.pl\/wydzial\/wtl\/wp-content\/uploads\/sites\/21\/Nieprzypisane\/logo_RSS_WTL-575x414.jpg 575w, https:\/\/us.edu.pl\/wydzial\/wtl\/wp-content\/uploads\/sites\/21\/Nieprzypisane\/logo_RSS_WTL.jpg 690w\" sizes=\"(max-width: 300px) 100vw, 300px\" \/><\/span><\/p>\n<p><span style=\"font-size: 12pt;\"><strong>Dane\u00a0kontaktowe:<\/strong><br \/>\n<a href=\"mailto:rss.wtl@us.edu.pl\" rel=\"noreferrer\">rss.wtl@us.edu.pl<\/a><br \/>\nBiuro\u00a0organizacji\u00a0studenckich:\u00a0304\/4<br \/>\nFanpage:\u00a0<a href=\"https:\/\/www.facebook.com\/rss.wtl.us\/\" target=\"_blank\" rel=\"noopener noreferrer\">https:\/\/www.facebook.com\/rss.wtl.us\/<\/a><\/span><\/p>\n<p><span style=\"font-size: 12pt;\"><strong>Przewodnicz\u0105ca Wydzia\u0142owej Rady Samorz\u0105du Studenckiego Wydzia\u0142u Teologicznego<\/strong><\/span><\/p>\n<ul>\n<li><span style=\"font-size: 12pt;\">Sandra \u015aliwa\u00a0<\/span><\/li>\n<\/ul>\n<p><strong><span style=\"font-size: 12pt;\">Wiceprzewodnicz\u0105ca Wydzia\u0142owej Rady Samorz\u0105du Studenckiego Wydzia\u0142u Teologicznego<\/span><\/strong><\/p>\n<ul>\n<li><span style=\"font-size: 12pt;\">Magdalena Rozmus<\/span><\/li>\n<\/ul>\n<p><strong><span style=\"font-size: 12pt;\">Koordynator ds. Organizacji Studenckich Wydzia\u0142owej Rady Samorz\u0105du Studenckiego Wydzia\u0142u Teologicznego<\/span><\/strong><\/p>\n<ul>\n<li><span style=\"font-size: 12pt;\">Bartosz Dryja-Go\u0142\u0119biowski<\/span><\/li>\n<\/ul>\n<div><\/div>\n<p><span style=\"font-size: 12pt;\">Dy\u017cury w roku akademickim 2025\/2026 odbywaj\u0105 si\u0119 po wcze\u015bniejszym um\u00f3wieniu.<\/span><\/p>\n<\/div>\r\n                    <\/div>\r\n                <\/div>[\/vc_column][\/vc_row]<\/p>","protected":false},"excerpt":{"rendered":"<p>[vc_row][vc_column][\/vc_column][\/vc_row] [&#8230;]<\/p>\n<p><a class=\"btn btn-secondary understrap-read-more-link\" href=\"https:\/\/us.edu.pl\/wydzial\/wtl\/student-wtl\/wrss\/\">Read More&#8230;<\/a><\/p>\n","protected":false},"author":120,"featured_media":0,"parent":508,"menu_order":0,"comment_status":"closed","ping_status":"closed","template":"","meta":{"_expiration-date-status":"","_expiration-date":0,"_expiration-date-type":"","_expiration-date-categories":[],"_expiration-date-options":[]},"acf":[],"_links":{"self":[{"href":"https:\/\/us.edu.pl\/wydzial\/wtl\/wp-json\/wp\/v2\/pages\/2952"}],"collection":[{"href":"https:\/\/us.edu.pl\/wydzial\/wtl\/wp-json\/wp\/v2\/pages"}],"about":[{"href":"https:\/\/us.edu.pl\/wydzial\/wtl\/wp-json\/wp\/v2\/types\/page"}],"author":[{"embeddable":true,"href":"https:\/\/us.edu.pl\/wydzial\/wtl\/wp-json\/wp\/v2\/users\/120"}],"replies":[{"embeddable":true,"href":"https:\/\/us.edu.pl\/wydzial\/wtl\/wp-json\/wp\/v2\/comments?post=2952"}],"version-history":[{"count":11,"href":"https:\/\/us.edu.pl\/wydzial\/wtl\/wp-json\/wp\/v2\/pages\/2952\/revisions"}],"predecessor-version":[{"id":168509,"href":"https:\/\/us.edu.pl\/wydzial\/wtl\/wp-json\/wp\/v2\/pages\/2952\/revisions\/168509"}],"up":[{"embeddable":true,"href":"https:\/\/us.edu.pl\/wydzial\/wtl\/wp-json\/wp\/v2\/pages\/508"}],"wp:attachment":[{"href":"https:\/\/us.edu.pl\/wydzial\/wtl\/wp-json\/wp\/v2\/media?parent=2952"}],"curies":[{"name":"wp","href":"https:\/\/api.w.org\/{rel}","templated":true}]}}