{"id":2960,"date":"2021-03-18T21:50:20","date_gmt":"2021-03-18T20:50:20","guid":{"rendered":"https:\/\/us.edu.pl\/wydzial\/wtl\/?page_id=2960"},"modified":"2026-04-07T10:46:49","modified_gmt":"2026-04-07T08:46:49","slug":"pro","status":"publish","type":"page","link":"https:\/\/us.edu.pl\/wydzial\/wtl\/student-wtl\/pro\/","title":{"rendered":"Pro"},"content":{"rendered":"<p>[vc_row][vc_column]\r\n                <div class=\"text-modules\">\r\n                    <div class=\"container\">\r\n                        <h3 class=\"page-title text__title\">Ko\u0142o Naukowe Nauk o Rodzinie ``Pro``<\/h3>\r\n                        <div class=\"text-modules__content\"><\/p>\n<div class=\"cpage_body\">\n<div class=\"cpage_body\">\n<p><span style=\"font-size: 12pt;\">Je\u017celi\u2026<\/span><\/p>\n<div class=\"cpage_body\">\n<p><span style=\"font-size: 12pt;\">Chcesz rozwija\u0107 wiedz\u0119 z zakresu tematyki rodzinnej<\/span><br \/>\n<span style=\"font-size: 12pt;\">Promowa\u0107 personalistyczn\u0105 wizj\u0119 ma\u0142\u017ce\u0144stwa i rodziny<\/span><br \/>\n<span style=\"font-size: 12pt;\">Zdobywa\u0107 umiej\u0119tno\u015bci z zakresu wspomagania rodziny<\/span><br \/>\n<span style=\"font-size: 12pt;\">Interesujesz si\u0119 dzia\u0142alno\u015bci\u0105 naukow\u0105<\/span><\/p>\n<p><span style=\"font-size: 12pt;\">Zapraszamy do Studenckiego Ko\u0142a Naukowego Nauk o Rodzinie \u201ePro\u201d!<\/span><\/p>\n<\/div>\n<div class=\"H20\">Zarz\u0105d:<br \/>\nPrzewodnicz\u0105ca:<br \/>\nZast\u0119pca Przewodnicz\u0105cej:<br \/>\nSekretarz:<br \/>\nSkarbnik:<br \/>\nOpieka naukowa: dr Aleksandra K\u0142os-Skrzypczak<\/div>\n<\/div>\n<\/div>\n<div><\/div>\n<div class=\"cpage_body\">\n<div class=\"H20\"><\/div>\n<\/div>\n<p><a href=\"https:\/\/www.facebook.com\/StudenckieKoloNaukoweNaukORodziniePro\">https:\/\/www.facebook.com\/StudenckieKoloNaukoweNaukORodziniePro<\/a><\/p>\n<p>\n<\/div>\r\n                    <\/div>\r\n                <\/div>[\/vc_column][\/vc_row]<\/p>","protected":false},"excerpt":{"rendered":"<p>[vc_row][vc_column][\/vc_column][\/vc_row] [&#8230;]<\/p>\n<p><a class=\"btn btn-secondary understrap-read-more-link\" href=\"https:\/\/us.edu.pl\/wydzial\/wtl\/student-wtl\/pro\/\">Read More&#8230;<\/a><\/p>\n","protected":false},"author":120,"featured_media":0,"parent":508,"menu_order":0,"comment_status":"closed","ping_status":"closed","template":"","meta":{"_expiration-date-status":"","_expiration-date":0,"_expiration-date-type":"","_expiration-date-categories":[],"_expiration-date-options":[]},"acf":[],"_links":{"self":[{"href":"https:\/\/us.edu.pl\/wydzial\/wtl\/wp-json\/wp\/v2\/pages\/2960"}],"collection":[{"href":"https:\/\/us.edu.pl\/wydzial\/wtl\/wp-json\/wp\/v2\/pages"}],"about":[{"href":"https:\/\/us.edu.pl\/wydzial\/wtl\/wp-json\/wp\/v2\/types\/page"}],"author":[{"embeddable":true,"href":"https:\/\/us.edu.pl\/wydzial\/wtl\/wp-json\/wp\/v2\/users\/120"}],"replies":[{"embeddable":true,"href":"https:\/\/us.edu.pl\/wydzial\/wtl\/wp-json\/wp\/v2\/comments?post=2960"}],"version-history":[{"count":10,"href":"https:\/\/us.edu.pl\/wydzial\/wtl\/wp-json\/wp\/v2\/pages\/2960\/revisions"}],"predecessor-version":[{"id":168432,"href":"https:\/\/us.edu.pl\/wydzial\/wtl\/wp-json\/wp\/v2\/pages\/2960\/revisions\/168432"}],"up":[{"embeddable":true,"href":"https:\/\/us.edu.pl\/wydzial\/wtl\/wp-json\/wp\/v2\/pages\/508"}],"wp:attachment":[{"href":"https:\/\/us.edu.pl\/wydzial\/wtl\/wp-json\/wp\/v2\/media?parent=2960"}],"curies":[{"name":"wp","href":"https:\/\/api.w.org\/{rel}","templated":true}]}}