{"id":3035,"date":"2021-03-31T12:05:34","date_gmt":"2021-03-31T10:05:34","guid":{"rendered":"https:\/\/us.edu.pl\/wydzial\/wtl\/?page_id=3035"},"modified":"2022-05-12T13:30:58","modified_gmt":"2022-05-12T11:30:58","slug":"teologia","status":"publish","type":"page","link":"https:\/\/us.edu.pl\/wydzial\/wtl\/kierunki-studiow-niestacjonarnych\/teologia\/","title":{"rendered":"Teologia"},"content":{"rendered":"<p>[vc_row][vc_column]\r\n                <div class=\"text-modules\">\r\n                    <div class=\"container\">\r\n                        <h3 class=\"page-title text__title\">Teologia (studia niestacjonarne)<\/h3>\r\n                        <div class=\"text-modules__content\"><p><span style=\"font-size: 14pt;\"><strong>Teologia nauczycielska<\/strong><\/span><\/p>\n<p><span style=\"font-size: 12pt;\">Specjalno\u015b\u0107 nauczycielska przygotowuje przysz\u0142ych katechet\u00f3w Ko\u015bcio\u0142a katolickiego (nauczycieli religii). Pr\u00f3cz podstawowego programu teologii studenci zdobywaj\u0105 wiedz\u0119, umiej\u0119tno\u015bci i kompetencje spo\u0142eczne zwi\u0105zane z uprawnieniami do nauczania religii w szko\u0142ach publicznych. Program jest rozbudowany w stron\u0119 wzmocnienia umiej\u0119tno\u015bci katechetycznych.<\/span><\/p>\n<p>&nbsp;<\/p>\n<p><span style=\"font-size: 14pt;\"><strong>Teologia w kulturze<\/strong><\/span><\/p>\n<p><span style=\"font-size: 12pt;\">Specjalno\u015b\u0107 teologia w kulturze jest podstawowym kursem teologii rozbudowanym w zakresie podstawowych dyscyplin teologicznych i wzbogaconym o modu\u0142y z pogranicza teologii i nauk o kulturze. W trakcie trwania studi\u00f3w studenci maj\u0105 mo\u017cliwo\u015b\u0107 odbywania praktyk w wybranych instytucjach kultury.<\/span><\/p>\n<\/div>\r\n                    <\/div>\r\n                <\/div>[\/vc_column][\/vc_row][vc_row][vc_column]\r\n                <div class='sidebar_moduls sidebar_button' style=\"background-color: #EBEBEB; color: #002E5A\">\r\n                    <h3><\/h3>\r\n                    <div class='link-button-wrap'><a style=\"background-color: #002E5A!important; color: #FFFFFF!important\" href='https:\/\/us.edu.pl\/wydzial\/wtl\/rekrutacja\/' class='link-button'>Rekrutacja - informacje dla kandydat\u00f3w<\/a><\/div>\r\n                <\/div>[\/vc_column][\/vc_row]<\/p>","protected":false},"excerpt":{"rendered":"<p>[vc_row][vc_column][\/vc_column][\/vc_row][vc_row][vc_column][\/vc_column][\/vc_row] [&#8230;]<\/p>\n<p><a class=\"btn btn-secondary understrap-read-more-link\" href=\"https:\/\/us.edu.pl\/wydzial\/wtl\/kierunki-studiow-niestacjonarnych\/teologia\/\">Read More&#8230;<\/a><\/p>\n","protected":false},"author":2477,"featured_media":0,"parent":1449,"menu_order":44,"comment_status":"closed","ping_status":"closed","template":"page-templates\/inner-page.php","meta":{"_expiration-date-status":"","_expiration-date":0,"_expiration-date-type":"","_expiration-date-categories":[],"_expiration-date-options":[]},"acf":[],"_links":{"self":[{"href":"https:\/\/us.edu.pl\/wydzial\/wtl\/wp-json\/wp\/v2\/pages\/3035"}],"collection":[{"href":"https:\/\/us.edu.pl\/wydzial\/wtl\/wp-json\/wp\/v2\/pages"}],"about":[{"href":"https:\/\/us.edu.pl\/wydzial\/wtl\/wp-json\/wp\/v2\/types\/page"}],"author":[{"embeddable":true,"href":"https:\/\/us.edu.pl\/wydzial\/wtl\/wp-json\/wp\/v2\/users\/2477"}],"replies":[{"embeddable":true,"href":"https:\/\/us.edu.pl\/wydzial\/wtl\/wp-json\/wp\/v2\/comments?post=3035"}],"version-history":[{"count":11,"href":"https:\/\/us.edu.pl\/wydzial\/wtl\/wp-json\/wp\/v2\/pages\/3035\/revisions"}],"predecessor-version":[{"id":156046,"href":"https:\/\/us.edu.pl\/wydzial\/wtl\/wp-json\/wp\/v2\/pages\/3035\/revisions\/156046"}],"up":[{"embeddable":true,"href":"https:\/\/us.edu.pl\/wydzial\/wtl\/wp-json\/wp\/v2\/pages\/1449"}],"wp:attachment":[{"href":"https:\/\/us.edu.pl\/wydzial\/wtl\/wp-json\/wp\/v2\/media?parent=3035"}],"curies":[{"name":"wp","href":"https:\/\/api.w.org\/{rel}","templated":true}]}}