{"id":3865,"date":"2021-10-01T09:14:59","date_gmt":"2021-10-01T07:14:59","guid":{"rendered":"https:\/\/us.edu.pl\/wydzial\/wtl\/?page_id=3865"},"modified":"2025-12-10T13:14:08","modified_gmt":"2025-12-10T12:14:08","slug":"opiekunowie-studentow","status":"publish","type":"page","link":"https:\/\/us.edu.pl\/wydzial\/wtl\/student-wtl\/opiekunowie-studentow\/","title":{"rendered":"Opiekunowie student\u00f3w"},"content":{"rendered":"<p>[vc_row][vc_column]\r\n                <div class=\"text-modules \">\r\n                    <div class=\"container\">\r\n                        <h3 class=\"section-title section-title_border-bottom\">Opiekunowie poszczeg\u00f3lnych lat studi\u00f3w w Wydziale Teologicznym U\u015a<\/h3> <h3 class=\"subtitle text-modules__subtitle\">w roku akademickim 2025\/2026<\/h3>\r\n                        <div class=\"row m-0\">\r\n                            <div class=\"text-modules__content\">\r\n                                <span style=\"font-size: 12pt;\">kierunek: <span style=\"color: #0000ff;\"><strong>teologia<\/strong><\/span><\/span><\/p>\n<p><span style=\"font-size: 12pt;\"><em>studia stacjonarne:<\/em><\/span><\/p>\n<table style=\"border-collapse: collapse; width: 58.3795%; height: 128px;\">\n<tbody>\n<tr style=\"height: 20px;\">\n<td style=\"width: 6.84681%; height: 20px;\"><\/td>\n<td style=\"width: 10.5405%; height: 20px;\"><span style=\"font-size: 12pt;\">rok I<\/span><\/td>\n<td style=\"width: 42.5999%; height: 20px;\"><span style=\"font-size: 16px;\">ks. dr Bartosz Zygmunt<\/span><\/td>\n<\/tr>\n<tr style=\"height: 18px;\">\n<td style=\"width: 6.84681%; height: 18px;\"><\/td>\n<td style=\"width: 10.5405%; height: 18px;\"><span style=\"font-size: 12pt;\">rok II<\/span><\/td>\n<td style=\"width: 42.5999%; height: 18px;\"><span style=\"font-size: 16px;\">ks. dr Dawid Ledwo\u0144, prof. U\u015a (semestr letni)<\/span><\/td>\n<\/tr>\n<tr style=\"height: 18px;\">\n<td style=\"width: 6.84681%; height: 18px;\"><\/td>\n<td style=\"width: 10.5405%; height: 18px;\"><span style=\"font-size: 12pt;\">rok III<\/span><\/td>\n<td style=\"width: 42.5999%; height: 18px;\"><span style=\"font-size: 12pt;\">ks. dr Bart\u0142omiej Ku\u017anik<\/span><\/td>\n<\/tr>\n<tr style=\"height: 18px;\">\n<td style=\"width: 6.84681%; height: 18px;\"><\/td>\n<td style=\"width: 10.5405%; height: 18px;\"><span style=\"font-size: 12pt;\">rok IV<\/span><\/td>\n<td style=\"width: 42.5999%; height: 18px;\"><span style=\"font-size: 12pt;\">ks. dr Witold Kania<\/span><\/td>\n<\/tr>\n<tr style=\"height: 18px;\">\n<td style=\"width: 6.84681%; height: 18px;\"><\/td>\n<td style=\"width: 10.5405%; height: 18px;\"><span style=\"font-size: 12pt;\">rok V<\/span><\/td>\n<td style=\"width: 42.5999%; height: 18px;\"><span style=\"font-size: 12pt;\">ks. dr Tomasz Gwo\u017adziewicz<\/span><\/td>\n<\/tr>\n<tr style=\"height: 18px;\">\n<td style=\"width: 6.84681%; height: 18px;\"><\/td>\n<td style=\"width: 10.5405%; height: 18px;\"><span style=\"font-size: 12pt;\">rok VI<\/span><\/td>\n<td style=\"width: 42.5999%; height: 18px;\"><span style=\"font-size: 12pt;\">ks. dr Krzysztof Matuszewski<\/span><\/td>\n<\/tr>\n<tr style=\"height: 18px;\">\n<td style=\"width: 6.84681%; height: 18px;\"><\/td>\n<td style=\"width: 10.5405%; height: 18px;\"><\/td>\n<td style=\"width: 42.5999%; height: 18px;\"><\/td>\n<\/tr>\n<\/tbody>\n<\/table>\n<p>&nbsp;<\/p>\n<p><span style=\"font-size: 12pt;\"><em>studia niestacjonarne:<\/em><\/span><\/p>\n<table style=\"border-collapse: collapse; width: 56.4865%; height: 49px;\">\n<tbody>\n<tr style=\"height: 18px;\">\n<td style=\"width: 6.84681%; height: 18px;\"><\/td>\n<td style=\"width: 10.5405%; height: 18px;\"><span style=\"font-size: 12pt;\">rok I-II<\/span><\/td>\n<td style=\"width: 38.9189%; height: 18px;\"><span style=\"font-size: 12pt;\">ks. dr Wojciech Kamczyk <\/span><\/td>\n<\/tr>\n<tr style=\"height: 18px;\">\n<td style=\"width: 6.84681%; height: 18px;\"><\/td>\n<td style=\"width: 10.5405%; height: 18px;\"><span style=\"font-size: 12pt;\">rok III-V<\/span><\/td>\n<td style=\"width: 38.9189%; height: 18px;\"><span style=\"font-size: 12pt;\">ks. dr hab. Roman Buchta, prof. U\u015a<\/span><\/td>\n<\/tr>\n<\/tbody>\n<\/table>\n<p>&nbsp;<\/p>\n<p><span style=\"font-size: 12pt;\">kierunek: <span style=\"color: #0000ff;\"><strong>nauki o rodzinie<\/strong><\/span><\/span><\/p>\n<p><span style=\"font-size: 12pt;\"><strong>Stopie\u0144 I<\/strong>, <em>studia stacjonarne:<\/em><\/span><\/p>\n<table style=\"border-collapse: collapse; width: 56.4865%; height: 54px;\">\n<tbody>\n<tr style=\"height: 18px;\">\n<td style=\"width: 6.84681%; height: 18px;\"><\/td>\n<td style=\"width: 10.5405%; height: 18px;\"><span style=\"font-size: 12pt;\">rok I<\/span><\/td>\n<td style=\"width: 38.9189%; height: 18px;\"><span style=\"font-size: 12pt;\">dr Monika Kornaszewska-Polak<\/span><\/td>\n<\/tr>\n<tr style=\"height: 18px;\">\n<td style=\"width: 6.84681%; height: 18px;\"><\/td>\n<td style=\"width: 10.5405%; height: 18px;\"><span style=\"font-size: 12pt;\">rok II<\/span><\/td>\n<td style=\"width: 38.9189%; height: 18px;\"><span style=\"font-size: 12pt;\">dr Aleksandra K\u0142os-Skrzypczak, prof. U\u015a\u00a0<\/span><\/td>\n<\/tr>\n<tr style=\"height: 18px;\">\n<td style=\"width: 6.84681%; height: 18px;\"><\/td>\n<td style=\"width: 10.5405%; height: 18px;\"><span style=\"font-size: 12pt;\">rok III<\/span><\/td>\n<td style=\"width: 38.9189%; height: 18px;\"><span style=\"font-size: 12pt;\">dr Weronika Juroszek<\/span><\/td>\n<\/tr>\n<\/tbody>\n<\/table>\n<p>&nbsp;<\/p>\n<p><span style=\"font-size: 12pt;\"><strong>Stopie\u0144 II<\/strong>, <em>studia stacjonarne:<\/em><\/span><\/p>\n<table style=\"border-collapse: collapse; width: 55.7658%; height: 36px;\">\n<tbody>\n<tr style=\"height: 18px;\">\n<td style=\"width: 6.84681%; height: 18px;\"><\/td>\n<td style=\"width: 10.5405%; height: 18px;\"><span style=\"font-size: 12pt;\">rok I<\/span><\/td>\n<td style=\"width: 38.9189%; height: 18px;\"><span style=\"font-size: 12pt;\">dr hab. Marek W\u00f3jtowicz, prof. U\u015a<\/span><\/td>\n<\/tr>\n<tr style=\"height: 18px;\">\n<td style=\"width: 6.84681%; height: 18px;\"><\/td>\n<td style=\"width: 10.5405%; height: 18px;\"><span style=\"font-size: 12pt;\">rok II<\/span><\/td>\n<td style=\"width: 38.9189%; height: 18px;\"><span style=\"font-size: 16px;\">dr Monika Gw\u00f3\u017ad\u017a<\/span><\/td>\n<\/tr>\n<\/tbody>\n<\/table>\n<div class=\"mt-3\"><\/div>\r\n                            <\/div>\r\n                            \r\n                            <div class=\"text-modules__img\"><img src=\"https:\/\/us.edu.pl\/wydzial\/wtl\/wp-content\/uploads\/sites\/21\/Nieprzypisane\/Absolwenci-grafika.png\" alt=\"img\"><\/div>\r\n                        <\/div>\r\n                    <\/div>\r\n                <\/div>[\/vc_column][\/vc_row]<\/p>","protected":false},"excerpt":{"rendered":"<p>[vc_row][vc_column][\/vc_column][\/vc_row] [&#8230;]<\/p>\n<p><a class=\"btn btn-secondary understrap-read-more-link\" href=\"https:\/\/us.edu.pl\/wydzial\/wtl\/student-wtl\/opiekunowie-studentow\/\">Read More&#8230;<\/a><\/p>\n","protected":false},"author":120,"featured_media":0,"parent":508,"menu_order":0,"comment_status":"closed","ping_status":"closed","template":"page-templates\/page-with-sidebar.php","meta":{"_expiration-date-status":"","_expiration-date":0,"_expiration-date-type":"","_expiration-date-categories":[],"_expiration-date-options":[]},"acf":[],"_links":{"self":[{"href":"https:\/\/us.edu.pl\/wydzial\/wtl\/wp-json\/wp\/v2\/pages\/3865"}],"collection":[{"href":"https:\/\/us.edu.pl\/wydzial\/wtl\/wp-json\/wp\/v2\/pages"}],"about":[{"href":"https:\/\/us.edu.pl\/wydzial\/wtl\/wp-json\/wp\/v2\/types\/page"}],"author":[{"embeddable":true,"href":"https:\/\/us.edu.pl\/wydzial\/wtl\/wp-json\/wp\/v2\/users\/120"}],"replies":[{"embeddable":true,"href":"https:\/\/us.edu.pl\/wydzial\/wtl\/wp-json\/wp\/v2\/comments?post=3865"}],"version-history":[{"count":10,"href":"https:\/\/us.edu.pl\/wydzial\/wtl\/wp-json\/wp\/v2\/pages\/3865\/revisions"}],"predecessor-version":[{"id":167472,"href":"https:\/\/us.edu.pl\/wydzial\/wtl\/wp-json\/wp\/v2\/pages\/3865\/revisions\/167472"}],"up":[{"embeddable":true,"href":"https:\/\/us.edu.pl\/wydzial\/wtl\/wp-json\/wp\/v2\/pages\/508"}],"wp:attachment":[{"href":"https:\/\/us.edu.pl\/wydzial\/wtl\/wp-json\/wp\/v2\/media?parent=3865"}],"curies":[{"name":"wp","href":"https:\/\/api.w.org\/{rel}","templated":true}]}}