{"id":4110,"date":"2021-10-20T13:33:07","date_gmt":"2021-10-20T11:33:07","guid":{"rendered":"https:\/\/us.edu.pl\/wydzial\/wtl\/?page_id=4110"},"modified":"2026-03-27T12:18:05","modified_gmt":"2026-03-27T11:18:05","slug":"koordynator-ds-dostepnosci","status":"publish","type":"page","link":"https:\/\/us.edu.pl\/wydzial\/wtl\/wydzial\/koordynator-ds-dostepnosci\/","title":{"rendered":"Koordynator ds. dost\u0119pno\u015bci"},"content":{"rendered":"<p>[vc_row][vc_column]\r\n                <div class=\"text-modules\">\r\n                    <div class=\"container\">\r\n                        <h3 class=\"page-title text__title\">Koordynator ds. dost\u0119pno\u015bci<\/h3>\r\n                        <div class=\"text-modules__content\"><p><strong><span style=\"font-size: 12pt;\">dr Weronika Juroszek<\/span><\/strong><br \/>\n<span style=\"font-size: 12pt;\">Wydzia\u0142owy Koordynator ds. dost\u0119pno\u015bci w zakresie merytorycznym na WTL <\/span><br \/>\n<span style=\"font-size: 12pt;\">Pracownik &#8211; stanowisko &#8211; adiunkt <\/span><br \/>\n<span style=\"font-size: 12pt;\">pok\u00f3j 204\/4, II p. <\/span><br \/>\n<span style=\"font-size: 12pt;\">mail: <a class=\"moz-txt-link-abbreviated\" href=\"mailto:monika.kornaszewka-polak@us.edu.pl\">weronika.juroszek@us.edu.pl<\/a> <\/span><br \/>\n<span style=\"font-size: 12pt;\">Wydzia\u0142 Teologiczny <\/span><br \/>\n<span style=\"font-size: 12pt;\">ul. Jordana 18, 40-043 Katowice <\/span><br \/>\n<span style=\"font-size: 12pt;\">centrala 32 3569056 <\/span><br \/>\n<span style=\"font-size: 12pt;\">dy\u017cur we wtorek (II tydzie\u0144): w godz. 12.15 &#8211; 13.45, sala 204\/4<\/span><\/p>\n<\/div>\r\n                    <\/div>\r\n                <\/div>[\/vc_column][\/vc_row][vc_row][vc_column][vc_column_text][\/vc_column_text][\/vc_column][\/vc_row][vc_row][vc_column][vc_column_text][\/vc_column_text][\/vc_column][\/vc_row]<\/p>","protected":false},"excerpt":{"rendered":"<p>[vc_row][vc_column][\/vc_column][\/vc_row][vc_row][vc_column][vc_column_text][\/vc_column_text][\/vc_column][\/vc_row][vc_row][vc_column][vc_column_text][\/vc_column_text][\/vc_column][\/vc_row] [&#8230;]<\/p>\n<p><a class=\"btn btn-secondary understrap-read-more-link\" href=\"https:\/\/us.edu.pl\/wydzial\/wtl\/wydzial\/koordynator-ds-dostepnosci\/\">Read More&#8230;<\/a><\/p>\n","protected":false},"author":120,"featured_media":0,"parent":164,"menu_order":43,"comment_status":"closed","ping_status":"closed","template":"","meta":{"_expiration-date-status":"","_expiration-date":0,"_expiration-date-type":"","_expiration-date-categories":[],"_expiration-date-options":[]},"acf":[],"_links":{"self":[{"href":"https:\/\/us.edu.pl\/wydzial\/wtl\/wp-json\/wp\/v2\/pages\/4110"}],"collection":[{"href":"https:\/\/us.edu.pl\/wydzial\/wtl\/wp-json\/wp\/v2\/pages"}],"about":[{"href":"https:\/\/us.edu.pl\/wydzial\/wtl\/wp-json\/wp\/v2\/types\/page"}],"author":[{"embeddable":true,"href":"https:\/\/us.edu.pl\/wydzial\/wtl\/wp-json\/wp\/v2\/users\/120"}],"replies":[{"embeddable":true,"href":"https:\/\/us.edu.pl\/wydzial\/wtl\/wp-json\/wp\/v2\/comments?post=4110"}],"version-history":[{"count":10,"href":"https:\/\/us.edu.pl\/wydzial\/wtl\/wp-json\/wp\/v2\/pages\/4110\/revisions"}],"predecessor-version":[{"id":168281,"href":"https:\/\/us.edu.pl\/wydzial\/wtl\/wp-json\/wp\/v2\/pages\/4110\/revisions\/168281"}],"up":[{"embeddable":true,"href":"https:\/\/us.edu.pl\/wydzial\/wtl\/wp-json\/wp\/v2\/pages\/164"}],"wp:attachment":[{"href":"https:\/\/us.edu.pl\/wydzial\/wtl\/wp-json\/wp\/v2\/media?parent=4110"}],"curies":[{"name":"wp","href":"https:\/\/api.w.org\/{rel}","templated":true}]}}