{"id":446,"date":"2019-10-31T09:32:40","date_gmt":"2019-10-31T08:32:40","guid":{"rendered":"https:\/\/us.edu.pl\/wydzial\/wtl\/?page_id=446"},"modified":"2020-01-16T13:05:28","modified_gmt":"2020-01-16T12:05:28","slug":"mapa-strony","status":"publish","type":"page","link":"https:\/\/us.edu.pl\/wydzial\/wtl\/mapa-strony\/","title":{"rendered":"Mapa strony"},"content":{"rendered":"<p>[vc_row][vc_column]\r\n                <div class=\"text-modules\">\r\n                    <div class=\"container\">\r\n                        <h3 class=\"page-title text__title\">Mapa strony<\/h3>\r\n                        <div class=\"text-modules__content\"><div class=\"wsp-container\"><h2 class=\"wsp-pages-title\">Pages<\/h2>\n<ul class=\"wsp-pages-list\">\n<li class=\"page_item page-item-157059\"><a href=\"https:\/\/us.edu.pl\/wydzial\/wtl\/emerytowani-pracownicy-badawczo-dydaktyczni\/\">Emerytowani pracownicy badawczo-dydaktyczni<\/a><\/li>\n<li class=\"page_item page-item-165406\"><a href=\"https:\/\/us.edu.pl\/wydzial\/wtl\/jubileusz-aktualnosci\/\">Jubileusz-aktualno\u015bci<\/a><\/li>\n<li class=\"page_item page-item-165354\"><a href=\"https:\/\/us.edu.pl\/wydzial\/wtl\/jubileusz-all\/\">Jubileusz-all<\/a><\/li>\n<li class=\"page_item page-item-165396\"><a href=\"https:\/\/us.edu.pl\/wydzial\/wtl\/jubileusz-historia\/\">Jubileusz-historia<\/a><\/li>\n<li class=\"page_item page-item-165440\"><a href=\"https:\/\/us.edu.pl\/wydzial\/wtl\/jubileusz-photos\/\">Jubileusz-photos<\/a><\/li>\n<li class=\"page_item page-item-165446\"><a href=\"https:\/\/us.edu.pl\/wydzial\/wtl\/jubileusz-wspomnienia\/\">Jubileusz-wspomnienia<\/a><\/li>\n<li class=\"page_item page-item-2753\"><a href=\"https:\/\/us.edu.pl\/wydzial\/wtl\/oferta-wyjazdow\/\">Oferta wyjazd\u00f3w<\/a><\/li>\n<li class=\"page_item page-item-156350\"><a href=\"https:\/\/us.edu.pl\/wydzial\/wtl\/religia-i-spoleczenstwo-rozmowy-o-wiary-godnosci-religii-dzisiaj\/\">Religia i spo\u0142ecze\u0144stwo. Rozmowy o wiary-godno\u015bci religii dzisiaj<\/a><\/li>\n<li class=\"page_item page-item-156472\"><a href=\"https:\/\/us.edu.pl\/wydzial\/wtl\/test-post\/\">Test post<\/a><\/li>\n<li class=\"page_item page-item-168246 page_item_has_children\"><a href=\"https:\/\/us.edu.pl\/wydzial\/wtl\/wydzialowe-kolo-teologow\/\">Wydzia\u0142owe Ko\u0142o Teolog\u00f3w<\/a>\n<ul class='children'>\n\t<li class=\"page_item page-item-168215\"><a href=\"https:\/\/us.edu.pl\/wydzial\/wtl\/wydzialowe-kolo-teologow\/kolo-naukowe-teologow\/\">Ko\u0142o Naukowe Teolog\u00f3w<\/a><\/li>\n<\/ul>\n<\/li>\n<li class=\"page_item page-item-2748\"><a href=\"https:\/\/us.edu.pl\/wydzial\/wtl\/studia-dla-kandydatow-z-zagranicy\/\">Studia dla kandydat\u00f3w z zagranicy<\/a><\/li>\n<li class=\"page_item page-item-4885\"><a href=\"https:\/\/us.edu.pl\/wydzial\/wtl\/ukraina-pomagamy\/\">Ukraina &#8211; pomagamy<\/a><\/li>\n<li class=\"page_item page-item-2209\"><a href=\"https:\/\/us.edu.pl\/wydzial\/wtl\/strona-glowna-szkic-wojtek\/\">Strona g\u0142\u00f3wna (szkic &#8211; Wojtek)<\/a><\/li>\n<li class=\"page_item page-item-2069\"><a href=\"https:\/\/us.edu.pl\/wydzial\/wtl\/a\/\">Aktualno\u015bci<\/a><\/li>\n<li class=\"page_item page-item-1930\"><a href=\"https:\/\/us.edu.pl\/wydzial\/wtl\/strona-glowna-2\/\">Strona g\u0142\u00f3wna<\/a><\/li>\n<li class=\"page_item page-item-1756 page_item_has_children\"><a href=\"https:\/\/us.edu.pl\/wydzial\/wtl\/rekrutacja\/\">Rekrutacja 2025\/2026<\/a>\n<ul class='children'>\n\t<li class=\"page_item page-item-1954\"><a href=\"https:\/\/us.edu.pl\/wydzial\/wtl\/rekrutacja\/rozmowa-kwalifikacyjna\/\">Teologia &#8211; rozmowa kwalifikacyjna<\/a><\/li>\n<\/ul>\n<\/li>\n<li class=\"page_item page-item-1423\"><a href=\"https:\/\/us.edu.pl\/wydzial\/wtl\/1-zjazd-absolwentow-wtl\/\">1 Zjazd Absolwent\u00f3w WTL<\/a><\/li>\n<li class=\"page_item page-item-1041 page_item_has_children\"><a href=\"https:\/\/us.edu.pl\/wydzial\/wtl\/dla-szkol\/\">Dla szk\u00f3\u0142<\/a>\n<ul class='children'>\n\t<li class=\"page_item page-item-1100\"><a href=\"https:\/\/us.edu.pl\/wydzial\/wtl\/dla-szkol\/slaski-festiwal-nauki\/\">\u015al\u0105ski Festiwal Nauki<\/a><\/li>\n\t<li class=\"page_item page-item-1096\"><a href=\"https:\/\/us.edu.pl\/wydzial\/wtl\/dla-szkol\/dzien-otwartych-drzwi\/\">Dzie\u0144 Otwartych Drzwi<\/a><\/li>\n\t<li class=\"page_item page-item-1043\"><a href=\"https:\/\/us.edu.pl\/wydzial\/wtl\/dla-szkol\/szkoly-partnerskie\/\">Szko\u0142y partnerskie<\/a><\/li>\n\t<li class=\"page_item page-item-1046\"><a href=\"https:\/\/us.edu.pl\/wydzial\/wtl\/dla-szkol\/wyklady-otwarte\/\">Wyk\u0142ady otwarte<\/a><\/li>\n<\/ul>\n<\/li>\n<li class=\"page_item page-item-667 page_item_has_children\"><a href=\"https:\/\/us.edu.pl\/wydzial\/wtl\/administracja\/\">Administracja<\/a>\n<ul class='children'>\n\t<li class=\"page_item page-item-2015\"><a href=\"https:\/\/us.edu.pl\/wydzial\/wtl\/administracja\/kierownik-organizacyjny-wydzialu\/\">Kierownik organizacyjny Wydzia\u0142u i zast\u0119pca kierownika organizacyjnego Wydzia\u0142u<\/a><\/li>\n\t<li class=\"page_item page-item-976\"><a href=\"https:\/\/us.edu.pl\/wydzial\/wtl\/administracja\/biuro-ewaluacji-i-obslugi-instytutu\/\">Biuro Ewaluacji i Obs\u0142ugi Instytutu Nauk Teologicznych<\/a><\/li>\n\t<li class=\"page_item page-item-198\"><a href=\"https:\/\/us.edu.pl\/wydzial\/wtl\/administracja\/biuro-organizacyjne\/\">Biuro Organizacyjne<\/a><\/li>\n\t<li class=\"page_item page-item-200\"><a href=\"https:\/\/us.edu.pl\/wydzial\/wtl\/administracja\/dziekanat\/\">Dziekanat<\/a><\/li>\n<\/ul>\n<\/li>\n<li class=\"page_item page-item-636 page_item_has_children\"><a href=\"https:\/\/us.edu.pl\/wydzial\/wtl\/erasmus\/\">Erasmus<\/a>\n<ul class='children'>\n\t<li class=\"page_item page-item-2761\"><a href=\"https:\/\/us.edu.pl\/wydzial\/wtl\/erasmus\/exchange-students\/\">Exchange Students<\/a><\/li>\n<\/ul>\n<\/li>\n<li class=\"page_item page-item-514\"><a href=\"https:\/\/us.edu.pl\/wydzial\/wtl\/absolwent-wtl\/\">Absolwent WTL<\/a><\/li>\n<li class=\"page_item page-item-512\"><a href=\"https:\/\/us.edu.pl\/wydzial\/wtl\/doktorant-wtl\/\">Doktorant WTL<\/a><\/li>\n<li class=\"page_item page-item-510 page_item_has_children\"><a href=\"https:\/\/us.edu.pl\/wydzial\/wtl\/pracownik-wtl\/\">Pracownik WTL<\/a>\n<ul class='children'>\n\t<li class=\"page_item page-item-168024\"><a href=\"https:\/\/us.edu.pl\/wydzial\/wtl\/pracownik-wtl\/ksef\/\">KSEF<\/a><\/li>\n<\/ul>\n<\/li>\n<li class=\"page_item page-item-508 page_item_has_children\"><a href=\"https:\/\/us.edu.pl\/wydzial\/wtl\/student-wtl\/\">Student WTL<\/a>\n<ul class='children'>\n\t<li class=\"page_item page-item-3865\"><a href=\"https:\/\/us.edu.pl\/wydzial\/wtl\/student-wtl\/opiekunowie-studentow\/\">Opiekunowie student\u00f3w<\/a><\/li>\n\t<li class=\"page_item page-item-2960\"><a href=\"https:\/\/us.edu.pl\/wydzial\/wtl\/student-wtl\/pro\/\">Pro<\/a><\/li>\n\t<li class=\"page_item page-item-2535\"><a href=\"https:\/\/us.edu.pl\/wydzial\/wtl\/student-wtl\/proces-dyplomowania\/\">Proces dyplomowania<\/a><\/li>\n\t<li class=\"page_item page-item-2952\"><a href=\"https:\/\/us.edu.pl\/wydzial\/wtl\/student-wtl\/wrss\/\">WRSS<\/a><\/li>\n\t<li class=\"page_item page-item-3308\"><a href=\"https:\/\/us.edu.pl\/wydzial\/wtl\/student-wtl\/wsparcie-dla-studentow-wtl\/\">Wsparcie dla student\u00f3w WTL<\/a><\/li>\n\t<li class=\"page_item page-item-168413\"><a href=\"https:\/\/us.edu.pl\/wydzial\/wtl\/student-wtl\/wydzialowe-kolo-teologow-proba\/\">Wydzia\u0142owe Ko\u0142o Teolog\u00f3w<\/a><\/li>\n\t<li class=\"page_item page-item-2258\"><a href=\"https:\/\/us.edu.pl\/wydzial\/wtl\/student-wtl\/tablica-ogloszen\/\">Zaj\u0119cia i konsultacje &#8211; wyj\u0105tki (tablica og\u0142osze\u0144)<\/a><\/li>\n\t<li class=\"page_item page-item-264\"><a href=\"https:\/\/us.edu.pl\/wydzial\/wtl\/student-wtl\/plany-zajec\/\">Plany zaj\u0119\u0107<\/a><\/li>\n<\/ul>\n<\/li>\n<li class=\"page_item page-item-506 page_item_has_children\"><a href=\"https:\/\/us.edu.pl\/wydzial\/wtl\/kandydat-wtl\/\">Kandydat WTL<\/a>\n<ul class='children'>\n\t<li class=\"page_item page-item-1790\"><a href=\"https:\/\/us.edu.pl\/wydzial\/wtl\/kandydat-wtl\/studia-30\/\">Studia 30+<\/a><\/li>\n\t<li class=\"page_item page-item-1819\"><a href=\"https:\/\/us.edu.pl\/wydzial\/wtl\/kandydat-wtl\/wirtualny-dzien-otwarty\/\">Wirtualny Dzie\u0144 Otwarty<\/a><\/li>\n<\/ul>\n<\/li>\n<li class=\"page_item page-item-280 page_item_has_children\"><a href=\"https:\/\/us.edu.pl\/wydzial\/wtl\/wspolpraca\/\">Wsp\u00f3\u0142praca<\/a>\n<ul class='children'>\n\t<li class=\"page_item page-item-282 page_item_has_children\"><a href=\"https:\/\/us.edu.pl\/wydzial\/wtl\/wspolpraca\/z-otoczeniem\/\">Wsp\u00f3\u0142praca z otoczeniem<\/a>\n\t<ul class='children'>\n\t\t<li class=\"page_item page-item-167811\"><a href=\"https:\/\/us.edu.pl\/wydzial\/wtl\/wspolpraca\/z-otoczeniem\/dialog-miedzyreligijny\/\">DIALOG MI\u0118DZYRELIGIJNY<\/a><\/li>\n\t\t<li class=\"page_item page-item-158146\"><a href=\"https:\/\/us.edu.pl\/wydzial\/wtl\/wspolpraca\/z-otoczeniem\/podroze-studyjne-do-ziemi-swietej\/\">Podr\u00f3\u017ce studyjne do Ziemi \u015awi\u0119tej<\/a><\/li>\n\t<\/ul>\n<\/li>\n\t<li class=\"page_item page-item-284\"><a href=\"https:\/\/us.edu.pl\/wydzial\/wtl\/wspolpraca\/ze-szkolami\/\">Wsp\u00f3\u0142praca ze szko\u0142ami<\/a><\/li>\n\t<li class=\"page_item page-item-286 page_item_has_children\"><a href=\"https:\/\/us.edu.pl\/wydzial\/wtl\/wspolpraca\/miedzynarodowa\/\">Wsp\u00f3\u0142praca mi\u0119dzynarodowa<\/a>\n\t<ul class='children'>\n\t\t<li class=\"page_item page-item-2232\"><a href=\"https:\/\/us.edu.pl\/wydzial\/wtl\/wspolpraca\/miedzynarodowa\/lectio-magistralis-internationalis\/\">Lectio Magistralis Internationalis<\/a><\/li>\n\t\t<li class=\"page_item page-item-157526\"><a href=\"https:\/\/us.edu.pl\/wydzial\/wtl\/wspolpraca\/miedzynarodowa\/zagraniczne-wizyty-studyjne-w-ramach-projektu-jeden-uniwersytet-wiele-mozliwosci-program-zintegrowany\/\">Zagraniczne wizyty studyjne w ramach projektu &#8222;Jeden Uniwersytet &#8211; Wiele Mo\u017cliwo\u015bci. Program Zintegrowany&#8221;<\/a><\/li>\n\t\t<li class=\"page_item page-item-167926\"><a href=\"https:\/\/us.edu.pl\/wydzial\/wtl\/wspolpraca\/miedzynarodowa\/erasmus-2\/\">Erasmus<\/a><\/li>\n\t<\/ul>\n<\/li>\n<\/ul>\n<\/li>\n<li class=\"page_item page-item-207\"><a href=\"https:\/\/us.edu.pl\/wydzial\/wtl\/studia\/\">Studia<\/a><\/li>\n<li class=\"page_item page-item-164 page_item_has_children\"><a href=\"https:\/\/us.edu.pl\/wydzial\/wtl\/wydzial\/\">Wydzia\u0142<\/a>\n<ul class='children'>\n\t<li class=\"page_item page-item-156853\"><a href=\"https:\/\/us.edu.pl\/wydzial\/wtl\/wydzial\/z-zycia-wtl\/\">Kronika WTL<\/a><\/li>\n\t<li class=\"page_item page-item-4110\"><a href=\"https:\/\/us.edu.pl\/wydzial\/wtl\/wydzial\/koordynator-ds-dostepnosci\/\">Koordynator ds. dost\u0119pno\u015bci<\/a><\/li>\n\t<li class=\"page_item page-item-166\"><a href=\"https:\/\/us.edu.pl\/wydzial\/wtl\/wydzial\/wladze\/\">W\u0142adze<\/a><\/li>\n\t<li class=\"page_item page-item-168\"><a href=\"https:\/\/us.edu.pl\/wydzial\/wtl\/wydzial\/historia\/\">Historia<\/a><\/li>\n\t<li class=\"page_item page-item-170\"><a href=\"https:\/\/us.edu.pl\/wydzial\/wtl\/wydzial\/strategia\/\">Strategia<\/a><\/li>\n\t<li class=\"page_item page-item-172\"><a href=\"https:\/\/us.edu.pl\/wydzial\/wtl\/wydzial\/pracownicy\/\">Pracownicy<\/a><\/li>\n\t<li class=\"page_item page-item-174\"><a href=\"https:\/\/us.edu.pl\/wydzial\/wtl\/wydzial\/najwazniejsze-akty-prawne\/\">Najwa\u017cniejsze akty prawne<\/a><\/li>\n\t<li class=\"page_item page-item-176\"><a href=\"https:\/\/us.edu.pl\/wydzial\/wtl\/wydzial\/instytut-nauk-teologicznych\/\">Instytut Nauk Teologicznych<\/a><\/li>\n\t<li class=\"page_item page-item-196\"><a href=\"https:\/\/us.edu.pl\/wydzial\/wtl\/wydzial\/biblioteka-teologiczna\/\">Biblioteka Teologiczna<\/a><\/li>\n\t<li class=\"page_item page-item-202\"><a href=\"https:\/\/us.edu.pl\/wydzial\/wtl\/wydzial\/kontakt\/\">Kontakt<\/a><\/li>\n<\/ul>\n<\/li>\n<li class=\"page_item page-item-103\"><a href=\"https:\/\/us.edu.pl\/wydzial\/wtl\/\">Strona g\u0142\u00f3wna<\/a><\/li>\n<li class=\"page_item page-item-1449 page_item_has_children\"><a href=\"https:\/\/us.edu.pl\/wydzial\/wtl\/kierunki-studiow-niestacjonarnych\/\">Kierunki studi\u00f3w niestacjonarnych<\/a>\n<ul class='children'>\n\t<li class=\"page_item page-item-3035\"><a href=\"https:\/\/us.edu.pl\/wydzial\/wtl\/kierunki-studiow-niestacjonarnych\/teologia\/\">Teologia<\/a><\/li>\n<\/ul>\n<\/li>\n<li class=\"page_item page-item-209 page_item_has_children\"><a href=\"https:\/\/us.edu.pl\/wydzial\/wtl\/kierunki\/\">Kierunki studi\u00f3w<\/a>\n<ul class='children'>\n\t<li class=\"page_item page-item-156005\"><a href=\"https:\/\/us.edu.pl\/wydzial\/wtl\/kierunki\/teologia-pastoralna\/\">Teologia, specjalno\u015b\u0107: teologia pastoralna<\/a><\/li>\n\t<li class=\"page_item page-item-156003\"><a href=\"https:\/\/us.edu.pl\/wydzial\/wtl\/kierunki\/teologia\/\">Theology<\/a><\/li>\n\t<li class=\"page_item page-item-156045\"><a href=\"https:\/\/us.edu.pl\/wydzial\/wtl\/kierunki\/nauki-o-rodzinie\/\">Nauki o rodzinie<\/a><\/li>\n<\/ul>\n<\/li>\n<li class=\"page_item page-item-165166\"><a href=\"https:\/\/us.edu.pl\/wydzial\/wtl\/uniservitate\/\">UNISERVITATE<\/a><\/li>\n<li class=\"page_item page-item-260\"><a href=\"https:\/\/us.edu.pl\/wydzial\/wtl\/rodziny\/\">rodziny<\/a><\/li>\n<li class=\"page_item page-item-235\"><a href=\"https:\/\/us.edu.pl\/wydzial\/wtl\/szkola-doktorska\/\">Szko\u0142a Doktorska<\/a><\/li>\n<li class=\"page_item page-item-252 page_item_has_children\"><a href=\"https:\/\/us.edu.pl\/wydzial\/wtl\/studia-podyplomowe\/\">Studia podyplomowe<\/a>\n<ul class='children'>\n\t<li class=\"page_item page-item-258\"><a href=\"https:\/\/us.edu.pl\/wydzial\/wtl\/studia-podyplomowe\/katechezy-przedszkolnej\/\">katechezy przedszkolnej<\/a><\/li>\n\t<li class=\"page_item page-item-262\"><a href=\"https:\/\/us.edu.pl\/wydzial\/wtl\/studia-podyplomowe\/teologiczno-katechetyczne\/\">teologiczno-katechetyczne<\/a><\/li>\n\t<li class=\"page_item page-item-160744\"><a href=\"https:\/\/us.edu.pl\/wydzial\/wtl\/studia-podyplomowe\/specjalista-do-spraw-opieki-senioralnej\/\">specjalista do spraw opieki senioralnej<\/a><\/li>\n\t<li class=\"page_item page-item-256\"><a href=\"https:\/\/us.edu.pl\/wydzial\/wtl\/studia-podyplomowe\/teologii-duchowosci\/\">teologii duchowo\u015bci<\/a><\/li>\n\t<li class=\"page_item page-item-254\"><a href=\"https:\/\/us.edu.pl\/wydzial\/wtl\/studia-podyplomowe\/teologii-pastoralnej\/\">teologii pastoralnej<\/a><\/li>\n<\/ul>\n<\/li>\n<li class=\"page_item page-item-266\"><a href=\"https:\/\/us.edu.pl\/wydzial\/wtl\/terminy-konsultacji\/\">Terminy konsultacji z nauczycielami akademickimi<\/a><\/li>\n<li class=\"page_item page-item-274 page_item_has_children\"><a href=\"https:\/\/us.edu.pl\/wydzial\/wtl\/praktyki\/\">Praktyki<\/a>\n<ul class='children'>\n\t<li class=\"page_item page-item-157933\"><a href=\"https:\/\/us.edu.pl\/wydzial\/wtl\/praktyki\/dydaktyczne\/\">dydaktyczne<\/a><\/li>\n\t<li class=\"page_item page-item-2479\"><a href=\"https:\/\/us.edu.pl\/wydzial\/wtl\/praktyki\/praktyki-pedagogiczne\/\">psychologiczno-pedagogiczne<\/a><\/li>\n\t<li class=\"page_item page-item-278\"><a href=\"https:\/\/us.edu.pl\/wydzial\/wtl\/praktyki\/zawodowe\/\">zawodowe<\/a><\/li>\n<\/ul>\n<\/li>\n<\/ul>\n<\/div>\n<\/div>\r\n                    <\/div>\r\n                <\/div>[\/vc_column][\/vc_row]<\/p>","protected":false},"excerpt":{"rendered":"<p>[vc_row][vc_column][\/vc_column][\/vc_row] [&#8230;]<\/p>\n<p><a class=\"btn btn-secondary understrap-read-more-link\" href=\"https:\/\/us.edu.pl\/wydzial\/wtl\/mapa-strony\/\">Read More&#8230;<\/a><\/p>\n","protected":false},"author":24,"featured_media":0,"parent":0,"menu_order":37,"comment_status":"closed","ping_status":"closed","template":"","meta":{"_expiration-date-status":"saved","_expiration-date":0,"_expiration-date-type":"","_expiration-date-categories":[],"_expiration-date-options":[]},"acf":[],"_links":{"self":[{"href":"https:\/\/us.edu.pl\/wydzial\/wtl\/wp-json\/wp\/v2\/pages\/446"}],"collection":[{"href":"https:\/\/us.edu.pl\/wydzial\/wtl\/wp-json\/wp\/v2\/pages"}],"about":[{"href":"https:\/\/us.edu.pl\/wydzial\/wtl\/wp-json\/wp\/v2\/types\/page"}],"author":[{"embeddable":true,"href":"https:\/\/us.edu.pl\/wydzial\/wtl\/wp-json\/wp\/v2\/users\/24"}],"replies":[{"embeddable":true,"href":"https:\/\/us.edu.pl\/wydzial\/wtl\/wp-json\/wp\/v2\/comments?post=446"}],"version-history":[{"count":3,"href":"https:\/\/us.edu.pl\/wydzial\/wtl\/wp-json\/wp\/v2\/pages\/446\/revisions"}],"predecessor-version":[{"id":1226,"href":"https:\/\/us.edu.pl\/wydzial\/wtl\/wp-json\/wp\/v2\/pages\/446\/revisions\/1226"}],"wp:attachment":[{"href":"https:\/\/us.edu.pl\/wydzial\/wtl\/wp-json\/wp\/v2\/media?parent=446"}],"curies":[{"name":"wp","href":"https:\/\/api.w.org\/{rel}","templated":true}]}}