{"id":4885,"date":"2022-02-28T18:12:30","date_gmt":"2022-02-28T17:12:30","guid":{"rendered":"https:\/\/us.edu.pl\/wydzial\/wtl\/?page_id=4885"},"modified":"2022-02-28T18:23:38","modified_gmt":"2022-02-28T17:23:38","slug":"ukraina-pomagamy","status":"publish","type":"page","link":"https:\/\/us.edu.pl\/wydzial\/wtl\/ukraina-pomagamy\/","title":{"rendered":"Ukraina &#8211; pomagamy"},"content":{"rendered":"<p>[vc_row][vc_column]\r\n                <div class=\"text-modules \">\r\n                    <div class=\"container\">\r\n                        <h3 class=\"section-title section-title_border-bottom\">Poradnik dot. pomocy Ukrainie i jej obywatelom<\/h3> \r\n                        <div class=\"row m-0\">\r\n                            <div class=\"text-modules__content\">\r\n                                <span style=\"font-size: 12pt;\">Spo\u0142eczno\u015b\u0107 naszego Uniwersytetu, a tak\u017ce Wydzia\u0142u Teologicznego, mocno przej\u0119\u0142a si\u0119 losem obywateli Ukrainy do\u015bwiadczanej konfliktem zbrojnym. Poni\u017cej zamieszczamy wybrane informacje dotycz\u0105ce mo\u017cliwo\u015bci udzielania pomocy obywatelom Ukrainy.<\/span> \r\n                                <div class=\"mt-3\"><\/div>\r\n                            <\/div>\r\n                            \r\n                            \r\n                        <\/div>\r\n                    <\/div>\r\n                <\/div>[\/vc_column][\/vc_row][vc_row][vc_column]\r\n                <div class=\"tiles-section\" style=\"background: \">\r\n                    <div class=\"container\">\r\n                        <div class=\"tiles tiles-4 color-blue\">\r\n                            <a href=\"https:\/\/us.edu.pl\/ukraina\/\" class=\"tile tile_2\">\r\n                                <div class=\"tile__img\">\r\n                                    <img src=\"https:\/\/us.edu.pl\/wydzial\/wtl\/wp-content\/uploads\/sites\/21\/Nieprzypisane\/US_www_pomoc_ukraina-575x302.png\" alt=\"Uniwersytecka strona dot. wsparcia Ukrainy\">\r\n                                <\/div>\r\n                                <div class=\"tile__title-small\">Uniwersytecka strona dot. wsparcia Ukrainy<\/div>\r\n                                <div class=\"tile__title-big\">Solidarni z Ukrain\u0105<\/div>\r\n                            <\/a>\r\n                            <a href=\"https:\/\/us.edu.pl\/jak-pomagac-osobom-dotknietym-przez-wojne-w-ukrainie\/\" class=\"tile tile_2\">\r\n                                <div class=\"tile__img\">\r\n                                    <img src=\"https:\/\/us.edu.pl\/wydzial\/wtl\/wp-content\/uploads\/sites\/21\/Nieprzypisane\/UA_pomagam-575x575.png\" alt=\"\">\r\n                                <\/div>\r\n                                <div class=\"tile__title-small\"><\/div>\r\n                                <div class=\"tile__title-big\">Jak pomaga\u0107 osobom dotkni\u0119tym przez wojn\u0119 w Ukrainie?<\/div>\r\n                            <\/a>\r\n                            <a href=\"https:\/\/us.edu.pl\/pomagajmy-sobie\/\" class=\"tile tile_2\">\r\n                                <div class=\"tile__img\">\r\n                                    <img src=\"https:\/\/us.edu.pl\/wydzial\/wtl\/wp-content\/uploads\/sites\/21\/Nieprzypisane\/UA_\u0141api\u0105ce-si\u0119-r\u0119ce-dzieci-575x383.jpg\" alt=\"\">\r\n                                <\/div>\r\n                                <div class=\"tile__title-small\"><\/div>\r\n                                <div class=\"tile__title-big\">Go\u015bcie z Ukrainy na U\u015a \u2013 jak udziela\u0107 im wsparcia<\/div>\r\n                            <\/a>\r\n                            <a href=\"https:\/\/us.edu.pl\/informacja-dotyczaca-firmowego-i-instytucjonalnego-wsparcia-dla-obywateli-ukrainy\" class=\"tile tile_2\">\r\n                                <div class=\"tile__img\">\r\n                                    <img src=\"https:\/\/us.edu.pl\/wydzial\/wtl\/wp-content\/uploads\/sites\/21\/Nieprzypisane\/UA_wsparcie_-768x768-575x575.png\" alt=\"\">\r\n                                <\/div>\r\n                                <div class=\"tile__title-small\"><\/div>\r\n                                <div class=\"tile__title-big\">Informacja dotycz\u0105ca firmowego i instytucjonalnego wsparcia dla obywateli Ukrainy<\/div>\r\n                            <\/a><\/div>\r\n                    <\/div>\r\n                <\/div>\r\n                [\/vc_column][\/vc_row]<\/p>","protected":false},"excerpt":{"rendered":"<p>[vc_row][vc_column][\/vc_column][\/vc_row][vc_row][vc_column][\/vc_column][\/vc_row] [&#8230;]<\/p>\n<p><a class=\"btn btn-secondary understrap-read-more-link\" href=\"https:\/\/us.edu.pl\/wydzial\/wtl\/ukraina-pomagamy\/\">Read More&#8230;<\/a><\/p>\n","protected":false},"author":120,"featured_media":0,"parent":0,"menu_order":3,"comment_status":"closed","ping_status":"closed","template":"","meta":{"_expiration-date-status":"saved","_expiration-date":0,"_expiration-date-type":"","_expiration-date-categories":[],"_expiration-date-options":[]},"acf":[],"_links":{"self":[{"href":"https:\/\/us.edu.pl\/wydzial\/wtl\/wp-json\/wp\/v2\/pages\/4885"}],"collection":[{"href":"https:\/\/us.edu.pl\/wydzial\/wtl\/wp-json\/wp\/v2\/pages"}],"about":[{"href":"https:\/\/us.edu.pl\/wydzial\/wtl\/wp-json\/wp\/v2\/types\/page"}],"author":[{"embeddable":true,"href":"https:\/\/us.edu.pl\/wydzial\/wtl\/wp-json\/wp\/v2\/users\/120"}],"replies":[{"embeddable":true,"href":"https:\/\/us.edu.pl\/wydzial\/wtl\/wp-json\/wp\/v2\/comments?post=4885"}],"version-history":[{"count":6,"href":"https:\/\/us.edu.pl\/wydzial\/wtl\/wp-json\/wp\/v2\/pages\/4885\/revisions"}],"predecessor-version":[{"id":4896,"href":"https:\/\/us.edu.pl\/wydzial\/wtl\/wp-json\/wp\/v2\/pages\/4885\/revisions\/4896"}],"wp:attachment":[{"href":"https:\/\/us.edu.pl\/wydzial\/wtl\/wp-json\/wp\/v2\/media?parent=4885"}],"curies":[{"name":"wp","href":"https:\/\/api.w.org\/{rel}","templated":true}]}}