{"id":506,"date":"2019-10-31T18:48:43","date_gmt":"2019-10-31T17:48:43","guid":{"rendered":"https:\/\/us.edu.pl\/wydzial\/wtl\/?page_id=506"},"modified":"2025-08-27T08:29:33","modified_gmt":"2025-08-27T06:29:33","slug":"kandydat-wtl","status":"publish","type":"page","link":"https:\/\/us.edu.pl\/wydzial\/wtl\/kandydat-wtl\/","title":{"rendered":"Kandydat WTL"},"content":{"rendered":"<p>[vc_row][vc_column width=&#8221;2\/3&#8243;]\r\n                <div class=\"tiles-section\" style=\"background: \">\r\n                    <div class=\"container\">\r\n                        <h3 class=\"page-title\">Informacje dla kandydat\u00f3w WTL<\/h3>\r\n                        <div class=\"tiles tiles-3\">\r\n                            <a href=\"https:\/\/us.edu.pl\/wydzial\/wtl\/rekrutacja\/\" class=\"tile tile_double justify-content-center\" style=\"background-color: #002E5A; font-weight: bold; color: #ffffff;  \">\r\n                                \r\n                                   \r\n                               \r\n                                <div class=\"tile__name\">Rekrutacja 2025\/2026<\/div>\r\n                            <\/a>\r\n                            <a href=\"https:\/\/us.edu.pl\/kandydat\/\" class=\"tile tile_ justify-content-center\" style=\"background-color: #002E5A; font-weight: bold; color: #ffffff;  \">\r\n                                \r\n                                   \r\n                               \r\n                                <div class=\"tile__name\">Niezb\u0119dnik kandydata U\u015a<\/div>\r\n                            <\/a>\r\n                            <a href=\"https:\/\/us.edu.pl\/wydzial\/wtl\/kierunki\/\" class=\"tile tile_double justify-content-center\" style=\"background-color: #002E5A; font-weight: bold; color: #ffffff;  \">\r\n                                \r\n                                   \r\n                               \r\n                                <div class=\"tile__name\">Kierunki studi\u00f3w stacjonarnych i niestacjonarnych<\/div>\r\n                            <\/a>\r\n                            <a href=\"https:\/\/us.edu.pl\/wydzial\/wtl\/studia-podyplomowe\/\" class=\"tile tile_ justify-content-center\" style=\"background-color: #002E5A; font-weight: bold; color: #ffffff;  \">\r\n                                \r\n                                   \r\n                               \r\n                                <div class=\"tile__name\">Studia podyplomowe<\/div>\r\n                            <\/a>\r\n                            <a href=\"https:\/\/us.edu.pl\/wydzial\/wtl\/kandydat-wtl\/wirtualny-dzien-otwarty\/\" class=\"tile tile_ justify-content-center\" style=\"background-color: #002E5A; font-weight: bold; color: #ffffff;  \">\r\n                                \r\n                                   \r\n                               \r\n                                <div class=\"tile__name\">Wirtualny Dzie\u0144 Otwarty<\/div>\r\n                            <\/a>\r\n                            <a href=\"https:\/\/us.edu.pl\/wydzial\/wtl\/dla-szkol\/\" class=\"tile tile_ justify-content-center\" style=\"background-color: #002E5A; font-weight: bold; color: #ffffff;  \">\r\n                                \r\n                                   \r\n                               \r\n                                <div class=\"tile__name\">Dla szk\u00f3\u0142<\/div>\r\n                            <\/a>\r\n                            <a href=\"https:\/\/us.edu.pl\/wydzial\/wtl\/kandydat-wtl\/studia-30\/\" class=\"tile tile_ justify-content-center\" style=\"background-color: #002E5A; font-weight: bold; color: #ffffff;  \">\r\n                                \r\n                                   \r\n                               \r\n                                <div class=\"tile__name\">Studia 30+<\/div>\r\n                            <\/a><\/div>\r\n                    <\/div>\r\n                <\/div>[\/vc_column][vc_column width=&#8221;1\/3&#8243;]  <div class=\"announcements-wrap\"> \r\n\t\t\t\t\t\t\t\t\t<div class=\"announcements announcements_1\" style=\"background-color:#ffffff\">\r\n                                <div class=\"section-title\">Komunikaty<\/div>\r\n                                \r\n                                <style>.clwdtx.angle-list > li::before{color:  !important}<\/style><div class=\"d-flex flex-wrap\"><ul class=\"angle-list clwdtx\" ><li > <a href = \"https:\/\/us.edu.pl\/wydzial\/wtl\/komunikaty\/3-wrzesnia-2025-r-zmiana-godzin-pracy-dziekanatu\/\" style=\"color:\"> 3 wrze\u015bnia 2025 r. &#8211; zmiana godzin pracy dziekanatu <\/a > <\/li > <li > <a href = \"https:\/\/us.edu.pl\/wydzial\/wtl\/komunikaty\/rozpoczecie-naboru-tekstow-do-czasopisma-studenckiego-silesia-superior\/\" style=\"color:\"> Rozpocz\u0119cie naboru tekst\u00f3w do czasopisma studenckiego &#8222;Silesia Superior&#8221; <\/a > <\/li > <li > <a href = \"https:\/\/us.edu.pl\/wydzial\/wtl\/komunikaty\/ruszyla-internetowa-rejestracja-kandydatow-na-rok-akademicki-2024-25-zapraszamy\/\" style=\"color:\"> Ruszy\u0142a Internetowa Rejestracja Kandydat\u00f3w na rok akademicki 2024\/25 &#8211; zapraszamy! <\/a > <\/li > <li > <a href = \"https:\/\/us.edu.pl\/wydzial\/wtl\/komunikaty\/pokonajmy-nowotwory-krwi-akcja-rejestracji-potencjalnych-dawcow-komorek-macierzystych-17-21-kwietnia-2023-r\/\" style=\"color:\"> Pokonajmy nowotwory krwi &#8211; akcja rejestracji potencjalnych dawc\u00f3w kom\u00f3rek macierzystych (17-21 kwietnia 2023 r.) <\/a > <\/li > <li > <a href = \"https:\/\/us.edu.pl\/wydzial\/wtl\/komunikaty\/mlodzi-dla-przyszlosci-slaska-konkurs\/\" style=\"color:\"> M\u0142odzi dla przysz\u0142o\u015bci \u015al\u0105ska &#8211; konkurs <\/a > <\/li > <li > <a href = \"https:\/\/us.edu.pl\/wydzial\/wtl\/komunikaty\/szkolenie-wprowadzajace-dla-studentow-roku-i-6-10-2022\/\" style=\"color:\"> Szkolenie wprowadzaj\u0105ce dla student\u00f3w roku I (6.10.2022) <\/a > <\/li > <li > <a href = \"https:\/\/us.edu.pl\/wydzial\/wtl\/komunikaty\/daad-wirtualny-tydzien-drzwi-otwartych-niemiecki-otwiera-drzwi\/\" style=\"color:\"> DAAD &#8211; Wirtualny Tydzie\u0144 Drzwi Otwartych. Niemiecki otwiera drzwi <\/a > <\/li > <\/ul><\/div><a href = \"https:\/\/us.edu.pl\/wydzial\/wtl\/komunikaty\/\" class=\"link-button\">Wszystko<\/a>\r\n\t\t\t\t\t\t\t\t\t<\/div>\r\n\t\t\t\t\t\t\t\t<\/div>[\/vc_column][\/vc_row]<\/p>","protected":false},"excerpt":{"rendered":"<p>[vc_row][vc_column width=&#8221;2\/3&#8243;][\/vc_column][vc_column width=&#8221;1\/3&#8243;][\/vc_column][\/vc_row] [&#8230;]<\/p>\n<p><a class=\"btn btn-secondary understrap-read-more-link\" href=\"https:\/\/us.edu.pl\/wydzial\/wtl\/kandydat-wtl\/\">Read More&#8230;<\/a><\/p>\n","protected":false},"author":117,"featured_media":0,"parent":0,"menu_order":35,"comment_status":"closed","ping_status":"closed","template":"","meta":{"_expiration-date-status":"","_expiration-date":0,"_expiration-date-type":"","_expiration-date-categories":[],"_expiration-date-options":[]},"acf":[],"_links":{"self":[{"href":"https:\/\/us.edu.pl\/wydzial\/wtl\/wp-json\/wp\/v2\/pages\/506"}],"collection":[{"href":"https:\/\/us.edu.pl\/wydzial\/wtl\/wp-json\/wp\/v2\/pages"}],"about":[{"href":"https:\/\/us.edu.pl\/wydzial\/wtl\/wp-json\/wp\/v2\/types\/page"}],"author":[{"embeddable":true,"href":"https:\/\/us.edu.pl\/wydzial\/wtl\/wp-json\/wp\/v2\/users\/117"}],"replies":[{"embeddable":true,"href":"https:\/\/us.edu.pl\/wydzial\/wtl\/wp-json\/wp\/v2\/comments?post=506"}],"version-history":[{"count":11,"href":"https:\/\/us.edu.pl\/wydzial\/wtl\/wp-json\/wp\/v2\/pages\/506\/revisions"}],"predecessor-version":[{"id":165992,"href":"https:\/\/us.edu.pl\/wydzial\/wtl\/wp-json\/wp\/v2\/pages\/506\/revisions\/165992"}],"wp:attachment":[{"href":"https:\/\/us.edu.pl\/wydzial\/wtl\/wp-json\/wp\/v2\/media?parent=506"}],"curies":[{"name":"wp","href":"https:\/\/api.w.org\/{rel}","templated":true}]}}