{"id":508,"date":"2019-10-31T18:49:00","date_gmt":"2019-10-31T17:49:00","guid":{"rendered":"https:\/\/us.edu.pl\/wydzial\/wtl\/?page_id=508"},"modified":"2026-04-02T14:12:40","modified_gmt":"2026-04-02T12:12:40","slug":"student-wtl","status":"publish","type":"page","link":"https:\/\/us.edu.pl\/wydzial\/wtl\/student-wtl\/","title":{"rendered":"Student WTL"},"content":{"rendered":"<p>[vc_row][vc_column]  <div class=\"announcements-wrap\"> \r\n\t\t\t\t\t\t\t\t\t<div class=\"announcements announcements_1\" style=\"background-color:#ededce\">\r\n                                <div class=\"section-title\">Komunikaty<\/div>\r\n                                \r\n                                <style>.ummmqs.angle-list > li::before{color:  !important}<\/style><div class=\"d-flex flex-wrap\"><ul class=\"angle-list ummmqs\" ><li > <a href = \"https:\/\/us.edu.pl\/wydzial\/wtl\/komunikaty\/dr-beata-piecha-van-schagen-odwolane-zajecia-w-dn-18-04-2026-r\/\" style=\"color:\"> Dr Beata Piecha &#8211; Van Schagen &#8211; odwo\u0142ane zaj\u0119cia w dn. 18.04.2026 r. <\/a > <\/li > <li > <a href = \"https:\/\/us.edu.pl\/wydzial\/wtl\/komunikaty\/168479\/\" style=\"color:\"> Ks. dr Przemys\u0142aw Sawa &#8211; odwo\u0142ane konsultacje w dn. 16.04.2026 r. <\/a > <\/li > <li > <a href = \"https:\/\/us.edu.pl\/wydzial\/wtl\/komunikaty\/ks-prof-dr-hab-leszek-szewczyk-odwolane-konsultacje-w-dn-16-04-2026-r\/\" style=\"color:\"> Ks. prof. dr hab. Leszek Szewczyk &#8211; odwo\u0142ane konsultacje w dn. 16.04.2026 r. <\/a > <\/li > <li > <a href = \"https:\/\/us.edu.pl\/wydzial\/wtl\/komunikaty\/ks-dr-rafal-dappa-odwolane-konsultacje-w-dn-14-04-2026-r\/\" style=\"color:\"> Ks. dr Rafa\u0142 Dappa &#8211; odwo\u0142ane konsultacje w dn. 14.04.2026 r. <\/a > <\/li > <li > <a href = \"https:\/\/us.edu.pl\/wydzial\/wtl\/komunikaty\/dr-monika-gwozdz-odwolane-konsultacje-w-dniu-14-04-2026-r\/\" style=\"color:\"> Dr Monika Gw\u00f3\u017ad\u017a &#8211; odwo\u0142ane konsultacje w dniu 14.04.2026 r. <\/a > <\/li > <li > <a href = \"https:\/\/us.edu.pl\/wydzial\/wtl\/komunikaty\/ks-prof-dr-hab-artur-malina-odwolana-konsultacje-w-dn-1-04-2026-r\/\" style=\"color:\"> Ks. prof. dr hab. Artur Malina &#8211; odwo\u0142ane konsultacje w dn. 1.04.2026 r. <\/a > <\/li > <li > <a href = \"https:\/\/us.edu.pl\/wydzial\/wtl\/komunikaty\/dr-aleksandra-klos-skrzypczak-prof-us-odwolane-konsultacje-w-dn-27-03-2026-r\/\" style=\"color:\"> Dr Aleksandra K\u0142os-Skrzypczak, prof. U\u015a &#8211; odwo\u0142ane konsultacje w dn. 27.03.2026 r. <\/a > <\/li > <li > <a href = \"https:\/\/us.edu.pl\/wydzial\/wtl\/komunikaty\/pani-mgr-krystyna-rzepecka-kloc-odwolane-zajecia-w-dniach-20-27-03-2026-r\/\" style=\"color:\"> Pani mgr Krystyna Rzepecka-Kloc &#8211; odwo\u0142ane zaj\u0119cia w dniach 20-27.03.2026 r. <\/a > <\/li > <li > <a href = \"https:\/\/us.edu.pl\/wydzial\/wtl\/komunikaty\/ks-dr-witold-kania-zmiana-terminu-zajec-dla-1-roku-nor-i-stopnia\/\" style=\"color:\"> Ks. dr Witold Kania &#8211; zmiana terminu zaj\u0119\u0107 dla 1 roku NoR I stopnia <\/a > <\/li > <li > <a href = \"https:\/\/us.edu.pl\/wydzial\/wtl\/komunikaty\/168166\/\" style=\"color:\"> Ks. dr Maciej Basiuk &#8211; zmiana terminu zaj\u0119\u0107 dla 1 roku NoR I stopnia <\/a > <\/li > <\/ul><\/div><a href = \"https:\/\/us.edu.pl\/wydzial\/wtl\/komunikaty\/\" class=\"link-button\">Wszystko<\/a>\r\n\t\t\t\t\t\t\t\t\t<\/div>\r\n\t\t\t\t\t\t\t\t<\/div>[\/vc_column][\/vc_row][vc_row][vc_column width=&#8221;2\/3&#8243;]\r\n                <div class=\"tiles-section\" style=\"background: \">\r\n                    <div class=\"container\">\r\n                        <h3 class=\"page-title\">Strefa Studenta WTL<\/h3>\r\n                        <div class=\"tiles tiles-3\">\r\n                            <a href=\"https:\/\/us.edu.pl\/wydzial\/wtl\/student-wtl\/plany-zajec\/\" class=\"tile tile_ justify-content-center\" style=\"background-color: #002E5A; font-weight: bold; color: #ffffff;  \">\r\n                                \r\n                                   \r\n                               \r\n                                <div class=\"tile__name\">Plany zaj\u0119\u0107<\/div>\r\n                            <\/a>\r\n                            <a href=\"https:\/\/us.edu.pl\/wydzial\/wtl\/terminy-konsultacji\/\" class=\"tile tile_ justify-content-center\" style=\"background-color: #002E5A; font-weight: bold; color: #ffffff;  \">\r\n                                \r\n                                   \r\n                               \r\n                                <div class=\"tile__name\">Terminy konsultacji z nauczycielami akademickimi<\/div>\r\n                            <\/a>\r\n                            <a href=\"https:\/\/us.edu.pl\/wydzial\/wtl\/wydzial\/koordynator-ds-dostepnosci\/\" class=\"tile tile_ justify-content-center\" style=\"background-color: #ffffff; font-weight: bold; color: #002E5A;  \">\r\n                                \r\n                                   \r\n                               \r\n                                <div class=\"tile__name\">Koordynator ds. dost\u0119pno\u015bci<\/div>\r\n                            <\/a>\r\n                            <a href=\"https:\/\/us.edu.pl\/wydzial\/wtl\/student-wtl\/opiekunowie-studentow\/\" class=\"tile tile_ justify-content-center\" style=\"background-color: #002E5A; font-weight: bold; color: #ffffff;  \">\r\n                                \r\n                                   \r\n                               \r\n                                <div class=\"tile__name\">Opiekunowie student\u00f3w<\/div>\r\n                            <\/a>\r\n                            <a href=\"https:\/\/us.edu.pl\/wydzial\/wtl\/praktyki\/\" class=\"tile tile_ justify-content-center\" style=\"background-color: #002E5A; font-weight: bold; color: #ffffff;  \">\r\n                                \r\n                                   \r\n                               \r\n                                <div class=\"tile__name\">Praktyki studenckie<\/div>\r\n                            <\/a>\r\n                            <a href=\"https:\/\/us.edu.pl\/wydzial\/wtl\/student-wtl\/wsparcie-dla-studentow-wtl\/\" class=\"tile tile_ justify-content-center\" style=\"background-color: #ffffff; font-weight: bold; color: #002E5A;  \">\r\n                                \r\n                                   \r\n                               \r\n                                <div class=\"tile__name\">Wsparcie dla student\u00f3w<\/div>\r\n                            <\/a>\r\n                            <a href=\"https:\/\/us.edu.pl\/wydzial\/wtl\/student-wtl\/proces-dyplomowania\/\" class=\"tile tile_ justify-content-center\" style=\"background-color: #002E5A; font-weight: bold; color: #ffffff;  \">\r\n                                \r\n                                   \r\n                               \r\n                                <div class=\"tile__name\">Proces dyplomowania<\/div>\r\n                            <\/a>\r\n                            <a href=\"https:\/\/us.edu.pl\/wydzial\/wtl\/studia-podyplomowe\/\" class=\"tile tile_ justify-content-center\" style=\"background-color: #002E5A; font-weight: bold; color: #ffffff;  \">\r\n                                \r\n                                   \r\n                               \r\n                                <div class=\"tile__name\">Studia podyplomowe<\/div>\r\n                            <\/a>\r\n                            <a href=\"https:\/\/us.edu.pl\/wp-content\/uploads\/pliki\/standardy-ochrony-maloletnich\/tekst_jednolity_Standardy_Ochrony_Maloletnich_w_Uniwersytecie_Slaskim_w_Katowicach.pdf\" class=\"mtli_attachment mtli_pdf\" class=\"tile tile_ justify-content-center\" style=\"background-color: #ffffff; font-weight: bold; color: #002E5A;  \">\r\n                                \r\n                                   \r\n                               \r\n                                <div class=\"tile__name\">Standardy Ochrony Ma\u0142oletnich w Uniwersytecie \u015al\u0105skim w Katowicach<\/div>\r\n                            <\/a><\/div>\r\n                    <\/div>\r\n                <\/div>\r\n                <div class=\"tiles-section\" style=\"background: \">\r\n                    <div class=\"container\">\r\n                        <h3 class=\"page-title\">Organizacje studenckie<\/h3>\r\n                        <div class=\"tiles tiles-4\">\r\n                            <a href=\"https:\/\/us.edu.pl\/wydzial\/wtl\/student-wtl\/wrss\/\" class=\"tile tile_ justify-content-center\" style=\"background-color: #002E5A; font-weight: bold; color: #ffffff;  \">\r\n                                \r\n                                   \r\n                               \r\n                                <div class=\"tile__name\">Wydzia\u0142owa Rada Samorz\u0105du Studenckiego<\/div>\r\n                            <\/a>\r\n                            <a href=\"https:\/\/us.edu.pl\/wydzial\/wtl\/student-wtl\/wydzialowe-kolo-teologow-proba\/\" class=\"tile tile_ justify-content-center\" style=\"background-color: #002E5A; font-weight: bold; color: #ffffff;  \">\r\n                                \r\n                                   \r\n                               \r\n                                <div class=\"tile__name\">Studenckie Ko\u0142o Naukowe Teolog\u00f3w<\/div>\r\n                            <\/a>\r\n                            <a href=\"https:\/\/us.edu.pl\/wydzial\/wtl\/student-wtl\/pro\/\" class=\"tile tile_ justify-content-center\" style=\"background-color: #002E5A; font-weight: bold; color: #ffffff;  \">\r\n                                \r\n                                   \r\n                               \r\n                                <div class=\"tile__name\">Studenckie Ko\u0142o Naukowe Nauk o Rodzinie \"Pro\"<\/div>\r\n                            <\/a>\r\n                            <a href=\"http:\/\/silesiasuperior.us.edu.pl\/\" class=\"tile tile_ justify-content-center\" style=\"background-color: #002E5A; font-weight: bold; color: #ffffff;  \">\r\n                                \r\n                                   \r\n                               \r\n                                <div class=\"tile__name\">\"Silesia Superior\" Studencki periodyk naukowy<\/div>\r\n                            <\/a><\/div>\r\n                    <\/div>\r\n                <\/div>\r\n                <div class=\"tiles-section\" style=\"background: \">\r\n                    <div class=\"container\">\r\n                        <h3 class=\"page-title\">Obs\u0142uga studi\u00f3w on-line<\/h3>\r\n                        <div class=\"tiles tiles-3\">\r\n                            <a href=\"https:\/\/el.us.edu.pl\/wtl\/\" class=\"tile tile_ justify-content-center\" style=\"background-color: #002E5A; font-weight: bold; color: #ffffff;  \">\r\n                                \r\n                                   \r\n                               \r\n                                <div class=\"tile__name\">Platforma e-learningowa WTL (Moodle)<\/div>\r\n                            <\/a>\r\n                            <a href=\"https:\/\/usosweb.us.edu.pl\/kontroler.php?_action=actionx:news\/default()\" class=\"tile tile_ justify-content-center\" style=\"background-color: #002E5A; font-weight: bold; color: #ffffff;  \">\r\n                                \r\n                                   \r\n                               \r\n                                <div class=\"tile__name\">USOSWeb<\/div>\r\n                            <\/a>\r\n                            <a href=\"https:\/\/usosweb.us.edu.pl\/kontroler.php?_action=news\/rejestracjeZetonowe#\/registrations\" class=\"tile tile_ justify-content-center\" style=\"background-color: #002E5A; font-weight: bold; color: #ffffff;  \">\r\n                                \r\n                                   \r\n                               \r\n                                <div class=\"tile__name\">Rejestracje \u017cetonowe (lektoraty i wf)<\/div>\r\n                            <\/a><\/div>\r\n                    <\/div>\r\n                <\/div>[\/vc_column][\/vc_row]<\/p>","protected":false},"excerpt":{"rendered":"<p>[vc_row][vc_column][\/vc_column][\/vc_row][vc_row][vc_column width=&#8221;2\/3&#8243;][\/vc_column][\/vc_row] [&#8230;]<\/p>\n<p><a class=\"btn btn-secondary understrap-read-more-link\" href=\"https:\/\/us.edu.pl\/wydzial\/wtl\/student-wtl\/\">Read More&#8230;<\/a><\/p>\n","protected":false},"author":117,"featured_media":0,"parent":0,"menu_order":34,"comment_status":"closed","ping_status":"closed","template":"page-templates\/page-with-sidebar.php","meta":{"_expiration-date-status":"","_expiration-date":0,"_expiration-date-type":"","_expiration-date-categories":[],"_expiration-date-options":[]},"acf":[],"_links":{"self":[{"href":"https:\/\/us.edu.pl\/wydzial\/wtl\/wp-json\/wp\/v2\/pages\/508"}],"collection":[{"href":"https:\/\/us.edu.pl\/wydzial\/wtl\/wp-json\/wp\/v2\/pages"}],"about":[{"href":"https:\/\/us.edu.pl\/wydzial\/wtl\/wp-json\/wp\/v2\/types\/page"}],"author":[{"embeddable":true,"href":"https:\/\/us.edu.pl\/wydzial\/wtl\/wp-json\/wp\/v2\/users\/117"}],"replies":[{"embeddable":true,"href":"https:\/\/us.edu.pl\/wydzial\/wtl\/wp-json\/wp\/v2\/comments?post=508"}],"version-history":[{"count":11,"href":"https:\/\/us.edu.pl\/wydzial\/wtl\/wp-json\/wp\/v2\/pages\/508\/revisions"}],"predecessor-version":[{"id":168420,"href":"https:\/\/us.edu.pl\/wydzial\/wtl\/wp-json\/wp\/v2\/pages\/508\/revisions\/168420"}],"wp:attachment":[{"href":"https:\/\/us.edu.pl\/wydzial\/wtl\/wp-json\/wp\/v2\/media?parent=508"}],"curies":[{"name":"wp","href":"https:\/\/api.w.org\/{rel}","templated":true}]}}